{"id":1196,"date":"2026-04-21T12:30:17","date_gmt":"2026-04-21T11:30:17","guid":{"rendered":"https:\/\/blogsaverroes.juntadeandalucia.es\/ceipantoniomachadoalcala\/?page_id=1196"},"modified":"2026-04-21T12:41:12","modified_gmt":"2026-04-21T11:41:12","slug":"videos-tutoriales","status":"publish","type":"page","link":"https:\/\/blogsaverroes.juntadeandalucia.es\/ceipantoniomachadoalcala\/videos-tutoriales\/","title":{"rendered":"V\u00eddeos tutoriales"},"content":{"rendered":"<h1>IPASEN PARA LAS FAMILIAS<\/h1>\n<p><iframe loading=\"lazy\" title=\"iPASEN para familias - Recuperaci\u00f3n de contrase\u00f1a PASEN\" width=\"1080\" height=\"608\" src=\"https:\/\/www.youtube.com\/embed\/CTaUTYjFDYs?feature=oembed\"  allow=\"accelerometer; autoplay; clipboard-write; encrypted-media; gyroscope; picture-in-picture; web-share\" referrerpolicy=\"strict-origin-when-cross-origin\" allowfullscreen><\/iframe><\/p>\n<p>&nbsp;<\/p>\n<h1>ESCOLARIZACI\u00d3N<\/h1>\n<p><iframe loading=\"lazy\" title=\"Escolarizaci\u00f3n online Junta de Andaluc\u00eda (Secretar\u00eda Virtual)\" width=\"1080\" height=\"608\" src=\"https:\/\/www.youtube.com\/embed\/Y4wkwtMteVY?feature=oembed\"  allow=\"accelerometer; autoplay; clipboard-write; encrypted-media; gyroscope; picture-in-picture; web-share\" referrerpolicy=\"strict-origin-when-cross-origin\" allowfullscreen><\/iframe><\/p>\n<p>&nbsp;<\/p>\n<h1>GOOGLE CLASSROOM<\/h1>\n<p><iframe loading=\"lazy\" title=\"TUTORIAL 1 GOOGLE CLASSROOM FAMILIAS: acceso,apuntarse a una\" width=\"1080\" height=\"608\" src=\"https:\/\/www.youtube.com\/embed\/kRGERyRwZ0Q?feature=oembed\"  allow=\"accelerometer; autoplay; clipboard-write; encrypted-media; gyroscope; picture-in-picture; web-share\" referrerpolicy=\"strict-origin-when-cross-origin\" allowfullscreen><\/iframe><\/p>\n","protected":false},"excerpt":{"rendered":"<p>IPASEN PARA LAS FAMILIAS &nbsp; ESCOLARIZACI\u00d3N &nbsp; GOOGLE CLASSROOM<\/p>\n","protected":false},"author":21555,"featured_media":0,"parent":0,"menu_order":0,"comment_status":"closed","ping_status":"closed","template":"","meta":{"_et_pb_use_builder":"","_et_pb_old_content":"","_et_gb_content_width":"","ngg_post_thumbnail":0,"footnotes":""},"aioseo_notices":[],"_links":{"self":[{"href":"https:\/\/blogsaverroes.juntadeandalucia.es\/ceipantoniomachadoalcala\/wp-json\/wp\/v2\/pages\/1196"}],"collection":[{"href":"https:\/\/blogsaverroes.juntadeandalucia.es\/ceipantoniomachadoalcala\/wp-json\/wp\/v2\/pages"}],"about":[{"href":"https:\/\/blogsaverroes.juntadeandalucia.es\/ceipantoniomachadoalcala\/wp-json\/wp\/v2\/types\/page"}],"author":[{"embeddable":true,"href":"https:\/\/blogsaverroes.juntadeandalucia.es\/ceipantoniomachadoalcala\/wp-json\/wp\/v2\/users\/21555"}],"replies":[{"embeddable":true,"href":"https:\/\/blogsaverroes.juntadeandalucia.es\/ceipantoniomachadoalcala\/wp-json\/wp\/v2\/comments?post=1196"}],"version-history":[{"count":3,"href":"https:\/\/blogsaverroes.juntadeandalucia.es\/ceipantoniomachadoalcala\/wp-json\/wp\/v2\/pages\/1196\/revisions"}],"predecessor-version":[{"id":1201,"href":"https:\/\/blogsaverroes.juntadeandalucia.es\/ceipantoniomachadoalcala\/wp-json\/wp\/v2\/pages\/1196\/revisions\/1201"}],"wp:attachment":[{"href":"https:\/\/blogsaverroes.juntadeandalucia.es\/ceipantoniomachadoalcala\/wp-json\/wp\/v2\/media?parent=1196"}],"curies":[{"name":"wp","href":"https:\/\/api.w.org\/{rel}","templated":true}]}}