{"id":1113,"date":"2015-03-12T11:00:55","date_gmt":"2015-03-12T11:00:55","guid":{"rendered":"http:\/\/blogsaverroes.juntadeandalucia.es\/pre\/ceip\/?page_id=2"},"modified":"2026-04-04T15:25:22","modified_gmt":"2026-04-04T15:25:22","slug":"pagina-ejemplo-2","status":"publish","type":"page","link":"https:\/\/blogsaverroes.juntadeandalucia.es\/ceipantoniomachadocda\/","title":{"rendered":"Inicio"},"content":{"rendered":"<p style=\"text-align: justify\" data-start=\"124\" data-end=\"373\">Nuestro colegio es un lugar donde aprender, convivir y crecer juntos. Creemos en una educaci\u00f3n cercana, de calidad y centrada en cada ni\u00f1o y ni\u00f1a, acompa\u00f1\u00e1ndolos no solo en su desarrollo acad\u00e9mico, sino tambi\u00e9n en su desarrollo personal y emocional.<\/p>\n<p style=\"text-align: justify\" data-start=\"375\" data-end=\"702\">Nuestro proyecto educativo se apoya en dos grandes pilares que nos definen. Por un lado, somos <strong data-start=\"470\" data-end=\"498\">Comunidad de Aprendizaje<\/strong>, lo que implica abrir el centro a la participaci\u00f3n activa de las familias y del entorno, generando oportunidades de aprendizaje a trav\u00e9s del di\u00e1logo, la cooperaci\u00f3n y las actuaciones educativas de \u00e9xito.<\/p>\n<p style=\"text-align: justify\" data-start=\"704\" data-end=\"945\">Por otro, desarrollamos el modelo de <strong data-start=\"741\" data-end=\"760\">Aula del Futuro<\/strong>, que nos permite transformar los espacios y las metodolog\u00edas para que el alumnado aprenda de forma m\u00e1s activa, investigando, creando y utilizando la tecnolog\u00eda de manera significativa.<\/p>\n<p style=\"text-align: justify\" data-start=\"947\" data-end=\"1298\">En este marco, nuestro centro participa en proyectos de investigaci\u00f3n vinculados a ambas l\u00edneas de trabajo \u2014Comunidad de Aprendizaje y Aula del Futuro\u2014 en colaboraci\u00f3n con la <span class=\"hover:entity-accent entity-underline inline cursor-pointer align-baseline\"><span class=\"whitespace-normal\">Universidad de Sevilla<\/span><\/span>. Estas iniciativas nos permiten seguir mejorando nuestros resultados acad\u00e9micos y avanzar en pr\u00e1cticas educativas basadas en la evidencia.<\/p>\n<p style=\"text-align: justify\" data-start=\"1300\" data-end=\"1460\">Todo ello es posible gracias a un equipo docente comprometido y a la implicaci\u00f3n de nuestras familias, que forman parte esencial de nuestra comunidad educativa.<\/p>\n<p style=\"text-align: justify\" data-start=\"1462\" data-end=\"1558\">Les invitamos a conocernos y a formar parte de un proyecto que aprende, innova y crece cada d\u00eda.<\/p>\n","protected":false},"excerpt":{"rendered":"<p>Nuestro colegio es un lugar donde aprender, convivir y crecer juntos. Creemos en una educaci\u00f3n cercana, de calidad y centrada en cada ni\u00f1o y ni\u00f1a, acompa\u00f1\u00e1ndolos no solo en su desarrollo acad\u00e9mico, sino tambi\u00e9n&#46;&#46;&#46;<\/p>\n","protected":false},"author":1,"featured_media":0,"parent":0,"menu_order":0,"comment_status":"open","ping_status":"open","template":"","meta":{"ngg_post_thumbnail":0,"footnotes":"","_mc_calendar":[]},"aioseo_notices":[],"_links":{"self":[{"href":"https:\/\/blogsaverroes.juntadeandalucia.es\/ceipantoniomachadocda\/wp-json\/wp\/v2\/pages\/1113"}],"collection":[{"href":"https:\/\/blogsaverroes.juntadeandalucia.es\/ceipantoniomachadocda\/wp-json\/wp\/v2\/pages"}],"about":[{"href":"https:\/\/blogsaverroes.juntadeandalucia.es\/ceipantoniomachadocda\/wp-json\/wp\/v2\/types\/page"}],"author":[{"embeddable":true,"href":"https:\/\/blogsaverroes.juntadeandalucia.es\/ceipantoniomachadocda\/wp-json\/wp\/v2\/users\/1"}],"replies":[{"embeddable":true,"href":"https:\/\/blogsaverroes.juntadeandalucia.es\/ceipantoniomachadocda\/wp-json\/wp\/v2\/comments?post=1113"}],"version-history":[{"count":97,"href":"https:\/\/blogsaverroes.juntadeandalucia.es\/ceipantoniomachadocda\/wp-json\/wp\/v2\/pages\/1113\/revisions"}],"predecessor-version":[{"id":3019,"href":"https:\/\/blogsaverroes.juntadeandalucia.es\/ceipantoniomachadocda\/wp-json\/wp\/v2\/pages\/1113\/revisions\/3019"}],"wp:attachment":[{"href":"https:\/\/blogsaverroes.juntadeandalucia.es\/ceipantoniomachadocda\/wp-json\/wp\/v2\/media?parent=1113"}],"curies":[{"name":"wp","href":"https:\/\/api.w.org\/{rel}","templated":true}]}}