{"id":141,"date":"2015-03-17T07:13:24","date_gmt":"2015-03-17T07:13:24","guid":{"rendered":"http:\/\/blogsaverroes.juntadeandalucia.es\/pre\/ceip\/?page_id=141"},"modified":"2020-05-19T10:15:23","modified_gmt":"2020-05-19T10:15:23","slug":"escolarizacion","status":"publish","type":"page","link":"https:\/\/blogsaverroes.juntadeandalucia.es\/ceipantoniomachadocda\/escolarizacion\/","title":{"rendered":"Escolarizaci\u00f3n"},"content":{"rendered":"<p>Consulte el PROCEDIMIENTO DE ADMISI\u00d3N Y MATRICULACI\u00d3N de la web de la Junta de Andaluc\u00eda haciendo click <a href=\"http:\/\/www.juntadeandalucia.es\/educacion\/portals\/web\/escolarizacion\">aqu\u00ed<\/a><\/p>\n<p><img loading=\"lazy\" decoding=\"async\" class=\"alignnone size-medium wp-image-2770\" src=\"https:\/\/blogsaverroes.juntadeandalucia.es\/ceipantoniomachadocda\/files\/2020\/05\/TODO-SOBRE-ADMISO\u0301N-20-21_pages-to-jpg-0001-212x300.jpg\" alt=\"\" width=\"212\" height=\"300\" srcset=\"https:\/\/blogsaverroes.juntadeandalucia.es\/ceipantoniomachadocda\/files\/2020\/05\/TODO-SOBRE-ADMISO\u0301N-20-21_pages-to-jpg-0001-212x300.jpg 212w, https:\/\/blogsaverroes.juntadeandalucia.es\/ceipantoniomachadocda\/files\/2020\/05\/TODO-SOBRE-ADMISO\u0301N-20-21_pages-to-jpg-0001-768x1085.jpg 768w, https:\/\/blogsaverroes.juntadeandalucia.es\/ceipantoniomachadocda\/files\/2020\/05\/TODO-SOBRE-ADMISO\u0301N-20-21_pages-to-jpg-0001-725x1024.jpg 725w, https:\/\/blogsaverroes.juntadeandalucia.es\/ceipantoniomachadocda\/files\/2020\/05\/TODO-SOBRE-ADMISO\u0301N-20-21_pages-to-jpg-0001-17x24.jpg 17w, https:\/\/blogsaverroes.juntadeandalucia.es\/ceipantoniomachadocda\/files\/2020\/05\/TODO-SOBRE-ADMISO\u0301N-20-21_pages-to-jpg-0001-25x36.jpg 25w, https:\/\/blogsaverroes.juntadeandalucia.es\/ceipantoniomachadocda\/files\/2020\/05\/TODO-SOBRE-ADMISO\u0301N-20-21_pages-to-jpg-0001-34x48.jpg 34w, https:\/\/blogsaverroes.juntadeandalucia.es\/ceipantoniomachadocda\/files\/2020\/05\/TODO-SOBRE-ADMISO\u0301N-20-21_pages-to-jpg-0001.jpg 1132w\" sizes=\"(max-width: 212px) 100vw, 212px\" \/> <img loading=\"lazy\" decoding=\"async\" class=\"alignnone size-medium wp-image-2771\" src=\"https:\/\/blogsaverroes.juntadeandalucia.es\/ceipantoniomachadocda\/files\/2020\/05\/TODO-SOBRE-ADMISO\u0301N-20-21_pages-to-jpg-0002-212x300.jpg\" alt=\"\" width=\"212\" height=\"300\" srcset=\"https:\/\/blogsaverroes.juntadeandalucia.es\/ceipantoniomachadocda\/files\/2020\/05\/TODO-SOBRE-ADMISO\u0301N-20-21_pages-to-jpg-0002-212x300.jpg 212w, https:\/\/blogsaverroes.juntadeandalucia.es\/ceipantoniomachadocda\/files\/2020\/05\/TODO-SOBRE-ADMISO\u0301N-20-21_pages-to-jpg-0002-768x1085.jpg 768w, https:\/\/blogsaverroes.juntadeandalucia.es\/ceipantoniomachadocda\/files\/2020\/05\/TODO-SOBRE-ADMISO\u0301N-20-21_pages-to-jpg-0002-725x1024.jpg 725w, https:\/\/blogsaverroes.juntadeandalucia.es\/ceipantoniomachadocda\/files\/2020\/05\/TODO-SOBRE-ADMISO\u0301N-20-21_pages-to-jpg-0002-17x24.jpg 17w, https:\/\/blogsaverroes.juntadeandalucia.es\/ceipantoniomachadocda\/files\/2020\/05\/TODO-SOBRE-ADMISO\u0301N-20-21_pages-to-jpg-0002-25x36.jpg 25w, https:\/\/blogsaverroes.juntadeandalucia.es\/ceipantoniomachadocda\/files\/2020\/05\/TODO-SOBRE-ADMISO\u0301N-20-21_pages-to-jpg-0002-34x48.jpg 34w, https:\/\/blogsaverroes.juntadeandalucia.es\/ceipantoniomachadocda\/files\/2020\/05\/TODO-SOBRE-ADMISO\u0301N-20-21_pages-to-jpg-0002.jpg 1132w\" sizes=\"(max-width: 212px) 100vw, 212px\" \/> <img loading=\"lazy\" decoding=\"async\" class=\"alignnone size-medium wp-image-2772\" src=\"https:\/\/blogsaverroes.juntadeandalucia.es\/ceipantoniomachadocda\/files\/2020\/05\/TODO-SOBRE-ADMISO\u0301N-20-21_pages-to-jpg-0003-212x300.jpg\" alt=\"\" width=\"212\" height=\"300\" srcset=\"https:\/\/blogsaverroes.juntadeandalucia.es\/ceipantoniomachadocda\/files\/2020\/05\/TODO-SOBRE-ADMISO\u0301N-20-21_pages-to-jpg-0003-212x300.jpg 212w, https:\/\/blogsaverroes.juntadeandalucia.es\/ceipantoniomachadocda\/files\/2020\/05\/TODO-SOBRE-ADMISO\u0301N-20-21_pages-to-jpg-0003-768x1085.jpg 768w, https:\/\/blogsaverroes.juntadeandalucia.es\/ceipantoniomachadocda\/files\/2020\/05\/TODO-SOBRE-ADMISO\u0301N-20-21_pages-to-jpg-0003-725x1024.jpg 725w, https:\/\/blogsaverroes.juntadeandalucia.es\/ceipantoniomachadocda\/files\/2020\/05\/TODO-SOBRE-ADMISO\u0301N-20-21_pages-to-jpg-0003-17x24.jpg 17w, https:\/\/blogsaverroes.juntadeandalucia.es\/ceipantoniomachadocda\/files\/2020\/05\/TODO-SOBRE-ADMISO\u0301N-20-21_pages-to-jpg-0003-25x36.jpg 25w, https:\/\/blogsaverroes.juntadeandalucia.es\/ceipantoniomachadocda\/files\/2020\/05\/TODO-SOBRE-ADMISO\u0301N-20-21_pages-to-jpg-0003-34x48.jpg 34w, https:\/\/blogsaverroes.juntadeandalucia.es\/ceipantoniomachadocda\/files\/2020\/05\/TODO-SOBRE-ADMISO\u0301N-20-21_pages-to-jpg-0003.jpg 1132w\" sizes=\"(max-width: 212px) 100vw, 212px\" \/> <img loading=\"lazy\" decoding=\"async\" class=\"alignnone size-medium wp-image-2773\" src=\"https:\/\/blogsaverroes.juntadeandalucia.es\/ceipantoniomachadocda\/files\/2020\/05\/TODO-SOBRE-ADMISO\u0301N-20-21_pages-to-jpg-0004-212x300.jpg\" alt=\"\" width=\"212\" height=\"300\" srcset=\"https:\/\/blogsaverroes.juntadeandalucia.es\/ceipantoniomachadocda\/files\/2020\/05\/TODO-SOBRE-ADMISO\u0301N-20-21_pages-to-jpg-0004-212x300.jpg 212w, https:\/\/blogsaverroes.juntadeandalucia.es\/ceipantoniomachadocda\/files\/2020\/05\/TODO-SOBRE-ADMISO\u0301N-20-21_pages-to-jpg-0004-768x1085.jpg 768w, https:\/\/blogsaverroes.juntadeandalucia.es\/ceipantoniomachadocda\/files\/2020\/05\/TODO-SOBRE-ADMISO\u0301N-20-21_pages-to-jpg-0004-725x1024.jpg 725w, https:\/\/blogsaverroes.juntadeandalucia.es\/ceipantoniomachadocda\/files\/2020\/05\/TODO-SOBRE-ADMISO\u0301N-20-21_pages-to-jpg-0004-17x24.jpg 17w, https:\/\/blogsaverroes.juntadeandalucia.es\/ceipantoniomachadocda\/files\/2020\/05\/TODO-SOBRE-ADMISO\u0301N-20-21_pages-to-jpg-0004-25x36.jpg 25w, https:\/\/blogsaverroes.juntadeandalucia.es\/ceipantoniomachadocda\/files\/2020\/05\/TODO-SOBRE-ADMISO\u0301N-20-21_pages-to-jpg-0004-34x48.jpg 34w, https:\/\/blogsaverroes.juntadeandalucia.es\/ceipantoniomachadocda\/files\/2020\/05\/TODO-SOBRE-ADMISO\u0301N-20-21_pages-to-jpg-0004.jpg 1132w\" sizes=\"(max-width: 212px) 100vw, 212px\" \/><\/p>\n<p><a title=\"Procedimiento\" href=\"http:\/\/portal.ced.junta-andalucia.es\/educacion\/webportal\/abaco-portlet\/content\/f2f9bdb4-4717-409f-8dbc-da5b8ed61e38\" target=\"_blank\" rel=\"noopener noreferrer\">Normativa<\/a>&nbsp;sobre el proceso de escolarizaci\u00f3n.<\/p>\n<p><a href=\"https:\/\/drive.google.com\/open?id=0B5q3hoHfnm2vdTNZT0ZXZE94a2c\">Anexo IV matr\u00edcula de Ed. Infantil<\/a><\/p>\n<p><a href=\"https:\/\/drive.google.com\/open?id=0B5q3hoHfnm2vUDB5TjV6VDVYbE0\">Anexo IV matr\u00edcula de Ed. Primaria<\/a><\/p>\n<p><a href=\"https:\/\/drive.google.com\/open?id=0B5q3hoHfnm2vSTlLTWJLdEpyR0k\">Anexo IV matr\u00edcula de Aula Espec\u00edfica<\/a><\/p>\n","protected":false},"excerpt":{"rendered":"<p>Consulte el PROCEDIMIENTO DE ADMISI\u00d3N Y MATRICULACI\u00d3N de la web de la Junta de Andaluc\u00eda haciendo click aqu\u00ed Normativa&nbsp;sobre el proceso de escolarizaci\u00f3n. Anexo IV matr\u00edcula de Ed. Infantil Anexo IV matr\u00edcula de Ed.&#46;&#46;&#46;<\/p>\n","protected":false},"author":1,"featured_media":0,"parent":0,"menu_order":0,"comment_status":"open","ping_status":"open","template":"page-templates\/child-menu.php","meta":{"ngg_post_thumbnail":0,"footnotes":"","_mc_calendar":[]},"aioseo_notices":[],"_links":{"self":[{"href":"https:\/\/blogsaverroes.juntadeandalucia.es\/ceipantoniomachadocda\/wp-json\/wp\/v2\/pages\/141"}],"collection":[{"href":"https:\/\/blogsaverroes.juntadeandalucia.es\/ceipantoniomachadocda\/wp-json\/wp\/v2\/pages"}],"about":[{"href":"https:\/\/blogsaverroes.juntadeandalucia.es\/ceipantoniomachadocda\/wp-json\/wp\/v2\/types\/page"}],"author":[{"embeddable":true,"href":"https:\/\/blogsaverroes.juntadeandalucia.es\/ceipantoniomachadocda\/wp-json\/wp\/v2\/users\/1"}],"replies":[{"embeddable":true,"href":"https:\/\/blogsaverroes.juntadeandalucia.es\/ceipantoniomachadocda\/wp-json\/wp\/v2\/comments?post=141"}],"version-history":[{"count":14,"href":"https:\/\/blogsaverroes.juntadeandalucia.es\/ceipantoniomachadocda\/wp-json\/wp\/v2\/pages\/141\/revisions"}],"predecessor-version":[{"id":2774,"href":"https:\/\/blogsaverroes.juntadeandalucia.es\/ceipantoniomachadocda\/wp-json\/wp\/v2\/pages\/141\/revisions\/2774"}],"wp:attachment":[{"href":"https:\/\/blogsaverroes.juntadeandalucia.es\/ceipantoniomachadocda\/wp-json\/wp\/v2\/media?parent=141"}],"curies":[{"name":"wp","href":"https:\/\/api.w.org\/{rel}","templated":true}]}}