{"id":2227,"date":"2017-08-05T15:48:28","date_gmt":"2017-08-05T15:48:28","guid":{"rendered":"https:\/\/blogsaverroes.juntadeandalucia.es\/ceipantoniomachadocda\/?page_id=2227"},"modified":"2017-08-09T18:39:52","modified_gmt":"2017-08-09T18:39:52","slug":"grupos-interactivos","status":"publish","type":"page","link":"https:\/\/blogsaverroes.juntadeandalucia.es\/ceipantoniomachadocda\/grupos-interactivos\/","title":{"rendered":"Grupos interactivos"},"content":{"rendered":"<p style=\"text-align: justify\">Los grupos interactivos es la forma de organizaci\u00f3n del aula que da los mejores resultados en la actualidad en cuanto a la mejora del <strong>aprendizaje<\/strong> y la <strong>convivencia<\/strong>. A trav\u00e9s de los grupos interactivos, se multiplican y diversifican las interacciones, a la vez que aumenta el tiempo de trabajo efectivo. Se caracterizan por ser una organizaci\u00f3n <strong>inclusora<\/strong> del alumnado en la que se cuenta con la ayuda de <strong>m\u00e1s personas adultas<\/strong> adem\u00e1s del maestro o maestra responsable del aula. En los grupos interactivos se logra desarrollar, en una misma din\u00e1mica, la aceleraci\u00f3n del aprendizaje para todo el alumnado en todas las materias, los valores, las emociones y sentimientos como la amistad.<\/p>\n<p><img loading=\"lazy\" decoding=\"async\" class=\"alignnone size-medium wp-image-2150 aligncenter\" src=\"https:\/\/blogsaverroes.juntadeandalucia.es\/ceipantoniomachadocda\/files\/2017\/07\/imagen14-300x225.jpg\" alt=\"\" height=\"225\" width=\"300\" srcset=\"https:\/\/blogsaverroes.juntadeandalucia.es\/ceipantoniomachadocda\/files\/2017\/07\/imagen14-300x225.jpg 300w, https:\/\/blogsaverroes.juntadeandalucia.es\/ceipantoniomachadocda\/files\/2017\/07\/imagen14-24x18.jpg 24w, https:\/\/blogsaverroes.juntadeandalucia.es\/ceipantoniomachadocda\/files\/2017\/07\/imagen14-36x27.jpg 36w, https:\/\/blogsaverroes.juntadeandalucia.es\/ceipantoniomachadocda\/files\/2017\/07\/imagen14-48x36.jpg 48w, https:\/\/blogsaverroes.juntadeandalucia.es\/ceipantoniomachadocda\/files\/2017\/07\/imagen14.jpg 400w\" sizes=\"(max-width: 300px) 100vw, 300px\" \/><\/p>\n","protected":false},"excerpt":{"rendered":"<p>Los grupos interactivos es la forma de organizaci\u00f3n del aula que da los mejores resultados en la actualidad en cuanto a la mejora del aprendizaje y la convivencia. A trav\u00e9s de los grupos interactivos,&#46;&#46;&#46;<\/p>\n","protected":false},"author":5132,"featured_media":0,"parent":0,"menu_order":0,"comment_status":"closed","ping_status":"closed","template":"","meta":{"ngg_post_thumbnail":0,"footnotes":"","_mc_calendar":[]},"aioseo_notices":[],"_links":{"self":[{"href":"https:\/\/blogsaverroes.juntadeandalucia.es\/ceipantoniomachadocda\/wp-json\/wp\/v2\/pages\/2227"}],"collection":[{"href":"https:\/\/blogsaverroes.juntadeandalucia.es\/ceipantoniomachadocda\/wp-json\/wp\/v2\/pages"}],"about":[{"href":"https:\/\/blogsaverroes.juntadeandalucia.es\/ceipantoniomachadocda\/wp-json\/wp\/v2\/types\/page"}],"author":[{"embeddable":true,"href":"https:\/\/blogsaverroes.juntadeandalucia.es\/ceipantoniomachadocda\/wp-json\/wp\/v2\/users\/5132"}],"replies":[{"embeddable":true,"href":"https:\/\/blogsaverroes.juntadeandalucia.es\/ceipantoniomachadocda\/wp-json\/wp\/v2\/comments?post=2227"}],"version-history":[{"count":3,"href":"https:\/\/blogsaverroes.juntadeandalucia.es\/ceipantoniomachadocda\/wp-json\/wp\/v2\/pages\/2227\/revisions"}],"predecessor-version":[{"id":2396,"href":"https:\/\/blogsaverroes.juntadeandalucia.es\/ceipantoniomachadocda\/wp-json\/wp\/v2\/pages\/2227\/revisions\/2396"}],"wp:attachment":[{"href":"https:\/\/blogsaverroes.juntadeandalucia.es\/ceipantoniomachadocda\/wp-json\/wp\/v2\/media?parent=2227"}],"curies":[{"name":"wp","href":"https:\/\/api.w.org\/{rel}","templated":true}]}}