{"id":2231,"date":"2017-08-05T15:48:46","date_gmt":"2017-08-05T15:48:46","guid":{"rendered":"https:\/\/blogsaverroes.juntadeandalucia.es\/ceipantoniomachadocda\/?page_id=2231"},"modified":"2017-08-05T16:53:59","modified_gmt":"2017-08-05T16:53:59","slug":"modelo-dialogico-de-prevencion-y-resolucion-de-conflictos","status":"publish","type":"page","link":"https:\/\/blogsaverroes.juntadeandalucia.es\/ceipantoniomachadocda\/modelo-dialogico-de-prevencion-y-resolucion-de-conflictos\/","title":{"rendered":"Modelo dial\u00f3gico de prevenci\u00f3n y resoluci\u00f3n de conflictos"},"content":{"rendered":"<p style=\"text-align: justify\">Este modelo de prevenci\u00f3n y resoluci\u00f3n de conflictos se fundamenta en el&nbsp;di\u00e1logo&nbsp;como herramienta que permite superar las desigualdades. En el tratamiento del conflicto toma protagonismo el&nbsp;<strong>consenso<\/strong>&nbsp;entre todas las partes implicadas, especialmente el alumnado, sobre las normas de convivencia, generando un di\u00e1logo compartido por toda la <strong>comunidad<\/strong> en todo el proceso normativo (\u00e9tica procedimental).<\/p>\n<p style=\"text-align: justify\">Este tipo de modelo permite una mejora cualitativa de la convivencia tanto en los centros como en toda la comunidad educativa. Generar espacios de di\u00e1logo previene los conflictos. Para ello es necesaria la implicaci\u00f3n de toda la comunidad, para que todas las opiniones sean escuchadas y consideradas cuando se trata de establecer las causas y or\u00edgenes de los conflictos y en la soluci\u00f3n de estos, mientras el conflicto todav\u00eda es latente.<img loading=\"lazy\" decoding=\"async\" class=\"alignnone size-medium wp-image-2167 aligncenter\" src=\"https:\/\/blogsaverroes.juntadeandalucia.es\/ceipantoniomachadocda\/files\/2015\/05\/nubepaz-300x242.jpg\" alt=\"\" width=\"300\" height=\"242\" srcset=\"https:\/\/blogsaverroes.juntadeandalucia.es\/ceipantoniomachadocda\/files\/2015\/05\/nubepaz-300x242.jpg 300w, https:\/\/blogsaverroes.juntadeandalucia.es\/ceipantoniomachadocda\/files\/2015\/05\/nubepaz-24x19.jpg 24w, https:\/\/blogsaverroes.juntadeandalucia.es\/ceipantoniomachadocda\/files\/2015\/05\/nubepaz-36x29.jpg 36w, https:\/\/blogsaverroes.juntadeandalucia.es\/ceipantoniomachadocda\/files\/2015\/05\/nubepaz-48x39.jpg 48w, https:\/\/blogsaverroes.juntadeandalucia.es\/ceipantoniomachadocda\/files\/2015\/05\/nubepaz.jpg 761w\" sizes=\"(max-width: 300px) 100vw, 300px\" \/><\/p>\n","protected":false},"excerpt":{"rendered":"<p>Este modelo de prevenci\u00f3n y resoluci\u00f3n de conflictos se fundamenta en el&nbsp;di\u00e1logo&nbsp;como herramienta que permite superar las desigualdades. En el tratamiento del conflicto toma protagonismo el&nbsp;consenso&nbsp;entre todas las partes implicadas, especialmente el alumnado, sobre&#46;&#46;&#46;<\/p>\n","protected":false},"author":5132,"featured_media":0,"parent":0,"menu_order":0,"comment_status":"closed","ping_status":"closed","template":"","meta":{"ngg_post_thumbnail":0,"footnotes":"","_mc_calendar":[]},"aioseo_notices":[],"_links":{"self":[{"href":"https:\/\/blogsaverroes.juntadeandalucia.es\/ceipantoniomachadocda\/wp-json\/wp\/v2\/pages\/2231"}],"collection":[{"href":"https:\/\/blogsaverroes.juntadeandalucia.es\/ceipantoniomachadocda\/wp-json\/wp\/v2\/pages"}],"about":[{"href":"https:\/\/blogsaverroes.juntadeandalucia.es\/ceipantoniomachadocda\/wp-json\/wp\/v2\/types\/page"}],"author":[{"embeddable":true,"href":"https:\/\/blogsaverroes.juntadeandalucia.es\/ceipantoniomachadocda\/wp-json\/wp\/v2\/users\/5132"}],"replies":[{"embeddable":true,"href":"https:\/\/blogsaverroes.juntadeandalucia.es\/ceipantoniomachadocda\/wp-json\/wp\/v2\/comments?post=2231"}],"version-history":[{"count":2,"href":"https:\/\/blogsaverroes.juntadeandalucia.es\/ceipantoniomachadocda\/wp-json\/wp\/v2\/pages\/2231\/revisions"}],"predecessor-version":[{"id":2268,"href":"https:\/\/blogsaverroes.juntadeandalucia.es\/ceipantoniomachadocda\/wp-json\/wp\/v2\/pages\/2231\/revisions\/2268"}],"wp:attachment":[{"href":"https:\/\/blogsaverroes.juntadeandalucia.es\/ceipantoniomachadocda\/wp-json\/wp\/v2\/media?parent=2231"}],"curies":[{"name":"wp","href":"https:\/\/api.w.org\/{rel}","templated":true}]}}