{"id":2233,"date":"2017-08-05T15:48:10","date_gmt":"2017-08-05T15:48:10","guid":{"rendered":"https:\/\/blogsaverroes.juntadeandalucia.es\/ceipantoniomachadocda\/?page_id=2233"},"modified":"2017-08-09T18:37:16","modified_gmt":"2017-08-09T18:37:16","slug":"formacion-dialogica-del-profesorado","status":"publish","type":"page","link":"https:\/\/blogsaverroes.juntadeandalucia.es\/ceipantoniomachadocda\/formacion-dialogica-del-profesorado\/","title":{"rendered":"Formaci\u00f3n dial\u00f3gica del profesorado"},"content":{"rendered":"<p style=\"text-align: justify\">Para poder desarrollar las actuaciones educativas de \u00e9xito en los centros educativos, un aspecto imprescindible es la formaci\u00f3n del profesorado en las bases cient\u00edficas, te\u00f3ricas y evidencias avaladas por la comunidad cient\u00edfica internacional. Es urgente pasar de las ocurrencias en educaci\u00f3n a las evidencias de mejora de los resultados de aquellas actuaciones educativas que se proponen. Para ello, es preciso ir directamente a las fuentes te\u00f3ricas m\u00e1s relevantes a nivel internacional, a los resultados de las investigaciones de m\u00e1s alto rango sobre educaci\u00f3n y, tambi\u00e9n, a las publicaciones en las revistas de r\u00e1nking. Por otro lado, la formaci\u00f3n de familiares se basa en la <strong>formaci\u00f3n en actuaciones de \u00e9xito<\/strong> y responde a los intereses y necesidades de las familias.<\/p>\n","protected":false},"excerpt":{"rendered":"<p>Para poder desarrollar las actuaciones educativas de \u00e9xito en los centros educativos, un aspecto imprescindible es la formaci\u00f3n del profesorado en las bases cient\u00edficas, te\u00f3ricas y evidencias avaladas por la comunidad cient\u00edfica internacional. Es&#46;&#46;&#46;<\/p>\n","protected":false},"author":5132,"featured_media":0,"parent":0,"menu_order":0,"comment_status":"closed","ping_status":"closed","template":"","meta":{"ngg_post_thumbnail":0,"footnotes":"","_mc_calendar":[]},"aioseo_notices":[],"_links":{"self":[{"href":"https:\/\/blogsaverroes.juntadeandalucia.es\/ceipantoniomachadocda\/wp-json\/wp\/v2\/pages\/2233"}],"collection":[{"href":"https:\/\/blogsaverroes.juntadeandalucia.es\/ceipantoniomachadocda\/wp-json\/wp\/v2\/pages"}],"about":[{"href":"https:\/\/blogsaverroes.juntadeandalucia.es\/ceipantoniomachadocda\/wp-json\/wp\/v2\/types\/page"}],"author":[{"embeddable":true,"href":"https:\/\/blogsaverroes.juntadeandalucia.es\/ceipantoniomachadocda\/wp-json\/wp\/v2\/users\/5132"}],"replies":[{"embeddable":true,"href":"https:\/\/blogsaverroes.juntadeandalucia.es\/ceipantoniomachadocda\/wp-json\/wp\/v2\/comments?post=2233"}],"version-history":[{"count":3,"href":"https:\/\/blogsaverroes.juntadeandalucia.es\/ceipantoniomachadocda\/wp-json\/wp\/v2\/pages\/2233\/revisions"}],"predecessor-version":[{"id":2266,"href":"https:\/\/blogsaverroes.juntadeandalucia.es\/ceipantoniomachadocda\/wp-json\/wp\/v2\/pages\/2233\/revisions\/2266"}],"wp:attachment":[{"href":"https:\/\/blogsaverroes.juntadeandalucia.es\/ceipantoniomachadocda\/wp-json\/wp\/v2\/media?parent=2233"}],"curies":[{"name":"wp","href":"https:\/\/api.w.org\/{rel}","templated":true}]}}