{"id":2235,"date":"2017-08-05T15:47:47","date_gmt":"2017-08-05T15:47:47","guid":{"rendered":"https:\/\/blogsaverroes.juntadeandalucia.es\/ceipantoniomachadocda\/?page_id=2235"},"modified":"2017-08-09T18:01:56","modified_gmt":"2017-08-09T18:01:56","slug":"formacion-de-familiares","status":"publish","type":"page","link":"https:\/\/blogsaverroes.juntadeandalucia.es\/ceipantoniomachadocda\/formacion-de-familiares\/","title":{"rendered":"Formaci\u00f3n de familiares"},"content":{"rendered":"<p style=\"text-align: justify\">Una de las aportaciones que se desprenden de INCLUD-ED es que los resultados acad\u00e9micos de los ni\u00f1os y de las ni\u00f1as no dependen tanto del nivel educativo alcanzado por las familias, como del hecho que cuando las hijas e hijos est\u00e1n escolarizados, tambi\u00e9n las familias est\u00e9n haciendo formaci\u00f3n. Las familias se convierten en referentes positivos. Los ni\u00f1os y ni\u00f1as transforman la visi\u00f3n que tienen de sus padres, y les ven como personas a quienes pueden preguntar sus dudas, con las que pueden compartir su aprendizaje.<\/p>\n<p style=\"text-align: justify\">Se produce una tremenda creaci\u00f3n de sentido en torno al hecho de aprender.<\/p>\n<p style=\"text-align: justify\">Y nace un sue\u00f1o: que todos los estudiantes y las estudiantes tengan las mejores oportunidades para aprender. Comunidades de aprendizaje toma como referente esas actuaciones de \u00e9xito que ya han sido demostradas, para avanzar en la mejora de nuestra educaci\u00f3n sobre evidencias cient\u00edficas.<\/p>\n","protected":false},"excerpt":{"rendered":"<p>Una de las aportaciones que se desprenden de INCLUD-ED es que los resultados acad\u00e9micos de los ni\u00f1os y de las ni\u00f1as no dependen tanto del nivel educativo alcanzado por las familias, como del hecho&#46;&#46;&#46;<\/p>\n","protected":false},"author":5132,"featured_media":0,"parent":0,"menu_order":0,"comment_status":"closed","ping_status":"closed","template":"","meta":{"ngg_post_thumbnail":0,"footnotes":"","_mc_calendar":[]},"aioseo_notices":[],"_links":{"self":[{"href":"https:\/\/blogsaverroes.juntadeandalucia.es\/ceipantoniomachadocda\/wp-json\/wp\/v2\/pages\/2235"}],"collection":[{"href":"https:\/\/blogsaverroes.juntadeandalucia.es\/ceipantoniomachadocda\/wp-json\/wp\/v2\/pages"}],"about":[{"href":"https:\/\/blogsaverroes.juntadeandalucia.es\/ceipantoniomachadocda\/wp-json\/wp\/v2\/types\/page"}],"author":[{"embeddable":true,"href":"https:\/\/blogsaverroes.juntadeandalucia.es\/ceipantoniomachadocda\/wp-json\/wp\/v2\/users\/5132"}],"replies":[{"embeddable":true,"href":"https:\/\/blogsaverroes.juntadeandalucia.es\/ceipantoniomachadocda\/wp-json\/wp\/v2\/comments?post=2235"}],"version-history":[{"count":3,"href":"https:\/\/blogsaverroes.juntadeandalucia.es\/ceipantoniomachadocda\/wp-json\/wp\/v2\/pages\/2235\/revisions"}],"predecessor-version":[{"id":2265,"href":"https:\/\/blogsaverroes.juntadeandalucia.es\/ceipantoniomachadocda\/wp-json\/wp\/v2\/pages\/2235\/revisions\/2265"}],"wp:attachment":[{"href":"https:\/\/blogsaverroes.juntadeandalucia.es\/ceipantoniomachadocda\/wp-json\/wp\/v2\/media?parent=2235"}],"curies":[{"name":"wp","href":"https:\/\/api.w.org\/{rel}","templated":true}]}}