{"id":2968,"date":"2025-02-12T17:11:38","date_gmt":"2025-02-12T17:11:38","guid":{"rendered":"https:\/\/blogsaverroes.juntadeandalucia.es\/ceipantoniomachadocda\/?page_id=2968"},"modified":"2026-04-02T14:56:44","modified_gmt":"2026-04-02T14:56:44","slug":"radio-mosquito","status":"publish","type":"page","link":"https:\/\/blogsaverroes.juntadeandalucia.es\/ceipantoniomachadocda\/radio-mosquito\/","title":{"rendered":"Radio Mosquito"},"content":{"rendered":"<p data-start=\"156\" data-end=\"468\">Os presentamos <strong data-start=\"181\" data-end=\"199\">Radio Mosquito<\/strong>, un proyecto educativo que surgi\u00f3 enmarcado dentro del programa <strong data-start=\"253\" data-end=\"261\">CIMA<\/strong>&nbsp;en el \u00e1mbito de la <strong data-start=\"281\" data-end=\"302\">Educacomunicaci\u00f3n<\/strong>. A trav\u00e9s de esta iniciativa, nuestro alumnado desarrollar\u00e1 sus competencias comunicativas y digitales mediante la creaci\u00f3n de un <strong data-start=\"433\" data-end=\"465\">magazine radiof\u00f3nico mensual<\/strong>.<\/p>\n<p data-start=\"470\" data-end=\"699\">Cada episodio contar\u00e1 con una cuidada selecci\u00f3n de contenidos, incluyendo <strong data-start=\"544\" data-end=\"639\">noticias del centro, entrevistas, debates, narraciones, m\u00fasica y otras secciones de inter\u00e9s<\/strong>, siempre desde una perspectiva educativa y participativa.<\/p>\n<h3 data-start=\"701\" data-end=\"733\">\ud83d\udcfb <strong data-start=\"708\" data-end=\"731\">\u00bfD\u00f3nde escucharnos?<\/strong><\/h3>\n<p data-start=\"734\" data-end=\"887\">Los episodios de <strong data-start=\"751\" data-end=\"769\">Radio Mosquito<\/strong> estar\u00e1n disponibles en la p\u00e1gina web del centro para su acceso y disfrute por parte de toda la comunidad educativa.<\/p>\n<p data-start=\"889\" data-end=\"1092\">Esta iniciativa no solo fomenta la expresi\u00f3n oral y el trabajo en equipo, sino que tambi\u00e9n permite que el alumnado experimente con nuevas formas de comunicaci\u00f3n, potenciando su creatividad y autonom\u00eda.<\/p>\n<p data-start=\"1094\" data-end=\"1196\"><strong data-start=\"1094\" data-end=\"1194\">\u00a1Os invitamos a seguir cada entrega y a disfrutar del talento de nuestros j\u00f3venes comunicadores!<\/strong><\/p>\n<p data-start=\"1094\" data-end=\"1196\">&nbsp;<\/p>\n<p><iframe loading=\"lazy\" src=\"https:\/\/www.ivoox.com\/player_ej_139780134_6_1.html?c1=97beaf\" width=\"100%\" height=\"200\" frameborder=\"0\" scrolling=\"no\"><\/iframe><\/p>\n<p><iframe loading=\"lazy\" src=\"https:\/\/www.ivoox.com\/player_ej_144010307_6_1.html?c1=d28e6f\" width=\"100%\" height=\"200\" frameborder=\"0\" scrolling=\"no\"><\/iframe><\/p>\n<p data-start=\"298\" data-end=\"334\"><strong>Podcast D\u00eda de Andaluc\u00eda<\/strong><\/p>\n<p style=\"text-align: justify\" data-start=\"0\" data-end=\"314\">El alumnado de nuestro centro ha celebrado el D\u00eda de Andaluc\u00eda a trav\u00e9s de una Situaci\u00f3n de Aprendizaje dedicada al conocimiento y valoraci\u00f3n del&nbsp;<span class=\"hover:entity-accent entity-underline inline cursor-pointer align-baseline\"><span class=\"whitespace-normal\">Parque Nacional de Do\u00f1ana<\/span><\/span>, uno de los espacios naturales m\u00e1s emblem\u00e1ticos de nuestra comunidad aut\u00f3noma y de gran importancia ecol\u00f3gica a nivel europeo.<\/p>\n<p style=\"text-align: justify\" data-start=\"316\" data-end=\"753\">A lo largo de este proyecto, cada grupo ha investigado y trabajado distintos aspectos relacionados con este entorno natural: su biodiversidad, los ecosistemas que lo componen, las especies animales y vegetales m\u00e1s representativas, as\u00ed como la necesidad de proteger y conservar este patrimonio natural. De este modo, el alumnado ha podido acercarse al conocimiento de Andaluc\u00eda desde una perspectiva activa, investigadora y significativa.<\/p>\n<p style=\"text-align: justify\" data-start=\"755\" data-end=\"1145\">Como producto final de esta experiencia, todas las clases han colaborado en la elaboraci\u00f3n de un podcast para nuestra radio escolar Radio Mosquito, en el que comparten los aprendizajes adquiridos y los resultados de su trabajo. Esta actividad ha permitido desarrollar competencias relacionadas con la comunicaci\u00f3n oral, el trabajo cooperativo y el uso educativo de los medios digitales.<\/p>\n<p style=\"text-align: justify\" data-start=\"1147\" data-end=\"1330\" data-is-last-node=\"\" data-is-only-node=\"\">Esperamos que disfrut\u00e9is escuchando este podcast tanto como nuestro alumnado ha disfrutado investigando, aprendiendo y participando en la elaboraci\u00f3n de esta Situaci\u00f3n de Aprendizaje.<\/p>\n<p data-start=\"298\" data-end=\"334\"><iframe loading=\"lazy\" src=\"https:\/\/w.soundcloud.com\/player\/?url=https%3A\/\/api.soundcloud.com\/tracks\/soundcloud%253Atracks%253A2272519211&amp;color=%23ff5500&amp;auto_play=false&amp;hide_related=false&amp;show_comments=true&amp;show_user=true&amp;show_reposts=false&amp;show_teaser=true&amp;visual=true\" width=\"300%\" height=\"300\" frameborder=\"no\" scrolling=\"no\"><\/iframe><\/p>\n<div><a title=\"Jos\u00e9 Mar\u00eda Moreno Guti\u00e9rrez\" href=\"https:\/\/soundcloud.com\/jose-maria-moreno-gutierrez-27463603\" target=\"_blank\" rel=\"noopener\">Jos\u00e9 Mar\u00eda Moreno Guti\u00e9rrez<\/a>&nbsp;\u00b7&nbsp;<a title=\"PODCAST D\u00cdA DE ANDALUC\u00cdA\" href=\"https:\/\/soundcloud.com\/jose-maria-moreno-gutierrez-27463603\/podcast-dia-de-andalucia\" target=\"_blank\" rel=\"noopener\">PODCAST D\u00cdA DE ANDALUC\u00cdA<\/a><\/div>\n","protected":false},"excerpt":{"rendered":"<p>Os presentamos Radio Mosquito, un proyecto educativo que surgi\u00f3 enmarcado dentro del programa CIMA&nbsp;en el \u00e1mbito de la Educacomunicaci\u00f3n. A trav\u00e9s de esta iniciativa, nuestro alumnado desarrollar\u00e1 sus competencias comunicativas y digitales mediante la&#46;&#46;&#46;<\/p>\n","protected":false},"author":5132,"featured_media":0,"parent":0,"menu_order":0,"comment_status":"closed","ping_status":"closed","template":"","meta":{"ngg_post_thumbnail":0,"footnotes":"","_mc_calendar":[]},"aioseo_notices":[],"_links":{"self":[{"href":"https:\/\/blogsaverroes.juntadeandalucia.es\/ceipantoniomachadocda\/wp-json\/wp\/v2\/pages\/2968"}],"collection":[{"href":"https:\/\/blogsaverroes.juntadeandalucia.es\/ceipantoniomachadocda\/wp-json\/wp\/v2\/pages"}],"about":[{"href":"https:\/\/blogsaverroes.juntadeandalucia.es\/ceipantoniomachadocda\/wp-json\/wp\/v2\/types\/page"}],"author":[{"embeddable":true,"href":"https:\/\/blogsaverroes.juntadeandalucia.es\/ceipantoniomachadocda\/wp-json\/wp\/v2\/users\/5132"}],"replies":[{"embeddable":true,"href":"https:\/\/blogsaverroes.juntadeandalucia.es\/ceipantoniomachadocda\/wp-json\/wp\/v2\/comments?post=2968"}],"version-history":[{"count":6,"href":"https:\/\/blogsaverroes.juntadeandalucia.es\/ceipantoniomachadocda\/wp-json\/wp\/v2\/pages\/2968\/revisions"}],"predecessor-version":[{"id":3009,"href":"https:\/\/blogsaverroes.juntadeandalucia.es\/ceipantoniomachadocda\/wp-json\/wp\/v2\/pages\/2968\/revisions\/3009"}],"wp:attachment":[{"href":"https:\/\/blogsaverroes.juntadeandalucia.es\/ceipantoniomachadocda\/wp-json\/wp\/v2\/media?parent=2968"}],"curies":[{"name":"wp","href":"https:\/\/api.w.org\/{rel}","templated":true}]}}