{"id":35,"date":"2015-03-13T08:21:43","date_gmt":"2015-03-13T08:21:43","guid":{"rendered":"http:\/\/blogsaverroes.juntadeandalucia.es\/pre\/ceip\/?page_id=35"},"modified":"2023-07-02T20:27:00","modified_gmt":"2023-07-02T20:27:00","slug":"el-centro-2","status":"publish","type":"page","link":"https:\/\/blogsaverroes.juntadeandalucia.es\/ceipantoniomachadocda\/el-centro-2\/","title":{"rendered":"Datos del centro"},"content":{"rendered":"<h4 style=\"text-align: justify\">Datos de contacto<\/h4>\n<p style=\"text-align: justify\">C.E.I.P Antonio Machado&nbsp; Comunidad de Aprendizaje<\/p>\n<p style=\"text-align: justify\"><strong>Direcci\u00f3n:<\/strong>&nbsp; Avda. Rep\u00fablica Argentina s\/n. La Puebla del R\u00edo 41130 Sevilla<\/p>\n<p style=\"text-align: justify\"><strong>Tel\u00e9fono\/FAX: 955623297 \/ 955623298<\/strong><br \/>\n<strong>Email:<\/strong> 41602156.edu@juntadeandalucia.es<\/p>\n<h4 style=\"text-align: justify\"><strong>Horarios<\/strong><\/h4>\n<p style=\"text-align: justify\">Reflejar el horario de apertura del centro: aula matinal, actividades lectivas, Plan de Acompa\u00f1amiento, talleres extraescolares organizados desde el AMPA, etc.<\/p>\n<h4 style=\"text-align: justify\"><strong>Oferta educativa<\/strong><\/h4>\n<p style=\"text-align: justify\">La oferta educativa que ofrece el centro es la siguiente:<\/p>\n<ul style=\"text-align: justify\">\n<li><b>Segundo ciclo de Educaci\u00f3n Infantil<\/b><\/li>\n<li><b>Educaci\u00f3n Primaria<\/b><\/li>\n<li><b>Educaci\u00f3n B\u00e1sica Especial<\/b>\n<ul>\n<li><img decoding=\"async\" src=\"http:\/\/www.juntadeandalucia.es\/educacion\/vscripts\/centros\/datoscuract\/archivos\/bullet03.gif\" alt=\"\">&nbsp;Educaci\u00f3n especial apoyo a la integraci\u00f3n<\/li>\n<li><img decoding=\"async\" src=\"http:\/\/www.juntadeandalucia.es\/educacion\/vscripts\/centros\/datoscuract\/archivos\/bullet03.gif\" alt=\"\">&nbsp;Educaci\u00f3n especial unidad espec\u00edfica<\/li>\n<\/ul>\n<\/li>\n<\/ul>\n<h4 style=\"text-align: justify\"><strong>Servicios Complementarios<br \/>\n<\/strong><\/h4>\n<p style=\"text-align: justify\">El centro ofrece los siguientes servicios complementarios:<\/p>\n<ul style=\"text-align: justify\">\n<li><b>Plan de apertura: <\/b><\/li>\n<\/ul>\n<p style=\"text-align: justify\"><b>&nbsp;&nbsp;&nbsp;&nbsp;&nbsp; <img decoding=\"async\" src=\"http:\/\/www.juntadeandalucia.es\/educacion\/vscripts\/centros\/datoscuract\/archivos\/bullet03.gif\" alt=\"\">&nbsp;&nbsp; Aula matinal<\/b><\/p>\n<p style=\"text-align: justify\">&nbsp;&nbsp;&nbsp;&nbsp;&nbsp; <img decoding=\"async\" src=\"http:\/\/www.juntadeandalucia.es\/educacion\/vscripts\/centros\/datoscuract\/archivos\/bullet03.gif\" alt=\"\">&nbsp;&nbsp;<b> Comedor<\/b><\/p>\n<p style=\"text-align: justify\">&nbsp;&nbsp;&nbsp;&nbsp;&nbsp; <img decoding=\"async\" src=\"http:\/\/www.juntadeandalucia.es\/educacion\/vscripts\/centros\/datoscuract\/archivos\/bullet03.gif\" alt=\"\">&nbsp;&nbsp;<b> Actividades extraescolares<\/b><\/p>\n<h4 style=\"text-align: justify\"><strong>Instalaciones<br \/>\n<\/strong><\/h4>\n<p style=\"text-align: justify\">El C.E.I.P. Antonio Machado es un colegio de Educaci\u00f3n Infantil y Primaria. La oferta educativa que ofrece se comprende desde Ed. Infantil de 3 a\u00f1os hasta 6\u00ba de Ed. Primaria.<\/p>\n<p style=\"text-align: justify\">Es un edificio bien cuidado construido a finales de los a\u00f1os 80. El centro consta de dos plantas. En la planta baja y justo a la derecha de la entrada se encuentra la secretar\u00eda, los despachos de direcci\u00f3n y de jefatura de estudios, la sala del profesorado. Tambi\u00e9n se ubican en la parte baja las aulas de Educaci\u00f3n Infantil (3 a\u00f1os, 4 a\u00f1os y 5 a\u00f1os), el sal\u00f3n de actos -tambi\u00e9n usado como comedor y la Biblioteca, espacio tambi\u00e9n polivalente y utilizado como aula matinal a primera hora de la ma\u00f1ana. Por \u00faltimo, tambi\u00e9n se hallan en esta planta, tres servicios (dos para el alumnado y uno para el profesorado), la sede del Equipo de Orientaci\u00f3n Educativa de la zona, el Aula de Apoyo a la Integraci\u00f3n y el Aula Espec\u00edfica de Educaci\u00f3n Especial (Aula de la Alegr\u00eda), instaurada esta \u00faltima en el pasado curso 2016-2017.<br \/>\nA la planta alta se puede acceder mediante dos escaleras. En ella encontramos las aulas de Educaci\u00f3n Primaria (1\u00ba, 2\u00ba, 3\u00ba, 4\u00ba, 5\u00ba y 6\u00ba). Tanto las aulas de Educaci\u00f3n Infantil como de Educaci\u00f3n Primaria son amplias y disponen de grandes ventanales que hacen que sean luminosas y alegres. En la segunda planta se ubican adem\u00e1s el laboratorio de Idiomas -tambi\u00e9n usado como aula de m\u00fasica-, el aula de inform\u00e1tica; tres peque\u00f1as aulas para tutor\u00eda, Audici\u00f3n y Lenguaje y las reuniones de la Asociaci\u00f3n de Padres y Madres del Alumnado.<\/p>\n","protected":false},"excerpt":{"rendered":"<p>Datos de contacto C.E.I.P Antonio Machado&nbsp; Comunidad de Aprendizaje Direcci\u00f3n:&nbsp; Avda. Rep\u00fablica Argentina s\/n. La Puebla del R\u00edo 41130 Sevilla Tel\u00e9fono\/FAX: 955623297 \/ 955623298 Email: 41602156.edu@juntadeandalucia.es Horarios Reflejar el horario de apertura del centro:&#46;&#46;&#46;<\/p>\n","protected":false},"author":1,"featured_media":0,"parent":0,"menu_order":0,"comment_status":"open","ping_status":"open","template":"","meta":{"ngg_post_thumbnail":0,"footnotes":"","_mc_calendar":[]},"aioseo_notices":[],"_links":{"self":[{"href":"https:\/\/blogsaverroes.juntadeandalucia.es\/ceipantoniomachadocda\/wp-json\/wp\/v2\/pages\/35"}],"collection":[{"href":"https:\/\/blogsaverroes.juntadeandalucia.es\/ceipantoniomachadocda\/wp-json\/wp\/v2\/pages"}],"about":[{"href":"https:\/\/blogsaverroes.juntadeandalucia.es\/ceipantoniomachadocda\/wp-json\/wp\/v2\/types\/page"}],"author":[{"embeddable":true,"href":"https:\/\/blogsaverroes.juntadeandalucia.es\/ceipantoniomachadocda\/wp-json\/wp\/v2\/users\/1"}],"replies":[{"embeddable":true,"href":"https:\/\/blogsaverroes.juntadeandalucia.es\/ceipantoniomachadocda\/wp-json\/wp\/v2\/comments?post=35"}],"version-history":[{"count":32,"href":"https:\/\/blogsaverroes.juntadeandalucia.es\/ceipantoniomachadocda\/wp-json\/wp\/v2\/pages\/35\/revisions"}],"predecessor-version":[{"id":2890,"href":"https:\/\/blogsaverroes.juntadeandalucia.es\/ceipantoniomachadocda\/wp-json\/wp\/v2\/pages\/35\/revisions\/2890"}],"wp:attachment":[{"href":"https:\/\/blogsaverroes.juntadeandalucia.es\/ceipantoniomachadocda\/wp-json\/wp\/v2\/media?parent=35"}],"curies":[{"name":"wp","href":"https:\/\/api.w.org\/{rel}","templated":true}]}}