{"id":430,"date":"2015-03-20T07:07:04","date_gmt":"2015-03-20T07:07:04","guid":{"rendered":"http:\/\/blogsaverroes.juntadeandalucia.es\/pre\/ceip\/?page_id=430"},"modified":"2015-05-21T07:37:34","modified_gmt":"2015-05-21T07:37:34","slug":"materiales-recursos","status":"publish","type":"page","link":"https:\/\/blogsaverroes.juntadeandalucia.es\/ceipantoniomachadocda\/ed-primaria-1o-ciclo\/materiales-recursos\/","title":{"rendered":"E.P. 1\u00ba ciclo. Materiales, recursos&#8230;"},"content":{"rendered":"<h4>El Agua es importante<\/h4>\n<p><a title=\"El agua\" href=\"http:\/\/agrega.juntadeandalucia.es\/visualizador-1\/Visualizar\/Visualizar.do?identificador=es-an_2010032613_9081528&amp;secuencia=true&amp;idioma=es\" target=\"_blank\"><img loading=\"lazy\" decoding=\"async\" class=\"alignnone size-medium wp-image-1579\" src=\"https:\/\/blogsaverroes.juntadeandalucia.es\/ceipantoniomachadocda\/files\/2015\/03\/agua-300x225.jpg\" alt=\"agua\" width=\"300\" height=\"225\" srcset=\"https:\/\/blogsaverroes.juntadeandalucia.es\/ceipantoniomachadocda\/files\/2015\/03\/agua-300x225.jpg 300w, https:\/\/blogsaverroes.juntadeandalucia.es\/ceipantoniomachadocda\/files\/2015\/03\/agua.jpg 640w\" sizes=\"(max-width: 300px) 100vw, 300px\" \/><\/a><br \/>\nPartimos de ideas ya tratadas en otras \u00e1reas: los seres vivos y la necesidad del agua para sobrevivir. Usamos el entorno m\u00e1s cercano para mostrar los usos del agua y como ahorrar el consumo innecesario.<\/p>\n<p>&nbsp;<\/p>\n<h4>La energ\u00eda nuestra amiga m\u00e1s cercana<\/h4>\n<p><a title=\"Energ\u00eda\" href=\"http:\/\/agrega.juntadeandalucia.es\/visualizador-1\/Visualizar\/Visualizar.do?identificador=es-an_2010032613_9081617&amp;secuencia=true&amp;idioma=es\" target=\"_blank\"><img loading=\"lazy\" decoding=\"async\" class=\"alignnone size-medium wp-image-1585\" src=\"https:\/\/blogsaverroes.juntadeandalucia.es\/ceipantoniomachadocda\/files\/2015\/03\/energia-300x225.jpg\" alt=\"energia\" width=\"300\" height=\"225\" srcset=\"https:\/\/blogsaverroes.juntadeandalucia.es\/ceipantoniomachadocda\/files\/2015\/03\/energia-300x225.jpg 300w, https:\/\/blogsaverroes.juntadeandalucia.es\/ceipantoniomachadocda\/files\/2015\/03\/energia.jpg 800w\" sizes=\"(max-width: 300px) 100vw, 300px\" \/><\/a><\/p>\n<p>Abordamos el conocimiento de la necesidad, uso, abuso, problemas de la energ\u00eda; conceptos de energ\u00eda solar, e\u00f3lica y el\u00e9ctrica, producidas por elementos muy conocidos: el sol, el viento, el agua. Usos de la energ\u00eda en el hogar y c\u00f3mo ahorrarla.<\/p>\n<p>&nbsp;<\/p>\n<h4>Problemas de 1\u00ba, 2\u00ba y 3\u00ba de Primaria<\/h4>\n<p><a href=\"http:\/\/agrega.educacion.es\/visualizador-1\/es\/pode\/presentacion\/visualizadorSinSecuencia\/visualizar-datos.jsp\" target=\"_blank\"><img loading=\"lazy\" decoding=\"async\" class=\"alignnone size-medium wp-image-1587\" src=\"https:\/\/blogsaverroes.juntadeandalucia.es\/ceipantoniomachadocda\/files\/2015\/03\/noria-300x225.jpg\" alt=\"noria\" width=\"300\" height=\"225\" srcset=\"https:\/\/blogsaverroes.juntadeandalucia.es\/ceipantoniomachadocda\/files\/2015\/03\/noria-300x225.jpg 300w, https:\/\/blogsaverroes.juntadeandalucia.es\/ceipantoniomachadocda\/files\/2015\/03\/noria.jpg 800w\" sizes=\"(max-width: 300px) 100vw, 300px\" \/><\/a><\/p>\n<p>Trabaja razonamiento num\u00e9rico, pares e impares, problemas desde distintas metodolog\u00edas (visuales, para trabajar con pizarra, l\u00fadicas, etc.)<\/p>\n","protected":false},"excerpt":{"rendered":"<p>El Agua es importante Partimos de ideas ya tratadas en otras \u00e1reas: los seres vivos y la necesidad del agua para sobrevivir. Usamos el entorno m\u00e1s cercano para mostrar los usos del agua y&#46;&#46;&#46;<\/p>\n","protected":false},"author":1,"featured_media":0,"parent":428,"menu_order":0,"comment_status":"open","ping_status":"open","template":"page-templates\/child-menu.php","meta":{"ngg_post_thumbnail":0,"footnotes":"","_mc_calendar":[]},"aioseo_notices":[],"_links":{"self":[{"href":"https:\/\/blogsaverroes.juntadeandalucia.es\/ceipantoniomachadocda\/wp-json\/wp\/v2\/pages\/430"}],"collection":[{"href":"https:\/\/blogsaverroes.juntadeandalucia.es\/ceipantoniomachadocda\/wp-json\/wp\/v2\/pages"}],"about":[{"href":"https:\/\/blogsaverroes.juntadeandalucia.es\/ceipantoniomachadocda\/wp-json\/wp\/v2\/types\/page"}],"author":[{"embeddable":true,"href":"https:\/\/blogsaverroes.juntadeandalucia.es\/ceipantoniomachadocda\/wp-json\/wp\/v2\/users\/1"}],"replies":[{"embeddable":true,"href":"https:\/\/blogsaverroes.juntadeandalucia.es\/ceipantoniomachadocda\/wp-json\/wp\/v2\/comments?post=430"}],"version-history":[{"count":11,"href":"https:\/\/blogsaverroes.juntadeandalucia.es\/ceipantoniomachadocda\/wp-json\/wp\/v2\/pages\/430\/revisions"}],"predecessor-version":[{"id":2285,"href":"https:\/\/blogsaverroes.juntadeandalucia.es\/ceipantoniomachadocda\/wp-json\/wp\/v2\/pages\/430\/revisions\/2285"}],"up":[{"embeddable":true,"href":"https:\/\/blogsaverroes.juntadeandalucia.es\/ceipantoniomachadocda\/wp-json\/wp\/v2\/pages\/428"}],"wp:attachment":[{"href":"https:\/\/blogsaverroes.juntadeandalucia.es\/ceipantoniomachadocda\/wp-json\/wp\/v2\/media?parent=430"}],"curies":[{"name":"wp","href":"https:\/\/api.w.org\/{rel}","templated":true}]}}