{"id":82,"date":"2015-03-16T06:59:55","date_gmt":"2015-03-16T06:59:55","guid":{"rendered":"http:\/\/blogsaverroes.juntadeandalucia.es\/pre\/ceip\/?page_id=82"},"modified":"2017-08-09T18:42:23","modified_gmt":"2017-08-09T18:42:23","slug":"horarios","status":"publish","type":"page","link":"https:\/\/blogsaverroes.juntadeandalucia.es\/ceipantoniomachadocda\/horarios\/","title":{"rendered":"Horarios"},"content":{"rendered":"<p><strong><img loading=\"lazy\" decoding=\"async\" class=\"alignnone size-full wp-image-2254\" src=\"https:\/\/blogsaverroes.juntadeandalucia.es\/ceipantoniomachadocda\/files\/2015\/03\/icono_horario.png\" alt=\"\" height=\"200\" width=\"200\" srcset=\"https:\/\/blogsaverroes.juntadeandalucia.es\/ceipantoniomachadocda\/files\/2015\/03\/icono_horario.png 200w, https:\/\/blogsaverroes.juntadeandalucia.es\/ceipantoniomachadocda\/files\/2015\/03\/icono_horario-149x150.png 149w, https:\/\/blogsaverroes.juntadeandalucia.es\/ceipantoniomachadocda\/files\/2015\/03\/icono_horario-100x100.png 100w, https:\/\/blogsaverroes.juntadeandalucia.es\/ceipantoniomachadocda\/files\/2015\/03\/icono_horario-160x160.png 160w, https:\/\/blogsaverroes.juntadeandalucia.es\/ceipantoniomachadocda\/files\/2015\/03\/icono_horario-24x24.png 24w, https:\/\/blogsaverroes.juntadeandalucia.es\/ceipantoniomachadocda\/files\/2015\/03\/icono_horario-36x36.png 36w, https:\/\/blogsaverroes.juntadeandalucia.es\/ceipantoniomachadocda\/files\/2015\/03\/icono_horario-48x48.png 48w\" sizes=\"(max-width: 200px) 100vw, 200px\" \/><\/strong><\/p>\n<p style=\"text-align: justify\"><strong>Horario escolar<\/strong><\/p>\n<p style=\"text-align: justify\">La jornada continuada del centro es de 9 a 14 h. durante todo el curso (excepto el d\u00eda de recepci\u00f3n) para <strong><em>Educaci\u00f3n Primaria<\/em><\/strong>.<\/p>\n<p style=\"text-align: justify\">La jornada para <em><strong>Educaci\u00f3n Infantil y Aula de la Alegr\u00eda<\/strong><\/em> es el siguiente:<\/p>\n<p style=\"text-align: justify\"><em>Hora de estrada<\/em>: 9h.<\/p>\n<p style=\"text-align: justify\"><em>Hora de salida<\/em>:<\/p>\n<ul style=\"text-align: justify\">\n<li>EI3 13&#8217;45 h.<\/li>\n<li>EI4 y Aula espec\u00edfica 13&#8217;50 h.<\/li>\n<li>EI5 13&#8217;55 h.<\/li>\n<\/ul>\n<div class=\"entry-content cf\">\n<p style=\"text-align: justify\"><strong>Horario de Tutor\u00edas<\/strong>:<\/p>\n<ul style=\"text-align: justify\">\n<li>El horario de tutor\u00eda ser\u00e1 los lunes de 17&#8217;30 h. a 18&#8217;30 h. desde octubre previa cita (se comunicar\u00e1 m\u00e1s adelante los d\u00edas de las reuniones generales de tutor\u00eda). Rogamos se abstengan de venir con sus hijos a dichas tutor\u00edas (excepto a petici\u00f3n del profesor).<\/li>\n<\/ul>\n<p style=\"text-align: justify\"><strong>Horario Equipo directivo:<\/strong><\/p>\n<ul>\n<li style=\"text-align: justify\">El horario de atenci\u00f3n del equipo directivo estar\u00e1 expuesto en el tabl\u00f3n de anuncios en d\u00edas sucesivos (seg\u00fan cita previa solicitada en Secretar\u00eda).<\/li>\n<\/ul>\n<\/div>\n","protected":false},"excerpt":{"rendered":"<p>Horario escolar La jornada continuada del centro es de 9 a 14 h. durante todo el curso (excepto el d\u00eda de recepci\u00f3n) para Educaci\u00f3n Primaria. La jornada para Educaci\u00f3n Infantil y Aula de la&#46;&#46;&#46;<\/p>\n","protected":false},"author":1,"featured_media":0,"parent":0,"menu_order":0,"comment_status":"open","ping_status":"open","template":"page-templates\/child-menu.php","meta":{"ngg_post_thumbnail":0,"footnotes":"","_mc_calendar":[]},"aioseo_notices":[],"_links":{"self":[{"href":"https:\/\/blogsaverroes.juntadeandalucia.es\/ceipantoniomachadocda\/wp-json\/wp\/v2\/pages\/82"}],"collection":[{"href":"https:\/\/blogsaverroes.juntadeandalucia.es\/ceipantoniomachadocda\/wp-json\/wp\/v2\/pages"}],"about":[{"href":"https:\/\/blogsaverroes.juntadeandalucia.es\/ceipantoniomachadocda\/wp-json\/wp\/v2\/types\/page"}],"author":[{"embeddable":true,"href":"https:\/\/blogsaverroes.juntadeandalucia.es\/ceipantoniomachadocda\/wp-json\/wp\/v2\/users\/1"}],"replies":[{"embeddable":true,"href":"https:\/\/blogsaverroes.juntadeandalucia.es\/ceipantoniomachadocda\/wp-json\/wp\/v2\/comments?post=82"}],"version-history":[{"count":8,"href":"https:\/\/blogsaverroes.juntadeandalucia.es\/ceipantoniomachadocda\/wp-json\/wp\/v2\/pages\/82\/revisions"}],"predecessor-version":[{"id":2397,"href":"https:\/\/blogsaverroes.juntadeandalucia.es\/ceipantoniomachadocda\/wp-json\/wp\/v2\/pages\/82\/revisions\/2397"}],"wp:attachment":[{"href":"https:\/\/blogsaverroes.juntadeandalucia.es\/ceipantoniomachadocda\/wp-json\/wp\/v2\/media?parent=82"}],"curies":[{"name":"wp","href":"https:\/\/api.w.org\/{rel}","templated":true}]}}