{"id":99,"date":"2015-03-16T07:22:54","date_gmt":"2015-03-16T07:22:54","guid":{"rendered":"http:\/\/blogsaverroes.juntadeandalucia.es\/pre\/ceip\/?page_id=99"},"modified":"2017-09-19T17:51:48","modified_gmt":"2017-09-19T17:51:48","slug":"comedor-escolar","status":"publish","type":"page","link":"https:\/\/blogsaverroes.juntadeandalucia.es\/ceipantoniomachadocda\/comedor-escolar\/","title":{"rendered":"Comedor escolar"},"content":{"rendered":"<p style=\"text-align: justify\"><strong>Informaci\u00f3n sobre el comedor escolar<\/strong><\/p>\n<p style=\"text-align: justify\">Los comedores escolares son un servicio complementario que resulta de gran utilidad a padres y madres para ayudarles a&nbsp;conciliar la vida laboral y familiar. Tienen una duraci\u00f3n de hasta dos horas desde que acaba la jornada escolar de la ma\u00f1ana (de 14.00 a 16.00 horas).<\/p>\n<p style=\"text-align: justify\">Los costes diarios de comedor son los siguientes:<\/p>\n<table class=\"normal\" width=\"100%\" cellspacing=\"1\" cellpadding=\"5\" border=\"0\">\n<tbody>\n<tr>\n<td width=\"73%\" bgcolor=\"#F3E283\">Sin Subvenci\u00f3n<\/td>\n<td width=\"27%\" bgcolor=\"#F3E283\">\n<div align=\"right\">4,50 \u20ac<\/div>\n<\/td>\n<\/tr>\n<tr>\n<td colspan=\"2\" bgcolor=\"#F3E283\">Subvenciones del 10 %, 18 %, 26 %, 34 %, 42 % y 50 % (seg\u00fan Acuerdo de 7 de julio de 2009, BOJA n\u00ba<\/td>\n<\/tr>\n<\/tbody>\n<\/table>\n<p style=\"text-align: justify\">Los comedores son adem\u00e1s una pieza importante&nbsp;en todas las medidas dirigidas a mejorar los h\u00e1bitos alimenticios de los ni\u00f1os y ni\u00f1as y prevenir problemas de salud como la obesidad.<\/p>\n<p style=\"text-align: justify\">Los comedores escolares de los centros p\u00fablicos andaluces promueven una alimentaci\u00f3n saludable que est\u00e1 supervisada por nutricionistas y que, entre otros aspectos, se caracteriza por:<br \/>\n<img loading=\"lazy\" decoding=\"async\" class=\"alignnone size-medium wp-image-2260\" src=\"https:\/\/blogsaverroes.juntadeandalucia.es\/ceipantoniomachadocda\/files\/2015\/03\/91061-620-282-300x136.jpg\" alt=\"\" width=\"300\" height=\"136\" srcset=\"https:\/\/blogsaverroes.juntadeandalucia.es\/ceipantoniomachadocda\/files\/2015\/03\/91061-620-282-300x136.jpg 300w, https:\/\/blogsaverroes.juntadeandalucia.es\/ceipantoniomachadocda\/files\/2015\/03\/91061-620-282-24x11.jpg 24w, https:\/\/blogsaverroes.juntadeandalucia.es\/ceipantoniomachadocda\/files\/2015\/03\/91061-620-282-36x16.jpg 36w, https:\/\/blogsaverroes.juntadeandalucia.es\/ceipantoniomachadocda\/files\/2015\/03\/91061-620-282-48x22.jpg 48w, https:\/\/blogsaverroes.juntadeandalucia.es\/ceipantoniomachadocda\/files\/2015\/03\/91061-620-282.jpg 620w\" sizes=\"(max-width: 300px) 100vw, 300px\" \/><\/p>\n<p style=\"text-align: justify\">Una mayor proporci\u00f3n de verdura en los men\u00fas<\/p>\n<p style=\"text-align: justify\">Fruta fresca como postre al menos cuatro d\u00edas a la semana<\/p>\n<p style=\"text-align: justify\">Uso de aceite de oliva virgen extra<\/p>\n<p style=\"text-align: justify\">M\u00e1s pescado que carne, que debe ser magra<\/p>\n<p style=\"text-align: justify\">Prohibici\u00f3n de los alimentos precocinados y limitaci\u00f3n de los fritos<\/p>\n<p style=\"text-align: justify\">Apuesta por la dieta mediterr\u00e1nea y los productos ecol\u00f3gicos<\/p>\n<p style=\"text-align: justify\">El comedor escolar debe entenderse como un servicio educativo que completa la labor del centro docente, por lo que en \u00e9l debe desarrollarse las siguientes funciones:<\/p>\n<ul style=\"text-align: justify\">\n<li style=\"text-align: justify\">Educar en h\u00e1bitos alimentarios saludables utilizando un plan de alimentaci\u00f3n equilibrado.<\/li>\n<li style=\"text-align: justify\">Promover la adaptaci\u00f3n del alumnado a una diversidad de men\u00fas y a una disciplina que incluya la cortes\u00eda, la tolerancia, la solidaridad y la educaci\u00f3n para la convivencia (educaci\u00f3n en la mesa, postura correcta\u2026).<\/li>\n<li style=\"text-align: justify\">Ofrecer una planificaci\u00f3n alimentaria que aporte las sustancias nutritivas que los alumnos y alumnas necesitan para su normal desarrollo.<\/li>\n<li style=\"text-align: justify\">Contribuir a la integraci\u00f3n de la familia en la medida que facilite a los padres y madres el ejercicio de sus funciones laborales y sociales.<\/li>\n<li style=\"text-align: justify\">Facilitar que mujeres y hombres andaluces puedan optar libremente a su proyecto de desarrollo personal y profesional.<\/li>\n<li style=\"text-align: justify\">Interesar a las familias en los beneficios que puedan obtenerse de una colaboraci\u00f3n conjunta con los responsables del comedor escolar, tanto en lo referido a la salud como en su educaci\u00f3n nutricional.<\/li>\n<li style=\"text-align: justify\">Concienciar a las familias en los patrones de conducta adquiridos en el comedor del centro escolar.<\/li>\n<li style=\"text-align: justify\">Informar y concienciar a los alumnos de programas y pr\u00e1cticas de higiene personal: aseo general, lavado de manos, cepillado de dientes, manipulaci\u00f3n en el consumo de alimentos\u2026<\/li>\n<li style=\"text-align: justify\">Educar a los alumnos y alumnas en la relaci\u00f3n social: fomento de la comunicaci\u00f3n, la buena convivencia y y las relaciones con los compa\u00f1eros y compa\u00f1eras de mesa.<\/li>\n<\/ul>\n<p style=\"text-align: justify\">Puede&nbsp;utilizarse&nbsp;cualquier d\u00eda previa inscripci\u00f3n y domicializaci\u00f3n bancaria.<\/p>\n<p style=\"text-align: justify\">Para cualquier duda ponte en contacto con nosotros en horario de secretar\u00eda.<\/p>\n<p style=\"text-align: justify\">Desc\u00e1rgate <a href=\"https:\/\/drive.google.com\/file\/d\/0B5q3hoHfnm2vNDlxQzdjcGlBR3c\/view?usp=sharing\">aqu\u00ed <\/a>el formulario, rell\u00e9nalo y entr\u00e9galo en la secretar\u00eda del Colegio.<\/p>\n<p style=\"text-align: justify\">Pincha <a href=\"https:\/\/drive.google.com\/file\/d\/0B5q3hoHfnm2vbHE0NF9YZGUtM0E\/view?usp=sharing\">aqu\u00ed<\/a> para ver la planificaci\u00f3n de men\u00fas para el mes de septiembre.<\/p>\n<p>&nbsp;<\/p>\n<table style=\"width: 0px\">\n<tbody>\n<tr style=\"height: 6.5px\">\n<td style=\"text-align: justify;width: 10px;height: 6.5px\">&nbsp;<\/td>\n<\/tr>\n<\/tbody>\n<\/table>\n","protected":false},"excerpt":{"rendered":"<p>Informaci\u00f3n sobre el comedor escolar Los comedores escolares son un servicio complementario que resulta de gran utilidad a padres y madres para ayudarles a&nbsp;conciliar la vida laboral y familiar. Tienen una duraci\u00f3n de hasta&#46;&#46;&#46;<\/p>\n","protected":false},"author":1,"featured_media":0,"parent":0,"menu_order":0,"comment_status":"open","ping_status":"open","template":"page-templates\/child-menu.php","meta":{"ngg_post_thumbnail":0,"footnotes":"","_mc_calendar":[]},"aioseo_notices":[],"_links":{"self":[{"href":"https:\/\/blogsaverroes.juntadeandalucia.es\/ceipantoniomachadocda\/wp-json\/wp\/v2\/pages\/99"}],"collection":[{"href":"https:\/\/blogsaverroes.juntadeandalucia.es\/ceipantoniomachadocda\/wp-json\/wp\/v2\/pages"}],"about":[{"href":"https:\/\/blogsaverroes.juntadeandalucia.es\/ceipantoniomachadocda\/wp-json\/wp\/v2\/types\/page"}],"author":[{"embeddable":true,"href":"https:\/\/blogsaverroes.juntadeandalucia.es\/ceipantoniomachadocda\/wp-json\/wp\/v2\/users\/1"}],"replies":[{"embeddable":true,"href":"https:\/\/blogsaverroes.juntadeandalucia.es\/ceipantoniomachadocda\/wp-json\/wp\/v2\/comments?post=99"}],"version-history":[{"count":15,"href":"https:\/\/blogsaverroes.juntadeandalucia.es\/ceipantoniomachadocda\/wp-json\/wp\/v2\/pages\/99\/revisions"}],"predecessor-version":[{"id":2471,"href":"https:\/\/blogsaverroes.juntadeandalucia.es\/ceipantoniomachadocda\/wp-json\/wp\/v2\/pages\/99\/revisions\/2471"}],"wp:attachment":[{"href":"https:\/\/blogsaverroes.juntadeandalucia.es\/ceipantoniomachadocda\/wp-json\/wp\/v2\/media?parent=99"}],"curies":[{"name":"wp","href":"https:\/\/api.w.org\/{rel}","templated":true}]}}