{"id":35,"date":"2015-03-13T08:21:43","date_gmt":"2015-03-13T08:21:43","guid":{"rendered":"http:\/\/blogsaverroes.juntadeandalucia.es\/pre\/ceip\/?page_id=35"},"modified":"2022-04-08T15:26:35","modified_gmt":"2022-04-08T15:26:35","slug":"el-centro-2","status":"publish","type":"page","link":"https:\/\/blogsaverroes.juntadeandalucia.es\/ceipantonioprieto\/es-es\/el-centro-2\/","title":{"rendered":"Datos del centro"},"content":{"rendered":"<p>&nbsp;<br \/>\n<iframe loading=\"lazy\" src=\"https:\/\/www.google.com\/maps\/embed?pb=!1m18!1m12!1m3!1d3153.493952904342!2d-3.8027604844765315!3d37.77846227975878!2m3!1f0!2f0!3f0!3m2!1i1024!2i768!4f13.1!3m3!1m2!1s0xd6dd717441ceedf%3A0x380c234551355c74!2sCEIP+ANTONIO+PRIETO!5e0!3m2!1ses!2ses!4v1527610799110\" width=\"600\" height=\"450\" frameborder=\"0\"><\/iframe><\/p>\n<h4><strong>Datos de contacto<\/strong><\/h4>\n<p>CEIP ANTONIO PRIETO<\/p>\n<p><strong>Direcci\u00f3n:<\/strong>&nbsp;Calle Coru\u00f1a, 5, 23006 Ja\u00e9n<\/p>\n<p><strong>Tel\u00e9fonos: 953 366 987 \/ 697 950 259<\/strong><br \/>\n<strong>Email:<\/strong> 23009432.edu@juntadeandalucia.es<\/p>\n<h4><strong>Horarios<\/strong><\/h4>\n<p>Horario de apertura del centro:<\/p>\n<p>Aula matinal, de 7:30 a 9:00.<\/p>\n<p>Actividades lectivas, de 9:00 a 14:00<\/p>\n<p>Comedor, de 14:00 a 16:00&nbsp;<\/p>\n<p>Plan de Acompa\u00f1amiento y actividades extraescolares, de 16:00 a 18:00 de Lunes a Jueves&nbsp;<\/p>\n<h4><strong>Oferta educativa<\/strong><\/h4>\n<p><b>Segundo ciclo de Educaci\u00f3n Infantil<br \/>\n<\/b><b>Educaci\u00f3n Primaria<br \/>\n<\/b><b>Educaci\u00f3n B\u00e1sica Especial<\/b><\/p>\n<p style=\"padding-left: 30px\"><img decoding=\"async\" src=\"http:\/\/www.juntadeandalucia.es\/educacion\/vscripts\/centros\/datoscuract\/archivos\/bullet03.gif\" alt=\"\">&nbsp;Audici\u00f3n y lenguaje apoyo a la integraci\u00f3n<br \/>\n<img decoding=\"async\" src=\"http:\/\/www.juntadeandalucia.es\/educacion\/vscripts\/centros\/datoscuract\/archivos\/bullet03.gif\" alt=\"\">&nbsp;Educaci\u00f3n especial apoyo a la integraci\u00f3n<\/p>\n<p><b>Centro biling\u00fce Espa\u00f1ol-Ingl\u00e9s<\/b><\/p>\n<h4><strong>Servicios Complementarios<\/strong><\/h4>\n<p>Plan de Apertura. Aula matinal<br \/>\nPlan de Apertura. Actividades extraescolares. (SUSPENDIDAS TEMPORALMENTE POR PROTOCOLO COVID)<br \/>\nPlan de Apertura. Comedor<\/p>\n<p>&nbsp;<\/p>\nngg_shortcode_0_placeholder\n","protected":false},"excerpt":{"rendered":"<p>&nbsp; Datos de contacto CEIP ANTONIO PRIETO Direcci\u00f3n:&nbsp;Calle Coru\u00f1a, 5, 23006 Ja\u00e9n Tel\u00e9fonos: 953 366 987 \/ 697 950 259 Email: 23009432.edu@juntadeandalucia.es Horarios Horario de apertura del centro: Aula matinal, de 7:30 a 9:00.&#46;&#46;&#46;<\/p>\n","protected":false},"author":1,"featured_media":0,"parent":0,"menu_order":0,"comment_status":"closed","ping_status":"open","template":"","meta":{"ngg_post_thumbnail":0,"footnotes":"","_mc_calendar":[]},"aioseo_notices":[],"_links":{"self":[{"href":"https:\/\/blogsaverroes.juntadeandalucia.es\/ceipantonioprieto\/wp-json\/wp\/v2\/pages\/35"}],"collection":[{"href":"https:\/\/blogsaverroes.juntadeandalucia.es\/ceipantonioprieto\/wp-json\/wp\/v2\/pages"}],"about":[{"href":"https:\/\/blogsaverroes.juntadeandalucia.es\/ceipantonioprieto\/wp-json\/wp\/v2\/types\/page"}],"author":[{"embeddable":true,"href":"https:\/\/blogsaverroes.juntadeandalucia.es\/ceipantonioprieto\/wp-json\/wp\/v2\/users\/1"}],"replies":[{"embeddable":true,"href":"https:\/\/blogsaverroes.juntadeandalucia.es\/ceipantonioprieto\/wp-json\/wp\/v2\/comments?post=35"}],"version-history":[{"count":16,"href":"https:\/\/blogsaverroes.juntadeandalucia.es\/ceipantonioprieto\/wp-json\/wp\/v2\/pages\/35\/revisions"}],"predecessor-version":[{"id":2391,"href":"https:\/\/blogsaverroes.juntadeandalucia.es\/ceipantonioprieto\/wp-json\/wp\/v2\/pages\/35\/revisions\/2391"}],"wp:attachment":[{"href":"https:\/\/blogsaverroes.juntadeandalucia.es\/ceipantonioprieto\/wp-json\/wp\/v2\/media?parent=35"}],"curies":[{"name":"wp","href":"https:\/\/api.w.org\/{rel}","templated":true}]}}