{"id":44,"date":"2015-03-13T08:42:15","date_gmt":"2015-03-13T08:42:15","guid":{"rendered":"http:\/\/blogsaverroes.juntadeandalucia.es\/pre\/ceip\/?page_id=44"},"modified":"2025-03-10T11:01:37","modified_gmt":"2025-03-10T11:01:37","slug":"planes-y-proyectos","status":"publish","type":"page","link":"https:\/\/blogsaverroes.juntadeandalucia.es\/ceipantonioprieto\/es-es\/planes-y-proyectos\/","title":{"rendered":"Planes y Programas"},"content":{"rendered":"<p><img loading=\"lazy\" decoding=\"async\" class=\"alignnone size-medium wp-image-1667\" src=\"http:\/\/blogsaverroes.juntadeandalucia.es\/temapinboard\/files\/2015\/03\/planes-300x150.png\" alt=\"planes\" width=\"300\" height=\"150\" srcset=\"https:\/\/blogsaverroes.juntadeandalucia.es\/ceipantonioprieto\/files\/2015\/03\/planes-300x150.png 300w, https:\/\/blogsaverroes.juntadeandalucia.es\/ceipantonioprieto\/files\/2015\/03\/planes-332x166.png 332w, https:\/\/blogsaverroes.juntadeandalucia.es\/ceipantonioprieto\/files\/2015\/03\/planes.png 640w\" sizes=\"(max-width: 300px) 100vw, 300px\" \/><\/p>\n<p>&nbsp;<\/p>\n<p style=\"text-align: left\">En nuestro Colegio se est\u00e1n desarrollando, entre otros, los siguientes Planes y Programas.<\/p>\n<ul>\n<li><strong>Plan de igualdad.<\/strong><\/li>\n<li><strong>Plan de apertura.<\/strong><\/li>\n<li><strong>Proyecto bil\u00edng\u00fce.<\/strong><\/li>\n<li><strong>Programa deporte en la escuela.<\/strong><\/li>\n<li><strong>Escuela espacio de paz.<\/strong><\/li>\n<\/ul>\n<table class=\" alignright\" style=\"height: 25px;width: 84.0897%;border-collapse: collapse\">\n<tbody>\n<tr style=\"height: 25px\">\n<td style=\"width: 152.371%;border-style: solid;border-color: #000000;height: 25px\" colspan=\"2\">\n<h2><span style=\"color: #0000ff\"><a style=\"color: #0000ff\" href=\"https:\/\/blogsaverroes.juntadeandalucia.es\/ceipantonioprieto\/informacion-auxiliares-de-conversacion-proyecto-bilingue\/\"><strong>INFORMACI\u00d3N PROYECTO BIL\u00cdNG\u00dcE AUXILIARES DE CONVERSACI\u00d3N<\/strong><\/a><\/span><\/h2>\n<\/td>\n<\/tr>\n<\/tbody>\n<\/table>\n<p>&nbsp;<\/p>\n<p>&nbsp;<\/p>\n","protected":false},"excerpt":{"rendered":"<p>&nbsp; En nuestro Colegio se est\u00e1n desarrollando, entre otros, los siguientes Planes y Programas. Plan de igualdad. Plan de apertura. Proyecto bil\u00edng\u00fce. Programa deporte en la escuela. Escuela espacio de paz. INFORMACI\u00d3N PROYECTO BIL\u00cdNG\u00dcE&#46;&#46;&#46;<\/p>\n","protected":false},"author":1,"featured_media":0,"parent":0,"menu_order":0,"comment_status":"closed","ping_status":"closed","template":"template-full-width.php","meta":{"ngg_post_thumbnail":0,"footnotes":"","_mc_calendar":[]},"aioseo_notices":[],"_links":{"self":[{"href":"https:\/\/blogsaverroes.juntadeandalucia.es\/ceipantonioprieto\/wp-json\/wp\/v2\/pages\/44"}],"collection":[{"href":"https:\/\/blogsaverroes.juntadeandalucia.es\/ceipantonioprieto\/wp-json\/wp\/v2\/pages"}],"about":[{"href":"https:\/\/blogsaverroes.juntadeandalucia.es\/ceipantonioprieto\/wp-json\/wp\/v2\/types\/page"}],"author":[{"embeddable":true,"href":"https:\/\/blogsaverroes.juntadeandalucia.es\/ceipantonioprieto\/wp-json\/wp\/v2\/users\/1"}],"replies":[{"embeddable":true,"href":"https:\/\/blogsaverroes.juntadeandalucia.es\/ceipantonioprieto\/wp-json\/wp\/v2\/comments?post=44"}],"version-history":[{"count":13,"href":"https:\/\/blogsaverroes.juntadeandalucia.es\/ceipantonioprieto\/wp-json\/wp\/v2\/pages\/44\/revisions"}],"predecessor-version":[{"id":2443,"href":"https:\/\/blogsaverroes.juntadeandalucia.es\/ceipantonioprieto\/wp-json\/wp\/v2\/pages\/44\/revisions\/2443"}],"wp:attachment":[{"href":"https:\/\/blogsaverroes.juntadeandalucia.es\/ceipantonioprieto\/wp-json\/wp\/v2\/media?parent=44"}],"curies":[{"name":"wp","href":"https:\/\/api.w.org\/{rel}","templated":true}]}}