{"id":330,"date":"2020-02-11T13:07:32","date_gmt":"2020-02-11T12:07:32","guid":{"rendered":"http:\/\/blogsaverroes.juntadeandalucia.es\/pre\/nuevoceipv2\/?page_id=330"},"modified":"2020-02-11T13:07:32","modified_gmt":"2020-02-11T12:07:32","slug":"novedades","status":"publish","type":"page","link":"https:\/\/blogsaverroes.juntadeandalucia.es\/ceipantoniovalderrama\/novedades\/","title":{"rendered":"Novedades"},"content":{"rendered":"<p>[et_pb_section bb_built=&#8221;1&#8243;][et_pb_row][et_pb_column type=&#8221;2_3&#8243;][et_pb_text]<\/p>\n<div class=\"pt-cv-wrapper et_smooth_scroll_disabled\"><div class=\"pt-cv-view pt-cv-grid pt-cv-colsys\" id=\"pt-cv-view-6a2900dq7z\"><div data-id=\"pt-cv-page-1\" class=\"pt-cv-page\" data-cvc=\"3\"><div class=\"col-md-4 col-sm-6 col-xs-12 pt-cv-content-item pt-cv-1-col\" ><div class='pt-cv-ifield'><a href=\"https:\/\/blogsaverroes.juntadeandalucia.es\/ceipantoniovalderrama\/escolarizacion-21-22-inf-3-anos-y-nueva-escolarizacion\/\" class=\"_self pt-cv-href-thumbnail pt-cv-thumb-default\" target=\"_self\" ><img loading=\"lazy\" decoding=\"async\" width=\"400\" height=\"250\" src=\"https:\/\/blogsaverroes.juntadeandalucia.es\/ceipantoniovalderrama\/files\/2022\/02\/escolarzacion21-22-400x250.jpg\" class=\"pt-cv-thumbnail\" alt=\"\" \/><\/a>\n<h4 class=\"pt-cv-title\"><a href=\"https:\/\/blogsaverroes.juntadeandalucia.es\/ceipantoniovalderrama\/escolarizacion-21-22-inf-3-anos-y-nueva-escolarizacion\/\" class=\"_self\" target=\"_self\" >ESCOLARIZACI\u00d3N 2023-24 (INFANTIL 3 A\u00d1OS Y NUEVA ESCOLARIZACI\u00d3N)<\/a><\/h4>\n<div class=\"pt-cv-content\"><ul> <li><strong><a style=\"color: #ff0000\" href=\"https:\/\/www.juntadeandalucia.es\/educacion\/secretariavirtual\/\">Acceso a secretar\u00eda <\/a><\/strong><strong><a style=\"color: #ff0000\" href=\"https:\/\/www.juntadeandalucia.es\/educacion\/secretariavirtual\/\">virtual<\/a><\/strong><\/li> <li><strong><a href=\"https:\/\/www.juntadeandalucia.es\/educacion\/portals\/web\/escolarizacion\">Escolarizaci\u00f3n y matr\u00edcula<\/a><\/strong><\/li> <li><strong><a style=\"color: #99cc00\" href=\"https:\/\/www.youtube.com\/watch?v=0jzsoje-GyQ\">Video presentaci\u00f3n telem\u00e1tica de la admisi\u00f3n<\/a><\/strong><\/li> <li><strong><a href=\"https:\/\/www.youtube.com\/watch?v=wdvFrhWKHzQ\">Video ...<br \/><div class=\"pt-cv-rmwrap\"><a href=\"https:\/\/blogsaverroes.juntadeandalucia.es\/ceipantoniovalderrama\/escolarizacion-21-22-inf-3-anos-y-nueva-escolarizacion\/\" class=\"_self pt-cv-readmore btn btn-success\" target=\"_self\">Leer M\u00e1s<\/a><\/div><\/a><\/strong><\/li><\/ul><\/div><\/div><\/div>\n<div class=\"col-md-4 col-sm-6 col-xs-12 pt-cv-content-item pt-cv-1-col\" ><div class='pt-cv-ifield'><a href=\"https:\/\/blogsaverroes.juntadeandalucia.es\/ceipantoniovalderrama\/matriculacion-y-solicitud-serv-complementarios-comedor-y-aula-matinal\/\" class=\"_self pt-cv-href-thumbnail pt-cv-thumb-default\" target=\"_self\" ><\/a>\n<h4 class=\"pt-cv-title\"><a href=\"https:\/\/blogsaverroes.juntadeandalucia.es\/ceipantoniovalderrama\/matriculacion-y-solicitud-serv-complementarios-comedor-y-aula-matinal\/\" class=\"_self\" target=\"_self\" >MATRICULACI\u00d3N y SOLICITUD SERV. COMPLEMENTARIOS: COMEDOR Y AULA MATINAL<\/a><\/h4>\n<div class=\"pt-cv-content\"><strong>SOLICITUDES DE MATRICULACI\u00d3N<\/strong> <strong> al curso 2022\/2023 telematicamente \u2013incluye la solicitud de servicios complementarios: aula ...<br \/><div class=\"pt-cv-rmwrap\"><a href=\"https:\/\/blogsaverroes.juntadeandalucia.es\/ceipantoniovalderrama\/matriculacion-y-solicitud-serv-complementarios-comedor-y-aula-matinal\/\" class=\"_self pt-cv-readmore btn btn-success\" target=\"_self\">Leer M\u00e1s<\/a><\/div><\/strong><\/div><\/div><\/div>\n<div class=\"col-md-4 col-sm-6 col-xs-12 pt-cv-content-item pt-cv-1-col\" ><div class='pt-cv-ifield'><a href=\"https:\/\/blogsaverroes.juntadeandalucia.es\/ceipantoniovalderrama\/documentacion-cesion-espacios-a-entidades-2022-2023\/\" class=\"_self pt-cv-href-thumbnail pt-cv-thumb-default\" target=\"_self\" ><\/a>\n<h4 class=\"pt-cv-title\"><a href=\"https:\/\/blogsaverroes.juntadeandalucia.es\/ceipantoniovalderrama\/documentacion-cesion-espacios-a-entidades-2022-2023\/\" class=\"_self\" target=\"_self\" >documentaci\u00f3n cesi\u00f3n espacios a entidades 2022-2023<\/a><\/h4>\n<div class=\"pt-cv-content\"><a href=\"https:\/\/blogsaverroes.juntadeandalucia.es\/ceipantoniovalderrama\/cesionespacios\/\">CESI\u00d3N INSTALACIONES A ORGANIZACIONES-SERV. COMPLEMENTARIOS<\/a> ...<br \/><div class=\"pt-cv-rmwrap\"><a href=\"https:\/\/blogsaverroes.juntadeandalucia.es\/ceipantoniovalderrama\/documentacion-cesion-espacios-a-entidades-2022-2023\/\" class=\"_self pt-cv-readmore btn btn-success\" target=\"_self\">Leer M\u00e1s<\/a><\/div><\/div><\/div><\/div>\n<div class=\"col-md-4 col-sm-6 col-xs-12 pt-cv-content-item pt-cv-1-col\" ><div class='pt-cv-ifield'><a href=\"https:\/\/blogsaverroes.juntadeandalucia.es\/ceipantoniovalderrama\/becas-2022-2023-nuevo-plazo-desde-30-marzo-al-12-mayo\/\" class=\"_self pt-cv-href-thumbnail pt-cv-thumb-default\" target=\"_self\" ><img loading=\"lazy\" decoding=\"async\" width=\"400\" height=\"250\" src=\"https:\/\/blogsaverroes.juntadeandalucia.es\/ceipantoniovalderrama\/files\/2022\/03\/IMG-20220330-WA0001-400x250.jpg\" class=\"pt-cv-thumbnail\" alt=\"becas NEE...Nuevo plazo\" \/><\/a>\n<h4 class=\"pt-cv-title\"><a href=\"https:\/\/blogsaverroes.juntadeandalucia.es\/ceipantoniovalderrama\/becas-2022-2023-nuevo-plazo-desde-30-marzo-al-12-mayo\/\" class=\"_self\" target=\"_self\" >BECAS 2022\/2023: NUEVO PLAZO&#8230;desde 30 marzo al 12 mayo<\/a><\/h4>\n<div class=\"pt-cv-content\">NUEVO PLAZO Plazo para pedir la beca para alumnos con necesidades especiales curso 2022\/23 Desde ...<br \/><div class=\"pt-cv-rmwrap\"><a href=\"https:\/\/blogsaverroes.juntadeandalucia.es\/ceipantoniovalderrama\/becas-2022-2023-nuevo-plazo-desde-30-marzo-al-12-mayo\/\" class=\"_self pt-cv-readmore btn btn-success\" target=\"_self\">Leer M\u00e1s<\/a><\/div><\/div><\/div><\/div>\n<div class=\"col-md-4 col-sm-6 col-xs-12 pt-cv-content-item pt-cv-1-col\" ><div class='pt-cv-ifield'><a href=\"https:\/\/blogsaverroes.juntadeandalucia.es\/ceipantoniovalderrama\/1-abril-dia-mundial-concienciacion-sobre-el-autismo\/\" class=\"_self pt-cv-href-thumbnail pt-cv-thumb-default\" target=\"_self\" ><\/a>\n<h4 class=\"pt-cv-title\"><a href=\"https:\/\/blogsaverroes.juntadeandalucia.es\/ceipantoniovalderrama\/1-abril-dia-mundial-concienciacion-sobre-el-autismo\/\" class=\"_self\" target=\"_self\" >2 abril: d\u00eda mundial concienciaci\u00f3n sobre el autismo&#8230;(el viernes 1 abril tod@s vestidos de azul) Gracias<\/a><\/h4>\n<div class=\"pt-cv-content\"> ...<br \/><div class=\"pt-cv-rmwrap\"><a href=\"https:\/\/blogsaverroes.juntadeandalucia.es\/ceipantoniovalderrama\/1-abril-dia-mundial-concienciacion-sobre-el-autismo\/\" class=\"_self pt-cv-readmore btn btn-success\" target=\"_self\">Leer M\u00e1s<\/a><\/div><\/div><\/div><\/div>\n<div class=\"col-md-4 col-sm-6 col-xs-12 pt-cv-content-item pt-cv-1-col\" ><div class='pt-cv-ifield'><a href=\"https:\/\/blogsaverroes.juntadeandalucia.es\/ceipantoniovalderrama\/bienvenida\/\" class=\"_self pt-cv-href-thumbnail pt-cv-thumb-default\" target=\"_self\" ><img loading=\"lazy\" decoding=\"async\" width=\"400\" height=\"250\" src=\"https:\/\/blogsaverroes.juntadeandalucia.es\/ceipantoniovalderrama\/files\/2021\/03\/Screenshot_2020-04-20-21-03-53-400x250.png\" class=\"pt-cv-thumbnail\" alt=\"\" \/><\/a>\n<h4 class=\"pt-cv-title\"><a href=\"https:\/\/blogsaverroes.juntadeandalucia.es\/ceipantoniovalderrama\/bienvenida\/\" class=\"_self\" target=\"_self\" >Bienvenid@s<\/a><\/h4>\n<div class=\"pt-cv-content\"><em>\u00c9rase una vez un lugar m\u00e1gico y especial <\/em> <em>donde tus sue\u00f1os se har\u00e1n realidad<\/em> ...<br \/><div class=\"pt-cv-rmwrap\"><a href=\"https:\/\/blogsaverroes.juntadeandalucia.es\/ceipantoniovalderrama\/bienvenida\/\" class=\"_self pt-cv-readmore btn btn-success\" target=\"_self\">Leer M\u00e1s<\/a><\/div><\/div><\/div><\/div><\/div><\/div>\n<div class=\" pt-cv-pagination-wrapper\"><ul class=\"pt-cv-pagination pt-cv-ajax pagination\" data-totalpages=\"2\" data-currentpage=\"1\" data-sid=\"6a2900dq7z\" data-unid=\"\" data-isblock=\"\" data-postid=\"\"><li class=\"active\"><a href=\"#\">1<\/a><\/li>\n\t<li ><a class=\"\" href=\"https:\/\/blogsaverroes.juntadeandalucia.es\/ceipantoniovalderrama\/wp-json\/wp\/v2\/pages\/330\/?_page=2\">2<\/a><\/li>\n\t<li ><a class=\" \" href=\"https:\/\/blogsaverroes.juntadeandalucia.es\/ceipantoniovalderrama\/wp-json\/wp\/v2\/pages\/330\/?_page=2\">&rsaquo;<\/a><\/li>\n\t<\/ul><img loading=\"lazy\" decoding=\"async\" width=\"15\" height=\"15\" class=\"pt-cv-spinner\" alt=\"Cargando...\" src=\"data:image\/gif;base64,R0lGODlhDwAPALMPAMrKygwMDJOTkz09PZWVla+vr3p6euTk5M7OzuXl5TMzMwAAAJmZmWZmZszMzP\/\/\/yH\/C05FVFNDQVBFMi4wAwEAAAAh+QQFCgAPACwAAAAADwAPAAAEQvDJaZaZOIcV8iQK8VRX4iTYoAwZ4iCYoAjZ4RxejhVNoT+mRGP4cyF4Pp0N98sBGIBMEMOotl6YZ3S61Bmbkm4mAgAh+QQFCgAPACwAAAAADQANAAAENPDJSRSZeA418itN8QiK8BiLITVsFiyBBIoYqnoewAD4xPw9iY4XLGYSjkQR4UAUD45DLwIAIfkEBQoADwAsAAAAAA8ACQAABC\/wyVlamTi3nSdgwFNdhEJgTJoNyoB9ISYoQmdjiZPcj7EYCAeCF1gEDo4Dz2eIAAAh+QQFCgAPACwCAAAADQANAAAEM\/DJBxiYeLKdX3IJZT1FU0iIg2RNKx3OkZVnZ98ToRD4MyiDnkAh6BkNC0MvsAj0kMpHBAAh+QQFCgAPACwGAAAACQAPAAAEMDC59KpFDll73HkAA2wVY5KgiK5b0RRoI6MuzG6EQqCDMlSGheEhUAgqgUUAFRySIgAh+QQFCgAPACwCAAIADQANAAAEM\/DJKZNLND\/kkKaHc3xk+QAMYDKsiaqmZCxGVjSFFCxB1vwy2oOgIDxuucxAMTAJFAJNBAAh+QQFCgAPACwAAAYADwAJAAAEMNAs86q1yaWwwv2Ig0jUZx3OYa4XoRAfwADXoAwfo1+CIjyFRuEho60aSNYlOPxEAAAh+QQFCgAPACwAAAIADQANAAAENPA9s4y8+IUVcqaWJ4qEQozSoAzoIyhCK2NFU2SJk0hNnyEOhKR2AzAAj4Pj4GE4W0bkJQIAOw==\" \/><div class=\"clear pt-cv-clear-pagination\"><\/div><\/div><\/div>\n<p>[\/et_pb_text][\/et_pb_column][et_pb_column type=&#8221;1_3&#8243;][et_pb_sidebar _builder_version=&#8221;3.23.3&#8243; area=&#8221;sidebar-1&#8243; text_shadow_horizontal_length=&#8221;text_shadow_style,%91object Object%93&#8243; text_shadow_horizontal_length_tablet=&#8221;0px&#8221; text_shadow_vertical_length=&#8221;text_shadow_style,%91object Object%93&#8243; text_shadow_vertical_length_tablet=&#8221;0px&#8221; text_shadow_blur_strength=&#8221;text_shadow_style,%91object Object%93&#8243; text_shadow_blur_strength_tablet=&#8221;1px&#8221; header_text_shadow_horizontal_length=&#8221;header_text_shadow_style,%91object Object%93&#8243; header_text_shadow_horizontal_length_tablet=&#8221;0px&#8221; header_text_shadow_vertical_length=&#8221;header_text_shadow_style,%91object Object%93&#8243; header_text_shadow_vertical_length_tablet=&#8221;0px&#8221; header_text_shadow_blur_strength=&#8221;header_text_shadow_style,%91object Object%93&#8243; header_text_shadow_blur_strength_tablet=&#8221;1px&#8221; body_text_shadow_horizontal_length=&#8221;body_text_shadow_style,%91object Object%93&#8243; body_text_shadow_horizontal_length_tablet=&#8221;0px&#8221; body_text_shadow_vertical_length=&#8221;body_text_shadow_style,%91object Object%93&#8243; body_text_shadow_vertical_length_tablet=&#8221;0px&#8221; body_text_shadow_blur_strength=&#8221;body_text_shadow_style,%91object Object%93&#8243; body_text_shadow_blur_strength_tablet=&#8221;1px&#8221; box_shadow_horizontal_tablet=&#8221;0px&#8221; box_shadow_vertical_tablet=&#8221;0px&#8221; box_shadow_blur_tablet=&#8221;40px&#8221; box_shadow_spread_tablet=&#8221;0px&#8221; z_index_tablet=&#8221;500&#8243; \/][\/et_pb_column][\/et_pb_row][\/et_pb_section]<\/p>\n","protected":false},"excerpt":{"rendered":"<p><div class=\"et_pb_row et_pb_row_0 et_pb_row_empty\">\n\t\t\t\t\n\t\t\t\t\n\t\t\t\t\n\t\t\t\t\n\t\t\t\t\n\t\t\t<\/div><div class=\"et_pb_module et_pb_text et_pb_text_0  et_pb_text_align_left et_pb_bg_layout_light\">\n\t\t\t\t\n\t\t\t\t\n\t\t\t\t\n\t\t\t\t\n\t\t\t\t\n\t\t\t<\/div> <div class=\"pt-cv-wrapper et_smooth_scroll_disabled\"><div class=\"pt-cv-view pt-cv-grid pt-cv-colsys\" id=\"pt-cv-view-6a2900dq7z\"><div data-id=\"pt-cv-page-1\" class=\"pt-cv-page\" data-cvc=\"3\"><div class=\"col-md-4 col-sm-6 col-xs-12 pt-cv-content-item pt-cv-1-col\" ><div class='pt-cv-ifield'><a href=\"https:\/\/blogsaverroes.juntadeandalucia.es\/ceipantoniovalderrama\/escolarizacion-21-22-inf-3-anos-y-nueva-escolarizacion\/\" class=\"_self pt-cv-href-thumbnail pt-cv-thumb-default\" target=\"_self\" ><img width=\"400\" height=\"250\" src=\"https:\/\/blogsaverroes.juntadeandalucia.es\/ceipantoniovalderrama\/files\/2022\/02\/escolarzacion21-22-400x250.jpg\" class=\"pt-cv-thumbnail\" alt=\"\" decoding=\"async\" loading=\"lazy\" \/><\/a>\n<h4 class=\"pt-cv-title\"><a href=\"https:\/\/blogsaverroes.juntadeandalucia.es\/ceipantoniovalderrama\/escolarizacion-21-22-inf-3-anos-y-nueva-escolarizacion\/\" class=\"_self\" target=\"_self\" >ESCOLARIZACI\u00d3N 2023-24 (INFANTIL 3 A\u00d1OS Y NUEVA ESCOLARIZACI\u00d3N)<\/a><\/h4>\n<div class=\"pt-cv-content\"><ul> <li><strong><a style=\"color: #ff0000\" href=\"https:\/\/www.juntadeandalucia.es\/educacion\/secretariavirtual\/\">Acceso a secretar\u00eda <\/a><\/strong><strong><a style=\"color: #ff0000\" href=\"https:\/\/www.juntadeandalucia.es\/educacion\/secretariavirtual\/\">virtual<\/a><\/strong><\/li> <li><strong><a href=\"https:\/\/www.juntadeandalucia.es\/educacion\/portals\/web\/escolarizacion\">Escolarizaci\u00f3n y matr\u00edcula<\/a><\/strong><\/li> <li><strong><a style=\"color: #99cc00\" href=\"https:\/\/www.youtube.com\/watch?v=0jzsoje-GyQ\">Video presentaci\u00f3n telem\u00e1tica de la admisi\u00f3n<\/a><\/strong><\/li> <li><strong><a href=\"https:\/\/www.youtube.com\/watch?v=wdvFrhWKHzQ\">Video ...<br \/><div class=\"pt-cv-rmwrap\"><a href=\"https:\/\/blogsaverroes.juntadeandalucia.es\/ceipantoniovalderrama\/escolarizacion-21-22-inf-3-anos-y-nueva-escolarizacion\/\" class=\"_self pt-cv-readmore btn btn-success\" target=\"_self\">Leer M\u00e1s<\/a><\/div><\/a><\/strong><\/li><\/ul><\/div><\/div><\/div>\n<div class=\"col-md-4 col-sm-6 col-xs-12 pt-cv-content-item pt-cv-1-col\" ><div class='pt-cv-ifield'><a href=\"https:\/\/blogsaverroes.juntadeandalucia.es\/ceipantoniovalderrama\/matriculacion-y-solicitud-serv-complementarios-comedor-y-aula-matinal\/\" class=\"_self pt-cv-href-thumbnail pt-cv-thumb-default\" target=\"_self\" ><\/a>\n<h4 class=\"pt-cv-title\"><a href=\"https:\/\/blogsaverroes.juntadeandalucia.es\/ceipantoniovalderrama\/matriculacion-y-solicitud-serv-complementarios-comedor-y-aula-matinal\/\" class=\"_self\" target=\"_self\" >MATRICULACI\u00d3N y SOLICITUD SERV. COMPLEMENTARIOS: COMEDOR Y AULA MATINAL<\/a><\/h4>\n<div class=\"pt-cv-content\"><strong>SOLICITUDES DE MATRICULACI\u00d3N<\/strong> <strong> al curso 2022\/2023 telematicamente \u2013incluye la solicitud de servicios complementarios: aula ...<br \/><div class=\"pt-cv-rmwrap\"><a href=\"https:\/\/blogsaverroes.juntadeandalucia.es\/ceipantoniovalderrama\/matriculacion-y-solicitud-serv-complementarios-comedor-y-aula-matinal\/\" class=\"_self pt-cv-readmore btn btn-success\" target=\"_self\">Leer M\u00e1s<\/a><\/div><\/strong><\/div><\/div><\/div>\n<div class=\"col-md-4 col-sm-6 col-xs-12 pt-cv-content-item pt-cv-1-col\" ><div class='pt-cv-ifield'><a href=\"https:\/\/blogsaverroes.juntadeandalucia.es\/ceipantoniovalderrama\/documentacion-cesion-espacios-a-entidades-2022-2023\/\" class=\"_self pt-cv-href-thumbnail pt-cv-thumb-default\" target=\"_self\" ><\/a>\n<h4 class=\"pt-cv-title\"><a href=\"https:\/\/blogsaverroes.juntadeandalucia.es\/ceipantoniovalderrama\/documentacion-cesion-espacios-a-entidades-2022-2023\/\" class=\"_self\" target=\"_self\" >documentaci\u00f3n cesi\u00f3n espacios a entidades 2022-2023<\/a><\/h4>\n<div class=\"pt-cv-content\"><a href=\"https:\/\/blogsaverroes.juntadeandalucia.es\/ceipantoniovalderrama\/cesionespacios\/\">CESI\u00d3N INSTALACIONES A ORGANIZACIONES-SERV. COMPLEMENTARIOS<\/a> ...<br \/><div class=\"pt-cv-rmwrap\"><a href=\"https:\/\/blogsaverroes.juntadeandalucia.es\/ceipantoniovalderrama\/documentacion-cesion-espacios-a-entidades-2022-2023\/\" class=\"_self pt-cv-readmore btn btn-success\" target=\"_self\">Leer M\u00e1s<\/a><\/div><\/div><\/div><\/div>\n<div class=\"col-md-4 col-sm-6 col-xs-12 pt-cv-content-item pt-cv-1-col\" ><div class='pt-cv-ifield'><a href=\"https:\/\/blogsaverroes.juntadeandalucia.es\/ceipantoniovalderrama\/becas-2022-2023-nuevo-plazo-desde-30-marzo-al-12-mayo\/\" class=\"_self pt-cv-href-thumbnail pt-cv-thumb-default\" target=\"_self\" ><img width=\"400\" height=\"250\" src=\"https:\/\/blogsaverroes.juntadeandalucia.es\/ceipantoniovalderrama\/files\/2022\/03\/IMG-20220330-WA0001-400x250.jpg\" class=\"pt-cv-thumbnail\" alt=\"becas NEE...Nuevo plazo\" decoding=\"async\" loading=\"lazy\" \/><\/a>\n<h4 class=\"pt-cv-title\"><a href=\"https:\/\/blogsaverroes.juntadeandalucia.es\/ceipantoniovalderrama\/becas-2022-2023-nuevo-plazo-desde-30-marzo-al-12-mayo\/\" class=\"_self\" target=\"_self\" >BECAS 2022\/2023: NUEVO PLAZO&#8230;desde 30 marzo al 12 mayo<\/a><\/h4>\n<div class=\"pt-cv-content\">NUEVO PLAZO Plazo para pedir la beca para alumnos con necesidades especiales curso 2022\/23 Desde ...<br \/><div class=\"pt-cv-rmwrap\"><a href=\"https:\/\/blogsaverroes.juntadeandalucia.es\/ceipantoniovalderrama\/becas-2022-2023-nuevo-plazo-desde-30-marzo-al-12-mayo\/\" class=\"_self pt-cv-readmore btn btn-success\" target=\"_self\">Leer M\u00e1s<\/a><\/div><\/div><\/div><\/div>\n<div class=\"col-md-4 col-sm-6 col-xs-12 pt-cv-content-item pt-cv-1-col\" ><div class='pt-cv-ifield'><a href=\"https:\/\/blogsaverroes.juntadeandalucia.es\/ceipantoniovalderrama\/1-abril-dia-mundial-concienciacion-sobre-el-autismo\/\" class=\"_self pt-cv-href-thumbnail pt-cv-thumb-default\" target=\"_self\" ><\/a>\n<h4 class=\"pt-cv-title\"><a href=\"https:\/\/blogsaverroes.juntadeandalucia.es\/ceipantoniovalderrama\/1-abril-dia-mundial-concienciacion-sobre-el-autismo\/\" class=\"_self\" target=\"_self\" >2 abril: d\u00eda mundial concienciaci\u00f3n sobre el autismo&#8230;(el viernes 1 abril tod@s vestidos de azul) Gracias<\/a><\/h4>\n<div class=\"pt-cv-content\"> ...<br \/><div class=\"pt-cv-rmwrap\"><a href=\"https:\/\/blogsaverroes.juntadeandalucia.es\/ceipantoniovalderrama\/1-abril-dia-mundial-concienciacion-sobre-el-autismo\/\" class=\"_self pt-cv-readmore btn btn-success\" target=\"_self\">Leer M\u00e1s<\/a><\/div><\/div><\/div><\/div>\n<div class=\"col-md-4 col-sm-6 col-xs-12 pt-cv-content-item pt-cv-1-col\" ><div class='pt-cv-ifield'><a href=\"https:\/\/blogsaverroes.juntadeandalucia.es\/ceipantoniovalderrama\/bienvenida\/\" class=\"_self pt-cv-href-thumbnail pt-cv-thumb-default\" target=\"_self\" ><img width=\"400\" height=\"250\" src=\"https:\/\/blogsaverroes.juntadeandalucia.es\/ceipantoniovalderrama\/files\/2021\/03\/Screenshot_2020-04-20-21-03-53-400x250.png\" class=\"pt-cv-thumbnail\" alt=\"\" decoding=\"async\" loading=\"lazy\" \/><\/a>\n<h4 class=\"pt-cv-title\"><a href=\"https:\/\/blogsaverroes.juntadeandalucia.es\/ceipantoniovalderrama\/bienvenida\/\" class=\"_self\" target=\"_self\" >Bienvenid@s<\/a><\/h4>\n<div class=\"pt-cv-content\"><em>\u00c9rase una vez un lugar m\u00e1gico y especial <\/em> <em>donde tus sue\u00f1os se har\u00e1n realidad<\/em> ...<br \/><div class=\"pt-cv-rmwrap\"><a href=\"https:\/\/blogsaverroes.juntadeandalucia.es\/ceipantoniovalderrama\/bienvenida\/\" class=\"_self pt-cv-readmore btn btn-success\" target=\"_self\">Leer M\u00e1s<\/a><\/div><\/div><\/div><\/div><\/div><\/div>\n<div class=\" pt-cv-pagination-wrapper\"><ul class=\"pt-cv-pagination pt-cv-ajax pagination\" data-totalpages=\"2\" data-currentpage=\"1\" data-sid=\"6a2900dq7z\" data-unid=\"\" data-isblock=\"\" data-postid=\"\"><li class=\"active\"><a href=\"#\">1<\/a><\/li>\n\t<li ><a class=\"\" href=\"https:\/\/blogsaverroes.juntadeandalucia.es\/ceipantoniovalderrama\/wp-json\/wp\/v2\/pages\/330\/?_page=2\">2<\/a><\/li>\n\t<li ><a class=\" \" href=\"https:\/\/blogsaverroes.juntadeandalucia.es\/ceipantoniovalderrama\/wp-json\/wp\/v2\/pages\/330\/?_page=2\">&rsaquo;<\/a><\/li>\n\t<\/ul><img loading=\"lazy\" decoding=\"async\" width=\"15\" height=\"15\" class=\"pt-cv-spinner\" alt=\"Cargando...\" src=\"data:image\/gif;base64,R0lGODlhDwAPALMPAMrKygwMDJOTkz09PZWVla+vr3p6euTk5M7OzuXl5TMzMwAAAJmZmWZmZszMzP\/\/\/yH\/C05FVFNDQVBFMi4wAwEAAAAh+QQFCgAPACwAAAAADwAPAAAEQvDJaZaZOIcV8iQK8VRX4iTYoAwZ4iCYoAjZ4RxejhVNoT+mRGP4cyF4Pp0N98sBGIBMEMOotl6YZ3S61Bmbkm4mAgAh+QQFCgAPACwAAAAADQANAAAENPDJSRSZeA418itN8QiK8BiLITVsFiyBBIoYqnoewAD4xPw9iY4XLGYSjkQR4UAUD45DLwIAIfkEBQoADwAsAAAAAA8ACQAABC\/wyVlamTi3nSdgwFNdhEJgTJoNyoB9ISYoQmdjiZPcj7EYCAeCF1gEDo4Dz2eIAAAh+QQFCgAPACwCAAAADQANAAAEM\/DJBxiYeLKdX3IJZT1FU0iIg2RNKx3OkZVnZ98ToRD4MyiDnkAh6BkNC0MvsAj0kMpHBAAh+QQFCgAPACwGAAAACQAPAAAEMDC59KpFDll73HkAA2wVY5KgiK5b0RRoI6MuzG6EQqCDMlSGheEhUAgqgUUAFRySIgAh+QQFCgAPACwCAAIADQANAAAEM\/DJKZNLND\/kkKaHc3xk+QAMYDKsiaqmZCxGVjSFFCxB1vwy2oOgIDxuucxAMTAJFAJNBAAh+QQFCgAPACwAAAYADwAJAAAEMNAs86q1yaWwwv2Ig0jUZx3OYa4XoRAfwADXoAwfo1+CIjyFRuEho60aSNYlOPxEAAAh+QQFCgAPACwAAAIADQANAAAENPA9s4y8+IUVcqaWJ4qEQozSoAzoIyhCK2NFU2SJk0hNnyEOhKR2AzAAj4Pj4GE4W0bkJQIAOw==\" \/><div class=\"clear pt-cv-clear-pagination\"><\/div><\/div><\/div><\/p>\n","protected":false},"author":7051,"featured_media":0,"parent":0,"menu_order":0,"comment_status":"closed","ping_status":"closed","template":"","meta":{"_et_pb_use_builder":"on","_et_pb_old_content":"[pt_view id=\"6a2900dq7z\"]","_et_gb_content_width":"","ngg_post_thumbnail":0,"footnotes":""},"aioseo_notices":[],"_links":{"self":[{"href":"https:\/\/blogsaverroes.juntadeandalucia.es\/ceipantoniovalderrama\/wp-json\/wp\/v2\/pages\/330"}],"collection":[{"href":"https:\/\/blogsaverroes.juntadeandalucia.es\/ceipantoniovalderrama\/wp-json\/wp\/v2\/pages"}],"about":[{"href":"https:\/\/blogsaverroes.juntadeandalucia.es\/ceipantoniovalderrama\/wp-json\/wp\/v2\/types\/page"}],"author":[{"embeddable":true,"href":"https:\/\/blogsaverroes.juntadeandalucia.es\/ceipantoniovalderrama\/wp-json\/wp\/v2\/users\/7051"}],"replies":[{"embeddable":true,"href":"https:\/\/blogsaverroes.juntadeandalucia.es\/ceipantoniovalderrama\/wp-json\/wp\/v2\/comments?post=330"}],"version-history":[{"count":0,"href":"https:\/\/blogsaverroes.juntadeandalucia.es\/ceipantoniovalderrama\/wp-json\/wp\/v2\/pages\/330\/revisions"}],"wp:attachment":[{"href":"https:\/\/blogsaverroes.juntadeandalucia.es\/ceipantoniovalderrama\/wp-json\/wp\/v2\/media?parent=330"}],"curies":[{"name":"wp","href":"https:\/\/api.w.org\/{rel}","templated":true}]}}