{"id":113,"date":"2015-03-16T08:06:00","date_gmt":"2015-03-16T08:06:00","guid":{"rendered":"http:\/\/blogsaverroes.juntadeandalucia.es\/pre\/ceip\/?page_id=113"},"modified":"2024-05-16T12:15:29","modified_gmt":"2024-05-16T12:15:29","slug":"biblioteca","status":"publish","type":"page","link":"https:\/\/blogsaverroes.juntadeandalucia.es\/ceiparchidona\/biblioteca\/","title":{"rendered":"Biblioteca"},"content":{"rendered":"<p style=\"text-align: center;\">Puedes visitar virtualmente nuestra biblioteca escolar.<\/p>\n<p style=\"text-align: left;\">Nuestra biblioteca \u00abColorines\u00bb es un espacio destinado al fomento de la lectura y al apoyo del aprendizaje de nuestro alumnado, desde la misma se realizan distintas actividades que tratan de contribuir al desarrollo de nuestro alumnado en el \u00e1mbito acad\u00e9mico y social<\/p>\n<p style=\"text-align: left;\">Nuestra biblioteca escolar tiene servicio de pr\u00e9stamo y consulta. Est\u00e1 abierta&nbsp;en horario de recreo para el servicio de pr\u00e9stamo.<\/p>\n<p><iframe loading=\"lazy\" title=\"Bibliotecas escolares de Andaluc\u00eda al servicio de la comunidad educativa\" width=\"500\" height=\"281\" src=\"https:\/\/www.youtube.com\/embed\/N_rrGePF_zM?feature=oembed&#038;wmode=opaque\" frameborder=\"0\" allow=\"accelerometer; autoplay; clipboard-write; encrypted-media; gyroscope; picture-in-picture; web-share\" referrerpolicy=\"strict-origin-when-cross-origin\" allowfullscreen><\/iframe><\/p>\n<p>&nbsp;<\/p>\n<p><a title=\"Bibliotecas escolares\" href=\"http:\/\/www.juntadeandalucia.es\/educacion\/webportal\/web\/lecturas-y-bibliotecas-escolares\/bibliotecas-escolares\" target=\"_blank\" rel=\"noopener\">Enlace al portal sobre las Bibliotecas Escolares.<\/a><\/p>\n","protected":false},"excerpt":{"rendered":"<p>Puedes visitar virtualmente nuestra biblioteca escolar. Nuestra biblioteca \u00abColorines\u00bb es un espacio destinado al fomento de la lectura y al apoyo del aprendizaje de nuestro alumnado, desde la misma se realizan distintas actividades que&#46;&#46;&#46;<\/p>\n","protected":false},"author":1,"featured_media":0,"parent":0,"menu_order":0,"comment_status":"open","ping_status":"open","template":"page-templates\/child-menu.php","meta":{"ngg_post_thumbnail":0,"footnotes":"","_mc_calendar":[]},"aioseo_notices":[],"_links":{"self":[{"href":"https:\/\/blogsaverroes.juntadeandalucia.es\/ceiparchidona\/wp-json\/wp\/v2\/pages\/113"}],"collection":[{"href":"https:\/\/blogsaverroes.juntadeandalucia.es\/ceiparchidona\/wp-json\/wp\/v2\/pages"}],"about":[{"href":"https:\/\/blogsaverroes.juntadeandalucia.es\/ceiparchidona\/wp-json\/wp\/v2\/types\/page"}],"author":[{"embeddable":true,"href":"https:\/\/blogsaverroes.juntadeandalucia.es\/ceiparchidona\/wp-json\/wp\/v2\/users\/1"}],"replies":[{"embeddable":true,"href":"https:\/\/blogsaverroes.juntadeandalucia.es\/ceiparchidona\/wp-json\/wp\/v2\/comments?post=113"}],"version-history":[{"count":10,"href":"https:\/\/blogsaverroes.juntadeandalucia.es\/ceiparchidona\/wp-json\/wp\/v2\/pages\/113\/revisions"}],"predecessor-version":[{"id":2963,"href":"https:\/\/blogsaverroes.juntadeandalucia.es\/ceiparchidona\/wp-json\/wp\/v2\/pages\/113\/revisions\/2963"}],"wp:attachment":[{"href":"https:\/\/blogsaverroes.juntadeandalucia.es\/ceiparchidona\/wp-json\/wp\/v2\/media?parent=113"}],"curies":[{"name":"wp","href":"https:\/\/api.w.org\/{rel}","templated":true}]}}