{"id":42,"date":"2015-03-13T08:40:47","date_gmt":"2015-03-13T08:40:47","guid":{"rendered":"http:\/\/blogsaverroes.juntadeandalucia.es\/pre\/ceip\/?page_id=42"},"modified":"2017-02-13T23:49:37","modified_gmt":"2017-02-13T23:49:37","slug":"equipo-directivo","status":"publish","type":"page","link":"https:\/\/blogsaverroes.juntadeandalucia.es\/ceiparchidona\/equipo-directivo\/","title":{"rendered":"Equipo directivo"},"content":{"rendered":"<p>El equipo directivo de nuestro centro est\u00e1 formado en la actualidad por:<\/p>\n<p>&nbsp;<\/p>\n<p><strong>Direcci\u00f3n: Eusebio Ram\u00f3n C\u00f3rdoba Medina<\/strong><\/p>\n<p><strong>Jefatura de estudios: Sonia Muriel Miranda<\/strong><\/p>\n<p><strong>Secretar\u00eda: Juan Manuel Jim\u00e9nez Garc\u00eda<\/strong><\/p>\n","protected":false},"excerpt":{"rendered":"<p>El equipo directivo de nuestro centro est\u00e1 formado en la actualidad por: &nbsp; Direcci\u00f3n: Eusebio Ram\u00f3n C\u00f3rdoba Medina Jefatura de estudios: Sonia Muriel Miranda Secretar\u00eda: Juan Manuel Jim\u00e9nez Garc\u00eda<\/p>\n","protected":false},"author":1,"featured_media":0,"parent":0,"menu_order":0,"comment_status":"open","ping_status":"open","template":"page-templates\/child-menu.php","meta":{"ngg_post_thumbnail":0,"footnotes":"","_mc_calendar":[]},"aioseo_notices":[],"_links":{"self":[{"href":"https:\/\/blogsaverroes.juntadeandalucia.es\/ceiparchidona\/wp-json\/wp\/v2\/pages\/42"}],"collection":[{"href":"https:\/\/blogsaverroes.juntadeandalucia.es\/ceiparchidona\/wp-json\/wp\/v2\/pages"}],"about":[{"href":"https:\/\/blogsaverroes.juntadeandalucia.es\/ceiparchidona\/wp-json\/wp\/v2\/types\/page"}],"author":[{"embeddable":true,"href":"https:\/\/blogsaverroes.juntadeandalucia.es\/ceiparchidona\/wp-json\/wp\/v2\/users\/1"}],"replies":[{"embeddable":true,"href":"https:\/\/blogsaverroes.juntadeandalucia.es\/ceiparchidona\/wp-json\/wp\/v2\/comments?post=42"}],"version-history":[{"count":5,"href":"https:\/\/blogsaverroes.juntadeandalucia.es\/ceiparchidona\/wp-json\/wp\/v2\/pages\/42\/revisions"}],"predecessor-version":[{"id":2084,"href":"https:\/\/blogsaverroes.juntadeandalucia.es\/ceiparchidona\/wp-json\/wp\/v2\/pages\/42\/revisions\/2084"}],"wp:attachment":[{"href":"https:\/\/blogsaverroes.juntadeandalucia.es\/ceiparchidona\/wp-json\/wp\/v2\/media?parent=42"}],"curies":[{"name":"wp","href":"https:\/\/api.w.org\/{rel}","templated":true}]}}