{"id":840,"date":"2020-12-18T08:38:52","date_gmt":"2020-12-18T07:38:52","guid":{"rendered":"https:\/\/blogsaverroes.juntadeandalucia.es\/pre\/plantilla-pencil\/?page_id=840"},"modified":"2026-01-12T09:55:06","modified_gmt":"2026-01-12T08:55:06","slug":"ampa","status":"publish","type":"page","link":"https:\/\/blogsaverroes.juntadeandalucia.es\/ceipardira1\/ampa\/","title":{"rendered":"AMPA"},"content":{"rendered":"<p>[et_pb_section fb_built=&#8221;1&#8243; _builder_version=&#8221;4.16&#8243; custom_padding=&#8221;0px||0px|&#8221; z_index_tablet=&#8221;500&#8243; box_shadow_horizontal_tablet=&#8221;0px&#8221; box_shadow_vertical_tablet=&#8221;0px&#8221; box_shadow_blur_tablet=&#8221;40px&#8221; box_shadow_spread_tablet=&#8221;0px&#8221; global_colors_info=&#8221;{}&#8221;][et_pb_row _builder_version=&#8221;4.16&#8243; background_size=&#8221;initial&#8221; background_position=&#8221;top_left&#8221; background_repeat=&#8221;repeat&#8221; global_colors_info=&#8221;{}&#8221;][et_pb_column type=&#8221;4_4&#8243; _builder_version=&#8221;4.16&#8243; custom_padding=&#8221;|||&#8221; global_colors_info=&#8221;{}&#8221; custom_padding__hover=&#8221;|||&#8221;][et_pb_image src=&#8221;https:\/\/blogsaverroes.juntadeandalucia.es\/ceipardira1\/files\/2025\/04\/1-copia-3.png&#8221; title_text=&#8221;1 copia 3&#8243; admin_label=&#8221;Imagen de la portada&#8221; _builder_version=&#8221;4.24.2&#8243; z_index_tablet=&#8221;500&#8243; box_shadow_horizontal_tablet=&#8221;0px&#8221; box_shadow_vertical_tablet=&#8221;0px&#8221; box_shadow_blur_tablet=&#8221;40px&#8221; box_shadow_spread_tablet=&#8221;0px&#8221; global_colors_info=&#8221;{}&#8221;][\/et_pb_image][et_pb_text admin_label=&#8221;Texto descriptivo&#8221; _builder_version=&#8221;4.24.2&#8243; z_index_tablet=&#8221;500&#8243; text_text_shadow_horizontal_length_tablet=&#8221;0px&#8221; text_text_shadow_vertical_length_tablet=&#8221;0px&#8221; text_text_shadow_blur_strength_tablet=&#8221;1px&#8221; link_text_shadow_horizontal_length_tablet=&#8221;0px&#8221; link_text_shadow_vertical_length_tablet=&#8221;0px&#8221; link_text_shadow_blur_strength_tablet=&#8221;1px&#8221; ul_text_shadow_horizontal_length_tablet=&#8221;0px&#8221; ul_text_shadow_vertical_length_tablet=&#8221;0px&#8221; ul_text_shadow_blur_strength_tablet=&#8221;1px&#8221; ol_text_shadow_horizontal_length_tablet=&#8221;0px&#8221; ol_text_shadow_vertical_length_tablet=&#8221;0px&#8221; ol_text_shadow_blur_strength_tablet=&#8221;1px&#8221; quote_text_shadow_horizontal_length_tablet=&#8221;0px&#8221; quote_text_shadow_vertical_length_tablet=&#8221;0px&#8221; quote_text_shadow_blur_strength_tablet=&#8221;1px&#8221; header_text_shadow_horizontal_length_tablet=&#8221;0px&#8221; header_text_shadow_vertical_length_tablet=&#8221;0px&#8221; header_text_shadow_blur_strength_tablet=&#8221;1px&#8221; header_2_text_shadow_horizontal_length_tablet=&#8221;0px&#8221; header_2_text_shadow_vertical_length_tablet=&#8221;0px&#8221; header_2_text_shadow_blur_strength_tablet=&#8221;1px&#8221; header_3_text_shadow_horizontal_length_tablet=&#8221;0px&#8221; header_3_text_shadow_vertical_length_tablet=&#8221;0px&#8221; header_3_text_shadow_blur_strength_tablet=&#8221;1px&#8221; header_4_text_shadow_horizontal_length_tablet=&#8221;0px&#8221; header_4_text_shadow_vertical_length_tablet=&#8221;0px&#8221; header_4_text_shadow_blur_strength_tablet=&#8221;1px&#8221; header_5_text_shadow_horizontal_length_tablet=&#8221;0px&#8221; header_5_text_shadow_vertical_length_tablet=&#8221;0px&#8221; header_5_text_shadow_blur_strength_tablet=&#8221;1px&#8221; header_6_text_shadow_horizontal_length_tablet=&#8221;0px&#8221; header_6_text_shadow_vertical_length_tablet=&#8221;0px&#8221; header_6_text_shadow_blur_strength_tablet=&#8221;1px&#8221; box_shadow_horizontal_tablet=&#8221;0px&#8221; box_shadow_vertical_tablet=&#8221;0px&#8221; box_shadow_blur_tablet=&#8221;40px&#8221; box_shadow_spread_tablet=&#8221;0px&#8221; global_colors_info=&#8221;{}&#8221;]<\/p>\n<h2>AMPA<\/h2>\n<p><strong>\u00bfQU\u00c9 ES?<\/strong><\/p>\n<p>Es una asociaci\u00f3n voluntaria, sin \u00e1nimo de lucro, de familias con alumnos en el Colegio que comparten inquietudes y est\u00e1n dispuestos a trabajar para que el Colegio de sus hijos sea, curso tras curso, un poco mejor.<\/p>\n<div class=\"offset-top-30 offset-lg-top-60\"><strong>\u00bfQUI\u00c9NES SOMOS?<\/strong><\/div>\n<div>Las Madres, Padres y tutores asociados con hijos en el Colegio Ardira.&nbsp;<\/div>\n<div>&nbsp;<\/div>\n<div>\n<p><strong><strong>\u00bfQU\u00c9 HACEMOS?<\/strong><\/strong><\/p>\n<div class=\"offset-lg-top-60\">\n<p>Entre nuestras principales funciones est\u00e1n las siguientes:<\/p>\n<\/div>\n<div class=\"offset-top-20\">\n<ul class=\"list list-unstyled list-marked\">\n<li>Formamos parte de Consejo Escolar. Donde comunicamos qu\u00e9 se debe mejorar o corregir, as\u00ed como las necesidades e inquietudes de padres y alumnos. El Consejo Escolar es el \u00f3rgano de gobierno de los centros educativos gestionados con fondos p\u00fablicos y que est\u00e1 compuesto por representantes de toda la comunidad educativa (direcci\u00f3n, profesorado, padres, alumnos, etc).<\/li>\n<li>Ayudamos a las familias y alumnos con sus dudas, inquietudes, problemas y necesidades.<\/li>\n<li>Revisamos las instalaciones y actividades que se realizan en el colegio para asegurar que son correctas y adecuadas, adem\u00e1s de decorarlas en cada festividad.<\/li>\n<li>Realizamos reuniones peri\u00f3dicas con las familias para informar de todo lo que ocurre en el colegio, as\u00ed como de nuestras gestiones al frente de esta organizaci\u00f3n.<\/li>\n<li>Informamos de actividades de inter\u00e9s para las familias, como charlas de temas de importancia que puedan ser \u00fatiles para ayudar a mejorar la educaci\u00f3n de nuestros hijos.<\/li>\n<li>Organizamos actividades y excursiones para los alumnos.<\/li>\n<li>Buscamos alianzas con empresas y profesionales que colaboren con nuestra misi\u00f3n. Conseguimos descuentos y ventajas exclusivos en productos y servicios para nuestros miembros.<\/li>\n<\/ul>\n<\/div>\n<div class=\"offset-top-20\">\n<p>Todas estas actividades las realizamos los padres en nuestro tiempo libre, compaginando nuestra vida profesional y personal. Lo hacemos sin \u00e1nimo de lucro y con toda nuestra ilusi\u00f3n porque deseamos de coraz\u00f3n dar el mejor futuro a nuestros hijos. Ellos se lo merecen.<\/p>\n<\/div>\n<\/div>\n<div>\n<div class=\"offset-top-20\">\n<p>Si tienes cualquier duda, inquietud o queja referente al colegio o a tu hijo estamos para ayudarte. Si tienes sugerencias o ideas estamos para escucharte.<\/p>\n<p>Esta asociaci\u00f3n surge con el inter\u00e9s de apoyar la calidad educativa del centro y ser un nexo comunicativo entre las familias y el centro. Es por ello que animamos a las familias a participar, de lo contrario no podr\u00edan llevarse a cabo un gran n\u00famero de proyectos para nuestr@s hij@s.<\/p>\n<\/div>\n<\/div>\n<p>&nbsp;<\/p>\n<p>La cuota para socios de a\u00f1os anteriores o nuevos es de 20 \u20ac por familia sin suscripci\u00f3n. Independientemente del n\u00famero de herman@s en el centro, la cuota es \u00fanica y anual por familia.<\/p>\n<p>&nbsp;<\/p>\n<p style=\"text-align: center\"><span style=\"font-size: 24pt\"><a href=\"https:\/\/docs.google.com\/forms\/d\/e\/1FAIpQLSda1ahbnxwN-uPdNnhmf7vOnLhTNYZNTzNSf--78d5srlhTOg\/viewform?usp=dialog\"><strong>INSCR\u00cdBETE AQU\u00cd<\/strong><\/a><\/span><\/p>\n<p>&nbsp;<\/p>\n<p>&nbsp;<\/p>\n<p>[\/et_pb_text][et_pb_image src=&#8221;https:\/\/blogsaverroes.juntadeandalucia.es\/ceipardira1\/files\/2025\/06\/PHOTO-2025-06-16-13-22-38.jpg&#8221; title_text=&#8221;PHOTO-2025-06-16-13-22-38&#8243; _builder_version=&#8221;4.24.2&#8243; _module_preset=&#8221;default&#8221; global_colors_info=&#8221;{}&#8221;][\/et_pb_image][et_pb_text _builder_version=&#8221;4.24.2&#8243; _module_preset=&#8221;default&#8221; global_colors_info=&#8221;{}&#8221;]<\/p>\n<p data-start=\"123\" data-end=\"325\">Este a\u00f1o nuestro AMPA ha vivido una experiencia inolvidable participando en la Cabalgata de la Ilusi\u00f3n de los Reyes Magos del distrito Carretera de C\u00e1diz,&nbsp; representando a nuestro colegio.&nbsp;<\/p>\n<p data-start=\"327\" data-end=\"544\">Madres, padres, ni\u00f1as y ni\u00f1os desfilaron disfrazados de mantecados, iban chul\u00edsimos y llenos de alegr\u00eda, repartiendo ilusi\u00f3n a grandes y peque\u00f1os. Se lo pasaron genial y llevaron el nombre de nuestro cole con much\u00edsimo orgullo.<\/p>\n<p data-start=\"546\" data-end=\"680\" data-is-last-node=\"\" data-is-only-node=\"\">Porque cuando el AMPA se implica\u2026 \u00a1se nota!<br data-start=\"589\" data-end=\"592\"><strong data-start=\"592\" data-end=\"616\">Este AMPA mola mucho<\/strong> \ud83d\ude09<br data-start=\"619\" data-end=\"622\">Si te animas a participar, <strong data-start=\"649\" data-end=\"679\">ven a preguntar y ap\u00fantate<\/strong>.<\/p>\n<p>[\/et_pb_text][et_pb_image src=&#8221;https:\/\/blogsaverroes.juntadeandalucia.es\/ceipardira1\/files\/2026\/01\/6ce84ba2-498d-4271-9ec9-a38f4a989660.jpg&#8221; _builder_version=&#8221;4.24.2&#8243; _module_preset=&#8221;default&#8221; global_colors_info=&#8221;{}&#8221;][\/et_pb_image][et_pb_image src=&#8221;https:\/\/blogsaverroes.juntadeandalucia.es\/ceipardira1\/files\/2026\/01\/8f9ecc24-0443-41cc-9372-8fd5342ce3ac.jpg&#8221; _builder_version=&#8221;4.24.2&#8243; _module_preset=&#8221;default&#8221; global_colors_info=&#8221;{}&#8221;][\/et_pb_image][et_pb_image src=&#8221;https:\/\/blogsaverroes.juntadeandalucia.es\/ceipardira1\/files\/2026\/01\/2ffd254f-4401-4750-bf98-bb82b35f060d.jpg&#8221; _builder_version=&#8221;4.24.2&#8243; _module_preset=&#8221;default&#8221; global_colors_info=&#8221;{}&#8221;][\/et_pb_image][\/et_pb_column][\/et_pb_row][\/et_pb_section]<\/p>\n","protected":false},"excerpt":{"rendered":"<p>AMPA \u00bfQU\u00c9 ES? Es una asociaci\u00f3n voluntaria, sin \u00e1nimo de lucro, de familias con alumnos en el Colegio que comparten inquietudes y est\u00e1n dispuestos a trabajar para que el Colegio de sus hijos sea, curso tras curso, un poco mejor. \u00bfQUI\u00c9NES SOMOS? Las Madres, Padres y tutores asociados con hijos en el Colegio Ardira.&nbsp; &nbsp; [&hellip;]<\/p>\n","protected":false},"author":7051,"featured_media":0,"parent":0,"menu_order":0,"comment_status":"closed","ping_status":"closed","template":"","meta":{"_et_pb_use_builder":"on","_et_pb_old_content":"","_et_gb_content_width":"","ngg_post_thumbnail":0,"footnotes":""},"aioseo_notices":[],"_links":{"self":[{"href":"https:\/\/blogsaverroes.juntadeandalucia.es\/ceipardira1\/wp-json\/wp\/v2\/pages\/840"}],"collection":[{"href":"https:\/\/blogsaverroes.juntadeandalucia.es\/ceipardira1\/wp-json\/wp\/v2\/pages"}],"about":[{"href":"https:\/\/blogsaverroes.juntadeandalucia.es\/ceipardira1\/wp-json\/wp\/v2\/types\/page"}],"author":[{"embeddable":true,"href":"https:\/\/blogsaverroes.juntadeandalucia.es\/ceipardira1\/wp-json\/wp\/v2\/users\/7051"}],"replies":[{"embeddable":true,"href":"https:\/\/blogsaverroes.juntadeandalucia.es\/ceipardira1\/wp-json\/wp\/v2\/comments?post=840"}],"version-history":[{"count":8,"href":"https:\/\/blogsaverroes.juntadeandalucia.es\/ceipardira1\/wp-json\/wp\/v2\/pages\/840\/revisions"}],"predecessor-version":[{"id":2769,"href":"https:\/\/blogsaverroes.juntadeandalucia.es\/ceipardira1\/wp-json\/wp\/v2\/pages\/840\/revisions\/2769"}],"wp:attachment":[{"href":"https:\/\/blogsaverroes.juntadeandalucia.es\/ceipardira1\/wp-json\/wp\/v2\/media?parent=840"}],"curies":[{"name":"wp","href":"https:\/\/api.w.org\/{rel}","templated":true}]}}