{"id":2293,"date":"2018-04-23T08:45:18","date_gmt":"2018-04-23T08:45:18","guid":{"rendered":"https:\/\/blogsaverroes.juntadeandalucia.es\/ceiparquitectoleoz\/?page_id=2293"},"modified":"2018-11-23T10:35:24","modified_gmt":"2018-11-23T10:35:24","slug":"escuela-tic","status":"publish","type":"page","link":"https:\/\/blogsaverroes.juntadeandalucia.es\/ceiparquitectoleoz\/escuela-tic\/","title":{"rendered":"Escuela TIC"},"content":{"rendered":"<p><a href=\"https:\/\/blogsaverroes.juntadeandalucia.es\/ceiparquitectoleoz\/files\/2018\/04\/EscuelaTIC.jpg\"><img loading=\"lazy\" decoding=\"async\" class=\"size-full wp-image-2281 aligncenter\" src=\"https:\/\/blogsaverroes.juntadeandalucia.es\/ceiparquitectoleoz\/files\/2018\/04\/EscuelaTIC.jpg\" alt=\"\" width=\"216\" height=\"126\" srcset=\"https:\/\/blogsaverroes.juntadeandalucia.es\/ceiparquitectoleoz\/files\/2018\/04\/EscuelaTIC.jpg 216w, https:\/\/blogsaverroes.juntadeandalucia.es\/ceiparquitectoleoz\/files\/2018\/04\/EscuelaTIC-24x14.jpg 24w, https:\/\/blogsaverroes.juntadeandalucia.es\/ceiparquitectoleoz\/files\/2018\/04\/EscuelaTIC-36x21.jpg 36w, https:\/\/blogsaverroes.juntadeandalucia.es\/ceiparquitectoleoz\/files\/2018\/04\/EscuelaTIC-48x28.jpg 48w\" sizes=\"(max-width: 216px) 100vw, 216px\" \/><\/a><\/p>\n<p><span style=\"color: #993300\"><strong>\u00a1\u00a1\u00a1POR FIN TENEMOS &nbsp;&nbsp;AULA DE INFORM\u00c1TICA!!!<\/strong><\/span><\/p>\n<p><span style=\"color: #993300\"><strong>Estimada comunidad educativa:<\/strong><\/span><\/p>\n<p><span style=\"color: #993300\">En el d\u00eda de hoy tenemos &nbsp;en proceso de mejora la dotaci\u00f3n TIC del colegio. Las gestiones dan sus frutos y vamos a mejorar nuestras herramientas de trabajo:<\/span><\/p>\n<p><span style=\"color: #993300\">&#8211; Hemos creado una completa y moderna AULA DE INFORM\u00c1TICA, a disposici\u00f3n del centro.<\/span><\/p>\n<p><span style=\"color: #993300\">&#8211; Se ha dotado a 2 clases del 1\u00ba Ciclo (las dos de 2\u00ba) de pizarras digitales , y pr\u00f3ximamente a un aula de 1\u00ba.<\/span><\/p>\n<p><span style=\"color: #993300\">Seguimos creciendo.<\/span><\/p>\n<p><span style=\"color: #993300\">Les damos las gracias al AMPA por su colaboraci\u00f3n y gesti\u00f3n en beneficio de nuestro alumnado.<\/span><\/p>\n<p><a href=\"https:\/\/blogsaverroes.juntadeandalucia.es\/ceiparquitectoleoz\/files\/2018\/04\/mouse.jpg\"><img loading=\"lazy\" decoding=\"async\" class=\"size-medium wp-image-2738 aligncenter\" src=\"https:\/\/blogsaverroes.juntadeandalucia.es\/ceiparquitectoleoz\/files\/2018\/04\/mouse.jpg\" alt=\"\" width=\"90\" height=\"90\" srcset=\"https:\/\/blogsaverroes.juntadeandalucia.es\/ceiparquitectoleoz\/files\/2018\/04\/mouse.jpg 90w, https:\/\/blogsaverroes.juntadeandalucia.es\/ceiparquitectoleoz\/files\/2018\/04\/mouse-150x150.jpg 150w, https:\/\/blogsaverroes.juntadeandalucia.es\/ceiparquitectoleoz\/files\/2018\/04\/mouse-100x100.jpg 100w, https:\/\/blogsaverroes.juntadeandalucia.es\/ceiparquitectoleoz\/files\/2018\/04\/mouse-160x160.jpg 160w, https:\/\/blogsaverroes.juntadeandalucia.es\/ceiparquitectoleoz\/files\/2018\/04\/mouse-320x320.jpg 320w, https:\/\/blogsaverroes.juntadeandalucia.es\/ceiparquitectoleoz\/files\/2018\/04\/mouse-24x24.jpg 24w, https:\/\/blogsaverroes.juntadeandalucia.es\/ceiparquitectoleoz\/files\/2018\/04\/mouse-36x36.jpg 36w, https:\/\/blogsaverroes.juntadeandalucia.es\/ceiparquitectoleoz\/files\/2018\/04\/mouse-48x48.jpg 48w\" sizes=\"(max-width: 90px) 100vw, 90px\" \/><\/a><\/p>\n<p><span style=\"color: #993300\"><strong>&nbsp;<\/strong><\/span><span style=\"color: #0000ff\">El <strong>Plan Escuela TIC <\/strong>&nbsp;es una estrategia para la mejora de la educaci\u00f3n, que interviene directamente en el proceso de adquisici\u00f3n de las competencias b\u00e1sicas de las escuelas.<\/span><\/p>\n<p><span style=\"color: #0000ff\">La tecnolog\u00eda no debe prevalecer sobre la Educaci\u00f3n sino que tiene que servir para mejorar la calidad de la Ense\u00f1anza. Las nuevas tecnolog\u00edas pasar\u00e1n de ser un apoyo a ser parte fundamental en el proceso de ense\u00f1anza y aprendizaje.<\/span><\/p>\n<p><span style=\"color: #0000ff\">Resulta evidente que las TIC tienen un protagonismo cada vez m\u00e1s importante en nuestra sociedad. La educaci\u00f3n debe ajustarse y dar respuestas a las necesidades de cambio de \u00e9sta. La formaci\u00f3n no puede desligarse del&nbsp;uso de las TIC, que cada vez son m\u00e1s asequibles para el alumnado.<\/span><\/p>\n<p><span style=\"color: #0000ff\">Desde el colegio intentamos que los estudiantes saquen el mayor rendimiento posible a estas nuevas tecnolog\u00edas, nuestros alumnos utilizan ordenadores, pizarras digitales interactivas, etc. Todas ellas, herramientas multimedia con las que investigan y completan sus deberes. Y est\u00e1 comprobado que el&nbsp;uso de las TIC en el aula&nbsp;proporciona, tanto al educador como al alumno\/a, una \u00fatil herramienta tecnol\u00f3gica, posicionando as\u00ed a este \u00faltimo en protagonista y actor de su propio aprendizaje. De tal forma, asistimos a una renovaci\u00f3n did\u00e1ctica en las aulas, donde se pone en pr\u00e1ctica una metodolog\u00eda activa e innovadora que motiva al alumnado en las diferentes \u00e1reas o materias.&nbsp;<\/span><\/p>\n<p><span style=\"color: #0000ff\">Estamos comprometidos en que nuestros alumnos sean <strong>parte de la sociedad de la informaci\u00f3n<\/strong>, para ello, pizarras digitales en todas las aulas, al igual que ordenadores, aulas espec\u00edficas de inform\u00e1tica, l\u00edneas de acceso a Internet permiten a nuestros alumnos <strong>puedan nutrirse de la mayor fuente de informaci\u00f3n que jam\u00e1s ha existido (internet).<\/strong><\/span><\/p>\n<p><a href=\"https:\/\/blogsaverroes.juntadeandalucia.es\/ceiparquitectoleoz\/files\/2018\/04\/alumnos_TIC.jpg\"><img loading=\"lazy\" decoding=\"async\" class=\"wp-image-2737 aligncenter\" src=\"https:\/\/blogsaverroes.juntadeandalucia.es\/ceiparquitectoleoz\/files\/2018\/04\/alumnos_TIC-300x225.jpg\" alt=\"\" width=\"464\" height=\"348\" srcset=\"https:\/\/blogsaverroes.juntadeandalucia.es\/ceiparquitectoleoz\/files\/2018\/04\/alumnos_TIC-300x225.jpg 300w, https:\/\/blogsaverroes.juntadeandalucia.es\/ceiparquitectoleoz\/files\/2018\/04\/alumnos_TIC-1024x768.jpg 1024w, https:\/\/blogsaverroes.juntadeandalucia.es\/ceiparquitectoleoz\/files\/2018\/04\/alumnos_TIC-24x18.jpg 24w, https:\/\/blogsaverroes.juntadeandalucia.es\/ceiparquitectoleoz\/files\/2018\/04\/alumnos_TIC-36x27.jpg 36w, https:\/\/blogsaverroes.juntadeandalucia.es\/ceiparquitectoleoz\/files\/2018\/04\/alumnos_TIC-48x36.jpg 48w, https:\/\/blogsaverroes.juntadeandalucia.es\/ceiparquitectoleoz\/files\/2018\/04\/alumnos_TIC.jpg 1299w\" sizes=\"(max-width: 464px) 100vw, 464px\" \/><\/a>&nbsp;<\/p>\n","protected":false},"excerpt":{"rendered":"<p>\u00a1\u00a1\u00a1POR FIN TENEMOS &nbsp;&nbsp;AULA DE INFORM\u00c1TICA!!! Estimada comunidad educativa: En el d\u00eda de hoy tenemos &nbsp;en proceso de mejora la dotaci\u00f3n TIC del colegio. Las gestiones dan sus frutos y vamos a mejorar nuestras&#46;&#46;&#46;<\/p>\n","protected":false},"author":6131,"featured_media":0,"parent":0,"menu_order":0,"comment_status":"closed","ping_status":"closed","template":"","meta":{"ngg_post_thumbnail":0,"footnotes":"","_mc_calendar":[]},"aioseo_notices":[],"_links":{"self":[{"href":"https:\/\/blogsaverroes.juntadeandalucia.es\/ceiparquitectoleoz\/wp-json\/wp\/v2\/pages\/2293"}],"collection":[{"href":"https:\/\/blogsaverroes.juntadeandalucia.es\/ceiparquitectoleoz\/wp-json\/wp\/v2\/pages"}],"about":[{"href":"https:\/\/blogsaverroes.juntadeandalucia.es\/ceiparquitectoleoz\/wp-json\/wp\/v2\/types\/page"}],"author":[{"embeddable":true,"href":"https:\/\/blogsaverroes.juntadeandalucia.es\/ceiparquitectoleoz\/wp-json\/wp\/v2\/users\/6131"}],"replies":[{"embeddable":true,"href":"https:\/\/blogsaverroes.juntadeandalucia.es\/ceiparquitectoleoz\/wp-json\/wp\/v2\/comments?post=2293"}],"version-history":[{"count":5,"href":"https:\/\/blogsaverroes.juntadeandalucia.es\/ceiparquitectoleoz\/wp-json\/wp\/v2\/pages\/2293\/revisions"}],"predecessor-version":[{"id":2741,"href":"https:\/\/blogsaverroes.juntadeandalucia.es\/ceiparquitectoleoz\/wp-json\/wp\/v2\/pages\/2293\/revisions\/2741"}],"wp:attachment":[{"href":"https:\/\/blogsaverroes.juntadeandalucia.es\/ceiparquitectoleoz\/wp-json\/wp\/v2\/media?parent=2293"}],"curies":[{"name":"wp","href":"https:\/\/api.w.org\/{rel}","templated":true}]}}