{"id":2296,"date":"2018-04-23T08:49:36","date_gmt":"2018-04-23T08:49:36","guid":{"rendered":"https:\/\/blogsaverroes.juntadeandalucia.es\/ceiparquitectoleoz\/?page_id=2296"},"modified":"2018-04-23T08:49:36","modified_gmt":"2018-04-23T08:49:36","slug":"plan-de-accion-tutorial","status":"publish","type":"page","link":"https:\/\/blogsaverroes.juntadeandalucia.es\/ceiparquitectoleoz\/plan-de-accion-tutorial\/","title":{"rendered":"Plan de Acci\u00f3n Tutorial"},"content":{"rendered":"<p><a href=\"https:\/\/blogsaverroes.juntadeandalucia.es\/ceiparquitectoleoz\/files\/2018\/04\/PlanDeAccionTutorial.jpg\"><img loading=\"lazy\" decoding=\"async\" class=\"size-full wp-image-2282 aligncenter\" src=\"https:\/\/blogsaverroes.juntadeandalucia.es\/ceiparquitectoleoz\/files\/2018\/04\/PlanDeAccionTutorial.jpg\" alt=\"\" width=\"263\" height=\"266\" srcset=\"https:\/\/blogsaverroes.juntadeandalucia.es\/ceiparquitectoleoz\/files\/2018\/04\/PlanDeAccionTutorial.jpg 263w, https:\/\/blogsaverroes.juntadeandalucia.es\/ceiparquitectoleoz\/files\/2018\/04\/PlanDeAccionTutorial-100x100.jpg 100w, https:\/\/blogsaverroes.juntadeandalucia.es\/ceiparquitectoleoz\/files\/2018\/04\/PlanDeAccionTutorial-24x24.jpg 24w, https:\/\/blogsaverroes.juntadeandalucia.es\/ceiparquitectoleoz\/files\/2018\/04\/PlanDeAccionTutorial-36x36.jpg 36w, https:\/\/blogsaverroes.juntadeandalucia.es\/ceiparquitectoleoz\/files\/2018\/04\/PlanDeAccionTutorial-48x48.jpg 48w\" sizes=\"(max-width: 263px) 100vw, 263px\" \/><\/a><\/p>\n<p><span style=\"color: #0000ff\">La orientaci\u00f3n y la acci\u00f3n tutorial forman parte de la funci\u00f3n docente, teniendo como metas orientar al alumnado en su proceso de aprendizaje y en su desarrollo personal, coordinar la acci\u00f3n educativa y el proceso de evaluaci\u00f3n llevadas a cabo por el conjunto del profesorado de cada equipo docente, establecer relaciones fluidas y mecanismos de coordinaci\u00f3n con las familias del alumnado, y contribuir a la prevenci\u00f3n e identificaci\u00f3n temprana de las dificultades de aprendizaje, coordinando la puesta en marcha de las medidas educativas pertinentes tan pronto como las mismas se detecten.<\/span><\/p>\n<p><span style=\"color: #0000ff\">Con objeto de planificar estas actuaciones este centro elabora un plan tutorial como instrumento que sistematiza y articula el conjunto de metas y tareas propias&nbsp; de dicha acci\u00f3n tutorial, &nbsp;documento integrado como elemento del Proyecto Educativo del Centro, coherente con los objetivos del mismo incluyendo la promoci\u00f3n de la Cultura de Paz y la mejora de la convivencia en los centros., en el que se plasma la organizaci\u00f3n, orientaci\u00f3n y planificaci\u00f3n de la acci\u00f3n tutorial en un centro, sirviendo de base al tratamiento de la dimensi\u00f3n formativa que, junto con la instructiva, componen el objetivo general de la labor educativa de un centro.<\/span><\/p>\n<p><span style=\"color: #0000ff\">La orientaci\u00f3n y la acci\u00f3n tutorial forman parte de la funci\u00f3n docente. Esta tarea la realiza el profesorado, y no solo el tutor\/a, con asesoramiento del Equipo de Orientaci\u00f3n siendo una tarea colaborativa que, coordinada por la persona titular de la tutor\u00eda y asesorada por el orientador u orientadora de referencia, compete al conjunto del equipo docente del alumnado de un grupo. Dicha labor orientar\u00e1 el proceso educativo individual y colectivo del alumnado, formando parte del curr\u00edculo, siendo interdisciplinar y estando impl\u00edcita en toda actividad educativa.<\/span><\/p>\n<p><span style=\"color: #0000ff\">&nbsp;Por ello se hace necesario insistir en el car\u00e1cter formativo del todo el proceso de ense\u00f1anza aprendizaje, los cuales se orientan entre otros, a favorecer el desarrollo de valores en el alumnado y conseguir los objetivos de&nbsp; convivencia y participaci\u00f3n, de forma que exista coherencia y coordinaci\u00f3n en los criterios a seguir ; se intenta as\u00ed elaborar un marco de referencia en el que moverse de una forma organizada y educativa, a trav\u00e9s del papel mediador del tutor o tutora en la resoluci\u00f3n pac\u00edfica de los conflictos y de las medidas globales que corresponda tomar al centro en su conjunto, colaborando de forma directa<\/span><\/p>\n<p style=\"text-align: center\"><span style=\"color: #0000ff\"><a href=\"https:\/\/blogsaverroes.juntadeandalucia.es\/ceiparquitectoleoz\/files\/2018\/04\/PlanDeAccionTutorial2-1.jpg\"><img loading=\"lazy\" decoding=\"async\" class=\"alignnone size-full wp-image-2298\" src=\"https:\/\/blogsaverroes.juntadeandalucia.es\/ceiparquitectoleoz\/files\/2018\/04\/PlanDeAccionTutorial2-1.jpg\" alt=\"\" width=\"205\" height=\"162\" srcset=\"https:\/\/blogsaverroes.juntadeandalucia.es\/ceiparquitectoleoz\/files\/2018\/04\/PlanDeAccionTutorial2-1.jpg 205w, https:\/\/blogsaverroes.juntadeandalucia.es\/ceiparquitectoleoz\/files\/2018\/04\/PlanDeAccionTutorial2-1-24x19.jpg 24w, https:\/\/blogsaverroes.juntadeandalucia.es\/ceiparquitectoleoz\/files\/2018\/04\/PlanDeAccionTutorial2-1-36x28.jpg 36w, https:\/\/blogsaverroes.juntadeandalucia.es\/ceiparquitectoleoz\/files\/2018\/04\/PlanDeAccionTutorial2-1-48x38.jpg 48w\" sizes=\"(max-width: 205px) 100vw, 205px\" \/><\/a><\/span><\/p>\n<p><span style=\"color: #0000ff\">Respecto a la familia se contempla espec\u00edficamente su participaci\u00f3n cooperativa en los documentos fundamentales del centro, en la estrecha colaboraci\u00f3n con el tutor\/a, para mejorar la calidad de la educaci\u00f3n; tambi\u00e9n se implica en esta labor cooperativa al personal no docente pues las l\u00edneas educativas que cada centro defina tienen que ser decididas, asumidas, y respetadas por todos los miembros conforman la Comunidad Educativa<\/span><\/p>\n<p><span style=\"color: #0000ff\">No lo consideramos como un documento cerrado, sino abierto, revis\u00e1ndose al comienzo de cada curso escolar para actualizar su contenido y a\u00f1adi\u00e9ndosele progresivamente todos los elementos que puedan contribuir a hacerlo m\u00e1s completo.<\/span><\/p>\n<p><span style=\"color: #0000ff\">Por lo tanto, es el instrumento pedag\u00f3gico-did\u00e1ctico que articula a medio y largo plazo el conjunto de actuaciones de los equipos docentes y del centro educativo en su conjunto, relacionado con la orientaci\u00f3n y la acci\u00f3n tutorial, siendo el fundamento principal del mismo regular la organizaci\u00f3n y la acci\u00f3n tutorial para el segundo ciclo de la Educaci\u00f3n Infantil y la Educaci\u00f3n Primaria, de tal forma que acceda&nbsp; a desarrollar progresivamente en el alumnado las capacidades que le permitan terminar su formaci\u00f3n acorde a los objetivos del Proyecto Educativo de Centro.<\/span><\/p>\n<p>&nbsp;<\/p>\n","protected":false},"excerpt":{"rendered":"<p>La orientaci\u00f3n y la acci\u00f3n tutorial forman parte de la funci\u00f3n docente, teniendo como metas orientar al alumnado en su proceso de aprendizaje y en su desarrollo personal, coordinar la acci\u00f3n educativa y el&#46;&#46;&#46;<\/p>\n","protected":false},"author":6131,"featured_media":0,"parent":0,"menu_order":0,"comment_status":"closed","ping_status":"closed","template":"","meta":{"ngg_post_thumbnail":0,"footnotes":"","_mc_calendar":[]},"aioseo_notices":[],"_links":{"self":[{"href":"https:\/\/blogsaverroes.juntadeandalucia.es\/ceiparquitectoleoz\/wp-json\/wp\/v2\/pages\/2296"}],"collection":[{"href":"https:\/\/blogsaverroes.juntadeandalucia.es\/ceiparquitectoleoz\/wp-json\/wp\/v2\/pages"}],"about":[{"href":"https:\/\/blogsaverroes.juntadeandalucia.es\/ceiparquitectoleoz\/wp-json\/wp\/v2\/types\/page"}],"author":[{"embeddable":true,"href":"https:\/\/blogsaverroes.juntadeandalucia.es\/ceiparquitectoleoz\/wp-json\/wp\/v2\/users\/6131"}],"replies":[{"embeddable":true,"href":"https:\/\/blogsaverroes.juntadeandalucia.es\/ceiparquitectoleoz\/wp-json\/wp\/v2\/comments?post=2296"}],"version-history":[{"count":1,"href":"https:\/\/blogsaverroes.juntadeandalucia.es\/ceiparquitectoleoz\/wp-json\/wp\/v2\/pages\/2296\/revisions"}],"predecessor-version":[{"id":2299,"href":"https:\/\/blogsaverroes.juntadeandalucia.es\/ceiparquitectoleoz\/wp-json\/wp\/v2\/pages\/2296\/revisions\/2299"}],"wp:attachment":[{"href":"https:\/\/blogsaverroes.juntadeandalucia.es\/ceiparquitectoleoz\/wp-json\/wp\/v2\/media?parent=2296"}],"curies":[{"name":"wp","href":"https:\/\/api.w.org\/{rel}","templated":true}]}}