{"id":2306,"date":"2018-04-23T09:07:06","date_gmt":"2018-04-23T09:07:06","guid":{"rendered":"https:\/\/blogsaverroes.juntadeandalucia.es\/ceiparquitectoleoz\/?page_id=2306"},"modified":"2022-03-08T10:39:05","modified_gmt":"2022-03-08T10:39:05","slug":"plan-de-igualdad","status":"publish","type":"page","link":"https:\/\/blogsaverroes.juntadeandalucia.es\/ceiparquitectoleoz\/plan-de-igualdad\/","title":{"rendered":"Plan de Igualdad"},"content":{"rendered":"<p>PLAN DE IGUALDAD 21\/22:<\/p>\n<p><a href=\"https:\/\/blogsaverroes.juntadeandalucia.es\/ceiparquitectoleoz\/files\/2022\/03\/ParacuatroLogosigualdad-esc-colegio.jpg\"><img loading=\"lazy\" decoding=\"async\" class=\"wp-image-3675 aligncenter\" src=\"https:\/\/blogsaverroes.juntadeandalucia.es\/ceiparquitectoleoz\/files\/2022\/03\/ParacuatroLogosigualdad-esc-colegio-e1646656898713-300x45.jpg\" alt=\"\" width=\"520\" height=\"78\" srcset=\"https:\/\/blogsaverroes.juntadeandalucia.es\/ceiparquitectoleoz\/files\/2022\/03\/ParacuatroLogosigualdad-esc-colegio-e1646656898713-300x45.jpg 300w, https:\/\/blogsaverroes.juntadeandalucia.es\/ceiparquitectoleoz\/files\/2022\/03\/ParacuatroLogosigualdad-esc-colegio-e1646656898713-1024x153.jpg 1024w, https:\/\/blogsaverroes.juntadeandalucia.es\/ceiparquitectoleoz\/files\/2022\/03\/ParacuatroLogosigualdad-esc-colegio-e1646656898713-768x115.jpg 768w, https:\/\/blogsaverroes.juntadeandalucia.es\/ceiparquitectoleoz\/files\/2022\/03\/ParacuatroLogosigualdad-esc-colegio-e1646656898713.jpg 1175w\" sizes=\"(max-width: 520px) 100vw, 520px\" \/><\/a><\/p>\n<p style=\"padding-left: 40px\"><a href=\"https:\/\/docs.google.com\/document\/d\/1GZ5whFf9wr7eobNasI-twrPxlWvAufSd\/edit?usp=sharing&amp;ouid=105325310996000822601&amp;rtpof=true&amp;sd=true\">Proyecto para la prevenci\u00f3n de la violencia de g\u00e9nero<\/a>.&nbsp;<\/p>\n<p style=\"padding-left: 40px\"><span style=\"color: #000080\"><a style=\"color: #000080\" href=\"https:\/\/drive.google.com\/file\/d\/1cYZVZKQq5Dkwe129Q0E7RkkL8HQKuI7z\/view?usp=sharing\">8 Marzo, D\u00eda Internacional de la Mujer.<\/a><\/span><\/p>\n<p style=\"padding-left: 40px\"><a href=\"https:\/\/drive.google.com\/file\/d\/1TvtYjG7vLHSh2lNETsybs91Kqw41cSJN\/view?usp=sharing\">Trabajos alumnado.<\/a><\/p>\n<p>PLAN DE IGUALDAD.&nbsp;<\/p>\n<p style=\"padding-left: 40px\"><a href=\"https:\/\/blogsaverroes.juntadeandalucia.es\/ceiparquitectoleoz\/files\/2018\/04\/PlanDeIgualdad.jpg\"><img loading=\"lazy\" decoding=\"async\" class=\"size-full wp-image-2287 aligncenter\" src=\"https:\/\/blogsaverroes.juntadeandalucia.es\/ceiparquitectoleoz\/files\/2018\/04\/PlanDeIgualdad.jpg\" alt=\"\" width=\"285\" height=\"184\" srcset=\"https:\/\/blogsaverroes.juntadeandalucia.es\/ceiparquitectoleoz\/files\/2018\/04\/PlanDeIgualdad.jpg 285w, https:\/\/blogsaverroes.juntadeandalucia.es\/ceiparquitectoleoz\/files\/2018\/04\/PlanDeIgualdad-24x15.jpg 24w, https:\/\/blogsaverroes.juntadeandalucia.es\/ceiparquitectoleoz\/files\/2018\/04\/PlanDeIgualdad-36x23.jpg 36w, https:\/\/blogsaverroes.juntadeandalucia.es\/ceiparquitectoleoz\/files\/2018\/04\/PlanDeIgualdad-48x31.jpg 48w\" sizes=\"(max-width: 285px) 100vw, 285px\" \/><\/a><\/p>\n<p>&nbsp;<\/p>\n<p><span style=\"color: #0000ff\">En nuestro contexto y bas\u00e1ndonos en uno de los grandes objetivos del sistema Educativo <span style=\"color: #000080\"><strong><em>Promover la igualdad entre ambos sexos <\/em><\/strong><\/span>nace la idea de participaci\u00f3n en un proyecto coeducativo, que enlaza tambi\u00e9n con el Programa de actividades en torno a la mejora de la <span style=\"color: #000080\"><strong><em>Convivencia<\/em><\/strong> <\/span>en nuestro Centro.<\/span><\/p>\n<p><span style=\"color: #0000ff\"><strong><span style=\"color: #000080\">OBJETIVOS QUE SE PRETENDEN ALZANZAR<\/span>.<\/strong><\/span><\/p>\n<p><span style=\"color: #0000ff\"><strong>&nbsp;<\/strong>Para los maestros y maestras:<\/span><\/p>\n<ul>\n<li><span style=\"color: #0000ff\">Promover en el profesorado un proceso de reflexi\u00f3n y formaci\u00f3n en la coeducaci\u00f3n.<\/span><\/li>\n<li><span style=\"color: #0000ff\">Promover la reflexi\u00f3n sobre el uso no sexista del lenguaje oral y escrito que utilizamos en el centro.<\/span><\/li>\n<li><span style=\"color: #0000ff\">Detectar el uso del lenguaje y actitudes sexistas en los materiales did\u00e1cticos para evitarlos o corregirlos y promover el uso de aquellos que no sean sexistas.<\/span><\/li>\n<li><span style=\"color: #0000ff\">Observar el uso del espacio por las ni\u00f1as y ni\u00f1os e intervenir educativamente para que sea igualitario.<\/span><\/li>\n<li><span style=\"color: #0000ff\">Contrarrestar, en lo posible, la influencia negativa de los medios de comunicaci\u00f3n en este \u00e1mbito.<\/span><\/li>\n<li><span style=\"color: #0000ff\">Mostrar y valorar el papel social e hist\u00f3rico de la mujer.<\/span><\/li>\n<\/ul>\n<p><span style=\"color: #0000ff\">Para padres y madres:<\/span><\/p>\n<ul>\n<li><span style=\"color: #0000ff\">Sensibilizar a los padres sobre la necesidad de participaci\u00f3n e implicaci\u00f3n en la educaci\u00f3n de sus hijos e hijas.<\/span><\/li>\n<li><span style=\"color: #0000ff\">Favorecer el cambio de actitudes en la familia hacia el uso de juguetes de forma no discriminatoria.<\/span><\/li>\n<li><span style=\"color: #0000ff\">Concienciar a las familias de la necesidad de educar en igualdad.<\/span><\/li>\n<\/ul>\n<p><span style=\"color: #0000ff\">Para ni\u00f1os y ni\u00f1as:<\/span><\/p>\n<ul>\n<li><span style=\"color: #0000ff\">Propiciar relaciones respetuosas y equilibradas entre ni\u00f1os y ni\u00f1as.<\/span><\/li>\n<li><span style=\"color: #0000ff\">Investigar los roles masculinos y femeninos adquiridos en el \u00e1mbito familiar y social que se manifiestan en el centro.<\/span><\/li>\n<li><span style=\"color: #0000ff\">Favorecer que tanto las ni\u00f1as como los ni\u00f1os aprendan a conocerse y a respetarse como individuos que viven en un medio que ya incluye en su haber la diversidad individual, sus limitaciones por razones de g\u00e9nero.<\/span><\/li>\n<li><span style=\"color: #0000ff\">Valorar y respetar las funciones y trabajos de las distintas personas que integran la familia y reparto adecuado de responsabilidades entre todos sus miembros, sin discriminaci\u00f3n por raz\u00f3n de sexo.<\/span><\/li>\n<li><span style=\"color: #0000ff\">Aceptar los juguetes como instrumentos de diversi\u00f3n, manipul\u00e1ndolos sin hacer distinci\u00f3n por sexos a la hora de su utilizaci\u00f3n.<\/span><\/li>\n<li><span style=\"color: #0000ff\">Favorecer la convivencia en el Centro, promoviendo la cultura de Paz y no violencia y la regulaci\u00f3n pac\u00edfica de los conflictos sin discriminaci\u00f3n en ambos sexos.<\/span><\/li>\n<li><span style=\"color: #0000ff\">Elaborar carteles, cuentos, dibujos\u2026de car\u00e1cter coeducativo.<\/span><\/li>\n<\/ul>\n<p><span style=\"color: #000080\"><strong>METODOLOGIA<\/strong><\/span><\/p>\n<p><span style=\"color: #0000ff\"><strong>&nbsp;<\/strong>Utilizaci\u00f3n de diversas formas de expresi\u00f3n oral, escrita, plastica, musical, corporal (dramatizacion, danza\u2026\u2026).<\/span><\/p>\n<ul>\n<li><span style=\"color: #0000ff\">Laminas sobre trabajos, profesiones e instrumentos.<\/span><\/li>\n<li><span style=\"color: #0000ff\">Juegos cooperativos.<\/span><\/li>\n<li><span style=\"color: #0000ff\">Fomentar la colaboraci\u00f3n de los ni\u00f1os y ni\u00f1as en las labores de casa, ya que las normas dentro de la casa suelen caracterizarse por un reparto desequilibrado de las tareas domesticas.<\/span><\/li>\n<li><span style=\"color: #0000ff\">Desarrollo de actividades competenciales.<\/span><\/li>\n<li><span style=\"color: #0000ff\">Talleres familiares.<\/span><\/li>\n<li><span style=\"color: #0000ff\">Talleres de entidades<\/span><\/li>\n<\/ul>\n<p>&nbsp;<\/p>\n","protected":false},"excerpt":{"rendered":"<p>PLAN DE IGUALDAD 21\/22: Proyecto para la prevenci\u00f3n de la violencia de g\u00e9nero.&nbsp; 8 Marzo, D\u00eda Internacional de la Mujer. Trabajos alumnado. PLAN DE IGUALDAD.&nbsp; &nbsp; En nuestro contexto y bas\u00e1ndonos en uno de&#46;&#46;&#46;<\/p>\n","protected":false},"author":6131,"featured_media":0,"parent":0,"menu_order":0,"comment_status":"closed","ping_status":"closed","template":"","meta":{"ngg_post_thumbnail":0,"footnotes":"","_mc_calendar":[]},"aioseo_notices":[],"_links":{"self":[{"href":"https:\/\/blogsaverroes.juntadeandalucia.es\/ceiparquitectoleoz\/wp-json\/wp\/v2\/pages\/2306"}],"collection":[{"href":"https:\/\/blogsaverroes.juntadeandalucia.es\/ceiparquitectoleoz\/wp-json\/wp\/v2\/pages"}],"about":[{"href":"https:\/\/blogsaverroes.juntadeandalucia.es\/ceiparquitectoleoz\/wp-json\/wp\/v2\/types\/page"}],"author":[{"embeddable":true,"href":"https:\/\/blogsaverroes.juntadeandalucia.es\/ceiparquitectoleoz\/wp-json\/wp\/v2\/users\/6131"}],"replies":[{"embeddable":true,"href":"https:\/\/blogsaverroes.juntadeandalucia.es\/ceiparquitectoleoz\/wp-json\/wp\/v2\/comments?post=2306"}],"version-history":[{"count":4,"href":"https:\/\/blogsaverroes.juntadeandalucia.es\/ceiparquitectoleoz\/wp-json\/wp\/v2\/pages\/2306\/revisions"}],"predecessor-version":[{"id":3674,"href":"https:\/\/blogsaverroes.juntadeandalucia.es\/ceiparquitectoleoz\/wp-json\/wp\/v2\/pages\/2306\/revisions\/3674"}],"wp:attachment":[{"href":"https:\/\/blogsaverroes.juntadeandalucia.es\/ceiparquitectoleoz\/wp-json\/wp\/v2\/media?parent=2306"}],"curies":[{"name":"wp","href":"https:\/\/api.w.org\/{rel}","templated":true}]}}