{"id":2308,"date":"2018-04-23T09:13:26","date_gmt":"2018-04-23T09:13:26","guid":{"rendered":"https:\/\/blogsaverroes.juntadeandalucia.es\/ceiparquitectoleoz\/?page_id=2308"},"modified":"2018-04-23T09:13:26","modified_gmt":"2018-04-23T09:13:26","slug":"plan-director","status":"publish","type":"page","link":"https:\/\/blogsaverroes.juntadeandalucia.es\/ceiparquitectoleoz\/plan-director\/","title":{"rendered":"Plan Director"},"content":{"rendered":"<p><a href=\"https:\/\/blogsaverroes.juntadeandalucia.es\/ceiparquitectoleoz\/files\/2018\/04\/PlanDirector.jpg\"><img loading=\"lazy\" decoding=\"async\" class=\"size-full wp-image-2288 aligncenter\" src=\"https:\/\/blogsaverroes.juntadeandalucia.es\/ceiparquitectoleoz\/files\/2018\/04\/PlanDirector.jpg\" alt=\"\" width=\"250\" height=\"145\" srcset=\"https:\/\/blogsaverroes.juntadeandalucia.es\/ceiparquitectoleoz\/files\/2018\/04\/PlanDirector.jpg 250w, https:\/\/blogsaverroes.juntadeandalucia.es\/ceiparquitectoleoz\/files\/2018\/04\/PlanDirector-24x14.jpg 24w, https:\/\/blogsaverroes.juntadeandalucia.es\/ceiparquitectoleoz\/files\/2018\/04\/PlanDirector-36x21.jpg 36w, https:\/\/blogsaverroes.juntadeandalucia.es\/ceiparquitectoleoz\/files\/2018\/04\/PlanDirector-48x28.jpg 48w\" sizes=\"(max-width: 250px) 100vw, 250px\" \/><\/a><\/p>\n<p><span style=\"color: #000080\"><strong>PLAN DIRECTOR PARA LA CONVIVENCIA Y MEJORA DE LA SEGURIDAD EN LOS CENTROS EDUCATIVOS Y SUS ENTORNOS.<\/strong><\/span><\/p>\n<p><span style=\"color: #000080\"><strong>SUBDELEGACI\u00d3N DEL GOBIERNO EN C\u00c1DIZ<\/strong><\/span><\/p>\n<p><span style=\"color: #000080\"><strong>FINALIDAD<\/strong><\/span><\/p>\n<p><span style=\"color: #0000ff\">El Ministerio de Educaci\u00f3n, Cultura y Deporte, el Ministerio del Interior y el Ministerio de Sanidad, Servicios Sociales e Igualdad ponen en marcha el Plan Director para la convivencia y la seguridad escolar en los centros educativos y sus entornos, del que podr\u00e1 obtener mayor informaci\u00f3n a trav\u00e9s de la p\u00e1gina web del Ministerio del Interior.<\/span><br \/>\n<span style=\"color: #0000ff\"> Este Plan se inicia siguiendo la Instrucci\u00f3n n\u00b0 7\/13 de la Secretar\u00eda de Estado de Seguridad, en la que se contemplan una serie de acciones, que se concretan en:<\/span><\/p>\n<ol>\n<li><span style=\"color: #0000ff\">Charlas a los alumnos sobre problemas de seguridad que les afectan como colectivo, facilitando informaci\u00f3n general a los menores y j\u00f3venes de los problemas de seguridad, prestando especial atenci\u00f3n a los siguientes aspectos:<\/span><\/li>\n<\/ol>\n<ul>\n<li><span style=\"color: #0000ff\">Acoso escolar.<\/span><\/li>\n<li><span style=\"color: #0000ff\">Prevenci\u00f3n frente a los riesgos derivados del consumo de drogas y alcohol por los menores y los j\u00f3venes.<\/span><\/li>\n<li><span style=\"color: #0000ff\">Problem\u00e1ticas relacionadas con bandas juveniles, conductas inc\u00edvicas y vand\u00e1licas, racismo, xenofobia e intolerancia.<\/span><\/li>\n<li><span style=\"color: #0000ff\">Violencia sobre la mujer, discriminaci\u00f3n por razones de sexo u orientaci\u00f3n sexual.<\/span><\/li>\n<li><span style=\"color: #0000ff\">Prevenci\u00f3n de los riesgos de seguridad asociados a las nuevas tecnolog\u00edas y al uso de redes sociales.<\/span><\/li>\n<\/ul>\n<p>&nbsp;<\/p>\n<ol start=\"2\">\n<li><span style=\"color: #0000ff\">Mecanismos de comunicaci\u00f3n y colaboraci\u00f3n con la comunidad educativa, ofert\u00e1ndoles la posibilidad de concertar reuniones con los expertos policiales para que los mismos puedan facilitarles asistencia y apoyo sobre los temas antes mencionados.<\/span><br \/>\n<span style=\"color: #0000ff\"> 3. Vigilancia y presencia policial en las inmediaciones de los centros escolares.<\/span><br \/>\n<span style=\"color: #0000ff\"> 4. Otras actuaciones, como la realizaci\u00f3n de actividades complementarias dirigidas a incrementar la concienciaci\u00f3n de los menores y j\u00f3venes (exhibiciones, demostraciones, jornadas de puertas abiertas, etc).<\/span><\/li>\n<\/ol>\n","protected":false},"excerpt":{"rendered":"<p>PLAN DIRECTOR PARA LA CONVIVENCIA Y MEJORA DE LA SEGURIDAD EN LOS CENTROS EDUCATIVOS Y SUS ENTORNOS. SUBDELEGACI\u00d3N DEL GOBIERNO EN C\u00c1DIZ FINALIDAD El Ministerio de Educaci\u00f3n, Cultura y Deporte, el Ministerio del Interior&#46;&#46;&#46;<\/p>\n","protected":false},"author":6131,"featured_media":0,"parent":0,"menu_order":0,"comment_status":"closed","ping_status":"closed","template":"","meta":{"ngg_post_thumbnail":0,"footnotes":"","_mc_calendar":[]},"aioseo_notices":[],"_links":{"self":[{"href":"https:\/\/blogsaverroes.juntadeandalucia.es\/ceiparquitectoleoz\/wp-json\/wp\/v2\/pages\/2308"}],"collection":[{"href":"https:\/\/blogsaverroes.juntadeandalucia.es\/ceiparquitectoleoz\/wp-json\/wp\/v2\/pages"}],"about":[{"href":"https:\/\/blogsaverroes.juntadeandalucia.es\/ceiparquitectoleoz\/wp-json\/wp\/v2\/types\/page"}],"author":[{"embeddable":true,"href":"https:\/\/blogsaverroes.juntadeandalucia.es\/ceiparquitectoleoz\/wp-json\/wp\/v2\/users\/6131"}],"replies":[{"embeddable":true,"href":"https:\/\/blogsaverroes.juntadeandalucia.es\/ceiparquitectoleoz\/wp-json\/wp\/v2\/comments?post=2308"}],"version-history":[{"count":1,"href":"https:\/\/blogsaverroes.juntadeandalucia.es\/ceiparquitectoleoz\/wp-json\/wp\/v2\/pages\/2308\/revisions"}],"predecessor-version":[{"id":2309,"href":"https:\/\/blogsaverroes.juntadeandalucia.es\/ceiparquitectoleoz\/wp-json\/wp\/v2\/pages\/2308\/revisions\/2309"}],"wp:attachment":[{"href":"https:\/\/blogsaverroes.juntadeandalucia.es\/ceiparquitectoleoz\/wp-json\/wp\/v2\/media?parent=2308"}],"curies":[{"name":"wp","href":"https:\/\/api.w.org\/{rel}","templated":true}]}}