{"id":2347,"date":"2018-04-30T18:46:41","date_gmt":"2018-04-30T18:46:41","guid":{"rendered":"https:\/\/blogsaverroes.juntadeandalucia.es\/ceiparquitectoleoz\/?page_id=2347"},"modified":"2018-04-30T18:46:41","modified_gmt":"2018-04-30T18:46:41","slug":"equipo-de-orientacion-educativa","status":"publish","type":"page","link":"https:\/\/blogsaverroes.juntadeandalucia.es\/ceiparquitectoleoz\/equipo-de-orientacion-educativa\/","title":{"rendered":"Equipo de Orientaci\u00f3n Educativa"},"content":{"rendered":"<p><a href=\"https:\/\/blogsaverroes.juntadeandalucia.es\/ceiparquitectoleoz\/files\/2018\/04\/EOE.jpg\"><img loading=\"lazy\" decoding=\"async\" class=\"size-medium wp-image-2348 aligncenter\" src=\"https:\/\/blogsaverroes.juntadeandalucia.es\/ceiparquitectoleoz\/files\/2018\/04\/EOE-300x150.jpg\" alt=\"\" width=\"300\" height=\"150\" srcset=\"https:\/\/blogsaverroes.juntadeandalucia.es\/ceiparquitectoleoz\/files\/2018\/04\/EOE-300x150.jpg 300w, https:\/\/blogsaverroes.juntadeandalucia.es\/ceiparquitectoleoz\/files\/2018\/04\/EOE-24x12.jpg 24w, https:\/\/blogsaverroes.juntadeandalucia.es\/ceiparquitectoleoz\/files\/2018\/04\/EOE-36x18.jpg 36w, https:\/\/blogsaverroes.juntadeandalucia.es\/ceiparquitectoleoz\/files\/2018\/04\/EOE-48x24.jpg 48w, https:\/\/blogsaverroes.juntadeandalucia.es\/ceiparquitectoleoz\/files\/2018\/04\/EOE.jpg 460w\" sizes=\"(max-width: 300px) 100vw, 300px\" \/><\/a><\/p>\n<p><span style=\"color: #666699\"><strong>LAURA GONZ\u00c1LEZ-SANTIAGO L\u00d3PEZ<\/strong><\/span><\/p>\n<p><span style=\"color: #666699\"><strong>CATALINA NAVARRO ARAG\u00d3N<\/strong><\/span><\/p>\n<p><span style=\"color: #666699\"><strong>CONCEPCI\u00d3N S\u00c1NCHEZ ALONSO<\/strong><\/span><\/p>\n<p>&nbsp;<\/p>\n","protected":false},"excerpt":{"rendered":"<p>LAURA GONZ\u00c1LEZ-SANTIAGO L\u00d3PEZ CATALINA NAVARRO ARAG\u00d3N CONCEPCI\u00d3N S\u00c1NCHEZ ALONSO &nbsp;<\/p>\n","protected":false},"author":6131,"featured_media":0,"parent":0,"menu_order":0,"comment_status":"closed","ping_status":"closed","template":"","meta":{"ngg_post_thumbnail":0,"footnotes":"","_mc_calendar":[]},"aioseo_notices":[],"_links":{"self":[{"href":"https:\/\/blogsaverroes.juntadeandalucia.es\/ceiparquitectoleoz\/wp-json\/wp\/v2\/pages\/2347"}],"collection":[{"href":"https:\/\/blogsaverroes.juntadeandalucia.es\/ceiparquitectoleoz\/wp-json\/wp\/v2\/pages"}],"about":[{"href":"https:\/\/blogsaverroes.juntadeandalucia.es\/ceiparquitectoleoz\/wp-json\/wp\/v2\/types\/page"}],"author":[{"embeddable":true,"href":"https:\/\/blogsaverroes.juntadeandalucia.es\/ceiparquitectoleoz\/wp-json\/wp\/v2\/users\/6131"}],"replies":[{"embeddable":true,"href":"https:\/\/blogsaverroes.juntadeandalucia.es\/ceiparquitectoleoz\/wp-json\/wp\/v2\/comments?post=2347"}],"version-history":[{"count":1,"href":"https:\/\/blogsaverroes.juntadeandalucia.es\/ceiparquitectoleoz\/wp-json\/wp\/v2\/pages\/2347\/revisions"}],"predecessor-version":[{"id":2349,"href":"https:\/\/blogsaverroes.juntadeandalucia.es\/ceiparquitectoleoz\/wp-json\/wp\/v2\/pages\/2347\/revisions\/2349"}],"wp:attachment":[{"href":"https:\/\/blogsaverroes.juntadeandalucia.es\/ceiparquitectoleoz\/wp-json\/wp\/v2\/media?parent=2347"}],"curies":[{"name":"wp","href":"https:\/\/api.w.org\/{rel}","templated":true}]}}