{"id":2553,"date":"2018-05-20T18:12:21","date_gmt":"2018-05-20T18:12:21","guid":{"rendered":"https:\/\/blogsaverroes.juntadeandalucia.es\/ceiparquitectoleoz\/?page_id=2553"},"modified":"2018-05-20T18:12:44","modified_gmt":"2018-05-20T18:12:44","slug":"prueba-lomce","status":"publish","type":"page","link":"https:\/\/blogsaverroes.juntadeandalucia.es\/ceiparquitectoleoz\/prueba-lomce\/","title":{"rendered":"Prueba LOMCE"},"content":{"rendered":"<p style=\"text-align: center\"><a href=\"https:\/\/blogsaverroes.juntadeandalucia.es\/ceiparquitectoleoz\/files\/2018\/05\/pruebaLOMCE.jpg\"><img loading=\"lazy\" decoding=\"async\" class=\"alignnone size-medium wp-image-2554\" src=\"https:\/\/blogsaverroes.juntadeandalucia.es\/ceiparquitectoleoz\/files\/2018\/05\/pruebaLOMCE-300x196.jpg\" alt=\"\" width=\"300\" height=\"196\" srcset=\"https:\/\/blogsaverroes.juntadeandalucia.es\/ceiparquitectoleoz\/files\/2018\/05\/pruebaLOMCE-300x196.jpg 300w, https:\/\/blogsaverroes.juntadeandalucia.es\/ceiparquitectoleoz\/files\/2018\/05\/pruebaLOMCE-1024x670.jpg 1024w, https:\/\/blogsaverroes.juntadeandalucia.es\/ceiparquitectoleoz\/files\/2018\/05\/pruebaLOMCE-24x16.jpg 24w, https:\/\/blogsaverroes.juntadeandalucia.es\/ceiparquitectoleoz\/files\/2018\/05\/pruebaLOMCE-36x24.jpg 36w, https:\/\/blogsaverroes.juntadeandalucia.es\/ceiparquitectoleoz\/files\/2018\/05\/pruebaLOMCE-48x31.jpg 48w, https:\/\/blogsaverroes.juntadeandalucia.es\/ceiparquitectoleoz\/files\/2018\/05\/pruebaLOMCE.jpg 1300w\" sizes=\"(max-width: 300px) 100vw, 300px\" \/><\/a><\/p>\n<p>Se informa a la Comunidad Educativa que en este&nbsp;mes de mayo (D\u00cdAS 21 Y 22 ) se van a realizar las <strong><em>Pruebas de Evaluaci\u00f3n de 3\u00ba de primaria de 2017- 2018<\/em><\/strong><\/p>\n<p>En el art\u00edculo 20.3 de la Ley Org\u00e1nica 2\/2006, de 3 de mayo, de Educaci\u00f3n (LOE), modificada por la Ley Org\u00e1nica 8\/2013, de 9 de diciembre, para la Mejora de la Calidad Educativa (LOMCE), se establece la realizaci\u00f3n de una evaluaci\u00f3n, de car\u00e1cter diagn\u00f3stico, en tercer curso de la Educaci\u00f3n Primaria, indicando que \u201clos centros docentes realizar\u00e1n una evaluaci\u00f3n individualizada a todos los alumnos y alumnas al finalizar el tercer curso de Educaci\u00f3n Primaria\u201d. Esta evaluaci\u00f3n se desarrollar\u00e1 seg\u00fan dispongan las administraciones educativas y \u201ccomprobar\u00e1 el grado de dominio de las destrezas, capacidades y habilidades en expresi\u00f3n y comprensi\u00f3n oral y escrita, c\u00e1lculo y resoluci\u00f3n de problemas en relaci\u00f3n con el grado de adquisici\u00f3n de la competencia en comunicaci\u00f3n ling\u00fc\u00edstica y de la competencia matem\u00e1tica\u201d.<\/p>\n","protected":false},"excerpt":{"rendered":"<p>Se informa a la Comunidad Educativa que en este&nbsp;mes de mayo (D\u00cdAS 21 Y 22 ) se van a realizar las Pruebas de Evaluaci\u00f3n de 3\u00ba de primaria de 2017- 2018 En el art\u00edculo&#46;&#46;&#46;<\/p>\n","protected":false},"author":6131,"featured_media":0,"parent":0,"menu_order":0,"comment_status":"closed","ping_status":"closed","template":"","meta":{"ngg_post_thumbnail":0,"footnotes":"","_mc_calendar":[]},"aioseo_notices":[],"_links":{"self":[{"href":"https:\/\/blogsaverroes.juntadeandalucia.es\/ceiparquitectoleoz\/wp-json\/wp\/v2\/pages\/2553"}],"collection":[{"href":"https:\/\/blogsaverroes.juntadeandalucia.es\/ceiparquitectoleoz\/wp-json\/wp\/v2\/pages"}],"about":[{"href":"https:\/\/blogsaverroes.juntadeandalucia.es\/ceiparquitectoleoz\/wp-json\/wp\/v2\/types\/page"}],"author":[{"embeddable":true,"href":"https:\/\/blogsaverroes.juntadeandalucia.es\/ceiparquitectoleoz\/wp-json\/wp\/v2\/users\/6131"}],"replies":[{"embeddable":true,"href":"https:\/\/blogsaverroes.juntadeandalucia.es\/ceiparquitectoleoz\/wp-json\/wp\/v2\/comments?post=2553"}],"version-history":[{"count":1,"href":"https:\/\/blogsaverroes.juntadeandalucia.es\/ceiparquitectoleoz\/wp-json\/wp\/v2\/pages\/2553\/revisions"}],"predecessor-version":[{"id":2555,"href":"https:\/\/blogsaverroes.juntadeandalucia.es\/ceiparquitectoleoz\/wp-json\/wp\/v2\/pages\/2553\/revisions\/2555"}],"wp:attachment":[{"href":"https:\/\/blogsaverroes.juntadeandalucia.es\/ceiparquitectoleoz\/wp-json\/wp\/v2\/media?parent=2553"}],"curies":[{"name":"wp","href":"https:\/\/api.w.org\/{rel}","templated":true}]}}