{"id":2574,"date":"2018-05-20T19:13:36","date_gmt":"2018-05-20T19:13:36","guid":{"rendered":"https:\/\/blogsaverroes.juntadeandalucia.es\/ceiparquitectoleoz\/?page_id=2574"},"modified":"2018-05-26T17:02:34","modified_gmt":"2018-05-26T17:02:34","slug":"deporte-en-la-escuela","status":"publish","type":"page","link":"https:\/\/blogsaverroes.juntadeandalucia.es\/ceiparquitectoleoz\/deporte-en-la-escuela\/","title":{"rendered":"Deporte en la Escuela"},"content":{"rendered":"<p style=\"text-align: center\"><a href=\"https:\/\/blogsaverroes.juntadeandalucia.es\/ceiparquitectoleoz\/files\/2018\/05\/Logo_deporte_en_la_escuela.jpg\"><img loading=\"lazy\" decoding=\"async\" class=\"alignnone size-full wp-image-2575\" src=\"https:\/\/blogsaverroes.juntadeandalucia.es\/ceiparquitectoleoz\/files\/2018\/05\/Logo_deporte_en_la_escuela.jpg\" alt=\"\" width=\"214\" height=\"219\" srcset=\"https:\/\/blogsaverroes.juntadeandalucia.es\/ceiparquitectoleoz\/files\/2018\/05\/Logo_deporte_en_la_escuela.jpg 214w, https:\/\/blogsaverroes.juntadeandalucia.es\/ceiparquitectoleoz\/files\/2018\/05\/Logo_deporte_en_la_escuela-24x24.jpg 24w, https:\/\/blogsaverroes.juntadeandalucia.es\/ceiparquitectoleoz\/files\/2018\/05\/Logo_deporte_en_la_escuela-36x36.jpg 36w, https:\/\/blogsaverroes.juntadeandalucia.es\/ceiparquitectoleoz\/files\/2018\/05\/Logo_deporte_en_la_escuela-48x48.jpg 48w\" sizes=\"(max-width: 214px) 100vw, 214px\" \/><\/a><\/p>\n<p><span style=\"color: #800080\"><strong>Actividades Extraescolares Deportivas para Colegios<\/strong><\/span><\/p>\n<p><span style=\"color: #800080\"><strong>Las actividades deportivas en el Colegio son un medio que contribuye al desarrollo integral de los alumnos. Con ellas se trabajan habilidades y destrezas motoras que, a trav\u00e9s de las actividades deportivas, contribuyen a la formaci\u00f3n plena del alumnado.<\/strong><\/span><\/p>\n<p><span style=\"color: #800080\">Estas&nbsp;<strong>Actividades Extraescolares <\/strong>contribuyen a fomentar h\u00e1bitos saludables en los ni\u00f1os a trav\u00e9s de la pr\u00e1ctica del deporte. Gracias a su fuerte componente educativo propician valores de amistad, compa\u00f1erismo, af\u00e1n de superaci\u00f3n y respeto a las reglas del juego.<\/span><\/p>\n<p><img loading=\"lazy\" decoding=\"async\" class=\"alignnone size-full wp-image-2615\" src=\"https:\/\/blogsaverroes.juntadeandalucia.es\/ceiparquitectoleoz\/files\/2015\/03\/IconoVideo.jpg\" alt=\"\" width=\"53\" height=\"52\" srcset=\"https:\/\/blogsaverroes.juntadeandalucia.es\/ceiparquitectoleoz\/files\/2015\/03\/IconoVideo.jpg 53w, https:\/\/blogsaverroes.juntadeandalucia.es\/ceiparquitectoleoz\/files\/2015\/03\/IconoVideo-150x150.jpg 150w, https:\/\/blogsaverroes.juntadeandalucia.es\/ceiparquitectoleoz\/files\/2015\/03\/IconoVideo-100x100.jpg 100w, https:\/\/blogsaverroes.juntadeandalucia.es\/ceiparquitectoleoz\/files\/2015\/03\/IconoVideo-160x160.jpg 160w, https:\/\/blogsaverroes.juntadeandalucia.es\/ceiparquitectoleoz\/files\/2015\/03\/IconoVideo-320x320.jpg 320w, https:\/\/blogsaverroes.juntadeandalucia.es\/ceiparquitectoleoz\/files\/2015\/03\/IconoVideo-24x24.jpg 24w, https:\/\/blogsaverroes.juntadeandalucia.es\/ceiparquitectoleoz\/files\/2015\/03\/IconoVideo-36x36.jpg 36w, https:\/\/blogsaverroes.juntadeandalucia.es\/ceiparquitectoleoz\/files\/2015\/03\/IconoVideo-48x48.jpg 48w\" sizes=\"(max-width: 53px) 100vw, 53px\" \/>&nbsp;<a href=\"https:\/\/drive.google.com\/file\/d\/1hFL2ubpFy8i4v7XjROUEMxA0vQWDdDsz\/view?usp=sharing\" target=\"_blank\" rel=\"noopener\">Hacer clic para abrir el video Apostamos por el Deporte en una pesta\u00f1a nueva<\/a><\/p>\n<p>&nbsp;<\/p>\n","protected":false},"excerpt":{"rendered":"<p>Actividades Extraescolares Deportivas para Colegios Las actividades deportivas en el Colegio son un medio que contribuye al desarrollo integral de los alumnos. Con ellas se trabajan habilidades y destrezas motoras que, a trav\u00e9s de&#46;&#46;&#46;<\/p>\n","protected":false},"author":6131,"featured_media":0,"parent":0,"menu_order":0,"comment_status":"closed","ping_status":"closed","template":"","meta":{"ngg_post_thumbnail":0,"footnotes":"","_mc_calendar":[]},"aioseo_notices":[],"_links":{"self":[{"href":"https:\/\/blogsaverroes.juntadeandalucia.es\/ceiparquitectoleoz\/wp-json\/wp\/v2\/pages\/2574"}],"collection":[{"href":"https:\/\/blogsaverroes.juntadeandalucia.es\/ceiparquitectoleoz\/wp-json\/wp\/v2\/pages"}],"about":[{"href":"https:\/\/blogsaverroes.juntadeandalucia.es\/ceiparquitectoleoz\/wp-json\/wp\/v2\/types\/page"}],"author":[{"embeddable":true,"href":"https:\/\/blogsaverroes.juntadeandalucia.es\/ceiparquitectoleoz\/wp-json\/wp\/v2\/users\/6131"}],"replies":[{"embeddable":true,"href":"https:\/\/blogsaverroes.juntadeandalucia.es\/ceiparquitectoleoz\/wp-json\/wp\/v2\/comments?post=2574"}],"version-history":[{"count":2,"href":"https:\/\/blogsaverroes.juntadeandalucia.es\/ceiparquitectoleoz\/wp-json\/wp\/v2\/pages\/2574\/revisions"}],"predecessor-version":[{"id":2621,"href":"https:\/\/blogsaverroes.juntadeandalucia.es\/ceiparquitectoleoz\/wp-json\/wp\/v2\/pages\/2574\/revisions\/2621"}],"wp:attachment":[{"href":"https:\/\/blogsaverroes.juntadeandalucia.es\/ceiparquitectoleoz\/wp-json\/wp\/v2\/media?parent=2574"}],"curies":[{"name":"wp","href":"https:\/\/api.w.org\/{rel}","templated":true}]}}