{"id":2721,"date":"2018-11-05T09:11:21","date_gmt":"2018-11-05T09:11:21","guid":{"rendered":"https:\/\/blogsaverroes.juntadeandalucia.es\/ceiparquitectoleoz\/?page_id=2721"},"modified":"2019-11-12T08:31:17","modified_gmt":"2019-11-12T08:31:17","slug":"halloween-2019","status":"publish","type":"page","link":"https:\/\/blogsaverroes.juntadeandalucia.es\/ceiparquitectoleoz\/halloween-2019\/","title":{"rendered":"Halloween-2019"},"content":{"rendered":"<p><span style=\"color: #800000\"><strong>\u00a1\u00a1\u00a1 ES HALLOWEEN EN ARQUITECTO LEOZ!!!<\/strong><\/span><\/p>\n<p><span style=\"color: #993300\">Como en a\u00f1os anteriores y desde el \u00e1rea de ingl\u00e9s,&nbsp; trabajamos Halloween, puesto que es una festividad t\u00edpica de esta cultura. <\/span><br \/>\n<span style=\"color: #993300\">El alumnado ha participado elaborando toda la decoraci\u00f3n de nuestro \u00abHALLOWEEN CEMETERY\u00bb: los grupos de 4\u00b0 han colaborado con sus carteles, murci\u00e9lagos y calabazas; los dos 5\u00b0s han hecho&nbsp; unos simp\u00e1ticos fantasmas y el alumnado de 6\u00b0 se ha encargado de realizar unas tenebrosas l\u00e1pidas.<\/span><br \/>\n<span style=\"color: #993300\">Adem\u00e1s de&nbsp; ser una actividad con la que se divierten y disfrutan, se&nbsp; est\u00e1 trabajando el vocabulario ingl\u00e9s relacionado con esta fiesta, as\u00ed como otro tipo de vocabulario (instrucciones, colores, materiales, etc.). Tambi\u00e9n se trabajan otros \u00e1mbitos como la motricidad fina, la organizaci\u00f3n espacial, la limpieza y el orden y el trabajo en equipo.<\/span><br \/>\n<span style=\"color: #993300\">Esperamos que os guste !!!!<\/span><\/p>\n<div id=\"attachment_3288\" style=\"width: 310px\" class=\"wp-caption alignnone\"><a href=\"https:\/\/blogsaverroes.juntadeandalucia.es\/ceiparquitectoleoz\/files\/2019\/11\/IMG_20191018_094138.jpg\" target=\"_blank\" rel=\"noopener noreferrer\"><img loading=\"lazy\" decoding=\"async\" aria-describedby=\"caption-attachment-3288\" class=\"wp-image-3288 size-medium\" src=\"https:\/\/blogsaverroes.juntadeandalucia.es\/ceiparquitectoleoz\/files\/2019\/11\/IMG_20191018_094138-300x225.jpg\" alt=\"\" width=\"300\" height=\"225\" srcset=\"https:\/\/blogsaverroes.juntadeandalucia.es\/ceiparquitectoleoz\/files\/2019\/11\/IMG_20191018_094138-300x225.jpg 300w, https:\/\/blogsaverroes.juntadeandalucia.es\/ceiparquitectoleoz\/files\/2019\/11\/IMG_20191018_094138-768x576.jpg 768w, https:\/\/blogsaverroes.juntadeandalucia.es\/ceiparquitectoleoz\/files\/2019\/11\/IMG_20191018_094138-1024x768.jpg 1024w, https:\/\/blogsaverroes.juntadeandalucia.es\/ceiparquitectoleoz\/files\/2019\/11\/IMG_20191018_094138-24x18.jpg 24w, https:\/\/blogsaverroes.juntadeandalucia.es\/ceiparquitectoleoz\/files\/2019\/11\/IMG_20191018_094138-36x27.jpg 36w, https:\/\/blogsaverroes.juntadeandalucia.es\/ceiparquitectoleoz\/files\/2019\/11\/IMG_20191018_094138-48x36.jpg 48w, https:\/\/blogsaverroes.juntadeandalucia.es\/ceiparquitectoleoz\/files\/2019\/11\/IMG_20191018_094138.jpg 1600w\" sizes=\"(max-width: 300px) 100vw, 300px\" \/><\/a><p id=\"caption-attachment-3288\" class=\"wp-caption-text\">&nbsp;<\/p><\/div>\n<div id=\"attachment_3289\" style=\"width: 310px\" class=\"wp-caption alignnone\"><a href=\"https:\/\/blogsaverroes.juntadeandalucia.es\/ceiparquitectoleoz\/files\/2019\/11\/IMG_20191018_094315.jpg\" target=\"_blank\" rel=\"noopener noreferrer\"><img loading=\"lazy\" decoding=\"async\" aria-describedby=\"caption-attachment-3289\" class=\"wp-image-3289 size-medium\" src=\"https:\/\/blogsaverroes.juntadeandalucia.es\/ceiparquitectoleoz\/files\/2019\/11\/IMG_20191018_094315-300x225.jpg\" alt=\"\" width=\"300\" height=\"225\" srcset=\"https:\/\/blogsaverroes.juntadeandalucia.es\/ceiparquitectoleoz\/files\/2019\/11\/IMG_20191018_094315-300x225.jpg 300w, https:\/\/blogsaverroes.juntadeandalucia.es\/ceiparquitectoleoz\/files\/2019\/11\/IMG_20191018_094315-768x576.jpg 768w, https:\/\/blogsaverroes.juntadeandalucia.es\/ceiparquitectoleoz\/files\/2019\/11\/IMG_20191018_094315-1024x768.jpg 1024w, https:\/\/blogsaverroes.juntadeandalucia.es\/ceiparquitectoleoz\/files\/2019\/11\/IMG_20191018_094315-24x18.jpg 24w, https:\/\/blogsaverroes.juntadeandalucia.es\/ceiparquitectoleoz\/files\/2019\/11\/IMG_20191018_094315-36x27.jpg 36w, https:\/\/blogsaverroes.juntadeandalucia.es\/ceiparquitectoleoz\/files\/2019\/11\/IMG_20191018_094315-48x36.jpg 48w, https:\/\/blogsaverroes.juntadeandalucia.es\/ceiparquitectoleoz\/files\/2019\/11\/IMG_20191018_094315.jpg 1600w\" sizes=\"(max-width: 300px) 100vw, 300px\" \/><\/a><p id=\"caption-attachment-3289\" class=\"wp-caption-text\">&nbsp;<\/p><\/div>\n<div id=\"attachment_3290\" style=\"width: 235px\" class=\"wp-caption alignnone\"><a href=\"https:\/\/blogsaverroes.juntadeandalucia.es\/ceiparquitectoleoz\/files\/2019\/11\/IMG_20191018_102552.jpg\" target=\"_blank\" rel=\"noopener noreferrer\"><img loading=\"lazy\" decoding=\"async\" aria-describedby=\"caption-attachment-3290\" class=\"wp-image-3290 size-medium\" src=\"https:\/\/blogsaverroes.juntadeandalucia.es\/ceiparquitectoleoz\/files\/2019\/11\/IMG_20191018_102552-225x300.jpg\" alt=\"\" width=\"225\" height=\"300\" srcset=\"https:\/\/blogsaverroes.juntadeandalucia.es\/ceiparquitectoleoz\/files\/2019\/11\/IMG_20191018_102552-225x300.jpg 225w, https:\/\/blogsaverroes.juntadeandalucia.es\/ceiparquitectoleoz\/files\/2019\/11\/IMG_20191018_102552-768x1024.jpg 768w, https:\/\/blogsaverroes.juntadeandalucia.es\/ceiparquitectoleoz\/files\/2019\/11\/IMG_20191018_102552-18x24.jpg 18w, https:\/\/blogsaverroes.juntadeandalucia.es\/ceiparquitectoleoz\/files\/2019\/11\/IMG_20191018_102552-27x36.jpg 27w, https:\/\/blogsaverroes.juntadeandalucia.es\/ceiparquitectoleoz\/files\/2019\/11\/IMG_20191018_102552-36x48.jpg 36w, https:\/\/blogsaverroes.juntadeandalucia.es\/ceiparquitectoleoz\/files\/2019\/11\/IMG_20191018_102552.jpg 1200w\" sizes=\"(max-width: 225px) 100vw, 225px\" \/><\/a><p id=\"caption-attachment-3290\" class=\"wp-caption-text\">&nbsp;<\/p><\/div>\n<div id=\"attachment_3291\" style=\"width: 310px\" class=\"wp-caption alignnone\"><a href=\"https:\/\/blogsaverroes.juntadeandalucia.es\/ceiparquitectoleoz\/files\/2019\/11\/IMG_20191018_110949.jpg\" target=\"_blank\" rel=\"noopener noreferrer\"><img loading=\"lazy\" decoding=\"async\" aria-describedby=\"caption-attachment-3291\" class=\"wp-image-3291 size-medium\" src=\"https:\/\/blogsaverroes.juntadeandalucia.es\/ceiparquitectoleoz\/files\/2019\/11\/IMG_20191018_110949-300x225.jpg\" alt=\"\" width=\"300\" height=\"225\" srcset=\"https:\/\/blogsaverroes.juntadeandalucia.es\/ceiparquitectoleoz\/files\/2019\/11\/IMG_20191018_110949-300x225.jpg 300w, https:\/\/blogsaverroes.juntadeandalucia.es\/ceiparquitectoleoz\/files\/2019\/11\/IMG_20191018_110949-768x576.jpg 768w, https:\/\/blogsaverroes.juntadeandalucia.es\/ceiparquitectoleoz\/files\/2019\/11\/IMG_20191018_110949-1024x768.jpg 1024w, https:\/\/blogsaverroes.juntadeandalucia.es\/ceiparquitectoleoz\/files\/2019\/11\/IMG_20191018_110949-24x18.jpg 24w, https:\/\/blogsaverroes.juntadeandalucia.es\/ceiparquitectoleoz\/files\/2019\/11\/IMG_20191018_110949-36x27.jpg 36w, https:\/\/blogsaverroes.juntadeandalucia.es\/ceiparquitectoleoz\/files\/2019\/11\/IMG_20191018_110949-48x36.jpg 48w, https:\/\/blogsaverroes.juntadeandalucia.es\/ceiparquitectoleoz\/files\/2019\/11\/IMG_20191018_110949.jpg 1600w\" sizes=\"(max-width: 300px) 100vw, 300px\" \/><\/a><p id=\"caption-attachment-3291\" class=\"wp-caption-text\">&nbsp;<\/p><\/div>\n","protected":false},"excerpt":{"rendered":"<p>\u00a1\u00a1\u00a1 ES HALLOWEEN EN ARQUITECTO LEOZ!!! Como en a\u00f1os anteriores y desde el \u00e1rea de ingl\u00e9s,&nbsp; trabajamos Halloween, puesto que es una festividad t\u00edpica de esta cultura. El alumnado ha participado elaborando toda la&#46;&#46;&#46;<\/p>\n","protected":false},"author":6131,"featured_media":0,"parent":0,"menu_order":0,"comment_status":"closed","ping_status":"closed","template":"","meta":{"ngg_post_thumbnail":0,"footnotes":"","_mc_calendar":[]},"aioseo_notices":[],"_links":{"self":[{"href":"https:\/\/blogsaverroes.juntadeandalucia.es\/ceiparquitectoleoz\/wp-json\/wp\/v2\/pages\/2721"}],"collection":[{"href":"https:\/\/blogsaverroes.juntadeandalucia.es\/ceiparquitectoleoz\/wp-json\/wp\/v2\/pages"}],"about":[{"href":"https:\/\/blogsaverroes.juntadeandalucia.es\/ceiparquitectoleoz\/wp-json\/wp\/v2\/types\/page"}],"author":[{"embeddable":true,"href":"https:\/\/blogsaverroes.juntadeandalucia.es\/ceiparquitectoleoz\/wp-json\/wp\/v2\/users\/6131"}],"replies":[{"embeddable":true,"href":"https:\/\/blogsaverroes.juntadeandalucia.es\/ceiparquitectoleoz\/wp-json\/wp\/v2\/comments?post=2721"}],"version-history":[{"count":7,"href":"https:\/\/blogsaverroes.juntadeandalucia.es\/ceiparquitectoleoz\/wp-json\/wp\/v2\/pages\/2721\/revisions"}],"predecessor-version":[{"id":3292,"href":"https:\/\/blogsaverroes.juntadeandalucia.es\/ceiparquitectoleoz\/wp-json\/wp\/v2\/pages\/2721\/revisions\/3292"}],"wp:attachment":[{"href":"https:\/\/blogsaverroes.juntadeandalucia.es\/ceiparquitectoleoz\/wp-json\/wp\/v2\/media?parent=2721"}],"curies":[{"name":"wp","href":"https:\/\/api.w.org\/{rel}","templated":true}]}}