{"id":2782,"date":"2019-01-14T09:37:16","date_gmt":"2019-01-14T09:37:16","guid":{"rendered":"https:\/\/blogsaverroes.juntadeandalucia.es\/ceiparquitectoleoz\/?page_id=2782"},"modified":"2019-01-14T09:37:16","modified_gmt":"2019-01-14T09:37:16","slug":"certamen-de-nacimientos-2018","status":"publish","type":"page","link":"https:\/\/blogsaverroes.juntadeandalucia.es\/ceiparquitectoleoz\/certamen-de-nacimientos-2018\/","title":{"rendered":"Certamen de Nacimientos 2018"},"content":{"rendered":"<p><strong>(Para Centros Escolares)<\/strong><\/p>\n<p><span style=\"color: #ff0000\">Las pasadas navidades el Ayuntamiento de San Fernando convoc\u00f3 su <strong>XXXII Certamen de Nacimientos<\/strong>, al objeto de premiar aquellos que re\u00fanan mayores m\u00e9ritos.<\/span><\/p>\n<p><span style=\"color: #ff0000\">El concurso iba dirigido a todos los Nacimientos <strong>IN\u00c9DITOS <\/strong>realizados por los <strong>Alumnos<\/strong> en sus respectivos centros docentes, con el fin de mantener la tradici\u00f3n de los <strong>\u201cNacimientos\u201d<\/strong> al tiempo que estimular las cualidades creativas y art\u00edsticas de los ni\u00f1os.<\/span><\/p>\n<p><span style=\"color: #ff0000\">Nuestros alumnos de 6\u00baB participaron con este &nbsp;Nacimiento, realizado por los alumnos con material reciclado.<\/span><\/p>\n<p><a href=\"https:\/\/blogsaverroes.juntadeandalucia.es\/ceiparquitectoleoz\/files\/2019\/01\/18.jpg\" target=\"_blank\" rel=\"noopener\"><img loading=\"lazy\" decoding=\"async\" class=\"alignnone wp-image-2783 size-medium\" src=\"https:\/\/blogsaverroes.juntadeandalucia.es\/ceiparquitectoleoz\/files\/2019\/01\/18-300x169.jpg\" alt=\"\" width=\"300\" height=\"169\" srcset=\"https:\/\/blogsaverroes.juntadeandalucia.es\/ceiparquitectoleoz\/files\/2019\/01\/18-300x169.jpg 300w, https:\/\/blogsaverroes.juntadeandalucia.es\/ceiparquitectoleoz\/files\/2019\/01\/18-1024x576.jpg 1024w, https:\/\/blogsaverroes.juntadeandalucia.es\/ceiparquitectoleoz\/files\/2019\/01\/18-24x14.jpg 24w, https:\/\/blogsaverroes.juntadeandalucia.es\/ceiparquitectoleoz\/files\/2019\/01\/18-36x20.jpg 36w, https:\/\/blogsaverroes.juntadeandalucia.es\/ceiparquitectoleoz\/files\/2019\/01\/18-48x27.jpg 48w, https:\/\/blogsaverroes.juntadeandalucia.es\/ceiparquitectoleoz\/files\/2019\/01\/18.jpg 1600w\" sizes=\"(max-width: 300px) 100vw, 300px\" \/><\/a> <a href=\"https:\/\/blogsaverroes.juntadeandalucia.es\/ceiparquitectoleoz\/files\/2019\/01\/Navidad3Ciclo.jpg\" target=\"_blank\" rel=\"noopener\"><img loading=\"lazy\" decoding=\"async\" class=\"alignnone wp-image-2785 size-medium\" src=\"https:\/\/blogsaverroes.juntadeandalucia.es\/ceiparquitectoleoz\/files\/2019\/01\/Navidad3Ciclo-247x300.jpg\" alt=\"\" width=\"247\" height=\"300\" srcset=\"https:\/\/blogsaverroes.juntadeandalucia.es\/ceiparquitectoleoz\/files\/2019\/01\/Navidad3Ciclo-247x300.jpg 247w, https:\/\/blogsaverroes.juntadeandalucia.es\/ceiparquitectoleoz\/files\/2019\/01\/Navidad3Ciclo-20x24.jpg 20w, https:\/\/blogsaverroes.juntadeandalucia.es\/ceiparquitectoleoz\/files\/2019\/01\/Navidad3Ciclo-30x36.jpg 30w, https:\/\/blogsaverroes.juntadeandalucia.es\/ceiparquitectoleoz\/files\/2019\/01\/Navidad3Ciclo-40x48.jpg 40w, https:\/\/blogsaverroes.juntadeandalucia.es\/ceiparquitectoleoz\/files\/2019\/01\/Navidad3Ciclo.jpg 664w\" sizes=\"(max-width: 247px) 100vw, 247px\" \/><\/a><\/p>\n","protected":false},"excerpt":{"rendered":"<p>(Para Centros Escolares) Las pasadas navidades el Ayuntamiento de San Fernando convoc\u00f3 su XXXII Certamen de Nacimientos, al objeto de premiar aquellos que re\u00fanan mayores m\u00e9ritos. El concurso iba dirigido a todos los Nacimientos&#46;&#46;&#46;<\/p>\n","protected":false},"author":6131,"featured_media":0,"parent":0,"menu_order":0,"comment_status":"closed","ping_status":"closed","template":"","meta":{"ngg_post_thumbnail":0,"footnotes":"","_mc_calendar":[]},"aioseo_notices":[],"_links":{"self":[{"href":"https:\/\/blogsaverroes.juntadeandalucia.es\/ceiparquitectoleoz\/wp-json\/wp\/v2\/pages\/2782"}],"collection":[{"href":"https:\/\/blogsaverroes.juntadeandalucia.es\/ceiparquitectoleoz\/wp-json\/wp\/v2\/pages"}],"about":[{"href":"https:\/\/blogsaverroes.juntadeandalucia.es\/ceiparquitectoleoz\/wp-json\/wp\/v2\/types\/page"}],"author":[{"embeddable":true,"href":"https:\/\/blogsaverroes.juntadeandalucia.es\/ceiparquitectoleoz\/wp-json\/wp\/v2\/users\/6131"}],"replies":[{"embeddable":true,"href":"https:\/\/blogsaverroes.juntadeandalucia.es\/ceiparquitectoleoz\/wp-json\/wp\/v2\/comments?post=2782"}],"version-history":[{"count":1,"href":"https:\/\/blogsaverroes.juntadeandalucia.es\/ceiparquitectoleoz\/wp-json\/wp\/v2\/pages\/2782\/revisions"}],"predecessor-version":[{"id":2786,"href":"https:\/\/blogsaverroes.juntadeandalucia.es\/ceiparquitectoleoz\/wp-json\/wp\/v2\/pages\/2782\/revisions\/2786"}],"wp:attachment":[{"href":"https:\/\/blogsaverroes.juntadeandalucia.es\/ceiparquitectoleoz\/wp-json\/wp\/v2\/media?parent=2782"}],"curies":[{"name":"wp","href":"https:\/\/api.w.org\/{rel}","templated":true}]}}