{"id":2944,"date":"2019-03-11T09:31:56","date_gmt":"2019-03-11T09:31:56","guid":{"rendered":"https:\/\/blogsaverroes.juntadeandalucia.es\/ceiparquitectoleoz\/?page_id=2944"},"modified":"2019-03-11T09:46:46","modified_gmt":"2019-03-11T09:46:46","slug":"la-proteccion-del-medio-ambiente","status":"publish","type":"page","link":"https:\/\/blogsaverroes.juntadeandalucia.es\/ceiparquitectoleoz\/la-proteccion-del-medio-ambiente\/","title":{"rendered":"La protecci\u00f3n del medio ambiente"},"content":{"rendered":"<p><span style=\"color: #993300\"><strong>La conservaci\u00f3n y la protecci\u00f3n del medio ambiente<\/strong> se realizan, primero, desde el propio hogar y, luego, se ampl\u00eda a toda la sociedad, aplicando la \u00abregla de las tres erres\u00bb, es decir, reducir, reutilizar y reciclar:<\/span><\/p>\n<ul>\n<li><span style=\"color: #993300\">Reducir el uso de materiales no renovables, como el pl\u00e1stico, envoltorios, papel y energ\u00edas no renovables. Comprar productos frescos en lugar de congelados envasados y reducir el uso de detergentes que da\u00f1an los sistemas acu\u00e1ticos.<\/span><\/li>\n<li><span style=\"color: #993300\">Reutilizar todos los productos que sean posibles, como el papel, el vidrio, los envases, etc.<\/span><\/li>\n<li><span style=\"color: #993300\">Reciclar los materiales usados para que puedan ser transformados en otros.<\/span><\/li>\n<\/ul>\n<p><span style=\"color: #993300\">Desde nuestro centro aprendemos a trav\u00e9s del \u00c1rea de Art\u00edsticas c\u00f3mo reutilizar todos los materiales que tenemos en casa.<\/span><\/p>\n<p><a href=\"https:\/\/blogsaverroes.juntadeandalucia.es\/ceiparquitectoleoz\/files\/2019\/03\/IMG-20190227-WA0022.jpg\" target=\"_blank\" rel=\"noopener\"><img loading=\"lazy\" decoding=\"async\" class=\"alignnone wp-image-2945 size-medium\" src=\"https:\/\/blogsaverroes.juntadeandalucia.es\/ceiparquitectoleoz\/files\/2019\/03\/IMG-20190227-WA0022-300x169.jpg\" alt=\"\" width=\"300\" height=\"169\" srcset=\"https:\/\/blogsaverroes.juntadeandalucia.es\/ceiparquitectoleoz\/files\/2019\/03\/IMG-20190227-WA0022-300x169.jpg 300w, https:\/\/blogsaverroes.juntadeandalucia.es\/ceiparquitectoleoz\/files\/2019\/03\/IMG-20190227-WA0022-1024x576.jpg 1024w, https:\/\/blogsaverroes.juntadeandalucia.es\/ceiparquitectoleoz\/files\/2019\/03\/IMG-20190227-WA0022-24x14.jpg 24w, https:\/\/blogsaverroes.juntadeandalucia.es\/ceiparquitectoleoz\/files\/2019\/03\/IMG-20190227-WA0022-36x20.jpg 36w, https:\/\/blogsaverroes.juntadeandalucia.es\/ceiparquitectoleoz\/files\/2019\/03\/IMG-20190227-WA0022-48x27.jpg 48w, https:\/\/blogsaverroes.juntadeandalucia.es\/ceiparquitectoleoz\/files\/2019\/03\/IMG-20190227-WA0022.jpg 1600w\" sizes=\"(max-width: 300px) 100vw, 300px\" \/><\/a> <a href=\"https:\/\/blogsaverroes.juntadeandalucia.es\/ceiparquitectoleoz\/files\/2019\/03\/IMG-20190227-WA0024.jpg\" target=\"_blank\" rel=\"noopener\"><img loading=\"lazy\" decoding=\"async\" class=\"alignnone wp-image-2946 size-medium\" src=\"https:\/\/blogsaverroes.juntadeandalucia.es\/ceiparquitectoleoz\/files\/2019\/03\/IMG-20190227-WA0024-300x169.jpg\" alt=\"\" width=\"300\" height=\"169\" srcset=\"https:\/\/blogsaverroes.juntadeandalucia.es\/ceiparquitectoleoz\/files\/2019\/03\/IMG-20190227-WA0024-300x169.jpg 300w, https:\/\/blogsaverroes.juntadeandalucia.es\/ceiparquitectoleoz\/files\/2019\/03\/IMG-20190227-WA0024-1024x576.jpg 1024w, https:\/\/blogsaverroes.juntadeandalucia.es\/ceiparquitectoleoz\/files\/2019\/03\/IMG-20190227-WA0024-24x14.jpg 24w, https:\/\/blogsaverroes.juntadeandalucia.es\/ceiparquitectoleoz\/files\/2019\/03\/IMG-20190227-WA0024-36x20.jpg 36w, https:\/\/blogsaverroes.juntadeandalucia.es\/ceiparquitectoleoz\/files\/2019\/03\/IMG-20190227-WA0024-48x27.jpg 48w, https:\/\/blogsaverroes.juntadeandalucia.es\/ceiparquitectoleoz\/files\/2019\/03\/IMG-20190227-WA0024.jpg 1600w\" sizes=\"(max-width: 300px) 100vw, 300px\" \/><\/a> <a href=\"https:\/\/blogsaverroes.juntadeandalucia.es\/ceiparquitectoleoz\/files\/2019\/03\/IMG-20190227-WA0026.jpg\" target=\"_blank\" rel=\"noopener\"><img loading=\"lazy\" decoding=\"async\" class=\"alignnone wp-image-2947 size-medium\" src=\"https:\/\/blogsaverroes.juntadeandalucia.es\/ceiparquitectoleoz\/files\/2019\/03\/IMG-20190227-WA0026-300x169.jpg\" alt=\"\" width=\"300\" height=\"169\" srcset=\"https:\/\/blogsaverroes.juntadeandalucia.es\/ceiparquitectoleoz\/files\/2019\/03\/IMG-20190227-WA0026-300x169.jpg 300w, https:\/\/blogsaverroes.juntadeandalucia.es\/ceiparquitectoleoz\/files\/2019\/03\/IMG-20190227-WA0026-1024x576.jpg 1024w, https:\/\/blogsaverroes.juntadeandalucia.es\/ceiparquitectoleoz\/files\/2019\/03\/IMG-20190227-WA0026-24x14.jpg 24w, https:\/\/blogsaverroes.juntadeandalucia.es\/ceiparquitectoleoz\/files\/2019\/03\/IMG-20190227-WA0026-36x20.jpg 36w, https:\/\/blogsaverroes.juntadeandalucia.es\/ceiparquitectoleoz\/files\/2019\/03\/IMG-20190227-WA0026-48x27.jpg 48w, https:\/\/blogsaverroes.juntadeandalucia.es\/ceiparquitectoleoz\/files\/2019\/03\/IMG-20190227-WA0026.jpg 1600w\" sizes=\"(max-width: 300px) 100vw, 300px\" \/><\/a> <a href=\"https:\/\/blogsaverroes.juntadeandalucia.es\/ceiparquitectoleoz\/files\/2019\/03\/IMG-20190227-WA0027.jpg\" target=\"_blank\" rel=\"noopener\"><img loading=\"lazy\" decoding=\"async\" class=\"alignnone wp-image-2948 size-medium\" src=\"https:\/\/blogsaverroes.juntadeandalucia.es\/ceiparquitectoleoz\/files\/2019\/03\/IMG-20190227-WA0027-300x169.jpg\" alt=\"\" width=\"300\" height=\"169\" srcset=\"https:\/\/blogsaverroes.juntadeandalucia.es\/ceiparquitectoleoz\/files\/2019\/03\/IMG-20190227-WA0027-300x169.jpg 300w, https:\/\/blogsaverroes.juntadeandalucia.es\/ceiparquitectoleoz\/files\/2019\/03\/IMG-20190227-WA0027-1024x576.jpg 1024w, https:\/\/blogsaverroes.juntadeandalucia.es\/ceiparquitectoleoz\/files\/2019\/03\/IMG-20190227-WA0027-24x14.jpg 24w, https:\/\/blogsaverroes.juntadeandalucia.es\/ceiparquitectoleoz\/files\/2019\/03\/IMG-20190227-WA0027-36x20.jpg 36w, https:\/\/blogsaverroes.juntadeandalucia.es\/ceiparquitectoleoz\/files\/2019\/03\/IMG-20190227-WA0027-48x27.jpg 48w, https:\/\/blogsaverroes.juntadeandalucia.es\/ceiparquitectoleoz\/files\/2019\/03\/IMG-20190227-WA0027.jpg 1600w\" sizes=\"(max-width: 300px) 100vw, 300px\" \/><\/a> <a href=\"https:\/\/blogsaverroes.juntadeandalucia.es\/ceiparquitectoleoz\/files\/2019\/03\/IMG-20190227-WA0040.jpg\" target=\"_blank\" rel=\"noopener\"><img loading=\"lazy\" decoding=\"async\" class=\"alignnone wp-image-2949 size-medium\" src=\"https:\/\/blogsaverroes.juntadeandalucia.es\/ceiparquitectoleoz\/files\/2019\/03\/IMG-20190227-WA0040-300x169.jpg\" alt=\"\" width=\"300\" height=\"169\" srcset=\"https:\/\/blogsaverroes.juntadeandalucia.es\/ceiparquitectoleoz\/files\/2019\/03\/IMG-20190227-WA0040-300x169.jpg 300w, https:\/\/blogsaverroes.juntadeandalucia.es\/ceiparquitectoleoz\/files\/2019\/03\/IMG-20190227-WA0040-1024x576.jpg 1024w, https:\/\/blogsaverroes.juntadeandalucia.es\/ceiparquitectoleoz\/files\/2019\/03\/IMG-20190227-WA0040-24x14.jpg 24w, https:\/\/blogsaverroes.juntadeandalucia.es\/ceiparquitectoleoz\/files\/2019\/03\/IMG-20190227-WA0040-36x20.jpg 36w, https:\/\/blogsaverroes.juntadeandalucia.es\/ceiparquitectoleoz\/files\/2019\/03\/IMG-20190227-WA0040-48x27.jpg 48w, https:\/\/blogsaverroes.juntadeandalucia.es\/ceiparquitectoleoz\/files\/2019\/03\/IMG-20190227-WA0040.jpg 1600w\" sizes=\"(max-width: 300px) 100vw, 300px\" \/><\/a> <a href=\"https:\/\/blogsaverroes.juntadeandalucia.es\/ceiparquitectoleoz\/files\/2019\/03\/IMG-20190227-WA0067.jpg\" target=\"_blank\" rel=\"noopener\"><img loading=\"lazy\" decoding=\"async\" class=\"alignnone wp-image-2950 size-medium\" src=\"https:\/\/blogsaverroes.juntadeandalucia.es\/ceiparquitectoleoz\/files\/2019\/03\/IMG-20190227-WA0067-169x300.jpg\" alt=\"\" width=\"169\" height=\"300\" srcset=\"https:\/\/blogsaverroes.juntadeandalucia.es\/ceiparquitectoleoz\/files\/2019\/03\/IMG-20190227-WA0067-169x300.jpg 169w, https:\/\/blogsaverroes.juntadeandalucia.es\/ceiparquitectoleoz\/files\/2019\/03\/IMG-20190227-WA0067-576x1024.jpg 576w, https:\/\/blogsaverroes.juntadeandalucia.es\/ceiparquitectoleoz\/files\/2019\/03\/IMG-20190227-WA0067-14x24.jpg 14w, https:\/\/blogsaverroes.juntadeandalucia.es\/ceiparquitectoleoz\/files\/2019\/03\/IMG-20190227-WA0067-20x36.jpg 20w, https:\/\/blogsaverroes.juntadeandalucia.es\/ceiparquitectoleoz\/files\/2019\/03\/IMG-20190227-WA0067-27x48.jpg 27w, https:\/\/blogsaverroes.juntadeandalucia.es\/ceiparquitectoleoz\/files\/2019\/03\/IMG-20190227-WA0067.jpg 900w\" sizes=\"(max-width: 169px) 100vw, 169px\" \/><\/a> <a href=\"https:\/\/blogsaverroes.juntadeandalucia.es\/ceiparquitectoleoz\/files\/2019\/03\/IMG-20190227-WA0068.jpg\" target=\"_blank\" rel=\"noopener\"><img loading=\"lazy\" decoding=\"async\" class=\"alignnone wp-image-2951 size-medium\" src=\"https:\/\/blogsaverroes.juntadeandalucia.es\/ceiparquitectoleoz\/files\/2019\/03\/IMG-20190227-WA0068-169x300.jpg\" alt=\"\" width=\"169\" height=\"300\" srcset=\"https:\/\/blogsaverroes.juntadeandalucia.es\/ceiparquitectoleoz\/files\/2019\/03\/IMG-20190227-WA0068-169x300.jpg 169w, https:\/\/blogsaverroes.juntadeandalucia.es\/ceiparquitectoleoz\/files\/2019\/03\/IMG-20190227-WA0068-576x1024.jpg 576w, https:\/\/blogsaverroes.juntadeandalucia.es\/ceiparquitectoleoz\/files\/2019\/03\/IMG-20190227-WA0068-14x24.jpg 14w, https:\/\/blogsaverroes.juntadeandalucia.es\/ceiparquitectoleoz\/files\/2019\/03\/IMG-20190227-WA0068-20x36.jpg 20w, https:\/\/blogsaverroes.juntadeandalucia.es\/ceiparquitectoleoz\/files\/2019\/03\/IMG-20190227-WA0068-27x48.jpg 27w, https:\/\/blogsaverroes.juntadeandalucia.es\/ceiparquitectoleoz\/files\/2019\/03\/IMG-20190227-WA0068.jpg 900w\" sizes=\"(max-width: 169px) 100vw, 169px\" \/><\/a> <a href=\"https:\/\/blogsaverroes.juntadeandalucia.es\/ceiparquitectoleoz\/files\/2019\/03\/IMG-20190227-WA0069.jpg\" target=\"_blank\" rel=\"noopener\"><img loading=\"lazy\" decoding=\"async\" class=\"alignnone wp-image-2952 size-medium\" src=\"https:\/\/blogsaverroes.juntadeandalucia.es\/ceiparquitectoleoz\/files\/2019\/03\/IMG-20190227-WA0069-169x300.jpg\" alt=\"\" width=\"169\" height=\"300\" srcset=\"https:\/\/blogsaverroes.juntadeandalucia.es\/ceiparquitectoleoz\/files\/2019\/03\/IMG-20190227-WA0069-169x300.jpg 169w, https:\/\/blogsaverroes.juntadeandalucia.es\/ceiparquitectoleoz\/files\/2019\/03\/IMG-20190227-WA0069-576x1024.jpg 576w, https:\/\/blogsaverroes.juntadeandalucia.es\/ceiparquitectoleoz\/files\/2019\/03\/IMG-20190227-WA0069-14x24.jpg 14w, https:\/\/blogsaverroes.juntadeandalucia.es\/ceiparquitectoleoz\/files\/2019\/03\/IMG-20190227-WA0069-20x36.jpg 20w, https:\/\/blogsaverroes.juntadeandalucia.es\/ceiparquitectoleoz\/files\/2019\/03\/IMG-20190227-WA0069-27x48.jpg 27w, https:\/\/blogsaverroes.juntadeandalucia.es\/ceiparquitectoleoz\/files\/2019\/03\/IMG-20190227-WA0069.jpg 900w\" sizes=\"(max-width: 169px) 100vw, 169px\" \/><\/a><\/p>\n","protected":false},"excerpt":{"rendered":"<p>La conservaci\u00f3n y la protecci\u00f3n del medio ambiente se realizan, primero, desde el propio hogar y, luego, se ampl\u00eda a toda la sociedad, aplicando la \u00abregla de las tres erres\u00bb, es decir, reducir, reutilizar&#46;&#46;&#46;<\/p>\n","protected":false},"author":6131,"featured_media":0,"parent":0,"menu_order":0,"comment_status":"closed","ping_status":"closed","template":"","meta":{"ngg_post_thumbnail":0,"footnotes":"","_mc_calendar":[]},"aioseo_notices":[],"_links":{"self":[{"href":"https:\/\/blogsaverroes.juntadeandalucia.es\/ceiparquitectoleoz\/wp-json\/wp\/v2\/pages\/2944"}],"collection":[{"href":"https:\/\/blogsaverroes.juntadeandalucia.es\/ceiparquitectoleoz\/wp-json\/wp\/v2\/pages"}],"about":[{"href":"https:\/\/blogsaverroes.juntadeandalucia.es\/ceiparquitectoleoz\/wp-json\/wp\/v2\/types\/page"}],"author":[{"embeddable":true,"href":"https:\/\/blogsaverroes.juntadeandalucia.es\/ceiparquitectoleoz\/wp-json\/wp\/v2\/users\/6131"}],"replies":[{"embeddable":true,"href":"https:\/\/blogsaverroes.juntadeandalucia.es\/ceiparquitectoleoz\/wp-json\/wp\/v2\/comments?post=2944"}],"version-history":[{"count":4,"href":"https:\/\/blogsaverroes.juntadeandalucia.es\/ceiparquitectoleoz\/wp-json\/wp\/v2\/pages\/2944\/revisions"}],"predecessor-version":[{"id":2968,"href":"https:\/\/blogsaverroes.juntadeandalucia.es\/ceiparquitectoleoz\/wp-json\/wp\/v2\/pages\/2944\/revisions\/2968"}],"wp:attachment":[{"href":"https:\/\/blogsaverroes.juntadeandalucia.es\/ceiparquitectoleoz\/wp-json\/wp\/v2\/media?parent=2944"}],"curies":[{"name":"wp","href":"https:\/\/api.w.org\/{rel}","templated":true}]}}