{"id":2956,"date":"2019-03-11T09:36:23","date_gmt":"2019-03-11T09:36:23","guid":{"rendered":"https:\/\/blogsaverroes.juntadeandalucia.es\/ceiparquitectoleoz\/?page_id=2956"},"modified":"2019-03-11T09:49:57","modified_gmt":"2019-03-11T09:49:57","slug":"taller-de-ciencias","status":"publish","type":"page","link":"https:\/\/blogsaverroes.juntadeandalucia.es\/ceiparquitectoleoz\/taller-de-ciencias\/","title":{"rendered":"Taller de Ciencias"},"content":{"rendered":"<p><span style=\"color: #993300\"><strong>TALLER DE CIENCIAS &#8211; INVESTIGAMOS<\/strong><\/span><\/p>\n<p><span style=\"color: #993300\"><strong>Construimos un modelo de pulm\u00f3n <\/strong><\/span><\/p>\n<p><span style=\"color: #993300\">Con este experimento han podido simular una caja tor\u00e1cica humana con un aparato respiratorio en su interior, que realiza los movimientos respiratorios para tomar y expulsar aire.<\/span><\/p>\n<p><span style=\"color: #993300\"><strong>&nbsp;<\/strong>Se le dio al alumnado los pasos para realizar la actividad:<\/span><\/p>\n<p><span style=\"color: #993300\"><strong>Primero, re\u00fane los materiales <\/strong><strong>\u2022 <\/strong>Un vaso de pl\u00e1stico transparente&nbsp;<strong>\u2022 <\/strong>Una pajita&nbsp;<strong>\u2022 <\/strong>Dos globos&nbsp;<strong>\u2022 <\/strong>Tijeras&nbsp;<strong>\u2022<\/strong> cinta aislante&nbsp;<strong>\u2022<\/strong> cola<\/span><\/p>\n<p><span style=\"color: #993300\"><strong>Monta el modelo de pulm\u00f3n <\/strong>Sigue estos pasos para construir un modelo como el que se indica en las im\u00e1genes.1. Haz un agujero en la base del vaso. Por ah\u00ed debe entrar la pajita. 2. Une uno de los extremos de la pajita y la boquilla de uno de los globos y sella la uni\u00f3n con cinta aislante. 3. Introduce la pajita en el vaso de modo que el globo quede hacia dentro y el extremo de la pajita hacia fuera. Sella el agujero del vaso con cola. 4. Corta la boquilla del otro globo y utiliza la parte ancha para tapar la boca del vaso. Pon un poco de cinta aislante para evitar que entre aire.<\/span><\/p>\n<p><span style=\"color: #993300\"><strong>Posteriormente sacar\u00e1n sus conclusiones<\/strong><\/span><\/p>\n<p><span style=\"color: #993300\"><strong>1 <\/strong>Indica qu\u00e9 partes del aparato respiratorio humano simulan: a) el vaso; b) la pajita; c) el globo unido a la pajita; d) el globo que tapa el vaso. Adem\u00e1s, este modelo funciona de manera parecida a un pulm\u00f3n real. F\u00edjate: Tira del globo que tapa el vaso hacia abajo, para hacer que el espacio del interior del vaso se haga mayor.<\/span><\/p>\n<p><span style=\"color: #993300\">&nbsp;<strong>2 <\/strong>\u00bfQu\u00e9 ocurre con el globo del interior del vaso cuando tiras del otro globo hacia abajo?<\/span><\/p>\n<p><span style=\"color: #993300\"><strong>3 <\/strong>\u00bfPor qu\u00e9 crees que entra aire?<\/span><\/p>\n<p><span style=\"color: #993300\"><strong>4 <\/strong>\u00bfQu\u00e9 movimiento respiratorio simulas al tirar hacia abajo del globo que cierra el vaso? Suelta el globo que tapa el vaso lentamente, para hacer que el espacio dentro del vaso sea como al principio.<\/span><\/p>\n<p><span style=\"color: #993300\"><strong>5 <\/strong>\u00bfQu\u00e9 ocurre con el globo del interior del vaso cuando sueltas el globo que cierra?<\/span><\/p>\n<p><span style=\"color: #993300\"><strong>6 <\/strong>\u00bfQu\u00e9 movimiento respiratorio simulas al soltar el globo que cierra el vaso?<\/span><\/p>\n<p><span style=\"color: #993300\"><strong>7 <\/strong>Escribe un breve informe explicando si la simulaci\u00f3n te parece adecuada o si, por el contrario, cambiar\u00edas algo en el modelo.<\/span><\/p>\n<p><a href=\"https:\/\/blogsaverroes.juntadeandalucia.es\/ceiparquitectoleoz\/files\/2019\/03\/IMG-20190227-WA0021.jpg\" target=\"_blank\" rel=\"noopener\"><img loading=\"lazy\" decoding=\"async\" class=\"alignnone wp-image-2957 size-medium\" src=\"https:\/\/blogsaverroes.juntadeandalucia.es\/ceiparquitectoleoz\/files\/2019\/03\/IMG-20190227-WA0021-300x169.jpg\" alt=\"\" width=\"300\" height=\"169\" srcset=\"https:\/\/blogsaverroes.juntadeandalucia.es\/ceiparquitectoleoz\/files\/2019\/03\/IMG-20190227-WA0021-300x169.jpg 300w, https:\/\/blogsaverroes.juntadeandalucia.es\/ceiparquitectoleoz\/files\/2019\/03\/IMG-20190227-WA0021-1024x576.jpg 1024w, https:\/\/blogsaverroes.juntadeandalucia.es\/ceiparquitectoleoz\/files\/2019\/03\/IMG-20190227-WA0021-24x14.jpg 24w, https:\/\/blogsaverroes.juntadeandalucia.es\/ceiparquitectoleoz\/files\/2019\/03\/IMG-20190227-WA0021-36x20.jpg 36w, https:\/\/blogsaverroes.juntadeandalucia.es\/ceiparquitectoleoz\/files\/2019\/03\/IMG-20190227-WA0021-48x27.jpg 48w, https:\/\/blogsaverroes.juntadeandalucia.es\/ceiparquitectoleoz\/files\/2019\/03\/IMG-20190227-WA0021.jpg 1600w\" sizes=\"(max-width: 300px) 100vw, 300px\" \/><\/a><\/p>\n","protected":false},"excerpt":{"rendered":"<p>TALLER DE CIENCIAS &#8211; INVESTIGAMOS Construimos un modelo de pulm\u00f3n Con este experimento han podido simular una caja tor\u00e1cica humana con un aparato respiratorio en su interior, que realiza los movimientos respiratorios para tomar&#46;&#46;&#46;<\/p>\n","protected":false},"author":6131,"featured_media":0,"parent":0,"menu_order":0,"comment_status":"closed","ping_status":"closed","template":"","meta":{"ngg_post_thumbnail":0,"footnotes":"","_mc_calendar":[]},"aioseo_notices":[],"_links":{"self":[{"href":"https:\/\/blogsaverroes.juntadeandalucia.es\/ceiparquitectoleoz\/wp-json\/wp\/v2\/pages\/2956"}],"collection":[{"href":"https:\/\/blogsaverroes.juntadeandalucia.es\/ceiparquitectoleoz\/wp-json\/wp\/v2\/pages"}],"about":[{"href":"https:\/\/blogsaverroes.juntadeandalucia.es\/ceiparquitectoleoz\/wp-json\/wp\/v2\/types\/page"}],"author":[{"embeddable":true,"href":"https:\/\/blogsaverroes.juntadeandalucia.es\/ceiparquitectoleoz\/wp-json\/wp\/v2\/users\/6131"}],"replies":[{"embeddable":true,"href":"https:\/\/blogsaverroes.juntadeandalucia.es\/ceiparquitectoleoz\/wp-json\/wp\/v2\/comments?post=2956"}],"version-history":[{"count":4,"href":"https:\/\/blogsaverroes.juntadeandalucia.es\/ceiparquitectoleoz\/wp-json\/wp\/v2\/pages\/2956\/revisions"}],"predecessor-version":[{"id":2971,"href":"https:\/\/blogsaverroes.juntadeandalucia.es\/ceiparquitectoleoz\/wp-json\/wp\/v2\/pages\/2956\/revisions\/2971"}],"wp:attachment":[{"href":"https:\/\/blogsaverroes.juntadeandalucia.es\/ceiparquitectoleoz\/wp-json\/wp\/v2\/media?parent=2956"}],"curies":[{"name":"wp","href":"https:\/\/api.w.org\/{rel}","templated":true}]}}