{"id":3142,"date":"2019-06-05T08:22:43","date_gmt":"2019-06-05T08:22:43","guid":{"rendered":"https:\/\/blogsaverroes.juntadeandalucia.es\/ceiparquitectoleoz\/?page_id=3142"},"modified":"2019-06-05T08:25:10","modified_gmt":"2019-06-05T08:25:10","slug":"periodico-escolar","status":"publish","type":"page","link":"https:\/\/blogsaverroes.juntadeandalucia.es\/ceiparquitectoleoz\/periodico-escolar\/","title":{"rendered":"Peri\u00f3dico Escolar"},"content":{"rendered":"<p><span style=\"color: #993300\">Son muchos los alumnos y las&nbsp;alumnas que han participado&nbsp;con esfuerzo e ilusi\u00f3n en el&nbsp;peri\u00f3dico escolar del colegio. Este&nbsp; proyecto&nbsp;ha nacido en el cole con&nbsp;la intenci\u00f3n de acercar a los alumnos\/as&nbsp; a la realidad que se&nbsp;vive en nuestras aulas y pasillos.&nbsp;<\/span><\/p>\n<p><span style=\"color: #993300\"><strong>Este proyecto con el alumnado de 6\u00ba de Primaria sobre la puesta en marcha de un peri\u00f3dico escolar: les ha permitido integrar todas las \u00e1reas con el uso de las TIC. <\/strong><\/span><\/p>\n<p><span style=\"color: #993300\">Preguntar, entrevistar, hacer fotos, entrar en otras clases\u2026 son algunas de las funciones que los alumnos han llevado a cabo. Ellos han sido los verdaderos protagonistas de su propio aprendizaje.<\/span><\/p>\n<p><a href=\"https:\/\/drive.google.com\/open?id=1Dpp6p9o3dHXMKO-iOqEiD96Vlro69WMw\" target=\"_blank\" rel=\"noopener\">Hacer clic aqu\u00ed para abrir el archivo PDF del Peri\u00f3dico Escolar<\/a><\/p>\n","protected":false},"excerpt":{"rendered":"<p>Son muchos los alumnos y las&nbsp;alumnas que han participado&nbsp;con esfuerzo e ilusi\u00f3n en el&nbsp;peri\u00f3dico escolar del colegio. Este&nbsp; proyecto&nbsp;ha nacido en el cole con&nbsp;la intenci\u00f3n de acercar a los alumnos\/as&nbsp; a la realidad que&#46;&#46;&#46;<\/p>\n","protected":false},"author":6131,"featured_media":0,"parent":0,"menu_order":0,"comment_status":"closed","ping_status":"closed","template":"","meta":{"ngg_post_thumbnail":0,"footnotes":"","_mc_calendar":[]},"aioseo_notices":[],"_links":{"self":[{"href":"https:\/\/blogsaverroes.juntadeandalucia.es\/ceiparquitectoleoz\/wp-json\/wp\/v2\/pages\/3142"}],"collection":[{"href":"https:\/\/blogsaverroes.juntadeandalucia.es\/ceiparquitectoleoz\/wp-json\/wp\/v2\/pages"}],"about":[{"href":"https:\/\/blogsaverroes.juntadeandalucia.es\/ceiparquitectoleoz\/wp-json\/wp\/v2\/types\/page"}],"author":[{"embeddable":true,"href":"https:\/\/blogsaverroes.juntadeandalucia.es\/ceiparquitectoleoz\/wp-json\/wp\/v2\/users\/6131"}],"replies":[{"embeddable":true,"href":"https:\/\/blogsaverroes.juntadeandalucia.es\/ceiparquitectoleoz\/wp-json\/wp\/v2\/comments?post=3142"}],"version-history":[{"count":4,"href":"https:\/\/blogsaverroes.juntadeandalucia.es\/ceiparquitectoleoz\/wp-json\/wp\/v2\/pages\/3142\/revisions"}],"predecessor-version":[{"id":3146,"href":"https:\/\/blogsaverroes.juntadeandalucia.es\/ceiparquitectoleoz\/wp-json\/wp\/v2\/pages\/3142\/revisions\/3146"}],"wp:attachment":[{"href":"https:\/\/blogsaverroes.juntadeandalucia.es\/ceiparquitectoleoz\/wp-json\/wp\/v2\/media?parent=3142"}],"curies":[{"name":"wp","href":"https:\/\/api.w.org\/{rel}","templated":true}]}}