{"id":3173,"date":"2019-06-18T10:00:53","date_gmt":"2019-06-18T10:00:53","guid":{"rendered":"https:\/\/blogsaverroes.juntadeandalucia.es\/ceiparquitectoleoz\/?page_id=3173"},"modified":"2019-06-18T10:13:42","modified_gmt":"2019-06-18T10:13:42","slug":"proyecto-bahia-de-plata","status":"publish","type":"page","link":"https:\/\/blogsaverroes.juntadeandalucia.es\/ceiparquitectoleoz\/proyecto-bahia-de-plata\/","title":{"rendered":"Proyecto Bah\u00eda de Plata"},"content":{"rendered":"<p><img loading=\"lazy\" decoding=\"async\" class=\"aligncenter wp-image-3174 size-large\" src=\"https:\/\/blogsaverroes.juntadeandalucia.es\/ceiparquitectoleoz\/files\/2019\/06\/BAHIA-DE-PLATA-PANCARTA-1024x342.jpg\" alt=\"\" width=\"1024\" height=\"342\" srcset=\"https:\/\/blogsaverroes.juntadeandalucia.es\/ceiparquitectoleoz\/files\/2019\/06\/BAHIA-DE-PLATA-PANCARTA-1024x342.jpg 1024w, https:\/\/blogsaverroes.juntadeandalucia.es\/ceiparquitectoleoz\/files\/2019\/06\/BAHIA-DE-PLATA-PANCARTA-300x100.jpg 300w, https:\/\/blogsaverroes.juntadeandalucia.es\/ceiparquitectoleoz\/files\/2019\/06\/BAHIA-DE-PLATA-PANCARTA-768x256.jpg 768w, https:\/\/blogsaverroes.juntadeandalucia.es\/ceiparquitectoleoz\/files\/2019\/06\/BAHIA-DE-PLATA-PANCARTA-24x8.jpg 24w, https:\/\/blogsaverroes.juntadeandalucia.es\/ceiparquitectoleoz\/files\/2019\/06\/BAHIA-DE-PLATA-PANCARTA-36x12.jpg 36w, https:\/\/blogsaverroes.juntadeandalucia.es\/ceiparquitectoleoz\/files\/2019\/06\/BAHIA-DE-PLATA-PANCARTA-48x16.jpg 48w, https:\/\/blogsaverroes.juntadeandalucia.es\/ceiparquitectoleoz\/files\/2019\/06\/BAHIA-DE-PLATA-PANCARTA.jpg 1600w\" sizes=\"(max-width: 1024px) 100vw, 1024px\" \/>&nbsp;<span style=\"color: #008000\">El d\u00eda 5 de junio, D\u00eda Mundial del Medio Ambiente, est\u00e1 prevista una gran limpieza del Parque Natural Bah\u00eda de C\u00e1diz con la colaboraci\u00f3n de una veintena de centros educativos p\u00fablicos de la zona, &nbsp;alumnos y profesores, pero tambi\u00e9n de familiares, colectivos y organizaciones comprometidas con la conservaci\u00f3n y mejora del entorno as\u00ed como con la Educaci\u00f3n Ambiental, como Green Peace, Agaden, Bah\u00eda de C\u00e1diz o Los Jartibles; sobre todo, personas preocupadas por nuestro entorno y con el deseo de que nuestra Bah\u00eda est\u00e9 \u00abCOMO LA PLATA DE LIMPIA\u00bb.<\/span><\/p>\n<p><span style=\"color: #008000\">El&nbsp; objetivo&nbsp; com\u00fan es sensibilizar y concienciar sobre el valor y patrimonio de nuestro entorno as\u00ed como educar especialmente a l@s ni\u00f1@s en la conservaci\u00f3n del Parque Natural Bah\u00eda de C\u00e1diz, y la suma de esfuerzos en relaci\u00f3n a la concienciaci\u00f3n y desarrollo de una acci\u00f3n conjunta a nivel local, concretada en una limpieza participativa colectiva.<\/span><\/p>\n<p><img loading=\"lazy\" decoding=\"async\" class=\"alignnone size-full wp-image-2615\" src=\"https:\/\/blogsaverroes.juntadeandalucia.es\/ceiparquitectoleoz\/files\/2015\/03\/IconoVideo.jpg\" alt=\"\" width=\"53\" height=\"52\" srcset=\"https:\/\/blogsaverroes.juntadeandalucia.es\/ceiparquitectoleoz\/files\/2015\/03\/IconoVideo.jpg 53w, https:\/\/blogsaverroes.juntadeandalucia.es\/ceiparquitectoleoz\/files\/2015\/03\/IconoVideo-150x150.jpg 150w, https:\/\/blogsaverroes.juntadeandalucia.es\/ceiparquitectoleoz\/files\/2015\/03\/IconoVideo-100x100.jpg 100w, https:\/\/blogsaverroes.juntadeandalucia.es\/ceiparquitectoleoz\/files\/2015\/03\/IconoVideo-160x160.jpg 160w, https:\/\/blogsaverroes.juntadeandalucia.es\/ceiparquitectoleoz\/files\/2015\/03\/IconoVideo-320x320.jpg 320w, https:\/\/blogsaverroes.juntadeandalucia.es\/ceiparquitectoleoz\/files\/2015\/03\/IconoVideo-24x24.jpg 24w, https:\/\/blogsaverroes.juntadeandalucia.es\/ceiparquitectoleoz\/files\/2015\/03\/IconoVideo-36x36.jpg 36w, https:\/\/blogsaverroes.juntadeandalucia.es\/ceiparquitectoleoz\/files\/2015\/03\/IconoVideo-48x48.jpg 48w\" sizes=\"(max-width: 53px) 100vw, 53px\" \/>&nbsp;<a href=\"https:\/\/drive.google.com\/file\/d\/1vdLz1N-DxBxMDLGkFTFO0XwkgJ4an934\/view?usp=sharing\" target=\"_blank\" rel=\"noopener\">Hacer clic para abrir el video Proyecto Bah\u00eda de Plata<\/a><\/p>\n<p>&nbsp;<a href=\"https:\/\/blogsaverroes.juntadeandalucia.es\/ceiparquitectoleoz\/files\/2019\/06\/IMG-20190402-WA0002.jpg\" target=\"_blank\" rel=\"noopener\"><img loading=\"lazy\" decoding=\"async\" class=\"alignnone wp-image-3175 size-medium\" src=\"https:\/\/blogsaverroes.juntadeandalucia.es\/ceiparquitectoleoz\/files\/2019\/06\/IMG-20190402-WA0002-300x169.jpg\" alt=\"\" width=\"300\" height=\"169\" srcset=\"https:\/\/blogsaverroes.juntadeandalucia.es\/ceiparquitectoleoz\/files\/2019\/06\/IMG-20190402-WA0002-300x169.jpg 300w, https:\/\/blogsaverroes.juntadeandalucia.es\/ceiparquitectoleoz\/files\/2019\/06\/IMG-20190402-WA0002-768x432.jpg 768w, https:\/\/blogsaverroes.juntadeandalucia.es\/ceiparquitectoleoz\/files\/2019\/06\/IMG-20190402-WA0002-1024x576.jpg 1024w, https:\/\/blogsaverroes.juntadeandalucia.es\/ceiparquitectoleoz\/files\/2019\/06\/IMG-20190402-WA0002-24x13.jpg 24w, https:\/\/blogsaverroes.juntadeandalucia.es\/ceiparquitectoleoz\/files\/2019\/06\/IMG-20190402-WA0002-36x20.jpg 36w, https:\/\/blogsaverroes.juntadeandalucia.es\/ceiparquitectoleoz\/files\/2019\/06\/IMG-20190402-WA0002-48x27.jpg 48w, https:\/\/blogsaverroes.juntadeandalucia.es\/ceiparquitectoleoz\/files\/2019\/06\/IMG-20190402-WA0002.jpg 1599w\" sizes=\"(max-width: 300px) 100vw, 300px\" \/><\/a> <a href=\"https:\/\/blogsaverroes.juntadeandalucia.es\/ceiparquitectoleoz\/files\/2019\/06\/IMG-20190402-WA0005.jpg\" target=\"_blank\" rel=\"noopener\"><img loading=\"lazy\" decoding=\"async\" class=\"alignnone wp-image-3176 size-medium\" src=\"https:\/\/blogsaverroes.juntadeandalucia.es\/ceiparquitectoleoz\/files\/2019\/06\/IMG-20190402-WA0005-300x225.jpg\" alt=\"\" width=\"300\" height=\"225\" srcset=\"https:\/\/blogsaverroes.juntadeandalucia.es\/ceiparquitectoleoz\/files\/2019\/06\/IMG-20190402-WA0005-300x225.jpg 300w, https:\/\/blogsaverroes.juntadeandalucia.es\/ceiparquitectoleoz\/files\/2019\/06\/IMG-20190402-WA0005-768x576.jpg 768w, https:\/\/blogsaverroes.juntadeandalucia.es\/ceiparquitectoleoz\/files\/2019\/06\/IMG-20190402-WA0005-1024x768.jpg 1024w, https:\/\/blogsaverroes.juntadeandalucia.es\/ceiparquitectoleoz\/files\/2019\/06\/IMG-20190402-WA0005-24x18.jpg 24w, https:\/\/blogsaverroes.juntadeandalucia.es\/ceiparquitectoleoz\/files\/2019\/06\/IMG-20190402-WA0005-36x27.jpg 36w, https:\/\/blogsaverroes.juntadeandalucia.es\/ceiparquitectoleoz\/files\/2019\/06\/IMG-20190402-WA0005-48x36.jpg 48w, https:\/\/blogsaverroes.juntadeandalucia.es\/ceiparquitectoleoz\/files\/2019\/06\/IMG-20190402-WA0005.jpg 1600w\" sizes=\"(max-width: 300px) 100vw, 300px\" \/><\/a> <a href=\"https:\/\/blogsaverroes.juntadeandalucia.es\/ceiparquitectoleoz\/files\/2019\/06\/IMG-20190605-WA0018.jpg\" target=\"_blank\" rel=\"noopener\"><img loading=\"lazy\" decoding=\"async\" class=\"alignnone wp-image-3177 size-medium\" src=\"https:\/\/blogsaverroes.juntadeandalucia.es\/ceiparquitectoleoz\/files\/2019\/06\/IMG-20190605-WA0018-300x169.jpg\" alt=\"\" width=\"300\" height=\"169\" srcset=\"https:\/\/blogsaverroes.juntadeandalucia.es\/ceiparquitectoleoz\/files\/2019\/06\/IMG-20190605-WA0018-300x169.jpg 300w, https:\/\/blogsaverroes.juntadeandalucia.es\/ceiparquitectoleoz\/files\/2019\/06\/IMG-20190605-WA0018-768x432.jpg 768w, https:\/\/blogsaverroes.juntadeandalucia.es\/ceiparquitectoleoz\/files\/2019\/06\/IMG-20190605-WA0018-1024x576.jpg 1024w, https:\/\/blogsaverroes.juntadeandalucia.es\/ceiparquitectoleoz\/files\/2019\/06\/IMG-20190605-WA0018-24x14.jpg 24w, https:\/\/blogsaverroes.juntadeandalucia.es\/ceiparquitectoleoz\/files\/2019\/06\/IMG-20190605-WA0018-36x20.jpg 36w, https:\/\/blogsaverroes.juntadeandalucia.es\/ceiparquitectoleoz\/files\/2019\/06\/IMG-20190605-WA0018-48x27.jpg 48w, https:\/\/blogsaverroes.juntadeandalucia.es\/ceiparquitectoleoz\/files\/2019\/06\/IMG-20190605-WA0018.jpg 1600w\" sizes=\"(max-width: 300px) 100vw, 300px\" \/><\/a> <a href=\"https:\/\/blogsaverroes.juntadeandalucia.es\/ceiparquitectoleoz\/files\/2019\/06\/IMG-20190605-WA0019.jpg\" target=\"_blank\" rel=\"noopener\"><img loading=\"lazy\" decoding=\"async\" class=\"alignnone wp-image-3178 size-medium\" src=\"https:\/\/blogsaverroes.juntadeandalucia.es\/ceiparquitectoleoz\/files\/2019\/06\/IMG-20190605-WA0019-300x169.jpg\" alt=\"\" width=\"300\" height=\"169\" srcset=\"https:\/\/blogsaverroes.juntadeandalucia.es\/ceiparquitectoleoz\/files\/2019\/06\/IMG-20190605-WA0019-300x169.jpg 300w, https:\/\/blogsaverroes.juntadeandalucia.es\/ceiparquitectoleoz\/files\/2019\/06\/IMG-20190605-WA0019-768x432.jpg 768w, https:\/\/blogsaverroes.juntadeandalucia.es\/ceiparquitectoleoz\/files\/2019\/06\/IMG-20190605-WA0019-1024x576.jpg 1024w, https:\/\/blogsaverroes.juntadeandalucia.es\/ceiparquitectoleoz\/files\/2019\/06\/IMG-20190605-WA0019-24x14.jpg 24w, https:\/\/blogsaverroes.juntadeandalucia.es\/ceiparquitectoleoz\/files\/2019\/06\/IMG-20190605-WA0019-36x20.jpg 36w, https:\/\/blogsaverroes.juntadeandalucia.es\/ceiparquitectoleoz\/files\/2019\/06\/IMG-20190605-WA0019-48x27.jpg 48w, https:\/\/blogsaverroes.juntadeandalucia.es\/ceiparquitectoleoz\/files\/2019\/06\/IMG-20190605-WA0019.jpg 1600w\" sizes=\"(max-width: 300px) 100vw, 300px\" \/><\/a> <a href=\"https:\/\/blogsaverroes.juntadeandalucia.es\/ceiparquitectoleoz\/files\/2019\/06\/IMG-20190605-WA0021.jpg\" target=\"_blank\" rel=\"noopener\"><img loading=\"lazy\" decoding=\"async\" class=\"alignnone wp-image-3179 size-medium\" src=\"https:\/\/blogsaverroes.juntadeandalucia.es\/ceiparquitectoleoz\/files\/2019\/06\/IMG-20190605-WA0021-300x169.jpg\" alt=\"\" width=\"300\" height=\"169\" srcset=\"https:\/\/blogsaverroes.juntadeandalucia.es\/ceiparquitectoleoz\/files\/2019\/06\/IMG-20190605-WA0021-300x169.jpg 300w, https:\/\/blogsaverroes.juntadeandalucia.es\/ceiparquitectoleoz\/files\/2019\/06\/IMG-20190605-WA0021-768x432.jpg 768w, https:\/\/blogsaverroes.juntadeandalucia.es\/ceiparquitectoleoz\/files\/2019\/06\/IMG-20190605-WA0021-1024x576.jpg 1024w, https:\/\/blogsaverroes.juntadeandalucia.es\/ceiparquitectoleoz\/files\/2019\/06\/IMG-20190605-WA0021-24x14.jpg 24w, https:\/\/blogsaverroes.juntadeandalucia.es\/ceiparquitectoleoz\/files\/2019\/06\/IMG-20190605-WA0021-36x20.jpg 36w, https:\/\/blogsaverroes.juntadeandalucia.es\/ceiparquitectoleoz\/files\/2019\/06\/IMG-20190605-WA0021-48x27.jpg 48w, https:\/\/blogsaverroes.juntadeandalucia.es\/ceiparquitectoleoz\/files\/2019\/06\/IMG-20190605-WA0021.jpg 1600w\" sizes=\"(max-width: 300px) 100vw, 300px\" \/><\/a> <a href=\"https:\/\/blogsaverroes.juntadeandalucia.es\/ceiparquitectoleoz\/files\/2019\/06\/IMG-20190605-WA0022.jpg\" target=\"_blank\" rel=\"noopener\"><img loading=\"lazy\" decoding=\"async\" class=\"alignnone wp-image-3180 size-medium\" src=\"https:\/\/blogsaverroes.juntadeandalucia.es\/ceiparquitectoleoz\/files\/2019\/06\/IMG-20190605-WA0022-300x215.jpg\" alt=\"\" width=\"300\" height=\"215\" srcset=\"https:\/\/blogsaverroes.juntadeandalucia.es\/ceiparquitectoleoz\/files\/2019\/06\/IMG-20190605-WA0022-300x215.jpg 300w, https:\/\/blogsaverroes.juntadeandalucia.es\/ceiparquitectoleoz\/files\/2019\/06\/IMG-20190605-WA0022-768x551.jpg 768w, https:\/\/blogsaverroes.juntadeandalucia.es\/ceiparquitectoleoz\/files\/2019\/06\/IMG-20190605-WA0022-1024x735.jpg 1024w, https:\/\/blogsaverroes.juntadeandalucia.es\/ceiparquitectoleoz\/files\/2019\/06\/IMG-20190605-WA0022-24x17.jpg 24w, https:\/\/blogsaverroes.juntadeandalucia.es\/ceiparquitectoleoz\/files\/2019\/06\/IMG-20190605-WA0022-36x26.jpg 36w, https:\/\/blogsaverroes.juntadeandalucia.es\/ceiparquitectoleoz\/files\/2019\/06\/IMG-20190605-WA0022-48x34.jpg 48w, https:\/\/blogsaverroes.juntadeandalucia.es\/ceiparquitectoleoz\/files\/2019\/06\/IMG-20190605-WA0022.jpg 1600w\" sizes=\"(max-width: 300px) 100vw, 300px\" \/><\/a> <a href=\"https:\/\/blogsaverroes.juntadeandalucia.es\/ceiparquitectoleoz\/files\/2019\/06\/IMG-20190605-WA0023.jpg\" target=\"_blank\" rel=\"noopener\"><img loading=\"lazy\" decoding=\"async\" class=\"alignnone wp-image-3181 size-medium\" src=\"https:\/\/blogsaverroes.juntadeandalucia.es\/ceiparquitectoleoz\/files\/2019\/06\/IMG-20190605-WA0023-300x169.jpg\" alt=\"\" width=\"300\" height=\"169\" srcset=\"https:\/\/blogsaverroes.juntadeandalucia.es\/ceiparquitectoleoz\/files\/2019\/06\/IMG-20190605-WA0023-300x169.jpg 300w, https:\/\/blogsaverroes.juntadeandalucia.es\/ceiparquitectoleoz\/files\/2019\/06\/IMG-20190605-WA0023-768x432.jpg 768w, https:\/\/blogsaverroes.juntadeandalucia.es\/ceiparquitectoleoz\/files\/2019\/06\/IMG-20190605-WA0023-1024x576.jpg 1024w, https:\/\/blogsaverroes.juntadeandalucia.es\/ceiparquitectoleoz\/files\/2019\/06\/IMG-20190605-WA0023-24x14.jpg 24w, https:\/\/blogsaverroes.juntadeandalucia.es\/ceiparquitectoleoz\/files\/2019\/06\/IMG-20190605-WA0023-36x20.jpg 36w, https:\/\/blogsaverroes.juntadeandalucia.es\/ceiparquitectoleoz\/files\/2019\/06\/IMG-20190605-WA0023-48x27.jpg 48w, https:\/\/blogsaverroes.juntadeandalucia.es\/ceiparquitectoleoz\/files\/2019\/06\/IMG-20190605-WA0023.jpg 1600w\" sizes=\"(max-width: 300px) 100vw, 300px\" \/><\/a> <a href=\"https:\/\/blogsaverroes.juntadeandalucia.es\/ceiparquitectoleoz\/files\/2019\/06\/IMG-20190605-WA0028.jpg\" target=\"_blank\" rel=\"noopener\"><img loading=\"lazy\" decoding=\"async\" class=\"alignnone wp-image-3182 size-medium\" src=\"https:\/\/blogsaverroes.juntadeandalucia.es\/ceiparquitectoleoz\/files\/2019\/06\/IMG-20190605-WA0028-300x169.jpg\" alt=\"\" width=\"300\" height=\"169\" srcset=\"https:\/\/blogsaverroes.juntadeandalucia.es\/ceiparquitectoleoz\/files\/2019\/06\/IMG-20190605-WA0028-300x169.jpg 300w, https:\/\/blogsaverroes.juntadeandalucia.es\/ceiparquitectoleoz\/files\/2019\/06\/IMG-20190605-WA0028-768x432.jpg 768w, https:\/\/blogsaverroes.juntadeandalucia.es\/ceiparquitectoleoz\/files\/2019\/06\/IMG-20190605-WA0028-1024x576.jpg 1024w, https:\/\/blogsaverroes.juntadeandalucia.es\/ceiparquitectoleoz\/files\/2019\/06\/IMG-20190605-WA0028-24x14.jpg 24w, https:\/\/blogsaverroes.juntadeandalucia.es\/ceiparquitectoleoz\/files\/2019\/06\/IMG-20190605-WA0028-36x20.jpg 36w, https:\/\/blogsaverroes.juntadeandalucia.es\/ceiparquitectoleoz\/files\/2019\/06\/IMG-20190605-WA0028-48x27.jpg 48w, https:\/\/blogsaverroes.juntadeandalucia.es\/ceiparquitectoleoz\/files\/2019\/06\/IMG-20190605-WA0028.jpg 1600w\" sizes=\"(max-width: 300px) 100vw, 300px\" \/><\/a><\/p>\n","protected":false},"excerpt":{"rendered":"<p>&nbsp;El d\u00eda 5 de junio, D\u00eda Mundial del Medio Ambiente, est\u00e1 prevista una gran limpieza del Parque Natural Bah\u00eda de C\u00e1diz con la colaboraci\u00f3n de una veintena de centros educativos p\u00fablicos de la zona,&#46;&#46;&#46;<\/p>\n","protected":false},"author":6131,"featured_media":0,"parent":0,"menu_order":0,"comment_status":"closed","ping_status":"closed","template":"","meta":{"ngg_post_thumbnail":0,"footnotes":"","_mc_calendar":[]},"aioseo_notices":[],"_links":{"self":[{"href":"https:\/\/blogsaverroes.juntadeandalucia.es\/ceiparquitectoleoz\/wp-json\/wp\/v2\/pages\/3173"}],"collection":[{"href":"https:\/\/blogsaverroes.juntadeandalucia.es\/ceiparquitectoleoz\/wp-json\/wp\/v2\/pages"}],"about":[{"href":"https:\/\/blogsaverroes.juntadeandalucia.es\/ceiparquitectoleoz\/wp-json\/wp\/v2\/types\/page"}],"author":[{"embeddable":true,"href":"https:\/\/blogsaverroes.juntadeandalucia.es\/ceiparquitectoleoz\/wp-json\/wp\/v2\/users\/6131"}],"replies":[{"embeddable":true,"href":"https:\/\/blogsaverroes.juntadeandalucia.es\/ceiparquitectoleoz\/wp-json\/wp\/v2\/comments?post=3173"}],"version-history":[{"count":10,"href":"https:\/\/blogsaverroes.juntadeandalucia.es\/ceiparquitectoleoz\/wp-json\/wp\/v2\/pages\/3173\/revisions"}],"predecessor-version":[{"id":3192,"href":"https:\/\/blogsaverroes.juntadeandalucia.es\/ceiparquitectoleoz\/wp-json\/wp\/v2\/pages\/3173\/revisions\/3192"}],"wp:attachment":[{"href":"https:\/\/blogsaverroes.juntadeandalucia.es\/ceiparquitectoleoz\/wp-json\/wp\/v2\/media?parent=3173"}],"curies":[{"name":"wp","href":"https:\/\/api.w.org\/{rel}","templated":true}]}}