{"id":3496,"date":"2020-11-22T18:50:50","date_gmt":"2020-11-22T18:50:50","guid":{"rendered":"https:\/\/blogsaverroes.juntadeandalucia.es\/ceiparquitectoleoz\/?page_id=3496"},"modified":"2020-11-22T18:51:41","modified_gmt":"2020-11-22T18:51:41","slug":"proyecto-de-formacion-del-profesorado-20-21","status":"publish","type":"page","link":"https:\/\/blogsaverroes.juntadeandalucia.es\/ceiparquitectoleoz\/proyecto-de-formacion-del-profesorado-20-21\/","title":{"rendered":"Proyecto de Formaci\u00f3n del Profesorado 20-21"},"content":{"rendered":"<p><strong>PROYECTO FORMACI\u00d3N EN CENTRO<\/strong><\/p>\n<p><strong>SITUACI\u00d3N DE PARTIDA<\/strong><\/p>\n<p>Nuestro centro no utiliza una plataforma educativa como herramienta de trabajo con el alumnado y familias. Hemos usado el correo electr\u00f3nico en el tiempo de emergencia sanitaria para completar el curso 19-20. Disponemos de una aula TIC en la que creemos que podemos formar tanto a alumnado como a docentes y avanzar en el uso de herramientas que faciliten el proceso de ense\u00f1anza aprendizaje. As\u00ed mismo intentaremos suplir, evitar, minimizar la posible brecha digital que se da en nuestra comunidad educativa. Para ello realizamos un cuestionario a todas las familias al comienzo de curso. Con su an\u00e1lisis obtenemos un diagn\u00f3stico real y concreto de la realidad a la que nos enfrentamos en cuanto a recursos y a competencia digital.<\/p>\n<p><strong>FINALIDAD DEL PROYECTO<\/strong><\/p>\n<p>Implantar de forma efectiva el uso de una plataforma educativa como herramienta al alcance de toda la comunidad educativa.<\/p>\n<p><strong>OBJETIVOS<\/strong><\/p>\n<p>Usar la plataforma educativa como herramienta de formaci\u00f3n.<\/p>\n<p>Realizar una formaci\u00f3n efectiva, poniendo en pr\u00e1ctica los contenidos.<\/p>\n<p>Usar la plataforma como foro de comunicaci\u00f3n entre los integrantes.<\/p>\n<p>Adaptar la metodolog\u00eda (tareas, recursos\u2026) a un entorno digital.<\/p>\n<p>Usar estrategias de evaluaci\u00f3n on \u2013 line.<\/p>\n<p>Poner en marcha la videoconferencia como recurso para la docencia y tutor\u00edas con las familias.<\/p>\n<p>Educar en el buen uso de las nuevas tecnolog\u00edas.<\/p>\n<p><strong>ESTRATEGIAS DE ACCI\u00d3N<\/strong><\/p>\n<p>Comunicaci\u00f3n con alumnado y familias: uso de la plataforma para llevar a cabo la acci\u00f3n tutorial (videoconferencias, correos&#8230;).<\/p>\n<p>Transformaci\u00f3n de la gesti\u00f3n del centro: Establecer plataforma educativa G-Suite for Education en el centro para la comunidad educativa (dominio, usuarios, grupos, correos electr\u00f3nicos&#8230;).<\/p>\n<p>Transformaci\u00f3n del trabajo en el aula:&nbsp; iniciar en la creaci\u00f3n de contenidos audiovisuales para el alumnado, uso de recursos digitales online.<\/p>\n<p><strong>METODOLOG\u00cdA<\/strong><\/p>\n<p>Usaremos la misma plataforma educativa que queremos usar con alumnado y familias como herramienta para nuestra formaci\u00f3n: Google Suite Education, Classroom. De esta forma, el profesorado experimentar\u00e1 directamente con ella, de tal forma que el proceso de aprendizaje se traduzca r\u00e1pidamente en la pr\u00e1ctica docente. La organizaci\u00f3n de nuestro centro se ha adaptado (horarios, aula TIC, equipos&#8230;) de forma que favorece la puesta en pr\u00e1ctica&nbsp; con el alumnado.<\/p>\n<p><strong>ACTUACIONES QUE SE VAN A LLEVAR A CABO<\/strong><\/p>\n<p>A trav\u00e9s de la plataforma realizaremos: debates, tareas individuales (textos, cuestionarios), trabajos cooperativos, videoconferencias. Enviaremos materiales &#8211; tutoriales sobre c\u00f3mo llevar a la pr\u00e1ctica los contenidos anteriores con el alumnado y familias.<\/p>\n<p><strong>COMPROMISO DE TRABAJO DE CADA UNO DE LOS PARTICIPANTES<\/strong><\/p>\n<p>Desde el ETCP se toma la decisi\u00f3n sobre qu\u00e9 plataforma usaremos.<\/p>\n<p>El coordinador lleva a cabo la formaci\u00f3n en aquellos aspectos m\u00e1s deficitarios y pondr\u00e1 en marcha el dominio del centro, as\u00ed como realizar\u00e1 los pasos necesarios para solicitar la plataforma educativa (documentaci\u00f3n, solicitud&#8230;).<\/p>\n<p>Desde secretar\u00eda se facilita toda la documentaci\u00f3n que la plataforma solicite (certificados del centro, finalidad&#8230;).<\/p>\n<p>El equipo directivo facilitar\u00e1 la organizaci\u00f3n del centro (espacios, equipos, horarios, &#8230;) para poder llevar a la pr\u00e1ctica lo aprendido en la formaci\u00f3n.<\/p>\n<p>Los participantes (equipo docente) participar\u00e1 en las tareas y experiencias con la plataforma y las llevar\u00e1 a cabo con su alumnado. Propondr\u00e1 temas, dudas, inconvenientes que aparezcan de la pr\u00e1ctica con su grupo y familias.<\/p>\n<p><strong>PROCEDIMIENTOS INDICADORES E INSTRUMENTOS DE EVALUACI\u00d3N<\/strong><\/p>\n<p>Procedimientos: observaci\u00f3n directa en la plataforma. Cuestionario.<\/p>\n<p>Indicadores:<\/p>\n<p>-Aplicar los conocimientos adquiridos en la formaci\u00f3n sobre la plataforma, creando sus propias aulas y usando las herramientas adecuadas.<\/p>\n<p>-Usar la plataforma como foro de comunicaci\u00f3n entre los integrantes.<\/p>\n<p>-Adaptar la metodolog\u00eda (tareas, recursos\u2026) a un entorno digital.<\/p>\n<p>-Usar estrategias de evaluaci\u00f3n on \u2013 line.<\/p>\n<p>-Poner en marcha la videoconferencia como recurso para la docencia y tutor\u00edas con familias.<\/p>\n<p><strong>PLAN DE DIFUSI\u00d3N<\/strong><\/p>\n<p>Para la difusi\u00f3n usaremos la p\u00e1gina web del centro. Mediante una presentaci\u00f3n plasmaremos varios aspectos de la formaci\u00f3n: punto de partida, qu\u00e9 queremos aprender, calendario, sesiones, participantes&#8230; Dicha presentaci\u00f3n se ir\u00e1 actualizando a medida que avancemos en la formaci\u00f3n.<\/p>\n<p><strong>CALENDARIO<\/strong><\/p>\n<p>Octubre: Organizaci\u00f3n de Plataforma educativa (usuarios, grupos, tutoriales para las familias y equipo docente).<\/p>\n<p>Activaci\u00f3n de las cuentas de usuarios.<\/p>\n<p>\u00abBienvenidos\u00bb.<\/p>\n<p>Noviembre: Creaci\u00f3n de primeras aulas virtuales.<\/p>\n<p>Usos del Tabl\u00f3n.<\/p>\n<p>Trabajo de clase: tareas individuales.<\/p>\n<p>Video &#8211; conferencias a trav\u00e9s de la plataforma.<\/p>\n<p>Diciembre: Trabajo de clase: tareas grupales.<\/p>\n<p>Enero: Resoluci\u00f3n de dudas, sugerencias del grupo.<\/p>\n<p>&nbsp;<\/p>\n<p>&nbsp;<\/p>\n","protected":false},"excerpt":{"rendered":"<p>PROYECTO FORMACI\u00d3N EN CENTRO SITUACI\u00d3N DE PARTIDA Nuestro centro no utiliza una plataforma educativa como herramienta de trabajo con el alumnado y familias. Hemos usado el correo electr\u00f3nico en el tiempo de emergencia sanitaria&#46;&#46;&#46;<\/p>\n","protected":false},"author":6131,"featured_media":0,"parent":0,"menu_order":0,"comment_status":"closed","ping_status":"closed","template":"","meta":{"ngg_post_thumbnail":0,"footnotes":"","_mc_calendar":[]},"aioseo_notices":[],"_links":{"self":[{"href":"https:\/\/blogsaverroes.juntadeandalucia.es\/ceiparquitectoleoz\/wp-json\/wp\/v2\/pages\/3496"}],"collection":[{"href":"https:\/\/blogsaverroes.juntadeandalucia.es\/ceiparquitectoleoz\/wp-json\/wp\/v2\/pages"}],"about":[{"href":"https:\/\/blogsaverroes.juntadeandalucia.es\/ceiparquitectoleoz\/wp-json\/wp\/v2\/types\/page"}],"author":[{"embeddable":true,"href":"https:\/\/blogsaverroes.juntadeandalucia.es\/ceiparquitectoleoz\/wp-json\/wp\/v2\/users\/6131"}],"replies":[{"embeddable":true,"href":"https:\/\/blogsaverroes.juntadeandalucia.es\/ceiparquitectoleoz\/wp-json\/wp\/v2\/comments?post=3496"}],"version-history":[{"count":2,"href":"https:\/\/blogsaverroes.juntadeandalucia.es\/ceiparquitectoleoz\/wp-json\/wp\/v2\/pages\/3496\/revisions"}],"predecessor-version":[{"id":3498,"href":"https:\/\/blogsaverroes.juntadeandalucia.es\/ceiparquitectoleoz\/wp-json\/wp\/v2\/pages\/3496\/revisions\/3498"}],"wp:attachment":[{"href":"https:\/\/blogsaverroes.juntadeandalucia.es\/ceiparquitectoleoz\/wp-json\/wp\/v2\/media?parent=3496"}],"curies":[{"name":"wp","href":"https:\/\/api.w.org\/{rel}","templated":true}]}}