{"id":35,"date":"2015-03-13T08:21:43","date_gmt":"2015-03-13T08:21:43","guid":{"rendered":"http:\/\/blogsaverroes.juntadeandalucia.es\/pre\/ceip\/?page_id=35"},"modified":"2020-03-04T10:16:54","modified_gmt":"2020-03-04T10:16:54","slug":"el-centro-2","status":"publish","type":"page","link":"https:\/\/blogsaverroes.juntadeandalucia.es\/ceiparquitectoleoz\/el-centro-2\/","title":{"rendered":"Datos del centro"},"content":{"rendered":"<p><strong><span style=\"color: #993300\">Centro<\/span>: <\/strong>Colegio P\u00fablico de Educaci\u00f3n Infantil Y Primaria \u201cArquitecto Leoz\u201d.<\/p>\n<p><strong><span style=\"color: #993300\">Direcci\u00f3n<\/span>: <\/strong>Avenida Duque de Arcos s\/n &nbsp;<\/p>\n<p><strong><span style=\"color: #993300\">C\u00f3digo del Centro<\/span>:<\/strong>&nbsp;11007260<\/p>\n<p><strong><span style=\"color: #993300\">C\u00f3digo postal<\/span>: <\/strong>11100&nbsp;&nbsp;&nbsp;&nbsp;&nbsp;&nbsp;<\/p>\n<p>&nbsp;<strong><span style=\"color: #993300\">Localidad<\/span>:<\/strong> San Fernando <strong>Provincia: <\/strong>C\u00e1diz<\/p>\n<p><strong><span style=\"color: #993300\">Tel\u00e9fonos<\/span>: <\/strong>956243280 &#8211; 956243281 &#8211; 671566832&nbsp; &nbsp; &nbsp; &nbsp; &nbsp; &nbsp; &nbsp; &nbsp;&nbsp;<\/p>\n<p><strong><span style=\"color: #993300\">Fax<\/span>:<\/strong>&nbsp;956243281<\/p>\n<p><strong><span style=\"color: #993300\">Correo electr\u00f3nico<\/span>: <\/strong>11007260.edu@juntadeandalucia.es<\/p>\n<p><span style=\"color: #008000\"><b style=\"color: #008000\"><a href=\"https:\/\/www.google.es\/maps\/@36.4578409,-6.2099464,60a,35y,210.3h,63.05t\/data=!3m1!1e3\" target=\"_blank\" rel=\"noopener noreferrer\">UBICACI\u00d3N (Hacer&nbsp;clic&nbsp;para abrir una pesta\u00f1a nueva con el mapa en modo interactivo)<\/a><\/b><\/span><\/p>\n<p><a href=\"https:\/\/www.google.es\/maps\/@36.4578409,-6.2099464,60a,35y,210.3h,63.05t\/data=!3m1!1e3\" target=\"_blank\" rel=\"noopener noreferrer\"><img loading=\"lazy\" decoding=\"async\" class=\"alignnone wp-image-2142 size-large\" src=\"https:\/\/blogsaverroes.juntadeandalucia.es\/ceiparquitectoleoz\/files\/2015\/03\/Location-1024x553.jpg\" alt=\"Hacer click para abrir una pesta\u00f1a nueva con el mapa en modo interactivo\" width=\"1024\" height=\"553\" srcset=\"https:\/\/blogsaverroes.juntadeandalucia.es\/ceiparquitectoleoz\/files\/2015\/03\/Location-1024x553.jpg 1024w, https:\/\/blogsaverroes.juntadeandalucia.es\/ceiparquitectoleoz\/files\/2015\/03\/Location-300x162.jpg 300w, https:\/\/blogsaverroes.juntadeandalucia.es\/ceiparquitectoleoz\/files\/2015\/03\/Location-24x13.jpg 24w, https:\/\/blogsaverroes.juntadeandalucia.es\/ceiparquitectoleoz\/files\/2015\/03\/Location-36x19.jpg 36w, https:\/\/blogsaverroes.juntadeandalucia.es\/ceiparquitectoleoz\/files\/2015\/03\/Location-48x26.jpg 48w, https:\/\/blogsaverroes.juntadeandalucia.es\/ceiparquitectoleoz\/files\/2015\/03\/Location.jpg 1358w\" sizes=\"(max-width: 1024px) 100vw, 1024px\" \/><\/a><\/p>\n<h4>&nbsp;<\/h4>\n","protected":false},"excerpt":{"rendered":"<p>Centro: Colegio P\u00fablico de Educaci\u00f3n Infantil Y Primaria \u201cArquitecto Leoz\u201d. Direcci\u00f3n: Avenida Duque de Arcos s\/n &nbsp; C\u00f3digo del Centro:&nbsp;11007260 C\u00f3digo postal: 11100&nbsp;&nbsp;&nbsp;&nbsp;&nbsp;&nbsp; &nbsp;Localidad: San Fernando Provincia: C\u00e1diz Tel\u00e9fonos: 956243280 &#8211; 956243281 &#8211; 671566832&nbsp;&#46;&#46;&#46;<\/p>\n","protected":false},"author":1,"featured_media":0,"parent":0,"menu_order":0,"comment_status":"open","ping_status":"open","template":"","meta":{"ngg_post_thumbnail":0,"footnotes":"","_mc_calendar":[]},"aioseo_notices":[],"_links":{"self":[{"href":"https:\/\/blogsaverroes.juntadeandalucia.es\/ceiparquitectoleoz\/wp-json\/wp\/v2\/pages\/35"}],"collection":[{"href":"https:\/\/blogsaverroes.juntadeandalucia.es\/ceiparquitectoleoz\/wp-json\/wp\/v2\/pages"}],"about":[{"href":"https:\/\/blogsaverroes.juntadeandalucia.es\/ceiparquitectoleoz\/wp-json\/wp\/v2\/types\/page"}],"author":[{"embeddable":true,"href":"https:\/\/blogsaverroes.juntadeandalucia.es\/ceiparquitectoleoz\/wp-json\/wp\/v2\/users\/1"}],"replies":[{"embeddable":true,"href":"https:\/\/blogsaverroes.juntadeandalucia.es\/ceiparquitectoleoz\/wp-json\/wp\/v2\/comments?post=35"}],"version-history":[{"count":39,"href":"https:\/\/blogsaverroes.juntadeandalucia.es\/ceiparquitectoleoz\/wp-json\/wp\/v2\/pages\/35\/revisions"}],"predecessor-version":[{"id":3350,"href":"https:\/\/blogsaverroes.juntadeandalucia.es\/ceiparquitectoleoz\/wp-json\/wp\/v2\/pages\/35\/revisions\/3350"}],"wp:attachment":[{"href":"https:\/\/blogsaverroes.juntadeandalucia.es\/ceiparquitectoleoz\/wp-json\/wp\/v2\/media?parent=35"}],"curies":[{"name":"wp","href":"https:\/\/api.w.org\/{rel}","templated":true}]}}