{"id":3540,"date":"2021-02-10T19:13:11","date_gmt":"2021-02-10T19:13:11","guid":{"rendered":"https:\/\/blogsaverroes.juntadeandalucia.es\/ceiparquitectoleoz\/?page_id=3540"},"modified":"2021-02-10T19:19:18","modified_gmt":"2021-02-10T19:19:18","slug":"navidad","status":"publish","type":"page","link":"https:\/\/blogsaverroes.juntadeandalucia.es\/ceiparquitectoleoz\/navidad\/","title":{"rendered":"Navidad"},"content":{"rendered":"<p><strong>El Colegio Arquitecto Leoz les desea Felices Fiestas<\/strong><\/p>\n<p><strong><img loading=\"lazy\" decoding=\"async\" class=\"alignnone wp-image-3546\" src=\"https:\/\/blogsaverroes.juntadeandalucia.es\/ceiparquitectoleoz\/files\/2021\/02\/IMG-20201223-WA0019-300x204.jpg\" alt=\"\" width=\"510\" height=\"347\" srcset=\"https:\/\/blogsaverroes.juntadeandalucia.es\/ceiparquitectoleoz\/files\/2021\/02\/IMG-20201223-WA0019-300x204.jpg 300w, https:\/\/blogsaverroes.juntadeandalucia.es\/ceiparquitectoleoz\/files\/2021\/02\/IMG-20201223-WA0019-1024x698.jpg 1024w, https:\/\/blogsaverroes.juntadeandalucia.es\/ceiparquitectoleoz\/files\/2021\/02\/IMG-20201223-WA0019-768x523.jpg 768w, https:\/\/blogsaverroes.juntadeandalucia.es\/ceiparquitectoleoz\/files\/2021\/02\/IMG-20201223-WA0019-1536x1046.jpg 1536w, https:\/\/blogsaverroes.juntadeandalucia.es\/ceiparquitectoleoz\/files\/2021\/02\/IMG-20201223-WA0019.jpg 1600w\" sizes=\"(max-width: 510px) 100vw, 510px\" \/>&nbsp;<\/strong><\/p>\n<p>El Colegio no ha querido pasar la oportunidad, pese a la pandemia del coronavirus, de celebrar actividades de tipo navide\u00f1o antes de las vacaciones escolares y de lanzar un mensaje de esperanza.<\/p>\n<p>En estos \u00faltimos d\u00edas de clase, la navidad es un buen tema para trabajar con los ni\u00f1os ya que nos da la posibilidad de&nbsp; poner en pr\u00e1ctica normas de convivencia b\u00e1sicas, de iniciarlos en la adquisici\u00f3n valores como la generosidad o solidaridad, desarrollar actitudes de trabajo en grupo, de afecto y colaboraci\u00f3n, y de participaci\u00f3n en las actividades escolares y familiares.<\/p>\n<p>Este bonito mural fue realizado por todo el Centro. Se realiz\u00f3 un concurso y se utilizaron los Christmas ganadores para la realizaci\u00f3n de la felicitaci\u00f3n.<\/p>\n<p>Los ganadores de cada curso fueron los siguientes:<\/p>\n<p>INF 3 A\u00d1OS \u2013 Elena Prieto Luque<\/p>\n<p>NF 5 A\u00d1OS \u2013 Valentina Pantoja S\u00e1nchez<\/p>\n<p>1\u00baA \u2013 Nazaret Asencio Rojas<\/p>\n<p>1\u00baB \u2013 Mario Rojas Arias<\/p>\n<p>2\u00baA \u2013 Ricardo Corrales Escobar<\/p>\n<p>2\u00baB \u2013 Luis Oca\u00f1a Saez<\/p>\n<p>3\u00baA \u2013 Luc\u00eda Ramos A\u00f1ino<\/p>\n<p>3\u00baB \u2013 Dunia Mu\u00f1oz Palma<\/p>\n<p>4\u00baB \u2013 Nora Plazas Abal<\/p>\n<p>5\u00baA \u2013 \u00c1ngeles Fern\u00e1ndez Otero<\/p>\n<p>5\u00baB \u2013 Miguel Rodr\u00edguez Rubio<\/p>\n<p>6\u00baA \u2013 Carla Reyes Mart\u00edn<\/p>\n<p>6\u00baB \u2013 Luc\u00eda Silva L\u00f3pez<\/p>\n<p>6\u00baB \u2013 Juan Corrales Escobar<\/p>\n<p><strong><u>Cuentos Navide\u00f1os<\/u><\/strong><\/p>\n<p>Os presentamos unos cuentos navide\u00f1os realizados por el alumnado de sexto. Por parejas han redactado el texto y dise\u00f1ado on-line estas presentaciones, y es que la distancia ya no es un problema para trabajar juntos (aunque nada es comparable a la cercan\u00eda&#8230;) Esperamos que os gusten.<\/p>\n<p>SEXTO B:<\/p>\n<p><a href=\"https:\/\/docs.google.com\/presentation\/d\/e\/2PACX-1vRBbT9smYdkYW9FzNHE0Vc0GT9P1r1qBR2hGtwovIboTwtKAXsaVG7zF5MBxszXFmAJG9Gcl5d3UbQ6\/pub?start=true&amp;loop=false&amp;delayms=10000\" target=\"_blank\" rel=\"noopener noreferrer\">CUENTO I 6\u00ba B: LA BOLA M\u00c1GICA.<\/a><\/p>\n<p><a href=\"https:\/\/docs.google.com\/presentation\/d\/e\/2PACX-1vRi3rvOJyvxxLqiyCUqgFnDiadhr6wdpfWMx4XaBrWyDo_yH01C5G4Klbvbc0ZjuxvTG5eALOxp7muc\/pub?start=true&amp;loop=false&amp;delayms=10000\" target=\"_blank\" rel=\"noopener noreferrer\">CUENTO II 6\u00ba B: UNA&nbsp;NAVIDAD EN PANDEMIA.<\/a><\/p>\n<p><a href=\"https:\/\/docs.google.com\/presentation\/d\/e\/2PACX-1vTciEPFN8oYBRLFTsIDIHjwSf3Hie5ITT6qVZ8lP2jq7-bs2uWDomyimRVnHjFGqAjCWK96EgVntiUp\/pub?start=true&amp;loop=false&amp;delayms=10000\" target=\"_blank\" rel=\"noopener noreferrer\">CUENTO III: UNO ROMANCE NAVIDE\u00d1O.<\/a><\/p>\n<p>SEXTO A:<\/p>\n<p><a href=\"https:\/\/docs.google.com\/presentation\/d\/e\/2PACX-1vRzIEehsnVqti-PjZdOl6p4-QfQl_wKrXBCplzvHF27iOaqRnJ2PrV-KONEgyBLetqIwLb56TqbalGf\/pub?start=true&amp;loop=false&amp;delayms=10000\" target=\"_blank\" rel=\"noopener noreferrer\">CUENTO 1: UN A\u00d1O EXTROVERTIDO<\/a><\/p>\n<p><a href=\"https:\/\/docs.google.com\/presentation\/d\/e\/2PACX-1vSRzSLnUmcby1MHm-IHiLDZCx105cIypwL_2is7pJ0K6gmMNpo00IKGdOZlfu4SAAuV_eeycjxyLqDY\/pub?start=true&amp;loop=false&amp;delayms=10000\" target=\"_blank\" rel=\"noopener noreferrer\">CUENTO 2: VIRUS NAVIDE\u00d1O.<\/a><\/p>\n<p><a href=\"https:\/\/docs.google.com\/presentation\/d\/e\/2PACX-1vSRzSLnUmcby1MHm-IHiLDZCx105cIypwL_2is7pJ0K6gmMNpo00IKGdOZlfu4SAAuV_eeycjxyLqDY\/pub?start=true&amp;loop=false&amp;delayms=10000\" target=\"_blank\" rel=\"noopener noreferrer\">CUENTO 3&nbsp;: UNA PANDEMIA EN NAVIDAD&nbsp;<\/a>&nbsp;<\/p>\n<p><a href=\"https:\/\/docs.google.com\/presentation\/d\/e\/2PACX-1vS0NK2_BrKi26_5G0u5lMEIN2hzc4OKSo8pelpA5dp_waIlWjfI6aY1OpF9EiX9yqkPv--fCfoN_zqS\/pub?start=true&amp;loop=false&amp;delayms=10000\" target=\"_blank\" rel=\"noopener noreferrer\">CUENTO NAVIDE\u00d1O 4: NALA Y SU PRIMERA NAVIDAD<\/a><\/p>\n<p><strong><u>Video- Cuento Navide\u00f1o<\/u><\/strong><\/p>\n<p>No dej\u00e9is de ver este video realizado por el alumno de 1\u00ba de Primaria, donde han captado el momento tan especial en el que estamos viviendo<\/p>\n<p><strong><a href=\"https:\/\/drive.google.com\/file\/d\/1e7kkMITenb7JP4I0gNTh5O9SO1BtcuPY\/view?usp=sharing\" target=\"_blank\" rel=\"noopener noreferrer\">Haz clic AQU\u00cd<\/a> para ver el video&nbsp;<\/strong><\/p>\n<p>&nbsp;<\/p>\n","protected":false},"excerpt":{"rendered":"<p>El Colegio Arquitecto Leoz les desea Felices Fiestas &nbsp; El Colegio no ha querido pasar la oportunidad, pese a la pandemia del coronavirus, de celebrar actividades de tipo navide\u00f1o antes de las vacaciones escolares&#46;&#46;&#46;<\/p>\n","protected":false},"author":6131,"featured_media":0,"parent":0,"menu_order":0,"comment_status":"closed","ping_status":"closed","template":"","meta":{"ngg_post_thumbnail":0,"footnotes":"","_mc_calendar":[]},"aioseo_notices":[],"_links":{"self":[{"href":"https:\/\/blogsaverroes.juntadeandalucia.es\/ceiparquitectoleoz\/wp-json\/wp\/v2\/pages\/3540"}],"collection":[{"href":"https:\/\/blogsaverroes.juntadeandalucia.es\/ceiparquitectoleoz\/wp-json\/wp\/v2\/pages"}],"about":[{"href":"https:\/\/blogsaverroes.juntadeandalucia.es\/ceiparquitectoleoz\/wp-json\/wp\/v2\/types\/page"}],"author":[{"embeddable":true,"href":"https:\/\/blogsaverroes.juntadeandalucia.es\/ceiparquitectoleoz\/wp-json\/wp\/v2\/users\/6131"}],"replies":[{"embeddable":true,"href":"https:\/\/blogsaverroes.juntadeandalucia.es\/ceiparquitectoleoz\/wp-json\/wp\/v2\/comments?post=3540"}],"version-history":[{"count":7,"href":"https:\/\/blogsaverroes.juntadeandalucia.es\/ceiparquitectoleoz\/wp-json\/wp\/v2\/pages\/3540\/revisions"}],"predecessor-version":[{"id":3548,"href":"https:\/\/blogsaverroes.juntadeandalucia.es\/ceiparquitectoleoz\/wp-json\/wp\/v2\/pages\/3540\/revisions\/3548"}],"wp:attachment":[{"href":"https:\/\/blogsaverroes.juntadeandalucia.es\/ceiparquitectoleoz\/wp-json\/wp\/v2\/media?parent=3540"}],"curies":[{"name":"wp","href":"https:\/\/api.w.org\/{rel}","templated":true}]}}