{"id":4259,"date":"2025-11-26T12:13:18","date_gmt":"2025-11-26T12:13:18","guid":{"rendered":"https:\/\/blogsaverroes.juntadeandalucia.es\/ceiparquitectoleoz\/?page_id=4259"},"modified":"2025-11-26T12:13:18","modified_gmt":"2025-11-26T12:13:18","slug":"nuestra-historia","status":"publish","type":"page","link":"https:\/\/blogsaverroes.juntadeandalucia.es\/ceiparquitectoleoz\/nuestra-historia\/","title":{"rendered":"Nuestra historia."},"content":{"rendered":"<p>En el siguiente enlace, podr\u00e1s ver el trabajo realizado por el grupo de alumnos\/as dentro del Programa \u00abPROFUNDIZA\u00bb en el que llevaron a cabo una investigaci\u00f3n sobre la historia de nuestro centro, centr\u00e1ndose en sus primeros 40 a\u00f1os de historia.&nbsp;<\/p>\n<p>Pincha <a href=\"https:\/\/view.genial.ly\/607e933a0cd6d30d0ea72462\">AQU\u00cd<\/a> para ver el resultado.&nbsp;<\/p>\n","protected":false},"excerpt":{"rendered":"<p>En el siguiente enlace, podr\u00e1s ver el trabajo realizado por el grupo de alumnos\/as dentro del Programa \u00abPROFUNDIZA\u00bb en el que llevaron a cabo una investigaci\u00f3n sobre la historia de nuestro centro, centr\u00e1ndose en&#46;&#46;&#46;<\/p>\n","protected":false},"author":6131,"featured_media":0,"parent":0,"menu_order":0,"comment_status":"closed","ping_status":"closed","template":"","meta":{"ngg_post_thumbnail":0,"footnotes":"","_mc_calendar":[]},"aioseo_notices":[],"_links":{"self":[{"href":"https:\/\/blogsaverroes.juntadeandalucia.es\/ceiparquitectoleoz\/wp-json\/wp\/v2\/pages\/4259"}],"collection":[{"href":"https:\/\/blogsaverroes.juntadeandalucia.es\/ceiparquitectoleoz\/wp-json\/wp\/v2\/pages"}],"about":[{"href":"https:\/\/blogsaverroes.juntadeandalucia.es\/ceiparquitectoleoz\/wp-json\/wp\/v2\/types\/page"}],"author":[{"embeddable":true,"href":"https:\/\/blogsaverroes.juntadeandalucia.es\/ceiparquitectoleoz\/wp-json\/wp\/v2\/users\/6131"}],"replies":[{"embeddable":true,"href":"https:\/\/blogsaverroes.juntadeandalucia.es\/ceiparquitectoleoz\/wp-json\/wp\/v2\/comments?post=4259"}],"version-history":[{"count":1,"href":"https:\/\/blogsaverroes.juntadeandalucia.es\/ceiparquitectoleoz\/wp-json\/wp\/v2\/pages\/4259\/revisions"}],"predecessor-version":[{"id":4260,"href":"https:\/\/blogsaverroes.juntadeandalucia.es\/ceiparquitectoleoz\/wp-json\/wp\/v2\/pages\/4259\/revisions\/4260"}],"wp:attachment":[{"href":"https:\/\/blogsaverroes.juntadeandalucia.es\/ceiparquitectoleoz\/wp-json\/wp\/v2\/media?parent=4259"}],"curies":[{"name":"wp","href":"https:\/\/api.w.org\/{rel}","templated":true}]}}