{"id":432,"date":"2015-03-20T07:07:25","date_gmt":"2015-03-20T07:07:25","guid":{"rendered":"http:\/\/blogsaverroes.juntadeandalucia.es\/pre\/ceip\/?page_id=432"},"modified":"2019-03-08T10:45:52","modified_gmt":"2019-03-08T10:45:52","slug":"ed-primaria-2o-ciclo","status":"publish","type":"page","link":"https:\/\/blogsaverroes.juntadeandalucia.es\/ceiparquitectoleoz\/ed-primaria-2o-ciclo\/","title":{"rendered":"Ed. Primaria. 2\u00ba ciclo"},"content":{"rendered":"<p><strong>En esta secci\u00f3n iremos publicando todas las actividades relacionadas con el 2\u00ba Ciclo de Primaria.<\/strong><\/p>\n<h3><span style=\"color: #339966\"><strong>TALLERES D\u00cdA DE ANDALUC\u00cdA 2018\/2019<\/strong><\/span><\/h3>\n<p><span style=\"color: #339966\"><strong>Taller de creaci\u00f3n de c\u00f3mics del D\u00eda de Andaluc\u00eda<\/strong>. Para esta actividad, el alumnado leer\u00e1 el cuento \u201cAlba conoce Andaluc\u00eda\u201d. El alumnado, al final del cuento, bien en parejas o de forma individual, tendr\u00e1 que representar los pasajes de la historia en c\u00f3mic.<\/span><\/p>\n<p><a href=\"https:\/\/blogsaverroes.juntadeandalucia.es\/ceiparquitectoleoz\/files\/2015\/03\/IMG-20190227-WA0082.jpg\" target=\"_blank\" rel=\"noopener\"><img loading=\"lazy\" decoding=\"async\" class=\"alignnone wp-image-2880 size-medium\" src=\"https:\/\/blogsaverroes.juntadeandalucia.es\/ceiparquitectoleoz\/files\/2015\/03\/IMG-20190227-WA0082-169x300.jpg\" alt=\"\" width=\"169\" height=\"300\" srcset=\"https:\/\/blogsaverroes.juntadeandalucia.es\/ceiparquitectoleoz\/files\/2015\/03\/IMG-20190227-WA0082-169x300.jpg 169w, https:\/\/blogsaverroes.juntadeandalucia.es\/ceiparquitectoleoz\/files\/2015\/03\/IMG-20190227-WA0082-576x1024.jpg 576w, https:\/\/blogsaverroes.juntadeandalucia.es\/ceiparquitectoleoz\/files\/2015\/03\/IMG-20190227-WA0082-14x24.jpg 14w, https:\/\/blogsaverroes.juntadeandalucia.es\/ceiparquitectoleoz\/files\/2015\/03\/IMG-20190227-WA0082-20x36.jpg 20w, https:\/\/blogsaverroes.juntadeandalucia.es\/ceiparquitectoleoz\/files\/2015\/03\/IMG-20190227-WA0082-27x48.jpg 27w, https:\/\/blogsaverroes.juntadeandalucia.es\/ceiparquitectoleoz\/files\/2015\/03\/IMG-20190227-WA0082.jpg 900w\" sizes=\"(max-width: 169px) 100vw, 169px\" \/><\/a> <a href=\"https:\/\/blogsaverroes.juntadeandalucia.es\/ceiparquitectoleoz\/files\/2015\/03\/IMG-20190227-WA0083.jpg\" target=\"_blank\" rel=\"noopener\"><img loading=\"lazy\" decoding=\"async\" class=\"alignnone wp-image-2881 size-medium\" src=\"https:\/\/blogsaverroes.juntadeandalucia.es\/ceiparquitectoleoz\/files\/2015\/03\/IMG-20190227-WA0083-300x169.jpg\" alt=\"\" width=\"300\" height=\"169\" srcset=\"https:\/\/blogsaverroes.juntadeandalucia.es\/ceiparquitectoleoz\/files\/2015\/03\/IMG-20190227-WA0083-300x169.jpg 300w, https:\/\/blogsaverroes.juntadeandalucia.es\/ceiparquitectoleoz\/files\/2015\/03\/IMG-20190227-WA0083-1024x576.jpg 1024w, https:\/\/blogsaverroes.juntadeandalucia.es\/ceiparquitectoleoz\/files\/2015\/03\/IMG-20190227-WA0083-24x14.jpg 24w, https:\/\/blogsaverroes.juntadeandalucia.es\/ceiparquitectoleoz\/files\/2015\/03\/IMG-20190227-WA0083-36x20.jpg 36w, https:\/\/blogsaverroes.juntadeandalucia.es\/ceiparquitectoleoz\/files\/2015\/03\/IMG-20190227-WA0083-48x27.jpg 48w, https:\/\/blogsaverroes.juntadeandalucia.es\/ceiparquitectoleoz\/files\/2015\/03\/IMG-20190227-WA0083.jpg 1600w\" sizes=\"(max-width: 300px) 100vw, 300px\" \/><\/a> <a href=\"https:\/\/blogsaverroes.juntadeandalucia.es\/ceiparquitectoleoz\/files\/2015\/03\/IMG-20190227-WA0084.jpg\" target=\"_blank\" rel=\"noopener\"><img loading=\"lazy\" decoding=\"async\" class=\"alignnone wp-image-2882 size-medium\" src=\"https:\/\/blogsaverroes.juntadeandalucia.es\/ceiparquitectoleoz\/files\/2015\/03\/IMG-20190227-WA0084-300x169.jpg\" alt=\"\" width=\"300\" height=\"169\" srcset=\"https:\/\/blogsaverroes.juntadeandalucia.es\/ceiparquitectoleoz\/files\/2015\/03\/IMG-20190227-WA0084-300x169.jpg 300w, https:\/\/blogsaverroes.juntadeandalucia.es\/ceiparquitectoleoz\/files\/2015\/03\/IMG-20190227-WA0084-1024x576.jpg 1024w, https:\/\/blogsaverroes.juntadeandalucia.es\/ceiparquitectoleoz\/files\/2015\/03\/IMG-20190227-WA0084-24x14.jpg 24w, https:\/\/blogsaverroes.juntadeandalucia.es\/ceiparquitectoleoz\/files\/2015\/03\/IMG-20190227-WA0084-36x20.jpg 36w, https:\/\/blogsaverroes.juntadeandalucia.es\/ceiparquitectoleoz\/files\/2015\/03\/IMG-20190227-WA0084-48x27.jpg 48w, https:\/\/blogsaverroes.juntadeandalucia.es\/ceiparquitectoleoz\/files\/2015\/03\/IMG-20190227-WA0084.jpg 1600w\" sizes=\"(max-width: 300px) 100vw, 300px\" \/><\/a><\/p>\n<p><span style=\"color: #339966\"><strong>Taller 50 x 15 Andaluc\u00eda: <\/strong>Siguiendo el juego citado anteriormente, el alumnado deber\u00e1 ir respondiendo preguntas generales sobre el patrimonio cultural, hist\u00f3rico y natural de la Comunidad Aut\u00f3noma de Andaluc\u00eda. <\/span><\/p>\n<p><a href=\"https:\/\/blogsaverroes.juntadeandalucia.es\/ceiparquitectoleoz\/files\/2015\/03\/IMG-20190227-WA0085.jpg\" target=\"_blank\" rel=\"noopener\"><img loading=\"lazy\" decoding=\"async\" class=\"alignnone wp-image-2885 size-medium\" src=\"https:\/\/blogsaverroes.juntadeandalucia.es\/ceiparquitectoleoz\/files\/2015\/03\/IMG-20190227-WA0085-300x169.jpg\" alt=\"\" width=\"300\" height=\"169\" srcset=\"https:\/\/blogsaverroes.juntadeandalucia.es\/ceiparquitectoleoz\/files\/2015\/03\/IMG-20190227-WA0085-300x169.jpg 300w, https:\/\/blogsaverroes.juntadeandalucia.es\/ceiparquitectoleoz\/files\/2015\/03\/IMG-20190227-WA0085-1024x576.jpg 1024w, https:\/\/blogsaverroes.juntadeandalucia.es\/ceiparquitectoleoz\/files\/2015\/03\/IMG-20190227-WA0085-24x14.jpg 24w, https:\/\/blogsaverroes.juntadeandalucia.es\/ceiparquitectoleoz\/files\/2015\/03\/IMG-20190227-WA0085-36x20.jpg 36w, https:\/\/blogsaverroes.juntadeandalucia.es\/ceiparquitectoleoz\/files\/2015\/03\/IMG-20190227-WA0085-48x27.jpg 48w, https:\/\/blogsaverroes.juntadeandalucia.es\/ceiparquitectoleoz\/files\/2015\/03\/IMG-20190227-WA0085.jpg 1600w\" sizes=\"(max-width: 300px) 100vw, 300px\" \/><\/a> <a href=\"https:\/\/blogsaverroes.juntadeandalucia.es\/ceiparquitectoleoz\/files\/2015\/03\/IMG-20190227-WA0086.jpg\" target=\"_blank\" rel=\"noopener\"><img loading=\"lazy\" decoding=\"async\" class=\"alignnone wp-image-2886 size-medium\" src=\"https:\/\/blogsaverroes.juntadeandalucia.es\/ceiparquitectoleoz\/files\/2015\/03\/IMG-20190227-WA0086-169x300.jpg\" alt=\"\" width=\"169\" height=\"300\" srcset=\"https:\/\/blogsaverroes.juntadeandalucia.es\/ceiparquitectoleoz\/files\/2015\/03\/IMG-20190227-WA0086-169x300.jpg 169w, https:\/\/blogsaverroes.juntadeandalucia.es\/ceiparquitectoleoz\/files\/2015\/03\/IMG-20190227-WA0086-576x1024.jpg 576w, https:\/\/blogsaverroes.juntadeandalucia.es\/ceiparquitectoleoz\/files\/2015\/03\/IMG-20190227-WA0086-14x24.jpg 14w, https:\/\/blogsaverroes.juntadeandalucia.es\/ceiparquitectoleoz\/files\/2015\/03\/IMG-20190227-WA0086-20x36.jpg 20w, https:\/\/blogsaverroes.juntadeandalucia.es\/ceiparquitectoleoz\/files\/2015\/03\/IMG-20190227-WA0086-27x48.jpg 27w, https:\/\/blogsaverroes.juntadeandalucia.es\/ceiparquitectoleoz\/files\/2015\/03\/IMG-20190227-WA0086.jpg 900w\" sizes=\"(max-width: 169px) 100vw, 169px\" \/><\/a> <a href=\"https:\/\/blogsaverroes.juntadeandalucia.es\/ceiparquitectoleoz\/files\/2015\/03\/IMG-20190227-WA0087.jpg\" target=\"_blank\" rel=\"noopener\"><img loading=\"lazy\" decoding=\"async\" class=\"alignnone wp-image-2887 size-medium\" src=\"https:\/\/blogsaverroes.juntadeandalucia.es\/ceiparquitectoleoz\/files\/2015\/03\/IMG-20190227-WA0087-169x300.jpg\" alt=\"\" width=\"169\" height=\"300\" srcset=\"https:\/\/blogsaverroes.juntadeandalucia.es\/ceiparquitectoleoz\/files\/2015\/03\/IMG-20190227-WA0087-169x300.jpg 169w, https:\/\/blogsaverroes.juntadeandalucia.es\/ceiparquitectoleoz\/files\/2015\/03\/IMG-20190227-WA0087-576x1024.jpg 576w, https:\/\/blogsaverroes.juntadeandalucia.es\/ceiparquitectoleoz\/files\/2015\/03\/IMG-20190227-WA0087-14x24.jpg 14w, https:\/\/blogsaverroes.juntadeandalucia.es\/ceiparquitectoleoz\/files\/2015\/03\/IMG-20190227-WA0087-20x36.jpg 20w, https:\/\/blogsaverroes.juntadeandalucia.es\/ceiparquitectoleoz\/files\/2015\/03\/IMG-20190227-WA0087-27x48.jpg 27w, https:\/\/blogsaverroes.juntadeandalucia.es\/ceiparquitectoleoz\/files\/2015\/03\/IMG-20190227-WA0087.jpg 900w\" sizes=\"(max-width: 169px) 100vw, 169px\" \/><\/a> <a href=\"https:\/\/blogsaverroes.juntadeandalucia.es\/ceiparquitectoleoz\/files\/2015\/03\/IMG-20190227-WA0088.jpg\" target=\"_blank\" rel=\"noopener\"><img loading=\"lazy\" decoding=\"async\" class=\"alignnone wp-image-2888 size-medium\" src=\"https:\/\/blogsaverroes.juntadeandalucia.es\/ceiparquitectoleoz\/files\/2015\/03\/IMG-20190227-WA0088-169x300.jpg\" alt=\"\" width=\"169\" height=\"300\" srcset=\"https:\/\/blogsaverroes.juntadeandalucia.es\/ceiparquitectoleoz\/files\/2015\/03\/IMG-20190227-WA0088-169x300.jpg 169w, https:\/\/blogsaverroes.juntadeandalucia.es\/ceiparquitectoleoz\/files\/2015\/03\/IMG-20190227-WA0088-576x1024.jpg 576w, https:\/\/blogsaverroes.juntadeandalucia.es\/ceiparquitectoleoz\/files\/2015\/03\/IMG-20190227-WA0088-14x24.jpg 14w, https:\/\/blogsaverroes.juntadeandalucia.es\/ceiparquitectoleoz\/files\/2015\/03\/IMG-20190227-WA0088-20x36.jpg 20w, https:\/\/blogsaverroes.juntadeandalucia.es\/ceiparquitectoleoz\/files\/2015\/03\/IMG-20190227-WA0088-27x48.jpg 27w, https:\/\/blogsaverroes.juntadeandalucia.es\/ceiparquitectoleoz\/files\/2015\/03\/IMG-20190227-WA0088.jpg 900w\" sizes=\"(max-width: 169px) 100vw, 169px\" \/><\/a><\/p>\n<p><span style=\"color: #339966\"><strong>Taller de<\/strong> <strong>creaci\u00f3n de antifaces y plumeros de Carnaval.<\/strong><\/span><\/p>\n<p><a href=\"https:\/\/blogsaverroes.juntadeandalucia.es\/ceiparquitectoleoz\/files\/2015\/03\/IMG-20190227-WA0138.jpg\" target=\"_blank\" rel=\"noopener\"><img loading=\"lazy\" decoding=\"async\" class=\"alignnone wp-image-2890 size-medium\" src=\"https:\/\/blogsaverroes.juntadeandalucia.es\/ceiparquitectoleoz\/files\/2015\/03\/IMG-20190227-WA0138-300x223.jpg\" alt=\"\" width=\"300\" height=\"223\" srcset=\"https:\/\/blogsaverroes.juntadeandalucia.es\/ceiparquitectoleoz\/files\/2015\/03\/IMG-20190227-WA0138-300x223.jpg 300w, https:\/\/blogsaverroes.juntadeandalucia.es\/ceiparquitectoleoz\/files\/2015\/03\/IMG-20190227-WA0138-1024x760.jpg 1024w, https:\/\/blogsaverroes.juntadeandalucia.es\/ceiparquitectoleoz\/files\/2015\/03\/IMG-20190227-WA0138-24x18.jpg 24w, https:\/\/blogsaverroes.juntadeandalucia.es\/ceiparquitectoleoz\/files\/2015\/03\/IMG-20190227-WA0138-36x27.jpg 36w, https:\/\/blogsaverroes.juntadeandalucia.es\/ceiparquitectoleoz\/files\/2015\/03\/IMG-20190227-WA0138-48x36.jpg 48w, https:\/\/blogsaverroes.juntadeandalucia.es\/ceiparquitectoleoz\/files\/2015\/03\/IMG-20190227-WA0138.jpg 1599w\" sizes=\"(max-width: 300px) 100vw, 300px\" \/><\/a><\/p>\n<p><span style=\"color: #339966\"><strong>Taller de manualidades \u201cD\u00eda de Andaluc\u00eda\u201d.&nbsp;<\/strong> En este taller, cada alumno\/a podr\u00e1 elaborar: un gitano y una gitana en 3D y, adem\u00e1s, un recortable (titulado \u201cSe abre el tel\u00f3n\u201d) donde el alumnado aprender\u00e1 a identificar las provincias que componen la Comunidad Aut\u00f3noma, as\u00ed como los s\u00edmbolos del escudo y los colores de la bandera.<\/span><\/p>\n<p><img loading=\"lazy\" decoding=\"async\" class=\"alignnone size-full wp-image-2615\" src=\"https:\/\/blogsaverroes.juntadeandalucia.es\/ceiparquitectoleoz\/files\/2015\/03\/IconoVideo.jpg\" alt=\"\" width=\"53\" height=\"52\" srcset=\"https:\/\/blogsaverroes.juntadeandalucia.es\/ceiparquitectoleoz\/files\/2015\/03\/IconoVideo.jpg 53w, https:\/\/blogsaverroes.juntadeandalucia.es\/ceiparquitectoleoz\/files\/2015\/03\/IconoVideo-150x150.jpg 150w, https:\/\/blogsaverroes.juntadeandalucia.es\/ceiparquitectoleoz\/files\/2015\/03\/IconoVideo-100x100.jpg 100w, https:\/\/blogsaverroes.juntadeandalucia.es\/ceiparquitectoleoz\/files\/2015\/03\/IconoVideo-160x160.jpg 160w, https:\/\/blogsaverroes.juntadeandalucia.es\/ceiparquitectoleoz\/files\/2015\/03\/IconoVideo-320x320.jpg 320w, https:\/\/blogsaverroes.juntadeandalucia.es\/ceiparquitectoleoz\/files\/2015\/03\/IconoVideo-24x24.jpg 24w, https:\/\/blogsaverroes.juntadeandalucia.es\/ceiparquitectoleoz\/files\/2015\/03\/IconoVideo-36x36.jpg 36w, https:\/\/blogsaverroes.juntadeandalucia.es\/ceiparquitectoleoz\/files\/2015\/03\/IconoVideo-48x48.jpg 48w\" sizes=\"(max-width: 53px) 100vw, 53px\" \/>&nbsp;<a href=\"https:\/\/drive.google.com\/file\/d\/1y34BJDRjTmt6PCLe_t7DW7xSVKhbEDBn\/view?usp=sharing\" target=\"_blank\" rel=\"noopener\">Hacer clic para abrir el video Dia de Andalucia 2019 de 2\u00ba Ciclo en una pesta\u00f1a nueva<\/a><\/p>\n<p>&nbsp;<\/p>\n<p>&nbsp;<\/p>\n<p>&#8212;&#8212;&#8212;&#8212;&#8212;&#8212;&#8212;&#8212;&#8212;&#8212;&#8212;&#8212;&#8212;&#8212;&#8212;&#8212;&#8212;&#8212;&#8212;&#8212;&#8212;&#8212;&#8212;&#8212;&#8212;&#8212;&#8212;&#8212;&#8212;&#8212;&#8212;&#8212;&#8212;&#8212;&#8212;&#8212;&#8212;&#8212;&#8212;&#8212;&#8212;&#8212;&#8212;&#8212;-<\/p>\n<p><span style=\"color: #800000\">Video con el resumen de las actividades realizadas durante el curso 2017\/18:<\/span><\/p>\n<p><img loading=\"lazy\" decoding=\"async\" class=\"alignnone size-full wp-image-2615\" src=\"https:\/\/blogsaverroes.juntadeandalucia.es\/ceiparquitectoleoz\/files\/2015\/03\/IconoVideo.jpg\" alt=\"\" width=\"53\" height=\"52\" srcset=\"https:\/\/blogsaverroes.juntadeandalucia.es\/ceiparquitectoleoz\/files\/2015\/03\/IconoVideo.jpg 53w, https:\/\/blogsaverroes.juntadeandalucia.es\/ceiparquitectoleoz\/files\/2015\/03\/IconoVideo-150x150.jpg 150w, https:\/\/blogsaverroes.juntadeandalucia.es\/ceiparquitectoleoz\/files\/2015\/03\/IconoVideo-100x100.jpg 100w, https:\/\/blogsaverroes.juntadeandalucia.es\/ceiparquitectoleoz\/files\/2015\/03\/IconoVideo-160x160.jpg 160w, https:\/\/blogsaverroes.juntadeandalucia.es\/ceiparquitectoleoz\/files\/2015\/03\/IconoVideo-320x320.jpg 320w, https:\/\/blogsaverroes.juntadeandalucia.es\/ceiparquitectoleoz\/files\/2015\/03\/IconoVideo-24x24.jpg 24w, https:\/\/blogsaverroes.juntadeandalucia.es\/ceiparquitectoleoz\/files\/2015\/03\/IconoVideo-36x36.jpg 36w, https:\/\/blogsaverroes.juntadeandalucia.es\/ceiparquitectoleoz\/files\/2015\/03\/IconoVideo-48x48.jpg 48w\" sizes=\"(max-width: 53px) 100vw, 53px\" \/>&nbsp;<a href=\"https:\/\/drive.google.com\/file\/d\/1xuEB7skO-5a1nZJigJYQfW069HZNzHnf\/view?usp=sharing\" target=\"_blank\" rel=\"noopener\">Hacer clic para abrir el&nbsp; video Actividades 2\u00ba Ciclo 17-18 en una pesta\u00f1a nueva<\/a><\/p>\n<p>&nbsp;<\/p>\n","protected":false},"excerpt":{"rendered":"<p>En esta secci\u00f3n iremos publicando todas las actividades relacionadas con el 2\u00ba Ciclo de Primaria. TALLERES D\u00cdA DE ANDALUC\u00cdA 2018\/2019 Taller de creaci\u00f3n de c\u00f3mics del D\u00eda de Andaluc\u00eda. Para esta actividad, el alumnado&#46;&#46;&#46;<\/p>\n","protected":false},"author":1,"featured_media":0,"parent":0,"menu_order":0,"comment_status":"open","ping_status":"open","template":"","meta":{"ngg_post_thumbnail":0,"footnotes":"","_mc_calendar":[]},"aioseo_notices":[],"_links":{"self":[{"href":"https:\/\/blogsaverroes.juntadeandalucia.es\/ceiparquitectoleoz\/wp-json\/wp\/v2\/pages\/432"}],"collection":[{"href":"https:\/\/blogsaverroes.juntadeandalucia.es\/ceiparquitectoleoz\/wp-json\/wp\/v2\/pages"}],"about":[{"href":"https:\/\/blogsaverroes.juntadeandalucia.es\/ceiparquitectoleoz\/wp-json\/wp\/v2\/types\/page"}],"author":[{"embeddable":true,"href":"https:\/\/blogsaverroes.juntadeandalucia.es\/ceiparquitectoleoz\/wp-json\/wp\/v2\/users\/1"}],"replies":[{"embeddable":true,"href":"https:\/\/blogsaverroes.juntadeandalucia.es\/ceiparquitectoleoz\/wp-json\/wp\/v2\/comments?post=432"}],"version-history":[{"count":18,"href":"https:\/\/blogsaverroes.juntadeandalucia.es\/ceiparquitectoleoz\/wp-json\/wp\/v2\/pages\/432\/revisions"}],"predecessor-version":[{"id":2935,"href":"https:\/\/blogsaverroes.juntadeandalucia.es\/ceiparquitectoleoz\/wp-json\/wp\/v2\/pages\/432\/revisions\/2935"}],"wp:attachment":[{"href":"https:\/\/blogsaverroes.juntadeandalucia.es\/ceiparquitectoleoz\/wp-json\/wp\/v2\/media?parent=432"}],"curies":[{"name":"wp","href":"https:\/\/api.w.org\/{rel}","templated":true}]}}