{"id":141,"date":"2015-03-17T07:13:24","date_gmt":"2015-03-17T07:13:24","guid":{"rendered":"http:\/\/blogsaverroes.juntadeandalucia.es\/pre\/ceip\/?page_id=141"},"modified":"2022-02-23T19:28:31","modified_gmt":"2022-02-23T18:28:31","slug":"escolarizacion","status":"publish","type":"page","link":"https:\/\/blogsaverroes.juntadeandalucia.es\/ceiparteroperez\/escolarizacion\/","title":{"rendered":"Escolarizaci\u00f3n"},"content":{"rendered":"<table style=\"height: 32px\" width=\"701\">\n<tbody>\n<tr>\n<td style=\"width: 226.333px\">\n<h1><strong>&nbsp;CURSO 2022\/ 23<\/strong><\/h1>\n<\/td>\n<td style=\"width: 226.333px\"><img decoding=\"async\" class=\"size-medium wp-image-2259 alignright\" src=\"https:\/\/blogsaverroes.juntadeandalucia.es\/ceiparteroperez\/files\/2015\/03\/layout_set_logo-300x90.png\" alt=\"\" width=\"300\" height=\"90\" srcset=\"https:\/\/blogsaverroes.juntadeandalucia.es\/ceiparteroperez\/files\/2015\/03\/layout_set_logo-300x90.png 300w, https:\/\/blogsaverroes.juntadeandalucia.es\/ceiparteroperez\/files\/2015\/03\/layout_set_logo-24x7.png 24w, https:\/\/blogsaverroes.juntadeandalucia.es\/ceiparteroperez\/files\/2015\/03\/layout_set_logo-36x11.png 36w, https:\/\/blogsaverroes.juntadeandalucia.es\/ceiparteroperez\/files\/2015\/03\/layout_set_logo-48x14.png 48w, https:\/\/blogsaverroes.juntadeandalucia.es\/ceiparteroperez\/files\/2015\/03\/layout_set_logo.png 395w\" sizes=\"(max-width: 300px) 100vw, 300px\" \/><\/td>\n<\/tr>\n<tr>\n<td style=\"width: 226.333px\">\n<h1 style=\"text-align: center\"><img decoding=\"async\" class=\"size-medium wp-image-2258 aligncenter\" src=\"https:\/\/blogsaverroes.juntadeandalucia.es\/ceiparteroperez\/files\/2015\/03\/La-Educaci\u00f3n-el-comienzo-de-TODO-300x112.png\" alt=\"\" width=\"300\" height=\"112\" srcset=\"https:\/\/blogsaverroes.juntadeandalucia.es\/ceiparteroperez\/files\/2015\/03\/La-Educaci\u00f3n-el-comienzo-de-TODO-300x112.png 300w, https:\/\/blogsaverroes.juntadeandalucia.es\/ceiparteroperez\/files\/2015\/03\/La-Educaci\u00f3n-el-comienzo-de-TODO-24x9.png 24w, https:\/\/blogsaverroes.juntadeandalucia.es\/ceiparteroperez\/files\/2015\/03\/La-Educaci\u00f3n-el-comienzo-de-TODO-36x13.png 36w, https:\/\/blogsaverroes.juntadeandalucia.es\/ceiparteroperez\/files\/2015\/03\/La-Educaci\u00f3n-el-comienzo-de-TODO-48x18.png 48w, https:\/\/blogsaverroes.juntadeandalucia.es\/ceiparteroperez\/files\/2015\/03\/La-Educaci\u00f3n-el-comienzo-de-TODO.png 615w\" sizes=\"(max-width: 300px) 100vw, 300px\" \/>DEL 1 AL 31 DE MARZO<\/h1>\n<p>&nbsp;<\/td>\n<td style=\"width: 226.333px;text-align: center\"><img fetchpriority=\"high\" decoding=\"async\" class=\"aligncenter wp-image-5296 size-medium\" src=\"https:\/\/blogsaverroes.juntadeandalucia.es\/ceiparteroperez\/files\/2022\/02\/Escolarizacion2021b-300x300.jpg\" alt=\"\" width=\"300\" height=\"300\" srcset=\"https:\/\/blogsaverroes.juntadeandalucia.es\/ceiparteroperez\/files\/2022\/02\/Escolarizacion2021b-300x300.jpg 300w, https:\/\/blogsaverroes.juntadeandalucia.es\/ceiparteroperez\/files\/2022\/02\/Escolarizacion2021b-1024x1024.jpg 1024w, https:\/\/blogsaverroes.juntadeandalucia.es\/ceiparteroperez\/files\/2022\/02\/Escolarizacion2021b-150x150.jpg 150w, https:\/\/blogsaverroes.juntadeandalucia.es\/ceiparteroperez\/files\/2022\/02\/Escolarizacion2021b-768x768.jpg 768w, https:\/\/blogsaverroes.juntadeandalucia.es\/ceiparteroperez\/files\/2022\/02\/Escolarizacion2021b-80x80.jpg 80w, https:\/\/blogsaverroes.juntadeandalucia.es\/ceiparteroperez\/files\/2022\/02\/Escolarizacion2021b-320x320.jpg 320w, https:\/\/blogsaverroes.juntadeandalucia.es\/ceiparteroperez\/files\/2022\/02\/Escolarizacion2021b.jpg 1201w\" sizes=\"(max-width: 300px) 100vw, 300px\" \/><\/td>\n<\/tr>\n<\/tbody>\n<\/table>\n<p>En esta secci\u00f3n puede encontrar&nbsp; informaci\u00f3n de utilidad a la hora de de iniciar el proceso de escolarizaci\u00f3n: plazos, documentos, normativa, enlaces, etc.<\/p>\n<p>&nbsp;<\/p>\n<p>Informaci\u00f3n general<\/p>\n<p><a href=\"https:\/\/www.juntadeandalucia.es\/educacion\/portals\/web\/escolarizacion\">Enlace al portal de escolarizaci\u00f3n.<\/a><\/p>\n<p><a href=\"http:\/\/www.juntadeandalucia.es\/educacion\/portals\/web\/escolarizacion\/infantil-a-bachillerato\/normativa\">Normativa<\/a>&nbsp;sobre el proceso de escolarizaci\u00f3n.<\/p>\n<p><a href=\"http:\/\/www.juntadeandalucia.es\/educacion\/portals\/web\/escolarizacion\/infantil-a-bachillerato\/impresos\">Impresos<\/a><\/p>\n<p><a href=\"http:\/\/blogsaverroes.juntadeandalucia.es\/ceiparteroperez\/escolarizacion\/anexo-iii-solicitud-admision\/\">ANEXO III<\/a> (para rellenar e imprimir) . Anexo v\u00e1lido s\u00f3lo para el periodo de escolarizaci\u00f3n del mes de marzo.<\/p>\n<p><a href=\"https:\/\/www.juntadeandalucia.es\/educacion\/educasig\/escolarizacion\/\">\u00c1reas de influencia<\/a> &nbsp;&nbsp; Para comprobar tu \u00e1rea de influencia.<\/p>\n<p>&nbsp;<\/p>\n","protected":false},"excerpt":{"rendered":"<p>&nbsp;CURSO 2022\/ 23 DEL 1 AL 31 DE MARZO &nbsp; En esta secci\u00f3n puede encontrar&nbsp; informaci\u00f3n de utilidad a la hora de de iniciar el proceso de escolarizaci\u00f3n: plazos, documentos, normativa, enlaces, etc. &nbsp;&#46;&#46;&#46;<\/p>\n","protected":false},"author":1,"featured_media":0,"parent":0,"menu_order":0,"comment_status":"open","ping_status":"open","template":"page-templates\/child-menu.php","meta":{"ngg_post_thumbnail":0,"footnotes":"","_mc_calendar":[]},"aioseo_notices":[],"_links":{"self":[{"href":"https:\/\/blogsaverroes.juntadeandalucia.es\/ceiparteroperez\/wp-json\/wp\/v2\/pages\/141"}],"collection":[{"href":"https:\/\/blogsaverroes.juntadeandalucia.es\/ceiparteroperez\/wp-json\/wp\/v2\/pages"}],"about":[{"href":"https:\/\/blogsaverroes.juntadeandalucia.es\/ceiparteroperez\/wp-json\/wp\/v2\/types\/page"}],"author":[{"embeddable":true,"href":"https:\/\/blogsaverroes.juntadeandalucia.es\/ceiparteroperez\/wp-json\/wp\/v2\/users\/1"}],"replies":[{"embeddable":true,"href":"https:\/\/blogsaverroes.juntadeandalucia.es\/ceiparteroperez\/wp-json\/wp\/v2\/comments?post=141"}],"version-history":[{"count":33,"href":"https:\/\/blogsaverroes.juntadeandalucia.es\/ceiparteroperez\/wp-json\/wp\/v2\/pages\/141\/revisions"}],"predecessor-version":[{"id":5301,"href":"https:\/\/blogsaverroes.juntadeandalucia.es\/ceiparteroperez\/wp-json\/wp\/v2\/pages\/141\/revisions\/5301"}],"wp:attachment":[{"href":"https:\/\/blogsaverroes.juntadeandalucia.es\/ceiparteroperez\/wp-json\/wp\/v2\/media?parent=141"}],"curies":[{"name":"wp","href":"https:\/\/api.w.org\/{rel}","templated":true}]}}