{"id":2135,"date":"2017-01-26T12:53:50","date_gmt":"2017-01-26T12:53:50","guid":{"rendered":"http:\/\/blogsaverroes.juntadeandalucia.es\/ceiparteroperez\/?page_id=2135"},"modified":"2023-10-22T14:39:43","modified_gmt":"2023-10-22T13:39:43","slug":"profesorado-2","status":"publish","type":"page","link":"https:\/\/blogsaverroes.juntadeandalucia.es\/ceiparteroperez\/profesorado-2\/","title":{"rendered":"Profesorado"},"content":{"rendered":"<p>La distribuci\u00f3n del profesorado por<\/p>\n<ol>\n<li>Etapa educativa-Tutor\u00eda\n<ul>\n<li>Infantil &nbsp;<\/li>\n<li>Primaria &nbsp;&nbsp;<\/li>\n<li>Secundaria &nbsp;<\/li>\n<\/ul>\n<\/li>\n<li>Especialidades &nbsp;<\/li>\n<li>Coordinadores &nbsp;<\/li>\n<li>ETCP &nbsp;<\/li>\n<li>Equipo directivo &nbsp;<\/li>\n<li>Actividades &nbsp;<\/li>\n<\/ol>\n<h3><a name=\"Infantil\"><\/a>Educaci\u00f3n Infantil<\/h3>\n<ul>\n<li>3 a\u00f1os: Isabel L\u00f3pez Gonz\u00e1lez.<\/li>\n<li>4 a\u00f1os: Victoria Elena Rodr\u00edguez Piqueras.<\/li>\n<li>5 a\u00f1os: Gemma L\u00f3pez Hinojo.<\/li>\n<\/ul>\n<h3><a name=\"Primaria\"><\/a>Educaci\u00f3n Primaria<\/h3>\n<ul>\n<li>Primero : Estefan\u00eda Ruiz Garc\u00eda.<\/li>\n<li>Segundo : Raquel Santiago L\u00f3pez.<\/li>\n<li>Tercero: : Alicia Jim\u00e9nez Moral.<\/li>\n<li>Cuarto&nbsp; : Joaqu\u00edn Nieto Garc\u00eda.<\/li>\n<li>Quinto : Mar\u00eda Isabel L\u00f3pez Molina.<\/li>\n<li>Sexto : Francisco Agredano Garc\u00eda.<\/li>\n<\/ul>\n<p>&nbsp;<\/p>\n<h3><a name=\"Secundaria\"><\/a>Educaci\u00f3n Secundaria<\/h3>\n<ul>\n<li>Primero : Ana Mar\u00eda Gonz\u00e1lez Abad\u00eda.<\/li>\n<li>Segundo: Noemi L\u00f3pez Jim\u00e9nez.<\/li>\n<\/ul>\n<p>&nbsp;<\/p>\n<h3><a name=\"Especialidades\"><\/a>Especialidades<\/h3>\n<h4>Lengua<\/h4>\n<ul>\n<li>Noemi L\u00f3pez Jim\u00e9nez.<\/li>\n<\/ul>\n<h4>Idioma Ingl\u00e9s<\/h4>\n<ul>\n<li>Marta Alonso Ferres.<\/li>\n<li>Mar\u00eda Isabel L\u00f3pez Molina.<\/li>\n<\/ul>\n<h4>Idioma Franc\u00e9s<\/h4>\n<ul>\n<li>Noemi L\u00f3pez Jim\u00e9nez.<\/li>\n<\/ul>\n<h4>Geograf\u00eda e Historia<\/h4>\n<ul>\n<li><i>Manuel Barranco Cuadrado.<\/i><\/li>\n<li><em>Luc\u00eda Contreras Garc\u00eda.<\/em><\/li>\n<\/ul>\n<h4>Matem\u00e1ticas&nbsp;<\/h4>\n<ul>\n<li>Manuel Manzano Cara.<\/li>\n<li>Beatriz Seco Fern\u00e1ndez.<\/li>\n<\/ul>\n<h4>Biolog\u00eda y Geolog\u00eda<\/h4>\n<ul>\n<li>Ana Mar\u00eda Gonz\u00e1lez Abad\u00eda.<\/li>\n<\/ul>\n<h4>F\u00edsica y qu\u00edmica<\/h4>\n<ul>\n<li>Beatriz Seco Fern\u00e1ndez.<\/li>\n<\/ul>\n<h4>Tecnolog\u00eda<\/h4>\n<ul>\n<li>Manuel Manzano Cara.<\/li>\n<\/ul>\n<h4>Educaci\u00f3n F\u00edsica<\/h4>\n<ul>\n<li>&nbsp;Alicia Jim\u00e9nez Moral.<\/li>\n<li>Ana Mar\u00eda Gonz\u00e1lez Abad\u00eda.<\/li>\n<\/ul>\n<h4>Educaci\u00f3n Musical<\/h4>\n<ul>\n<li><i>Manuel Barranco Cuadrado.<\/i><\/li>\n<li><em>Luc\u00eda Contreras Garc\u00eda.<\/em><\/li>\n<\/ul>\n<h4>Educaci\u00f3n Pl\u00e1stica<\/h4>\n<ul>\n<li><i>Manuel Barranco Cuadrado.<\/i><\/li>\n<li><em>Luc\u00eda Contreras Garc\u00eda.<\/em><\/li>\n<\/ul>\n<h4>Religi\u00f3n Primaria<\/h4>\n<ul>\n<li>Carmen Mar\u00eda G\u00e1lvez G\u00e1lvez.<\/li>\n<\/ul>\n<h4>Religi\u00f3n&nbsp;Secundaria<\/h4>\n<ul>\n<li>Francisco Gabriel Gonz\u00e1lez Parr\u00f3n.<\/li>\n<\/ul>\n<h4>Apoyo a Ciclo<\/h4>\n<ul>\n<li>Adri\u00e1n Herv\u00e1s Garc\u00eda.<\/li>\n<\/ul>\n<h4>Educaci\u00f3n Compensatoria<\/h4>\n<ul>\n<li>Mar\u00eda G\u00e1dor Ruiz L\u00f3pez.<\/li>\n<\/ul>\n<h4>Apoyo a la Integraci\u00f3n<\/h4>\n<ul>\n<li>Martina Sierra Haro.<\/li>\n<\/ul>\n<h4>A.T.A.L.(Interculturalidad)<\/h4>\n<ul>\n<li>Margarita Almagro Fern\u00e1ndez.<\/li>\n<\/ul>\n<h4>E.O.E.<\/h4>\n<ul>\n<li><strong>Orientadora:&nbsp;<\/strong> Mar\u00eda del Pilar Garc\u00eda P\u00e9rez.<\/li>\n<li><strong>Logopeda:<\/strong> Eusebio Villanueva.<\/li>\n<\/ul>\n<h3><a name=\"Coordinadores\"><\/a>Coordinadores<\/h3>\n<h4>Educaci\u00f3n Infantil<\/h4>\n<ul>\n<li>Victoria Elena Rodr\u00edguez Piqueras.<\/li>\n<\/ul>\n<h4>Primer Ciclo Educaci\u00f3n Primaria<\/h4>\n<ul>\n<li>Raquel Santiago L\u00f3pez.<\/li>\n<\/ul>\n<h4>Segundo Ciclo Educaci\u00f3n Primaria<\/h4>\n<ul>\n<li>Joaqu\u00edn Nieto Garc\u00eda.<\/li>\n<\/ul>\n<h4>Tercer Ciclo Educaci\u00f3n Primaria<\/h4>\n<ul>\n<li>Francisco Agredano Garc\u00eda.<\/li>\n<\/ul>\n<h4>Primer Ciclo Educaci\u00f3n Secundaria<\/h4>\n<ul>\n<li>Marta Alonso Ferres.<\/li>\n<\/ul>\n<h4>Equipo de Orientaci\u00f3n<\/h4>\n<ul>\n<li>Martina Sierra Haro.<\/li>\n<\/ul>\n<p>&nbsp;<\/p>\n<h3><a name=\"ETCP\"><\/a>Equipo T\u00e9cnico de Coordinaci\u00f3n Pedag\u00f3gica<\/h3>\n<ul>\n<li>Director<\/li>\n<li>Jefe de Estudios<\/li>\n<li>Coordinadores<\/li>\n<li>&nbsp;EOE.<\/li>\n<\/ul>\n<p>&nbsp;<\/p>\n<h3><a name=\"UNIPERSONALES\"><\/a>\u00d3RGANOS UNIPERSONALES<\/h3>\n<p>&nbsp;<\/p>\n<dl>\n<dt>Direcci\u00f3n<\/dt>\n<\/dl>\n<dl>\n<dd>Beatriz Seco Fern\u00e1ndez.<\/dd>\n<\/dl>\n<dl>\n<dt>Jefatura de Estudios<\/dt>\n<\/dl>\n<dl>\n<dd>Noelia Sola Rubio.<\/dd>\n<\/dl>\n<dl>\n<dt>Secretar\u00eda<\/dt>\n<\/dl>\n<dl>\n<dd>Manuel Manzano Cara.<\/dd>\n<\/dl>\n<p>&nbsp;<\/p>\n<h3><a name=\"COMPLEMENTARIAS\"><\/a>ACTIVIDADES COMPLEMENTARIAS<\/h3>\n<p>&nbsp;<\/p>\n<dl>\n<dt>Biblioteca<\/dt>\n<\/dl>\n<dl>\n<dd>Noelia Sola Rubio<\/dd>\n<\/dl>\n<dl>\n<dt>Deportes<\/dt>\n<\/dl>\n<p style=\"padding-left: 40px\">Ana Mar\u00eda Gonz\u00e1lez Abad\u00eda.<\/p>\n<p style=\"padding-left: 40px\">Alicia Jim\u00e9nez Moral.<\/p>\n<dl>\n<dt>Museo Escolar<\/dt>\n<\/dl>\n<dl>\n<dd>Manuel Manzano Cara.<\/dd>\n<\/dl>\n<dl><\/dl>\n<dl>\n<dt>Medios Audiovisuales<\/dt>\n<\/dl>\n<dl>\n<dd>Manuel Manzano Cara.<\/dd>\n<\/dl>\n<dl>\n<dt>Inform\u00e1tica Y TIC<\/dt>\n<\/dl>\n<dl>\n<dd>Manuel Manzano Cara.<\/dd>\n<\/dl>\n","protected":false},"excerpt":{"rendered":"<p>La distribuci\u00f3n del profesorado por Etapa educativa-Tutor\u00eda Infantil &nbsp; Primaria &nbsp;&nbsp; Secundaria &nbsp; Especialidades &nbsp; Coordinadores &nbsp; ETCP &nbsp; Equipo directivo &nbsp; Actividades &nbsp; Educaci\u00f3n Infantil 3 a\u00f1os: Isabel L\u00f3pez Gonz\u00e1lez. 4 a\u00f1os: Victoria&#46;&#46;&#46;<\/p>\n","protected":false},"author":2619,"featured_media":0,"parent":0,"menu_order":0,"comment_status":"open","ping_status":"open","template":"page-templates\/child-menu.php","meta":{"ngg_post_thumbnail":0,"footnotes":"","_mc_calendar":[]},"aioseo_notices":[],"_links":{"self":[{"href":"https:\/\/blogsaverroes.juntadeandalucia.es\/ceiparteroperez\/wp-json\/wp\/v2\/pages\/2135"}],"collection":[{"href":"https:\/\/blogsaverroes.juntadeandalucia.es\/ceiparteroperez\/wp-json\/wp\/v2\/pages"}],"about":[{"href":"https:\/\/blogsaverroes.juntadeandalucia.es\/ceiparteroperez\/wp-json\/wp\/v2\/types\/page"}],"author":[{"embeddable":true,"href":"https:\/\/blogsaverroes.juntadeandalucia.es\/ceiparteroperez\/wp-json\/wp\/v2\/users\/2619"}],"replies":[{"embeddable":true,"href":"https:\/\/blogsaverroes.juntadeandalucia.es\/ceiparteroperez\/wp-json\/wp\/v2\/comments?post=2135"}],"version-history":[{"count":22,"href":"https:\/\/blogsaverroes.juntadeandalucia.es\/ceiparteroperez\/wp-json\/wp\/v2\/pages\/2135\/revisions"}],"predecessor-version":[{"id":5368,"href":"https:\/\/blogsaverroes.juntadeandalucia.es\/ceiparteroperez\/wp-json\/wp\/v2\/pages\/2135\/revisions\/5368"}],"wp:attachment":[{"href":"https:\/\/blogsaverroes.juntadeandalucia.es\/ceiparteroperez\/wp-json\/wp\/v2\/media?parent=2135"}],"curies":[{"name":"wp","href":"https:\/\/api.w.org\/{rel}","templated":true}]}}