{"id":2235,"date":"2018-01-22T13:01:12","date_gmt":"2018-01-22T13:01:12","guid":{"rendered":"http:\/\/blogsaverroes.juntadeandalucia.es\/ceiparteroperez\/?page_id=2235"},"modified":"2023-10-22T14:55:12","modified_gmt":"2023-10-22T13:55:12","slug":"inicio","status":"publish","type":"page","link":"https:\/\/blogsaverroes.juntadeandalucia.es\/ceiparteroperez\/","title":{"rendered":"Inicio"},"content":{"rendered":"<p><span style=\"color: #000000\"><a style=\"color: #000000\" href=\"http:\/\/blogsaverroes.juntadeandalucia.es\/ceiparteroperez\/escolarizacion\/\"><strong>INFORMACI\u00d3N escolarizaci\u00f3n<\/strong><\/a><strong><a href=\"https:\/\/blogsaverroes.juntadeandalucia.es\/ceiparteroperez\/escolarizacion\/\"><img decoding=\"async\" class=\"alignnone wp-image-2259 size-medium\" src=\"https:\/\/blogsaverroes.juntadeandalucia.es\/ceiparteroperez\/files\/2015\/03\/layout_set_logo-300x90.png\" alt=\"\" width=\"300\" height=\"90\" srcset=\"https:\/\/blogsaverroes.juntadeandalucia.es\/ceiparteroperez\/files\/2015\/03\/layout_set_logo-300x90.png 300w, https:\/\/blogsaverroes.juntadeandalucia.es\/ceiparteroperez\/files\/2015\/03\/layout_set_logo-24x7.png 24w, https:\/\/blogsaverroes.juntadeandalucia.es\/ceiparteroperez\/files\/2015\/03\/layout_set_logo-36x11.png 36w, https:\/\/blogsaverroes.juntadeandalucia.es\/ceiparteroperez\/files\/2015\/03\/layout_set_logo-48x14.png 48w, https:\/\/blogsaverroes.juntadeandalucia.es\/ceiparteroperez\/files\/2015\/03\/layout_set_logo.png 395w\" sizes=\"(max-width: 300px) 100vw, 300px\" \/><\/a><\/strong><\/span><\/p>\n<p><span style=\"color: #0000ff\">Para cualquier consulta relacionada con el centro&nbsp; HAY QUE PEDIR CITA PREVIA:<\/span><\/p>\n<ul>\n<li><span style=\"color: #0000ff\">Tel\u00e9fono: 95015 67 03&nbsp; cita PREVIA<br \/>\n<\/span><\/li>\n<li><span style=\"color: #0000ff\">Correo: 04002362.edu@juntadeandalucia.es<\/span><\/li>\n<\/ul>\n<p><a href=\"http:\/\/blogsaverroes.juntadeandalucia.es\/ceiparteroperez\/fondos-europeos\/\"><strong><span style=\"color: #000000\">ACCIONES COFINANCIADAS POR EL FONDO SOCIAL EUROPEO<\/span><\/strong><\/a><\/p>\n<p><a href=\"https:\/\/blogsaverroes.juntadeandalucia.es\/ceiparteroperez\/files\/2021\/11\/PAD-2021-22.pdf\" rel=\"attachment wp-att-5192\">&nbsp;<strong>Plan de Actuaci\u00f3n Digital<\/strong> <\/a><\/p>\n<p><a href=\"http:\/\/blogsaverroes.juntadeandalucia.es\/ceiparteroperez\/videosipasen\/\">V\u00cdDEOS TUTORIALES IPASEN (ESPA\u00d1OL Y \u00c1RABE)<\/a><\/p>\n<p><a href=\"http:\/\/blogsaverroes.juntadeandalucia.es\/ceiparteroperez\/encuestas-de-satisfaccion-junta-de-andalucia\/\">INSTRUCCIONES PARA RELLENAR LAS ENCUESTAS DE SATISFACCI\u00d3N<\/a><\/p>\n<p>&nbsp;<\/p>\n","protected":false},"excerpt":{"rendered":"<p>INFORMACI\u00d3N escolarizaci\u00f3n Para cualquier consulta relacionada con el centro&nbsp; HAY QUE PEDIR CITA PREVIA: Tel\u00e9fono: 95015 67 03&nbsp; cita PREVIA Correo: 04002362.edu@juntadeandalucia.es ACCIONES COFINANCIADAS POR EL FONDO SOCIAL EUROPEO &nbsp;Plan de Actuaci\u00f3n Digital V\u00cdDEOS&#46;&#46;&#46;<\/p>\n","protected":false},"author":2619,"featured_media":0,"parent":0,"menu_order":0,"comment_status":"closed","ping_status":"closed","template":"","meta":{"ngg_post_thumbnail":0,"footnotes":"","_mc_calendar":[]},"aioseo_notices":[],"_links":{"self":[{"href":"https:\/\/blogsaverroes.juntadeandalucia.es\/ceiparteroperez\/wp-json\/wp\/v2\/pages\/2235"}],"collection":[{"href":"https:\/\/blogsaverroes.juntadeandalucia.es\/ceiparteroperez\/wp-json\/wp\/v2\/pages"}],"about":[{"href":"https:\/\/blogsaverroes.juntadeandalucia.es\/ceiparteroperez\/wp-json\/wp\/v2\/types\/page"}],"author":[{"embeddable":true,"href":"https:\/\/blogsaverroes.juntadeandalucia.es\/ceiparteroperez\/wp-json\/wp\/v2\/users\/2619"}],"replies":[{"embeddable":true,"href":"https:\/\/blogsaverroes.juntadeandalucia.es\/ceiparteroperez\/wp-json\/wp\/v2\/comments?post=2235"}],"version-history":[{"count":81,"href":"https:\/\/blogsaverroes.juntadeandalucia.es\/ceiparteroperez\/wp-json\/wp\/v2\/pages\/2235\/revisions"}],"predecessor-version":[{"id":5377,"href":"https:\/\/blogsaverroes.juntadeandalucia.es\/ceiparteroperez\/wp-json\/wp\/v2\/pages\/2235\/revisions\/5377"}],"wp:attachment":[{"href":"https:\/\/blogsaverroes.juntadeandalucia.es\/ceiparteroperez\/wp-json\/wp\/v2\/media?parent=2235"}],"curies":[{"name":"wp","href":"https:\/\/api.w.org\/{rel}","templated":true}]}}