{"id":2367,"date":"2020-03-29T11:41:44","date_gmt":"2020-03-29T10:41:44","guid":{"rendered":"http:\/\/blogsaverroes.juntadeandalucia.es\/ceiparteroperez\/?page_id=2367"},"modified":"2020-06-09T13:50:18","modified_gmt":"2020-06-09T12:50:18","slug":"infantil","status":"publish","type":"page","link":"https:\/\/blogsaverroes.juntadeandalucia.es\/ceiparteroperez\/infantil\/","title":{"rendered":"INFANTIL"},"content":{"rendered":"<p>Hola chicos, sois unos CAMPEONES.<\/p>\n<p>Si quer\u00e9is estar entretenidos y aprender un mont\u00f3n <a href=\"https:\/\/www.grupo-sm.com\/es\/yoaprendoencasa-infantil\">pinchar AQU\u00cd<\/a><\/p>\n<p style=\"text-align: center\"><span style=\"color: #c9211e\"><b>Hemos a\u00f1adido nuevos enlaces para las distintas actividades, busca los enlaces<\/b><\/span><\/p>\n<p style=\"text-align: center\"><span style=\"color: #800080\"><strong>TAREAS PARA EL ALUMNADO DE EDUCACI\u00d3N INFANTIL<\/strong><\/span><\/p>\n<p style=\"text-align: justify\">Desde el ciclo de Educaci\u00f3n Infantil, lo primero que deseamos es que est\u00e9is bien, junto a vuestras familias, llevando este confinamiento de la mejor manera posible. Ya sab\u00e9is, que el estado de alarma se va alargar durante m\u00e1s tiempo del deseado. Para ello, vamos a proponer una serie de <strong>actividades tipo<\/strong>, que podr\u00e9is realizar en casa. Con la ayuda de los padres y de hermanos\/as mayores, que puedan acceder a este blog, os trasmitimos qu\u00e9 actividades pod\u00e9is hacer. Siempre tenemos que partir del nivel del ni\u00f1o\/a, dependiendo si est\u00e1n en 3, 4 o 5 a\u00f1os.<\/p>\n<p style=\"text-align: justify\"><span style=\"color: #008000\"><strong>ACTIVIDADES<\/strong><\/span><\/p>\n<p><span style=\"color: #ff0000\">* D\u00cdA DE LA MEMORIA HIST\u00d3RICA<br \/>\n<\/span><\/p>\n<p>El pr\u00f3ximo d\u00eda 14 de Junio, se celebra el \u201cD\u00eda de la Memoria Hist\u00f3rica\u201d, y os vamos a proponer una serie de actividades en torno a un cuento, un cuento precioso llamado \u201cFlon Flon y Musina\u201d. La historia que nos cuentan sus protagonistas, supone un alegato contra la guerra a la vez que es un canto al amor y a la amistad. Pocos libros de literatura infantil han tratado el tema de la guerra con la delicadeza, contundencia y claridad con la que se aborda en este maravilloso cuento.<br \/>\nEs un cuento\u2026..bello y triste a la vez.<\/p>\n<p>Las actividades que os proponemos son las siguientes:<br \/>\n&#8211; Vemos el cuento tantas veces como queramos.&nbsp; <a href=\"https:\/\/www.youtube.com\/watch?v=ji1V7CosUq4\">Enlace al v\u00eddeo<\/a><br \/>\n&#8211; Escuchamos y nos aprendemos la canci\u00f3n.&nbsp; <a href=\"https:\/\/www.youtube.com\/watch?v=36gHOmAryXE\">Enlace al v\u00eddeo<\/a><br \/>\n&#8211; Podemos hacer un dibujo de Flon FLon y Musina.<\/p>\n<p><span style=\"color: #ff0000\">* D\u00cdA DE LA FAMILIA<\/span><\/p>\n<p>Hola a todos esos campeones de infantil. \u00bfC\u00f3mo segu\u00eds? Estamos seguras de que s\u00faper bien. Antes de que ve\u00e1is las actividades que vamos a subir para celebrar el <strong>D\u00cdA DE LA FAMILIA<\/strong>, la se\u00f1o Victoria y la se\u00f1o Eva, os van a dejar el correo electr\u00f3nico para que los pap\u00e1s y mam\u00e1s puedan escribirles las dudas que tengan, mandarles alg\u00fan trabajo que hag\u00e1is en casa, o pedir cualquier otra informaci\u00f3n. Los alumnos\/as de la se\u00f1o Conchi, se seguir\u00e1n comunicando con ella, como hasta ahora lo hacen.<\/p>\n<p>Se\u00f1o Victoria: maestravictoria5@gmail.com<\/p>\n<p>Se\u00f1o Eva M\u00aa: evamariamaestra@gmail.com<\/p>\n<p>ACTIVIDADES D\u00cdA DE LA FAMILIA<\/p>\n<p>Podemos empezar viendo unos cuentos estupendos, que nos hablan de la familia, de los diferentes tipos de familias que hay, de c\u00f3mo los ni\u00f1os y ni\u00f1as juegan a imitar a las familias, de la importancia de visitar a otras familias y descubrir que cada familia es diferente, \u00fanica e irrepetible,\u2026.. Vas a conocer a personajes como Clara, Juli\u00e1n y Marina o Carlota. Puedes hacer un dibujo de los cuentos, y si sabes escribir puedes poner el t\u00edtulo. Si quieres, puedes mand\u00e1rselo a tu se\u00f1o por correo electr\u00f3nico.<\/p>\n<p>* UN PU\u00d1ADO DE BOTONES<\/p>\n<p><a href=\"https:\/\/www.youtube.com\/watch?v=X3pqs30VJHk\">Enlace al v\u00eddeo<\/a><\/p>\n<p>* LA MEJOR FAMILIA DEL MUNDO<\/p>\n<p><a href=\"https:\/\/www.youtube.com\/watch?v=huHoV0I0eh0\">Enlace al v\u00eddeo<\/a><\/p>\n<p>* FAMILIAS LA M\u00cdA, LA TUYA Y LA DE LOS DEM\u00c1S<\/p>\n<p><a href=\"https:\/\/www.youtube.com\/watch?v=l0LVSG4KqjA\">Enlace al v\u00eddeo<\/a><\/p>\n<p>* SECRETO DE FAMILIA<\/p>\n<p><a href=\"https:\/\/www.youtube.com\/watch?v=UXR9b7KpJNU\">Enlace al v\u00eddeo<\/a><\/p>\n<p>Los ni\u00f1os y ni\u00f1as de 5 a\u00f1os que ya saben leer muy bien, pueden leerle este cuento a su familia.<\/p>\n<p>&nbsp;\u201cClara tiene una gran familia\u201d&nbsp; <a href=\"http:\/\/infantilgraciapc.blogspot.com\/2013\/05\/cuentoclara-tiene-una-gran-familia.html\">enlace al cuento en im\u00e1genes<\/a><\/p>\n<p>Con la ayuda de nuestra familia, si no sabemos leer, podemos aprendernos esta poes\u00eda.<\/p>\n<p><a href=\"https:\/\/blogsaverroes.juntadeandalucia.es\/ceiparteroperez\/files\/2020\/05\/Poes\u00eda-familia.jpg\" rel=\"attachment wp-att-4090\"><img fetchpriority=\"high\" decoding=\"async\" class=\"aligncenter wp-image-4090 size-medium\" src=\"https:\/\/blogsaverroes.juntadeandalucia.es\/ceiparteroperez\/files\/2020\/05\/Poes\u00eda-familia-183x300.jpg\" alt=\"\" width=\"183\" height=\"300\" srcset=\"https:\/\/blogsaverroes.juntadeandalucia.es\/ceiparteroperez\/files\/2020\/05\/Poes\u00eda-familia-183x300.jpg 183w, https:\/\/blogsaverroes.juntadeandalucia.es\/ceiparteroperez\/files\/2020\/05\/Poes\u00eda-familia-15x24.jpg 15w, https:\/\/blogsaverroes.juntadeandalucia.es\/ceiparteroperez\/files\/2020\/05\/Poes\u00eda-familia-22x36.jpg 22w, https:\/\/blogsaverroes.juntadeandalucia.es\/ceiparteroperez\/files\/2020\/05\/Poes\u00eda-familia-29x48.jpg 29w, https:\/\/blogsaverroes.juntadeandalucia.es\/ceiparteroperez\/files\/2020\/05\/Poes\u00eda-familia.jpg 236w\" sizes=\"(max-width: 183px) 100vw, 183px\" \/><\/a><\/p>\n<p>Y para terminar, como habr\u00e9is podido ver en la p\u00e1gina principal del blog, se propone hacer una actividad conjunta todo el centro para conmemorar el D\u00eda de la Familia. Pod\u00e9is mandarnos a nuestros correos alg\u00fan dibujo de vuestra familia, o alguna foto actualizada para poder realizar un collage digital y exponerlo en el blog. Esta actividad est\u00e1 propuesta por el coordinador del Plan de Igualdad, y va dirigida a todo el centro. Os adjuntamos algunos ejemplos de dibujos de familias.<\/p>\n<p><a href=\"https:\/\/blogsaverroes.juntadeandalucia.es\/ceiparteroperez\/files\/2020\/05\/familia1.jpg\" rel=\"attachment wp-att-4092\"><img decoding=\"async\" class=\"alignnone wp-image-4092 size-medium\" src=\"https:\/\/blogsaverroes.juntadeandalucia.es\/ceiparteroperez\/files\/2020\/05\/familia1-300x206.jpg\" alt=\"\" width=\"300\" height=\"206\" srcset=\"https:\/\/blogsaverroes.juntadeandalucia.es\/ceiparteroperez\/files\/2020\/05\/familia1-300x206.jpg 300w, https:\/\/blogsaverroes.juntadeandalucia.es\/ceiparteroperez\/files\/2020\/05\/familia1-24x16.jpg 24w, https:\/\/blogsaverroes.juntadeandalucia.es\/ceiparteroperez\/files\/2020\/05\/familia1-36x25.jpg 36w, https:\/\/blogsaverroes.juntadeandalucia.es\/ceiparteroperez\/files\/2020\/05\/familia1-48x33.jpg 48w, https:\/\/blogsaverroes.juntadeandalucia.es\/ceiparteroperez\/files\/2020\/05\/familia1.jpg 500w\" sizes=\"(max-width: 300px) 100vw, 300px\" \/><\/a> <a href=\"https:\/\/blogsaverroes.juntadeandalucia.es\/ceiparteroperez\/files\/2020\/05\/familia2.jpg\" rel=\"attachment wp-att-4093\"><img decoding=\"async\" class=\"alignnone wp-image-4093 size-medium\" src=\"https:\/\/blogsaverroes.juntadeandalucia.es\/ceiparteroperez\/files\/2020\/05\/familia2-300x219.jpg\" alt=\"\" width=\"300\" height=\"219\" srcset=\"https:\/\/blogsaverroes.juntadeandalucia.es\/ceiparteroperez\/files\/2020\/05\/familia2-300x219.jpg 300w, https:\/\/blogsaverroes.juntadeandalucia.es\/ceiparteroperez\/files\/2020\/05\/familia2-24x17.jpg 24w, https:\/\/blogsaverroes.juntadeandalucia.es\/ceiparteroperez\/files\/2020\/05\/familia2-36x26.jpg 36w, https:\/\/blogsaverroes.juntadeandalucia.es\/ceiparteroperez\/files\/2020\/05\/familia2-48x35.jpg 48w, https:\/\/blogsaverroes.juntadeandalucia.es\/ceiparteroperez\/files\/2020\/05\/familia2.jpg 380w\" sizes=\"(max-width: 300px) 100vw, 300px\" \/><\/a><\/p>\n<p style=\"text-align: justify\">* Repasar y copiar el nombre. Tambi\u00e9n se har\u00e1n los apellidos en 4 y 5 a\u00f1os.<\/p>\n<p style=\"text-align: justify\">* Actividades y juegos con letras (sobre todo para 4 y 5 a\u00f1os). Copiar palabras, hacer dictados. En 3 a\u00f1os reconocimiento de algunas letras.<\/p>\n<p style=\"text-align: justify\"><a href=\"https:\/\/get.google.com\/albumarchive\/111344572009014359259\/album\/AF1QipOF0GJNQ8JkLMS-_lQpKohVu-e0DMAxL68ZpFuI\"><span style=\"color: #c9211e\"><b>Nuevos enlaces pincha AQU\u00cd<\/b><\/span><\/a><b> <\/b><\/p>\n<p style=\"text-align: justify\"><b><\/b><a href=\"https:\/\/get.google.com\/albumarchive\/111344572009014359259\/album\/AF1QipOE5rmrpgOHw-gdt9Wt5vduA6Ur1T_VZNDAxahy\"><span style=\"color: #c9211e\"><b>Nuevos enlaces pincha AQU\u00cd<\/b><\/span><\/a><\/p>\n<p><a href=\"https:\/\/get.google.com\/albumarchive\/111344572009014359259\/album\/AF1QipN4NkyG2gQDn5aigrLZIHc1aksM6yccM3PUtzhk\"><span style=\"color: #c9211e\"><b>Nuevos enlaces pincha AQU\u00cd<\/b><\/span><\/a><\/p>\n<p>* Lectura diaria (4 y 5 a\u00f1os).<\/p>\n<p style=\"text-align: justify\"><span style=\"color: #c9211e\"><b><a href=\"https:\/\/get.google.com\/albumarchive\/111344572009014359259\/album\/AF1QipMaEXJBs2KYu7rYqSw5T-uLYtJZBF5szQEyaPyb\">Nuevos enlaces pincha AQU\u00cd<\/a><br \/>\n<\/b><\/span><\/p>\n<p><a href=\"https:\/\/get.google.com\/albumarchive\/111344572009014359259\/album\/AF1QipNzFSWB7Df28Exv0spXkLMXLKukT_oukVLC6wNi\"><span style=\"color: #c9211e\"><b>Nuevos enlaces pincha AQU\u00cd<\/b><\/span><\/a><\/p>\n<p><a href=\"https:\/\/get.google.com\/albumarchive\/111344572009014359259\/album\/AF1QipN6SFArU97aOVGSLhvxcMKTNCwwc18p4LImyYif\"><span style=\"color: #c9211e\"><b>Nuevos enlaces pincha AQU\u00cd<\/b><\/span><\/a><\/p>\n<p><a href=\"https:\/\/drive.google.com\/drive\/mobile\/folders\/1D02J6sPp9GWM_2tWoNle_8nHuAE6wDLu\/1G_BEtmg6db_doHz7DiU5rHHR5uXVUPli\/1Tkff9KklYd9F4cVQAUAgbVIOVe3E9pZx?sort=13&amp;direction=a\"><span style=\"color: #800000\"><b>Nuevos enlaces pincha AQU\u00cd<\/b><\/span><\/a><\/p>\n<p><span style=\"color: #800000\"><a style=\"color: #800000\" href=\"https:\/\/sites.google.com\/view\/cuentoshavefunwithcoco\/home?authuser=0\"><b>D\u00eda del libro videocuentos pincha AQU\u00cd<\/b><\/a><\/span><\/p>\n<p style=\"text-align: justify\">* Hacer dibujos y colorear.<\/p>\n<p style=\"text-align: justify\"><a href=\"https:\/\/get.google.com\/albumarchive\/111344572009014359259\/album\/AF1QipMJpQEjJWaq-a8rnOuFJzbsl2q4g_6hGBVdjezX\"><span style=\"color: #c9211e\"><b>Nuevos enlaces pincha AQU\u00cd<\/b><\/span><\/a><\/p>\n<p><a href=\"https:\/\/get.google.com\/albumarchive\/111344572009014359259\/album\/AF1QipMSCJruT2VT1zuDHiu71SJt_NsRXQEKmVBGAU_l\"><span style=\"color: #c9211e\"><b>Nuevos enlaces pincha AQU\u00cd<\/b><\/span><\/a><\/p>\n<p style=\"text-align: justify\">* Actividades de recortar y pegar.<\/p>\n<p style=\"text-align: justify\">* Plastilina.<\/p>\n<p style=\"text-align: justify\">* Repasar trazos (l\u00edneas), sobre todo en 3 y 4 a\u00f1os. <b><\/b><\/p>\n<p style=\"text-align: justify\"><a href=\"https:\/\/get.google.com\/albumarchive\/111344572009014359259\/album\/AF1QipN-uNNn1uk9OzMrGxGTXTbFiicXiTF20w5cWkZk\"><span style=\"color: #c9211e\"><b>Nuevos enlaces pincha AQU\u00cd<\/b><\/span><\/a><\/p>\n<p><a href=\"https:\/\/get.google.com\/albumarchive\/111344572009014359259\/album\/AF1QipMbBhH3-TGAOreDMARNQ2RFDIPxjmPMsE0zHX_l\"><span style=\"color: #c9211e\"><b>Nuevos enlaces pincha AQU\u00cd<\/b><\/span><\/a><\/p>\n<p>* Repasamos lo n\u00fameros aprendidos (cantidad y graf\u00eda):<\/p>\n<p style=\"text-align: justify\">&nbsp;&nbsp;&nbsp;&nbsp;&nbsp;&nbsp;&nbsp;&nbsp; &#8211; 3 a\u00f1os: hasta el 10.<\/p>\n<p><span style=\"color: #c9211e\"><b>&nbsp;&nbsp;&nbsp;&nbsp;&nbsp;&nbsp;&nbsp;&nbsp;&nbsp; <a href=\"https:\/\/get.google.com\/albumarchive\/111344572009014359259\/album\/AF1QipNumCpIZBvnVJh54LLpnnZEwZvpI04MzJfYcWTs\">Nuevos enlaces pincha AQU\u00cd<\/a><\/b><\/span><\/p>\n<p>&nbsp;&nbsp;&nbsp;&nbsp;&nbsp;&nbsp;&nbsp;&nbsp;&nbsp; <a href=\"https:\/\/get.google.com\/albumarchive\/111344572009014359259\/album\/AF1QipNj05C9qCwZFMXlPASuV-XP1cvcQB12kEKOgpd3\"><span style=\"color: #c9211e\"><b>Nuevos enlaces pincha AQU\u00cd<\/b><\/span><\/a><\/p>\n<p style=\"text-align: justify\">&nbsp;&nbsp;&nbsp;&nbsp;&nbsp;&nbsp;&nbsp;&nbsp; &#8211; 4 a\u00f1os: hasta el 20.<\/p>\n<p><span style=\"color: #c9211e\"><b>&nbsp;&nbsp;&nbsp;&nbsp;&nbsp;&nbsp;&nbsp;&nbsp; <a href=\"https:\/\/get.google.com\/albumarchive\/111344572009014359259\/album\/AF1QipP6F9wqKh5ZkfzF0jaVn3acmeTvjunvsTzleWQs\">Nuevos enlaces pincha AQU\u00cd<\/a><\/b><\/span><\/p>\n<p><span style=\"color: #c9211e\"><b>&nbsp;&nbsp;&nbsp;&nbsp;&nbsp;&nbsp;&nbsp;&nbsp; <a href=\"https:\/\/get.google.com\/albumarchive\/111344572009014359259\/album\/AF1QipOW3O500go0IUaKiiDLs4lKFa5oTMc09JjpwKr9\">Nuevos enlaces pincha AQU\u00cd<\/a><\/b><\/span><\/p>\n<p style=\"text-align: justify\">&nbsp;&nbsp;&nbsp;&nbsp;&nbsp;&nbsp;&nbsp;&nbsp; &#8211; 5 a\u00f1os: hasta el 50 o 100.<\/p>\n<p>&nbsp;&nbsp;&nbsp;&nbsp;&nbsp;&nbsp;&nbsp;&nbsp; <a href=\"https:\/\/get.google.com\/albumarchive\/111344572009014359259\/album\/AF1QipP6CqlClQ_-bHp8kx5uFIegsc_GWxWt785xGEmi\"><span style=\"color: #c9211e\"><b>Nuevos enlaces pincha AQU\u00cd<\/b><\/span><\/a><\/p>\n<p><span style=\"color: #c9211e\"><b>&nbsp;&nbsp;&nbsp;&nbsp;&nbsp;&nbsp;&nbsp;&nbsp; <a href=\"https:\/\/get.google.com\/albumarchive\/111344572009014359259\/album\/AF1QipMIofcx5aUIz1c1wnq_NlpzskRGXbJ1RIpuZrZT\">Nuevos enlaces pincha AQU\u00cd<\/a><\/b><\/span><\/p>\n<p><span style=\"color: #c9211e\"><b>&nbsp;&nbsp;&nbsp;&nbsp;&nbsp;&nbsp;&nbsp;&nbsp; <a href=\"https:\/\/get.google.com\/albumarchive\/111344572009014359259\/album\/AF1QipMGDFBzDlw5KX3QSvtSqTQurAS9hhGAsQtagLXY\">Nuevos enlaces pincha AQU\u00cd<\/a><\/b><\/span><\/p>\n<p style=\"text-align: justify\">* Sumas y restas, para 4 y 5 a\u00f1os.<\/p>\n<p style=\"text-align: justify\">&nbsp;&nbsp;&nbsp;&nbsp;&nbsp;&nbsp;&nbsp;&nbsp; <a href=\"https:\/\/get.google.com\/albumarchive\/111344572009014359259\/album\/AF1QipMIPzPo-CuuWfj4l9NEO1oRS-qzb66K51AQvYTv\"><span style=\"color: #c9211e\"><b>Nuevos enlaces pincha AQU\u00cd<\/b><\/span><\/a><\/p>\n<p><span style=\"color: #c9211e\"><b>&nbsp;&nbsp;&nbsp;&nbsp;&nbsp;&nbsp;&nbsp;&nbsp; <a href=\"https:\/\/get.google.com\/albumarchive\/111344572009014359259\/album\/AF1QipNwwtrt8hExmPE5kAyhMq2iqqNY4BCeAWublTnV\">Nuevos enlaces pincha AQU\u00cd<\/a><\/b><\/span><\/p>\n<p style=\"text-align: justify\">* Leer cuentos, y en el caso de no saber leer, que lo lean los padres o hermanos\/as.<\/p>\n<p style=\"text-align: justify\">* Ver la televisi\u00f3n en espa\u00f1ol, y si hay posibilidad de acceder a internet, v\u00eddeos y canciones relacionadas con vocabulario, n\u00fameros o letras.<\/p>\n<p style=\"text-align: justify\">* Acceder al enlace que nos facilita la editorial, para trabajar actividades interactivas, cuentos y canciones entre otras (nosotras iremos tambi\u00e9n aportando nuevos enlaces).<\/p>\n<p style=\"text-align: justify\">Estas son algunas de las tareas que pod\u00e9is realizar en familia. Tambi\u00e9n, pod\u00e9is hacer el dibujo del arco iris, que cuelga en la mayor\u00eda de las ventanas de Espa\u00f1a. Os pueden servir de ejemplo, estas im\u00e1genes:<\/p>\n<p style=\"text-align: justify\"><a href=\"https:\/\/blogsaverroes.juntadeandalucia.es\/ceiparteroperez\/files\/2020\/03\/58.jpg\"><img loading=\"lazy\" decoding=\"async\" class=\"alignnone wp-image-2488\" src=\"https:\/\/blogsaverroes.juntadeandalucia.es\/ceiparteroperez\/files\/2020\/03\/58-300x170.jpg\" alt=\"\" width=\"418\" height=\"237\">&nbsp;&nbsp;&nbsp;&nbsp; <\/a><a href=\"https:\/\/blogsaverroes.juntadeandalucia.es\/ceiparteroperez\/files\/2020\/03\/ETGNmLmWAAELmXY.jpg\"><img loading=\"lazy\" decoding=\"async\" class=\"alignnone wp-image-2489\" src=\"https:\/\/blogsaverroes.juntadeandalucia.es\/ceiparteroperez\/files\/2020\/03\/ETGNmLmWAAELmXY-300x237.jpg\" alt=\"\" width=\"299\" height=\"236\"><\/a><\/p>\n<p style=\"text-align: justify\">Aunque lo m\u00e1s importante, es intentar disfrutar este tiempo en familia, hacer las cosas que nos gustan y aprender otras nuevas, siempre sabiendo que sois unos <strong>CAMPEONES<\/strong>. Nosotras estamos deseando volver a veros\u2026\u2026 Un fuerte abrazo.<\/p>\n<p style=\"text-align: justify\">&nbsp; &nbsp; &nbsp; &nbsp; &nbsp; &nbsp; &nbsp; &nbsp; &nbsp; &nbsp; &nbsp; &nbsp; &nbsp; &nbsp; &nbsp; &nbsp; &nbsp; &nbsp; &nbsp; &nbsp; &nbsp; &nbsp; &nbsp; &nbsp; &nbsp; &nbsp; &nbsp; &nbsp; &nbsp; &nbsp; &nbsp; &nbsp; &nbsp; &nbsp; &nbsp; &nbsp; &nbsp; &nbsp; &nbsp; &nbsp; &nbsp; &nbsp; &nbsp; &nbsp; &nbsp; &nbsp; &nbsp; &nbsp; &nbsp; &nbsp; &nbsp;Las maestras de infantil<\/p>\n<p style=\"text-align: justify\">&nbsp;<\/p>\n<p style=\"text-align: justify\">&nbsp;<\/p>\n<p>&nbsp;<\/p>\n","protected":false},"excerpt":{"rendered":"<p>Hola chicos, sois unos CAMPEONES. Si quer\u00e9is estar entretenidos y aprender un mont\u00f3n pinchar AQU\u00cd Hemos a\u00f1adido nuevos enlaces para las distintas actividades, busca los enlaces TAREAS PARA EL ALUMNADO DE EDUCACI\u00d3N INFANTIL Desde&#46;&#46;&#46;<\/p>\n","protected":false},"author":2619,"featured_media":0,"parent":0,"menu_order":0,"comment_status":"closed","ping_status":"closed","template":"","meta":{"ngg_post_thumbnail":0,"footnotes":"","_mc_calendar":[]},"aioseo_notices":[],"_links":{"self":[{"href":"https:\/\/blogsaverroes.juntadeandalucia.es\/ceiparteroperez\/wp-json\/wp\/v2\/pages\/2367"}],"collection":[{"href":"https:\/\/blogsaverroes.juntadeandalucia.es\/ceiparteroperez\/wp-json\/wp\/v2\/pages"}],"about":[{"href":"https:\/\/blogsaverroes.juntadeandalucia.es\/ceiparteroperez\/wp-json\/wp\/v2\/types\/page"}],"author":[{"embeddable":true,"href":"https:\/\/blogsaverroes.juntadeandalucia.es\/ceiparteroperez\/wp-json\/wp\/v2\/users\/2619"}],"replies":[{"embeddable":true,"href":"https:\/\/blogsaverroes.juntadeandalucia.es\/ceiparteroperez\/wp-json\/wp\/v2\/comments?post=2367"}],"version-history":[{"count":25,"href":"https:\/\/blogsaverroes.juntadeandalucia.es\/ceiparteroperez\/wp-json\/wp\/v2\/pages\/2367\/revisions"}],"predecessor-version":[{"id":5006,"href":"https:\/\/blogsaverroes.juntadeandalucia.es\/ceiparteroperez\/wp-json\/wp\/v2\/pages\/2367\/revisions\/5006"}],"wp:attachment":[{"href":"https:\/\/blogsaverroes.juntadeandalucia.es\/ceiparteroperez\/wp-json\/wp\/v2\/media?parent=2367"}],"curies":[{"name":"wp","href":"https:\/\/api.w.org\/{rel}","templated":true}]}}