{"id":2504,"date":"2020-03-31T10:50:22","date_gmt":"2020-03-31T09:50:22","guid":{"rendered":"http:\/\/blogsaverroes.juntadeandalucia.es\/ceiparteroperez\/?page_id=2504"},"modified":"2021-02-14T20:01:34","modified_gmt":"2021-02-14T19:01:34","slug":"a-l","status":"publish","type":"page","link":"https:\/\/blogsaverroes.juntadeandalucia.es\/ceiparteroperez\/a-l\/","title":{"rendered":"AUDICI\u00d3N Y LENGUAJE"},"content":{"rendered":"<h2 style=\"text-align: center\"><span style=\"color: #ff0000\">TERCER TRIMESTRE<\/span><\/h2>\n<p>&nbsp;<\/p>\n<h1 style=\"text-align: center\"><span style=\"color: #ff9900\">AUDICI\u00d3N Y LENGUAJE<\/span><\/h1>\n<p>&nbsp;<\/p>\n<h2 style=\"text-align: center\"><span style=\"color: #3366ff\">TRABAJO PARA LA SEMANA DEL 15 DE JUNIO AL 19 DE JUNIO<\/span><\/h2>\n<p><span style=\"color: #0000ff\">PINCHA EN EL ENLACE Y ENCONTRAR\u00c1S TU TRABAJO<\/span><\/p>\n<p>&nbsp;<\/p>\n<p><a href=\"https:\/\/blogsaverroes.juntadeandalucia.es\/ceiparteroperez\/files\/2020\/06\/AL15.6.20-1.pdf\">AL15.6.20 (1)<\/a><\/p>\n<h2 style=\"text-align: center\"><span style=\"color: #3366ff\">TRABAJO PARA LA SEMANA DEL 08 DE JUNIO AL 12 DE JUNIO<\/span><\/h2>\n<p><span style=\"color: #0000ff\">PINCHA EN EL ENLACE Y ENCONTRAR\u00c1S TU TRABAJO<\/span><\/p>\n<p>&nbsp;<\/p>\n<p><a href=\"https:\/\/blogsaverroes.juntadeandalucia.es\/ceiparteroperez\/files\/2020\/06\/Eva-Torres.pdf\">Eva Torres<\/a><\/p>\n<h2>&nbsp;<\/h2>\n<h2>&nbsp;<\/h2>\n<h2 style=\"text-align: center\"><span style=\"color: #3366ff\">TRABAJO PARA LA SEMANA DEL 01 DE JUNIO AL 05 DE JUNIO<\/span><\/h2>\n<p>&nbsp;<\/p>\n<p>&nbsp;<\/p>\n<p><span style=\"color: #0000ff\">PINCHA EN EL ENLACE Y ENCONTRAR\u00c1S TU TRABAJO<\/span><\/p>\n<p><a href=\"https:\/\/blogsaverroes.juntadeandalucia.es\/ceiparteroperez\/files\/2020\/05\/TARAMBANA.1.6.-1.pdf\">TARAMBANA.1.6. (1)<\/a><\/p>\n<h2>&nbsp;<\/h2>\n<h2>&nbsp;<\/h2>\n<h2 style=\"text-align: center\"><span style=\"color: #3366ff\">TRABAJO PARA LA SEMANA DEL 25 AL 29 DE MAYO<\/span><\/h2>\n<p>&nbsp;<\/p>\n<p>&nbsp;<\/p>\n<p><span style=\"color: #0000ff\">PINCHA EN EL ENLACE Y ENCONTRAR\u00c1S TU TRABAJO<\/span><\/p>\n<p>&nbsp;<\/p>\n<p><a href=\"https:\/\/blogsaverroes.juntadeandalucia.es\/ceiparteroperez\/files\/2020\/05\/ARTERO.25.5.-1.pdf\">ARTERO.25.5. (1)<\/a><\/p>\n<p>&nbsp;<\/p>\n<p>&nbsp;<\/p>\n<p>&nbsp;<\/p>\n<p>&nbsp;<\/p>\n<h2 style=\"text-align: center\"><span style=\"color: #3366ff\">TRABAJO PARA LA SEMANA DEL 18 AL 22 DE MAYO<\/span><\/h2>\n<p>&nbsp;<\/p>\n<p><span style=\"color: #0000ff\">PINCHA EN EL ENLACE Y ENCONTRAR\u00c1S TU TRABAJO<\/span><\/p>\n<p>&nbsp;<\/p>\n<p><a href=\"https:\/\/blogsaverroes.juntadeandalucia.es\/ceiparteroperez\/files\/2020\/05\/ARTERO-18.5.-1.pdf\">ARTERO 18.5.<\/a><\/p>\n<p>&nbsp;<\/p>\n<p>&nbsp;<\/p>\n<h2 style=\"text-align: center\"><span style=\"color: #3366ff\">TRABAJO PARA LA SEMANA DEL 11 AL 15 DE MAYO<\/span><\/h2>\n<p>&nbsp;<\/p>\n<p>&nbsp;<\/p>\n<p><span style=\"color: #0000ff\">PINCHA EN EL ENLACE Y ENCONTRAR\u00c1S TU TRABAJO<\/span><\/p>\n<p><a href=\"https:\/\/blogsaverroes.juntadeandalucia.es\/ceiparteroperez\/files\/2020\/05\/ARTERO.11.5.20.pdf\">ARTERO.11.5.20<\/a><\/p>\n<h4 style=\"text-align: left\"><span style=\"color: #000000\"><a style=\"color: #000000\" href=\"https:\/\/blogsaverroes.juntadeandalucia.es\/ceiparteroperez\/files\/2020\/05\/ARTERO-PEREZ-11.5.20-copia-1.pdf\">ARTERO PEREZ 11.5.20 &#8211; copia<\/a><\/span><\/h4>\n<h2>&nbsp;<\/h2>\n<h2 style=\"text-align: center\"><span style=\"color: #3366ff\">TRABAJO PARA LA SEMANA DEL 05 AL 08 DE MAYO<\/span><\/h2>\n<p>&nbsp;<\/p>\n<p>&nbsp;<\/p>\n<p><span style=\"color: #0000ff\">PINCHA EN EL ENLACE Y ENCONTRAR\u00c1S TU TRABAJO<\/span><\/p>\n<p>&nbsp;<\/p>\n<p><span style=\"color: #0000ff\"><a style=\"color: #0000ff\" href=\"https:\/\/blogsaverroes.juntadeandalucia.es\/ceiparteroperez\/files\/2020\/05\/ARTERO-PEREZ-5MAYO-1.pdf\">ARTERO PEREZ 5MAYO (1)<\/a><\/span><\/p>\n<p>&nbsp;<\/p>\n<p>&nbsp;<\/p>\n<h2 style=\"text-align: center\"><span style=\"color: #3366ff\">TRABAJO PARA LA SEMANA DEL 27 DE ABRIL AL&nbsp; 4 DE MAYO<\/span><\/h2>\n<p><span style=\"color: #0000ff\">PINCHA EN EL ENLACE<\/span><\/p>\n<p>&nbsp;<\/p>\n<p><a href=\"https:\/\/blogsaverroes.juntadeandalucia.es\/ceiparteroperez\/files\/2020\/04\/TAREAS-27.4.-1.pdf\">TAREAS 27.4.!<\/a><\/p>\n<h2>&nbsp;<\/h2>\n<p>&nbsp;<\/p>\n<h2 style=\"text-align: center\"><span style=\"color: #3366ff\">TRABAJO PARA LA SEMANA DEL 20 AL 25 DE ABRIL<\/span><\/h2>\n<p><span style=\"color: #3366ff\">PINCHA EN EL ENLACE<\/span><\/p>\n<p><a href=\"https:\/\/blogsaverroes.juntadeandalucia.es\/ceiparteroperez\/files\/2020\/04\/TARAMBANA.pdf\">https:\/\/blogsaverroes.juntadeandalucia.es\/ceiparteroperez\/files\/2020\/04\/TARAMBANA.pdf<\/a><\/p>\n<p>&nbsp;<\/p>\n<p>&nbsp;<\/p>\n<p>&nbsp;<\/p>\n<p>&nbsp;<\/p>\n<p>\u00a1MUY BUENAS! ARRANCAMOS CON EL TERCER TRIMESTRE, OS DEJO UNA SERIE DE EJERCICIOS PARA JUGAR EN CASA, ESPERO QUE ESTEIS TODOS MUY BIEN Y PRONTO NOS VOLVAMOS A VER. PARA CUALQUIER DUDA OS PODEIS PONER EN CONTACTO CONMIGO EN EL SIGUIENTE CORREO: etzaguirre@gmail.com<\/p>\n<h2><span style=\"color: #ff9900\">CLASE DE VICTOR, MARTA Y BEA<\/span><\/h2>\n<h2 style=\"text-align: center\"><span style=\"color: #ff9900\">\u00bfJUGAMOS CON LAS PALABRAS?<\/span><\/h2>\n<h3>&nbsp;Al igual que acostumbr\u00e1bamos en clase os propongo este juego para contar s\u00edlabas:<\/h3>\n<h2>&nbsp;<\/h2>\n<h2 style=\"text-align: center\"><a href=\"https:\/\/blogsaverroes.juntadeandalucia.es\/ceiparteroperez\/files\/2020\/04\/DEDOS.jpg\"><img fetchpriority=\"high\" decoding=\"async\" class=\"alignnone size-medium wp-image-3067\" src=\"https:\/\/blogsaverroes.juntadeandalucia.es\/ceiparteroperez\/files\/2020\/04\/DEDOS-300x225.jpg\" alt=\"\" width=\"300\" height=\"225\"><\/a>&#8211;<\/h2>\n<p>&nbsp;<\/p>\n<p><a href=\"https:\/\/9letras.files.wordpress.com\/2013\/09\/cuentasil-1.ppt\">https:\/\/9letras.files.wordpress.com\/2013\/09\/cuentasil-1.ppt<\/a><a href=\"https:\/\/blogsaverroes.juntadeandalucia.es\/ceiparteroperez\/files\/2020\/04\/BOMBILLA.jpg\"><img decoding=\"async\" class=\"alignnone wp-image-3069\" src=\"https:\/\/blogsaverroes.juntadeandalucia.es\/ceiparteroperez\/files\/2020\/04\/BOMBILLA-300x300.jpg\" alt=\"\" width=\"188\" height=\"189\"><\/a><\/p>\n<p style=\"text-align: right\">Una vez abierto el enlace pulsar la tecla <strong>F5 <\/strong>del ordenador<\/p>\n<p>&nbsp;<\/p>\n<ul>\n<li>\n<h2><strong>En el siguiente juego vamos a buscar las palabras escondidas \u00a1SUERTE!<\/strong><\/h2>\n<\/li>\n<\/ul>\n<p><a href=\"https:\/\/9letras.files.wordpress.com\/2013\/09\/fuga_sil_direc.ppt\">https:\/\/9letras.files.wordpress.com\/2013\/09\/fuga_sil_direc.ppt<\/a><\/p>\n<p>&nbsp;<\/p>\n<p><a href=\"https:\/\/blogsaverroes.juntadeandalucia.es\/ceiparteroperez\/files\/2020\/04\/NI.jpg\"><img decoding=\"async\" class=\" wp-image-3072 aligncenter\" src=\"https:\/\/blogsaverroes.juntadeandalucia.es\/ceiparteroperez\/files\/2020\/04\/NI-279x300.jpg\" alt=\"\" width=\"225\" height=\"242\"><\/a><\/p>\n<p>&nbsp;<\/p>\n<ul>\n<li>\n<h2><strong>PALABRAS ENCADENADAS<\/strong><\/h2>\n<\/li>\n<\/ul>\n<p>El adulto comenzar\u00e1 con una y el ni\u00f1o\/a tiene que decir otra que empiece con la \u00faltima s\u00edlaba que la anterior.<\/p>\n<p>Por ejemplo: casa \u2013 <u>sa<\/u>po \u2013 <u>po<\/u>lo \u2013 <u>lo<\/u>bo \u2013 <u>bo<\/u>te \u2013 <u>te<\/u>le &#8211; \u2026<\/p>\n<p>&nbsp;&nbsp;&nbsp;&nbsp;&nbsp; Se pueden realizar con dibujos, como en el ejemplo, se pintan, se recortan y ellos los unen por la \u00faltima s\u00edlaba: tractor \u2013 <u>tor<\/u>tuga \u2013 <u>ga<\/u>to \u2013 <u>to<\/u>mate \u2013 <u>te<\/u>l\u00e9fono \u2013 <u>no<\/u>ria<\/p>\n<p><a href=\"https:\/\/blogsaverroes.juntadeandalucia.es\/ceiparteroperez\/files\/2020\/04\/ANI.png\"><img loading=\"lazy\" decoding=\"async\" class=\"wp-image-3074 aligncenter\" src=\"https:\/\/blogsaverroes.juntadeandalucia.es\/ceiparteroperez\/files\/2020\/04\/ANI-300x49.png\" alt=\"\" width=\"777\" height=\"127\"><\/a><\/p>\n<p>&nbsp;<\/p>\n<h2><span style=\"color: #ff9900\"><u>CLASE DE TO\u00d1I Y VANESA<\/u><\/span><\/h2>\n<h1><span style=\"color: #ff9900\">Y PARA LOS MAS MAYORES\u2026<\/span><\/h1>\n<ul>\n<li>ORDENAMOS PALABRAS PARA <strong>CONSTRUIR FRASES<\/strong> (Recordad que una vez abierto el enlace pulsar la tecla <strong>F5 <\/strong>del ordenador<strong>). <\/strong>A la vez que lo veis en la pantalla pod\u00e9is escribirlas en una libreta.<\/li>\n<\/ul>\n<p><a href=\"https:\/\/9letras.files.wordpress.com\/2014\/01\/ordenafrase_2.ppt\">https:\/\/9letras.files.wordpress.com\/2014\/01\/ordenafrase_2.ppt<\/a><\/p>\n<p>&nbsp;<\/p>\n<p><a href=\"https:\/\/blogsaverroes.juntadeandalucia.es\/ceiparteroperez\/files\/2020\/04\/GILI.png\"><img loading=\"lazy\" decoding=\"async\" class=\" wp-image-3075 aligncenter\" src=\"https:\/\/blogsaverroes.juntadeandalucia.es\/ceiparteroperez\/files\/2020\/04\/GILI-300x300.png\" alt=\"\" width=\"300\" height=\"299\"><\/a><\/p>\n<p><strong>&nbsp;<\/strong><\/p>\n<ul>\n<li><strong>ASOCIACI\u00d3N.<\/strong> En la siguiente actividad deber\u00e9is de asociar la palabra que aparece con otra del listado que guarde relaci\u00f3n.<\/li>\n<\/ul>\n<p><a href=\"https:\/\/9letras.files.wordpress.com\/2010\/01\/asociados_1.ppt\">https:\/\/9letras.files.wordpress.com\/2010\/01\/asociados_1.ppt<\/a><\/p>\n<p>&nbsp;<\/p>\n<p>&nbsp;<\/p>\n<p>Hola a todos, \u00bfC\u00f3mo est\u00e1is? En estos d\u00edas que no podemos vernos, os dejo algunos enlaces de actividades para que practiqu\u00e9is y jugu\u00e9is desde casa. Pedid ayuda a vuestros pap\u00e1s y mam\u00e1s para poder entrar.<\/p>\n<p>Espero que todos est\u00e9is bien y pronto volvamos a vernos.<\/p>\n<p style=\"text-align: center\">&nbsp;<\/p>\n<p>&nbsp;<\/p>\n<p>&nbsp;<\/p>\n<p>&nbsp;<\/p>\n<p>&nbsp;<\/p>\n<p>&#8211; Los videos de<strong> Eugenia Romero <\/strong>pueden ser vistos en familia y participar de&nbsp; forma l\u00fadica. Os dejo algunos ejemplos:<\/p>\n<p>&nbsp; &nbsp; &nbsp; &nbsp; &nbsp; &nbsp; &nbsp; &nbsp; &nbsp; &nbsp; &nbsp; &nbsp; &nbsp; &nbsp; &nbsp; &nbsp; &nbsp; &nbsp; &nbsp; &nbsp; &nbsp; &nbsp; &nbsp; &nbsp; &nbsp; &nbsp; &nbsp; &nbsp; &nbsp; &nbsp; &nbsp; &nbsp; &nbsp; &nbsp; &nbsp; &nbsp; &nbsp; &nbsp; &nbsp; &nbsp; &nbsp; <a href=\"https:\/\/blogsaverroes.juntadeandalucia.es\/ceiparteroperez\/files\/2020\/03\/Ni\u00f1os.jpg\"><img loading=\"lazy\" decoding=\"async\" class=\"alignnone size-medium wp-image-2587\" src=\"https:\/\/blogsaverroes.juntadeandalucia.es\/ceiparteroperez\/files\/2020\/03\/Ni\u00f1os-300x146.jpg\" alt=\"\" width=\"300\" height=\"146\"><\/a><\/p>\n<p>&nbsp;&nbsp;&nbsp;&nbsp;&nbsp;&nbsp;&nbsp;&nbsp;&nbsp;&nbsp;&nbsp;&nbsp;&nbsp;&nbsp;&nbsp;&nbsp;&nbsp;&nbsp;&nbsp;&nbsp;&nbsp;&nbsp;&nbsp;&nbsp;&nbsp;&nbsp;&nbsp;&nbsp;&nbsp;&nbsp;&nbsp;&nbsp;&nbsp;&nbsp;&nbsp;&nbsp;&nbsp;&nbsp;&nbsp;&nbsp;&nbsp;&nbsp;&nbsp;&nbsp;&nbsp;&nbsp;&nbsp;&nbsp;&nbsp;&nbsp;&nbsp;&nbsp;&nbsp;&nbsp;&nbsp;&nbsp;&nbsp;&nbsp;&nbsp;&nbsp;&nbsp;&nbsp;&nbsp;&nbsp;&nbsp;&nbsp;&nbsp;&nbsp;&nbsp;&nbsp;&nbsp;&nbsp;&nbsp;&nbsp;&nbsp;&nbsp;&nbsp;&nbsp;&nbsp; &nbsp; <a href=\"https:\/\/youtu.be\/L4QQJEmDHcE\"><strong>https:\/\/youtu.be\/L4QQJEmDHc<\/strong><\/a><\/p>\n<p><a href=\"https:\/\/youtu.be\/Bkgq-yaSrQg\"><strong>https:\/\/youtu.be\/Bkgq-yaSrQg<\/strong><\/a><\/p>\n<p>&nbsp;<\/p>\n<p>&#8211; Para <strong>jugar y cantar, <\/strong>en este canal pod\u00e9is cantar y leer la letra de las canciones estilo Karaoke.<a href=\"https:\/\/blogsaverroes.juntadeandalucia.es\/ceiparteroperez\/files\/2020\/03\/Micr\u00f3fono.jpg\"><img loading=\"lazy\" decoding=\"async\" class=\" wp-image-2588 alignright\" src=\"https:\/\/blogsaverroes.juntadeandalucia.es\/ceiparteroperez\/files\/2020\/03\/Micr\u00f3fono.jpg\" alt=\"\" width=\"148\" height=\"148\"><\/a><\/p>\n<p><a href=\"https:\/\/www.youtube.com\/user\/GallinaPintadita\"><strong>https:\/\/www.youtube.com\/user\/GallinaPintadita<\/strong><\/a>&nbsp;&nbsp;&nbsp;&nbsp;&nbsp;&nbsp;&nbsp;&nbsp;&nbsp;&nbsp;&nbsp;&nbsp;&nbsp;&nbsp;&nbsp;&nbsp;&nbsp;&nbsp;&nbsp;&nbsp;&nbsp;&nbsp;&nbsp;&nbsp;&nbsp;&nbsp;&nbsp;&nbsp;&nbsp;&nbsp;&nbsp;&nbsp;&nbsp;&nbsp;&nbsp;&nbsp;&nbsp;&nbsp;&nbsp;&nbsp;&nbsp;&nbsp;&nbsp;&nbsp;&nbsp;&nbsp;&nbsp; &nbsp;&nbsp;&nbsp;&nbsp;&nbsp;&nbsp;&nbsp;&nbsp;&nbsp;&nbsp;&nbsp;&nbsp;&nbsp;&nbsp;&nbsp;&nbsp;&nbsp;&nbsp;&nbsp;&nbsp;&nbsp;&nbsp;&nbsp;&nbsp;&nbsp;&nbsp;&nbsp;&nbsp;&nbsp; &nbsp;&nbsp;&nbsp;&nbsp;&nbsp;&nbsp;&nbsp;&nbsp;&nbsp;&nbsp;&nbsp;&nbsp;&nbsp;&nbsp;&nbsp;&nbsp;&nbsp;&nbsp;<\/p>\n<p>&nbsp;<\/p>\n<p>&#8211; Actividades para el aprendizaje y desarrollo de <strong>habilidades ling\u00fc\u00edsticas , <\/strong>seleccionar vuestra edad y \u00a1a jugar!.<\/p>\n<p>&nbsp;<\/p>\n<p><a href=\"https:\/\/view.genial.ly\/5e70a21180c12e0fd1814c8c\/presentation-actividades-para-el-aprendizaje-y-desarrollo-de-habilidades-linguisticas\"><strong>https:\/\/view.genial.ly\/5e70a21180c12e0fd1814c8c\/presentation-actividades-para-el-aprendizaje-y-desarrollo-de-habilidades-linguisticas<\/strong><\/a><strong>&nbsp;&nbsp;&nbsp;&nbsp;&nbsp;<\/strong><\/p>\n<p><a href=\"https:\/\/blogsaverroes.juntadeandalucia.es\/ceiparteroperez\/files\/2020\/03\/Arcoiris.jpg\"><img loading=\"lazy\" decoding=\"async\" class=\"wp-image-2585 aligncenter\" src=\"https:\/\/blogsaverroes.juntadeandalucia.es\/ceiparteroperez\/files\/2020\/03\/Arcoiris-300x300.jpg\" alt=\"\" width=\"376\" height=\"376\"><\/a><\/p>\n<p>&nbsp;<\/p>\n<p>&nbsp;<\/p>\n<p>&nbsp;<\/p>\n","protected":false},"excerpt":{"rendered":"<p>TERCER TRIMESTRE &nbsp; AUDICI\u00d3N Y LENGUAJE &nbsp; TRABAJO PARA LA SEMANA DEL 15 DE JUNIO AL 19 DE JUNIO PINCHA EN EL ENLACE Y ENCONTRAR\u00c1S TU TRABAJO &nbsp; AL15.6.20 (1) TRABAJO PARA LA SEMANA&#46;&#46;&#46;<\/p>\n","protected":false},"author":2619,"featured_media":0,"parent":0,"menu_order":0,"comment_status":"closed","ping_status":"closed","template":"","meta":{"ngg_post_thumbnail":0,"footnotes":"","_mc_calendar":[]},"aioseo_notices":[],"_links":{"self":[{"href":"https:\/\/blogsaverroes.juntadeandalucia.es\/ceiparteroperez\/wp-json\/wp\/v2\/pages\/2504"}],"collection":[{"href":"https:\/\/blogsaverroes.juntadeandalucia.es\/ceiparteroperez\/wp-json\/wp\/v2\/pages"}],"about":[{"href":"https:\/\/blogsaverroes.juntadeandalucia.es\/ceiparteroperez\/wp-json\/wp\/v2\/types\/page"}],"author":[{"embeddable":true,"href":"https:\/\/blogsaverroes.juntadeandalucia.es\/ceiparteroperez\/wp-json\/wp\/v2\/users\/2619"}],"replies":[{"embeddable":true,"href":"https:\/\/blogsaverroes.juntadeandalucia.es\/ceiparteroperez\/wp-json\/wp\/v2\/comments?post=2504"}],"version-history":[{"count":39,"href":"https:\/\/blogsaverroes.juntadeandalucia.es\/ceiparteroperez\/wp-json\/wp\/v2\/pages\/2504\/revisions"}],"predecessor-version":[{"id":5212,"href":"https:\/\/blogsaverroes.juntadeandalucia.es\/ceiparteroperez\/wp-json\/wp\/v2\/pages\/2504\/revisions\/5212"}],"wp:attachment":[{"href":"https:\/\/blogsaverroes.juntadeandalucia.es\/ceiparteroperez\/wp-json\/wp\/v2\/media?parent=2504"}],"curies":[{"name":"wp","href":"https:\/\/api.w.org\/{rel}","templated":true}]}}