{"id":5220,"date":"2021-03-25T10:59:23","date_gmt":"2021-03-25T09:59:23","guid":{"rendered":"http:\/\/blogsaverroes.juntadeandalucia.es\/ceiparteroperez\/?page_id=5220"},"modified":"2021-03-25T11:42:45","modified_gmt":"2021-03-25T10:42:45","slug":"videosipasen","status":"publish","type":"page","link":"https:\/\/blogsaverroes.juntadeandalucia.es\/ceiparteroperez\/videosipasen\/","title":{"rendered":"V\u00cdDEOS TUTORIALES IPASEN"},"content":{"rendered":"<h1><strong>Tutorial &#8211; Descarga y primer inicio de iPasen<\/strong><\/h1>\n<p>V\u00eddeo en <span style=\"text-decoration: underline\">ESPA\u00d1OL<\/span><\/p>\n<div style=\"width: 1920px;\" class=\"wp-video\"><!--[if lt IE 9]><script>document.createElement('video');<\/script><![endif]-->\n<video class=\"wp-video-shortcode\" id=\"video-5220-1\" width=\"1920\" height=\"1080\" preload=\"metadata\" controls=\"controls\"><source type=\"video\/mp4\" src=\"https:\/\/blogsaverroes.juntadeandalucia.es\/ceiparteroperez\/files\/2021\/03\/iPasen-descarga-ESPA\u00d1OL.mp4?_=1\" \/><a href=\"https:\/\/blogsaverroes.juntadeandalucia.es\/ceiparteroperez\/files\/2021\/03\/iPasen-descarga-ESPA\u00d1OL.mp4\">https:\/\/blogsaverroes.juntadeandalucia.es\/ceiparteroperez\/files\/2021\/03\/iPasen-descarga-ESPA\u00d1OL.mp4<\/a><\/video><\/div>\n<p>&nbsp;<\/p>\n<p>V\u00eddeo en <span style=\"text-decoration: underline\">\u00c1RABE<\/span><\/p>\n<div style=\"width: 1920px;\" class=\"wp-video\"><video class=\"wp-video-shortcode\" id=\"video-5220-2\" width=\"1920\" height=\"1080\" preload=\"metadata\" controls=\"controls\"><source type=\"video\/mp4\" src=\"https:\/\/blogsaverroes.juntadeandalucia.es\/ceiparteroperez\/files\/2021\/03\/Arabe-iPasen.mp4?_=2\" \/><a href=\"https:\/\/blogsaverroes.juntadeandalucia.es\/ceiparteroperez\/files\/2021\/03\/Arabe-iPasen.mp4\">https:\/\/blogsaverroes.juntadeandalucia.es\/ceiparteroperez\/files\/2021\/03\/Arabe-iPasen.mp4<\/a><\/video><\/div>\n<p>&nbsp;<\/p>\n<p>Desde el C.E.I.P. Artero P\u00e9rez damos las gracias a la E.I. Punta Sabinar (El Ejido) y a Proyecto ERACIS CEPAIM El Ejido por la elaboraci\u00f3n y traducci\u00f3n de los tutoriales.<\/p>\n","protected":false},"excerpt":{"rendered":"<p>Tutorial &#8211; Descarga y primer inicio de iPasen V\u00eddeo en ESPA\u00d1OL &nbsp; V\u00eddeo en \u00c1RABE &nbsp; Desde el C.E.I.P. Artero P\u00e9rez damos las gracias a la E.I. Punta Sabinar (El Ejido) y a Proyecto&#46;&#46;&#46;<\/p>\n","protected":false},"author":5044,"featured_media":0,"parent":0,"menu_order":0,"comment_status":"closed","ping_status":"closed","template":"","meta":{"ngg_post_thumbnail":0,"footnotes":"","_mc_calendar":[]},"aioseo_notices":[],"_links":{"self":[{"href":"https:\/\/blogsaverroes.juntadeandalucia.es\/ceiparteroperez\/wp-json\/wp\/v2\/pages\/5220"}],"collection":[{"href":"https:\/\/blogsaverroes.juntadeandalucia.es\/ceiparteroperez\/wp-json\/wp\/v2\/pages"}],"about":[{"href":"https:\/\/blogsaverroes.juntadeandalucia.es\/ceiparteroperez\/wp-json\/wp\/v2\/types\/page"}],"author":[{"embeddable":true,"href":"https:\/\/blogsaverroes.juntadeandalucia.es\/ceiparteroperez\/wp-json\/wp\/v2\/users\/5044"}],"replies":[{"embeddable":true,"href":"https:\/\/blogsaverroes.juntadeandalucia.es\/ceiparteroperez\/wp-json\/wp\/v2\/comments?post=5220"}],"version-history":[{"count":5,"href":"https:\/\/blogsaverroes.juntadeandalucia.es\/ceiparteroperez\/wp-json\/wp\/v2\/pages\/5220\/revisions"}],"predecessor-version":[{"id":5229,"href":"https:\/\/blogsaverroes.juntadeandalucia.es\/ceiparteroperez\/wp-json\/wp\/v2\/pages\/5220\/revisions\/5229"}],"wp:attachment":[{"href":"https:\/\/blogsaverroes.juntadeandalucia.es\/ceiparteroperez\/wp-json\/wp\/v2\/media?parent=5220"}],"curies":[{"name":"wp","href":"https:\/\/api.w.org\/{rel}","templated":true}]}}