{"id":99,"date":"2015-03-16T07:22:54","date_gmt":"2015-03-16T07:22:54","guid":{"rendered":"http:\/\/blogsaverroes.juntadeandalucia.es\/pre\/ceip\/?page_id=99"},"modified":"2022-11-10T20:32:40","modified_gmt":"2022-11-10T19:32:40","slug":"comedor-escolar","status":"publish","type":"page","link":"https:\/\/blogsaverroes.juntadeandalucia.es\/ceiparteroperez\/comedor-escolar\/","title":{"rendered":"Comedor escolar"},"content":{"rendered":"<h4>Informaci\u00f3n sobre el comedor escolar<\/h4>\n<p>Los comedores escolares son un servicio complementario que resulta de gran utilidad a padres y madres para ayudarles a&nbsp;conciliar la vida laboral y familiar. Tienen una duraci\u00f3n de casi dos horas desde que acaba la jornada escolar de la ma\u00f1ana (de 14:15 a 15:45 horas).<\/p>\n<p>Los comedores son adem\u00e1s una pieza importante&nbsp;en todas las medidas dirigidas a mejorar los h\u00e1bitos alimenticios de los ni\u00f1os y ni\u00f1as y prevenir problemas de salud como la obesidad.<\/p>\n<p>Los comedores escolares de los centros p\u00fablicos andaluces promueven una alimentaci\u00f3n saludable que est\u00e1 supervisada por nutricionistas y que, entre otros aspectos, se caracteriza por:<br \/>\nUna mayor proporci\u00f3n de verdura en los men\u00fas<\/p>\n<p>Fruta fresca como postre al menos cuatro d\u00edas a la semana<\/p>\n<p>Uso de aceite de oliva virgen extra<\/p>\n<p>M\u00e1s pescado que carne, que debe ser magra<\/p>\n<p>Prohibici\u00f3n de los alimentos precocinados y limitaci\u00f3n de los fritos<\/p>\n<p>Apuesta por la dieta mediterr\u00e1nea y los productos de calidad<\/p>\n<table border=\"5\" cellspacing=\"1\" cellpadding=\"10\">\n<caption>&nbsp;<\/caption>\n<tbody>\n<tr>\n<td style=\"text-align: center\" colspan=\"6\">&nbsp;<strong> <big>MEN\u00daS<\/big><br \/>\n<\/strong><\/td>\n<\/tr>\n<tr>\n<td>SEMANAS<\/td>\n<td>LUNES<\/td>\n<td>MARTES<\/td>\n<td>MI\u00c9RCOLES<\/td>\n<td>JUEVES<\/td>\n<td>VIERNES<\/td>\n<\/tr>\n<tr>\n<td>1\u00aa<\/td>\n<td style=\"vertical-align: top\">Crema de verduras.<br \/>\nHamburguesas de ternera.<br \/>\nPatatas fritas<br \/>\nFruta.<br \/>\nPan &nbsp;y agua.<\/td>\n<td style=\"vertical-align: top\">Lentejas estofadas.<br \/>\nCroquetas de pollo.<br \/>\nQueso.<br \/>\nEnsalada 2.<br \/>\nFruta.<br \/>\nPan &nbsp;y agua.<\/td>\n<td style=\"vertical-align: top\">Paella mixta.<br \/>\nEmbutido de pavo a la plancha.<br \/>\nEnsalada 3.<br \/>\nFruta.<br \/>\nPan &nbsp;y agua.<\/td>\n<td style=\"vertical-align: top\">Guisillo de patatas con pollo.<br \/>\nBacaladillas fritas.<br \/>\nEnsalada 1.<br \/>\nFruta.<br \/>\nPan &nbsp;y agua.<\/td>\n<td style=\"vertical-align: top\">Sopa&nbsp;de fideos con&nbsp; marisco.<br \/>\nTortilla de patatas.<br \/>\nEnsalada 6.<br \/>\nYogurt.<br \/>\nPan integral&nbsp; y agua.<\/td>\n<\/tr>\n<tr>\n<td>2\u00aa<\/td>\n<td style=\"vertical-align: top\">Arroz a&nbsp;la cubana.<br \/>\nHuevo frito.<br \/>\nJam\u00f3n serrano\/pavo.<br \/>\nZanahoria.<br \/>\nFruta.<br \/>\nPan &nbsp;y agua.<\/td>\n<td style=\"vertical-align: top\">Cocido andaluz.<br \/>\nTortilla de espinacas.<br \/>\nEnsalada 5.<br \/>\nFruta.<br \/>\nPan &nbsp;y agua.<\/td>\n<td style=\"vertical-align: top\">Cazuela de fideos y pescado.<br \/>\nNuggets de pollo.<br \/>\nEnsalada 7.<br \/>\nFruta.<br \/>\nPan &nbsp;y agua.<\/td>\n<td style=\"vertical-align: top\">Potaje de jud\u00edas con acelgas.<br \/>\nMuslos de pollo al horno.<br \/>\nPatatas cocidas.<br \/>\nFruta.<br \/>\nPan &nbsp;y agua.<\/td>\n<td style=\"vertical-align: top\">Espaguetis con verduras y tomate.<br \/>\nBoquerones fritos.<br \/>\nEnsalada 4.<br \/>\nYogurt.<br \/>\nPan&nbsp;integral&nbsp; y agua.<\/td>\n<\/tr>\n<tr>\n<td>3\u00aa<\/td>\n<td style=\"vertical-align: top\">Lentejas estofadas.<br \/>\nTortilla de patatas.<br \/>\nEnsalada 6.<br \/>\nFruta.<br \/>\nPan &nbsp;y agua.<\/td>\n<td style=\"vertical-align: top\">Crema de verduras.<br \/>\nHamburguesas de pollo.<br \/>\nEnsalada 1.<br \/>\nFruta.<br \/>\nPan &nbsp;y agua.<\/td>\n<td style=\"vertical-align: top\">Guisillo de patatas con ternera.<br \/>\nPerca a la plancha.<br \/>\nEnsalada 2.<br \/>\nFruta.<br \/>\nPan &nbsp;y agua.<\/td>\n<td style=\"vertical-align: top\">Sopa de picadillo.<br \/>\nPatatas a lo pobre.<br \/>\nHuevo frito.<br \/>\nFruta.<br \/>\nPan &nbsp;y agua.<\/td>\n<td style=\"vertical-align: top\">Paella de verduras.<br \/>\nBocaditos de rosada.<br \/>\nEnsalada 3.<br \/>\nYogurt.<br \/>\nPan integral&nbsp;y agua.<\/td>\n<\/tr>\n<tr>\n<td>4\u00aa<\/td>\n<td style=\"vertical-align: top\">Crema de ave.<br \/>\nGallo Pedro.<br \/>\nEnsalada 8.<br \/>\nFruta.<br \/>\nPan &nbsp;y agua.<\/td>\n<td style=\"vertical-align: top\">Cazuela de fideos.<br \/>\nPechuga de pollo empanada.<br \/>\nPatatas asadas.<br \/>\nFruta.<br \/>\nPan &nbsp;y agua.<\/td>\n<td style=\"vertical-align: top\">Cocido andaluz.<br \/>\nTortilla de guisantes.<br \/>\nEnsalada 5.<br \/>\nFruta.<br \/>\nPan y agua.<\/td>\n<td style=\"vertical-align: top\">Fideu\u00e1.<br \/>\nMuslos de pollo al horno.<br \/>\nMenestra de verduras.<br \/>\nFruta.<br \/>\nPan y agua.<\/td>\n<td style=\"vertical-align: top\">Macarrones con verduras y tomate.<br \/>\nHuevo frito.<br \/>\nSalchichas de pavo.<br \/>\nZanahoria.<br \/>\nFruta.<br \/>\nPan &nbsp;integral y agua.<\/td>\n<\/tr>\n<tr>\n<td>&nbsp;<\/td>\n<td style=\"vertical-align: top\">\n<div>ENSALADA 1<\/div>\n<p>Tomate<br \/>\nLechuga<br \/>\nAt\u00fan<br \/>\nAceite<br \/>\nSal<br \/>\nVinagre<\/td>\n<td style=\"vertical-align: top\">\n<div>ENSALADA 2<\/div>\n<p>Rodaja de tomate<br \/>\nAceite<br \/>\nSal<br \/>\nOr\u00e9gano<\/td>\n<td style=\"vertical-align: top\">ENSALADA 3<br \/>\nTomate<br \/>\nLechuga<br \/>\nZanahoria<br \/>\nAceitunas<br \/>\nAceite<br \/>\nSal<br \/>\nVinagre<\/td>\n<td style=\"vertical-align: top\">ENSALADA 4<br \/>\nTomate troceado<br \/>\nAt\u00fan<br \/>\nAceitunas<br \/>\nAceite<br \/>\nSal<\/td>\n<td style=\"vertical-align: top\">ENSALADA 5<br \/>\nTomate<br \/>\nLechuga<br \/>\nAceitunas<br \/>\nMa\u00edz<br \/>\nAceite<br \/>\nSal<br \/>\nVinagre<\/td>\n<\/tr>\n<tr>\n<td style=\"text-align: left;vertical-align: top\" colspan=\"3\">&nbsp; <strong>RECOMENDACIONES PARA LA CENA<\/strong><\/p>\n<p><span style=\"text-decoration: underline\"><strong>COMIDA<\/strong><\/span>&nbsp;&nbsp;&nbsp;&nbsp;&nbsp;&nbsp;&nbsp;&nbsp;&nbsp;&nbsp;&nbsp;&nbsp;&nbsp;&nbsp;&nbsp;&nbsp;&nbsp;&nbsp;&nbsp;&nbsp;&nbsp;&nbsp;&nbsp;&nbsp;&nbsp;&nbsp;&nbsp;&nbsp;&nbsp;&nbsp;&nbsp;&nbsp;&nbsp;&nbsp;&nbsp; <span style=\"text-decoration: underline\"><strong>CENA<\/strong><\/span><\/p>\n<p>Pasta, arroz o legumbres&#8230;&#8230;Verduras<br \/>\nCarne&#8230;&#8230;&#8230;&#8230;&#8230;&#8230;&#8230;&#8230;&#8230;&#8230;&#8230;&#8230;&#8230;Pescado o huevo<br \/>\nPescado&#8230;&#8230;&#8230;&#8230;&#8230;&#8230;&#8230;&#8230;&#8230;&#8230;&#8230;.Huevo o carne<br \/>\nHuevo&#8230;&#8230;&#8230;&#8230;&#8230;&#8230;&#8230;&#8230;&#8230;&#8230;&#8230;&#8230;&#8230;Carne o pescado<br \/>\nVerdura&#8230;&#8230;&#8230;&#8230;&#8230;&#8230;&#8230;&#8230;&#8230;&#8230;&#8230;&#8230;Pasta o arroz<br \/>\nFruta&#8230;&#8230;&#8230;&#8230;&#8230;&#8230;&#8230;&#8230;&#8230;&#8230;&#8230;&#8230;&#8230;..L\u00e1cteo<br \/>\nL\u00e1cteo&#8230;&#8230;&#8230;&#8230;&#8230;&#8230;&#8230;&#8230;&#8230;&#8230;&#8230;&#8230;..Fruta<\/td>\n<td style=\"vertical-align: top\">ENSALADA 6<br \/>\nLechuga<br \/>\nZanahorias<br \/>\nAt\u00fan<br \/>\nTrozos queso fresco<br \/>\nAceite<br \/>\nSal<br \/>\nVinagre<br \/>\nOr\u00e9gano<\/td>\n<td style=\"vertical-align: top\">ENSALADA 7<br \/>\nRodaja de tomate<br \/>\nAt\u00fan<br \/>\nAceite<br \/>\nSal<\/td>\n<td style=\"vertical-align: top\">&nbsp;ENSALADA 8<br \/>\nLechuga<br \/>\nTomate<br \/>\nZanahorias<br \/>\nAceitunas Pepino<br \/>\nAceite<br \/>\nSal<\/td>\n<\/tr>\n<tr>\n<td style=\"text-align: center;vertical-align: top\" colspan=\"6\" rowspan=\"1\">\n<div>\n<div>FRUTA<\/div>\n<\/div>\n<div>La fruta ser\u00e1 variada y depender\u00e1 de la \u00e9poca del a\u00f1o: Naranja, pl\u00e1tano, manzana, pera, ciruela,cerezas, uva,&nbsp;fresa, mel\u00f3n,&nbsp;sand\u00eda, &#8230;<\/div>\n<\/td>\n<\/tr>\n<\/tbody>\n<\/table>\n<p style=\"text-align: center\">&nbsp;<\/p>\n<p style=\"text-align: center\"><a href=\"https:\/\/blogsaverroes.juntadeandalucia.es\/ceiparteroperez\/files\/2022\/11\/MEN\u00da-22-23.pdf\" target=\"_blank\" rel=\"noopener noreferrer\">Para descargar el men\u00fa<\/a><\/p>\n<p>&nbsp;<\/p>\n","protected":false},"excerpt":{"rendered":"<p>Informaci\u00f3n sobre el comedor escolar Los comedores escolares son un servicio complementario que resulta de gran utilidad a padres y madres para ayudarles a&nbsp;conciliar la vida laboral y familiar. Tienen una duraci\u00f3n de casi&#46;&#46;&#46;<\/p>\n","protected":false},"author":1,"featured_media":0,"parent":0,"menu_order":0,"comment_status":"open","ping_status":"open","template":"page-templates\/child-menu.php","meta":{"ngg_post_thumbnail":0,"footnotes":"","_mc_calendar":[]},"aioseo_notices":[],"_links":{"self":[{"href":"https:\/\/blogsaverroes.juntadeandalucia.es\/ceiparteroperez\/wp-json\/wp\/v2\/pages\/99"}],"collection":[{"href":"https:\/\/blogsaverroes.juntadeandalucia.es\/ceiparteroperez\/wp-json\/wp\/v2\/pages"}],"about":[{"href":"https:\/\/blogsaverroes.juntadeandalucia.es\/ceiparteroperez\/wp-json\/wp\/v2\/types\/page"}],"author":[{"embeddable":true,"href":"https:\/\/blogsaverroes.juntadeandalucia.es\/ceiparteroperez\/wp-json\/wp\/v2\/users\/1"}],"replies":[{"embeddable":true,"href":"https:\/\/blogsaverroes.juntadeandalucia.es\/ceiparteroperez\/wp-json\/wp\/v2\/comments?post=99"}],"version-history":[{"count":36,"href":"https:\/\/blogsaverroes.juntadeandalucia.es\/ceiparteroperez\/wp-json\/wp\/v2\/pages\/99\/revisions"}],"predecessor-version":[{"id":5362,"href":"https:\/\/blogsaverroes.juntadeandalucia.es\/ceiparteroperez\/wp-json\/wp\/v2\/pages\/99\/revisions\/5362"}],"wp:attachment":[{"href":"https:\/\/blogsaverroes.juntadeandalucia.es\/ceiparteroperez\/wp-json\/wp\/v2\/media?parent=99"}],"curies":[{"name":"wp","href":"https:\/\/api.w.org\/{rel}","templated":true}]}}