{"id":141,"date":"2015-03-17T07:13:24","date_gmt":"2015-03-17T07:13:24","guid":{"rendered":"http:\/\/blogsaverroes.juntadeandalucia.es\/pre\/ceip\/?page_id=141"},"modified":"2026-03-03T10:12:40","modified_gmt":"2026-03-03T10:12:40","slug":"escolarizacion","status":"publish","type":"page","link":"https:\/\/blogsaverroes.juntadeandalucia.es\/ceipastigi\/escolarizacion\/","title":{"rendered":"Escolarizaci\u00f3n 2026\/27"},"content":{"rendered":"<div class=\"contenido-web-banner contenido-web-banner--np reverse mb-3\">\n<div class=\"container\">\n<div class=\"contenido-web-banner__cont-header-logo\">\n<div class=\"contenido-web-banner__container-header\">&nbsp;<\/div>\n<\/div>\n<\/div>\n<\/div>\n<ul>\n<li><span style=\"color: #800000\"><span style=\"font-family: Oswald, sans-serif;font-size: 24px;font-weight: 300\">Presentaci\u00f3n de solicitudes: <\/span><strong><span style=\"font-family: Oswald, sans-serif;font-size: 24px\">del 1 al 31 de marzo<\/span><\/strong><\/span><\/li>\n<\/ul>\n<h3>En el mes de marzo se inicia el plazo para la presentaci\u00f3n de solicitudes de admisi\u00f3n.<\/h3>\n<h3>Proceso de escolarizaci\u00f3n en el que participan todos los ni\u00f1os y ni\u00f1as que se incorporan por primera vez al sistema educativo, as\u00ed como el alumnado que desee cambiar de centro escolar.<\/h3>\n<h3><strong>Entre los d\u00edas 1 y 31 de marzo, ambos inclusive, deber\u00e1n presentar su solicitud.<\/strong><\/h3>\n<ul>\n<li>\n<h3><span style=\"color: #800000\">Solicitud de admisi\u00f3n en centros docentes: Anexo III<\/span><\/h3>\n<\/li>\n<\/ul>\n<h3>El impreso de solicitud de plaza es rellenable. Puede acceder al Anexo III haciendo clic <a href=\"https:\/\/blogsaverroes.juntadeandalucia.es\/ceipastigi\/files\/2025\/03\/3_Anexo-III_002535_5.pdf\">Aqu\u00ed<\/a>.<\/h3>\n<ul>\n<li>\n<h3><span style=\"color: #800000\">Presentaci\u00f3n telem\u00e1tica de la solicitud de admisi\u00f3n.<\/span><\/h3>\n<\/li>\n<\/ul>\n<h3>Del 1 al 31 de marzo, ambos inclusive, a trav\u00e9s de la <a href=\"https:\/\/www.juntadeandalucia.es\/educacion\/secretariavirtual\/accesoTramite\/543\/\">Secretar\u00eda Virtual<\/a> de los Centros educativos. Haz clic en la imagen.<a href=\"https:\/\/www.juntadeandalucia.es\/educacion\/secretariavirtual\/accesoTramite\/543\/\" target=\"_blank\" rel=\"noopener noreferrer\"><img loading=\"lazy\" decoding=\"async\" class=\"aligncenter wp-image-3311 size-medium\" src=\"https:\/\/blogsaverroes.juntadeandalucia.es\/ceiploscalifas\/files\/2021\/02\/secretaria-virtual-centros-300x167.png\" alt=\"\" width=\"300\" height=\"167\"\/><\/a><span style=\"color: #993300\">App iEscolariza:<\/span><\/h3>\n<p><span style=\"font-family: 'Open Sans', sans-serif;font-size: 15px;font-style: normal;font-weight: 400\">Aplicaci\u00f3n gratuita que c<\/span>onsulta de centros y puntos para el proceso de escolarizaci\u00f3n de los centros sostenidos con fondos p\u00fablicos de Andaluc\u00eda.<\/p>\n<p>Informaci\u00f3n en la<a href=\"https:\/\/www.juntadeandalucia.es\/datosabiertos\/portal\/aplicaciones\/buscador-apps\/detalle\/101661.html\"> web de la Consejer\u00eda de Desarrollo Educativo y F.P<\/a>.<a href=\"https:\/\/blogsaverroes.juntadeandalucia.es\/ceipastigi\/files\/2025\/03\/logoiescolariza.png\"><img loading=\"lazy\" decoding=\"async\" class=\"aligncenter wp-image-5826\" src=\"https:\/\/blogsaverroes.juntadeandalucia.es\/ceipastigi\/files\/2025\/03\/logoiescolariza.png\" alt=\"\" width=\"161\" height=\"161\" srcset=\"https:\/\/blogsaverroes.juntadeandalucia.es\/ceipastigi\/files\/2025\/03\/logoiescolariza.png 270w, https:\/\/blogsaverroes.juntadeandalucia.es\/ceipastigi\/files\/2025\/03\/logoiescolariza-150x150.png 150w, https:\/\/blogsaverroes.juntadeandalucia.es\/ceipastigi\/files\/2025\/03\/logoiescolariza-268x268.png 268w\" sizes=\"(max-width: 161px) 100vw, 161px\" \/><\/a><\/p>\n<h3>&nbsp;<\/h3>\n<h3>Normativa.<\/h3>\n<ul>\n<li>\n<h3><a href=\"https:\/\/www.juntadeandalucia.es\/boja\/2020\/34\/BOJA20-034-00029-2534-01_00169991.pdf\" target=\"_blank\" rel=\"noopener noreferrer\">Decreto 21\/2020 de 17 de febrero por el que se regulan los criterios y el procedimiento de admisi\u00f3n del alumnado en los centro docentes p\u00fablicos y privados concertados para cursar las ense\u00f1anzas de segundo ciclo de educaci\u00f3n infantil, educaci\u00f3n primaria, educaci\u00f3n especial, educaci\u00f3n secundaria obligatoria y bachillerato<\/a>.<\/h3>\n<\/li>\n<li>\n<h3><a href=\"https:\/\/www.juntadeandalucia.es\/boja\/2020\/503\/BOJA20-503-00045-3038-01_00170469.pdf\" target=\"_blank\" rel=\"noopener noreferrer\">Orden de 20 de febrero de 2020, por el que se desarrolla el procedimiento de admisi\u00f3n del alumnado, en los centros docentes p\u00fablicos y privados concertados para cursar las ense\u00f1anzas de segundo ciclo de educaci\u00f3n infantil, educaci\u00f3n primaria, educaci\u00f3n especial, educaci\u00f3n secundaria obligatoria y bachillerato<\/a>.<\/h3>\n<\/li>\n<\/ul>\n<h3><span style=\"color: #800000\">Acceso al Portal de Escolarizaci\u00f3n.<\/span><\/h3>\n<h3>Para m\u00e1s informaci\u00f3n sobre el procedimiento de admisi\u00f3n y escolarizaci\u00f3n, pincha sobre la imagen.<a href=\"https:\/\/www.juntadeandalucia.es\/educacion\/portals\/web\/escolarizacion\/inicio\" target=\"_blank\" rel=\"noopener noreferrer\"><img loading=\"lazy\" decoding=\"async\" class=\"aligncenter wp-image-2536 size-full\" title=\"Portal de Escolarizaci\u00f3n\" src=\"https:\/\/blogsaverroes.juntadeandalucia.es\/ceiploscalifas\/files\/2020\/12\/escolarizacion-matricula.png\" alt=\"Escolarizaci\u00f3n y Matr\u00edcula\" width=\"394\" height=\"160\"\/><\/a><\/h3>\n<h3><span style=\"color: #800000\">Calendario de Escolarizaci\u00f3n 2026\/27. Pinche <a href=\"https:\/\/portales.ced.junta-andalucia.es\/educacion\/portales\/web\/escolarizacion\/infantil-a-bachillerato\/calendario\">AQU\u00cd<\/a><\/span><\/h3>\n<h2>Criterios de Admisi\u00f3n<\/h2>\n<ol>\n<li>Existencia de hermanos o hermanas matriculados en el centro.<\/li>\n<li>Proximidad del domicilio familiar o del lugar de trabajo del padre, de la madre o de la persona tutora o guardadora legal.<\/li>\n<li>Renta per c\u00e1pita anual de la unidad familiar.<\/li>\n<li>Concurrencia de discapacidad legalmente reconocida del alumno o la alumna, de sus padres, madres, tutores o guardadores legales, o de alguno de sus hermanos o hermanas o menores en acogimiento en la misma unidad familiar. En el segundo ciclo de la educaci\u00f3n infantil se considerar\u00e1 tambi\u00e9n la presencia en el alumnado de trastornos en el desarrollo.<\/li>\n<li>Que el alumno o la alumna pertenezca a una familia con la condici\u00f3n de numerosa.<\/li>\n<li>Que el alumno o la alumna pertenezca a una familia con la condici\u00f3n de monoparental y sea menor de edad o mayor de edad sujeto a patria potestad prorrogada o tutela.<\/li>\n<li>Que el alumno o la alumna pertenezca a una familia no numerosa ni monoparental en la que tenga un \u00fanico hermano o hermana.<\/li>\n<li>Que quien o quienes ostenten la guarda y custodia del alumno o alumna realicen una actividad laboral o profesional remunerada.<\/li>\n<li>Que el alumno o la alumna est\u00e9 matriculado en el primer ciclo de la educaci\u00f3n infantil en un centro autorizado para ello.&nbsp;<\/li>\n<li>Que el alumno haya nacido de parto m\u00faltiple.<\/li>\n<\/ol>\n<p>Para atender consultas sobre todo el proceso de escolarizaci\u00f3n, la Consejer\u00eda ha habilitado un tel\u00e9fono gratuito de informaci\u00f3n (<a href=\"tel:+34900848000\">900 848 000<\/a>), en horario ininterrumpido de 8:00 a 19:00 horas.<\/p>\n<h3>&nbsp;<\/h3>\n<h3>&nbsp;<\/h3>\n","protected":false},"excerpt":{"rendered":"<p>&nbsp; Presentaci\u00f3n de solicitudes: del 1 al 31 de marzo En el mes de marzo se inicia el plazo para la presentaci\u00f3n de solicitudes de&hellip;<\/p>\n","protected":false},"author":1,"featured_media":0,"parent":0,"menu_order":0,"comment_status":"closed","ping_status":"open","template":"","meta":{"ngg_post_thumbnail":0,"footnotes":"","_mc_calendar":[]},"aioseo_notices":[],"_links":{"self":[{"href":"https:\/\/blogsaverroes.juntadeandalucia.es\/ceipastigi\/wp-json\/wp\/v2\/pages\/141"}],"collection":[{"href":"https:\/\/blogsaverroes.juntadeandalucia.es\/ceipastigi\/wp-json\/wp\/v2\/pages"}],"about":[{"href":"https:\/\/blogsaverroes.juntadeandalucia.es\/ceipastigi\/wp-json\/wp\/v2\/types\/page"}],"author":[{"embeddable":true,"href":"https:\/\/blogsaverroes.juntadeandalucia.es\/ceipastigi\/wp-json\/wp\/v2\/users\/1"}],"replies":[{"embeddable":true,"href":"https:\/\/blogsaverroes.juntadeandalucia.es\/ceipastigi\/wp-json\/wp\/v2\/comments?post=141"}],"version-history":[{"count":22,"href":"https:\/\/blogsaverroes.juntadeandalucia.es\/ceipastigi\/wp-json\/wp\/v2\/pages\/141\/revisions"}],"predecessor-version":[{"id":7876,"href":"https:\/\/blogsaverroes.juntadeandalucia.es\/ceipastigi\/wp-json\/wp\/v2\/pages\/141\/revisions\/7876"}],"wp:attachment":[{"href":"https:\/\/blogsaverroes.juntadeandalucia.es\/ceipastigi\/wp-json\/wp\/v2\/media?parent=141"}],"curies":[{"name":"wp","href":"https:\/\/api.w.org\/{rel}","templated":true}]}}