{"id":2366,"date":"2016-11-21T11:31:44","date_gmt":"2016-11-21T11:31:44","guid":{"rendered":"http:\/\/blogsaverroes.juntadeandalucia.es\/ceipastigi\/?page_id=2366"},"modified":"2025-10-14T11:27:59","modified_gmt":"2025-10-14T11:27:59","slug":"claustro-de-profesores","status":"publish","type":"page","link":"https:\/\/blogsaverroes.juntadeandalucia.es\/ceipastigi\/claustro-de-profesores\/","title":{"rendered":"Claustro de profesores 2025\/26"},"content":{"rendered":"<h1 style=\"text-align: center\">CURSO 2025\/26<\/h1>\n<table class=\" aligncenter\" style=\"border-color: #0ee363;background-color: #ff9c9c;width: 84.3402%;height: 936px\">\n<tbody>\n<tr style=\"height: 24px\">\n<td style=\"width: 41.0584%;text-align: center;height: 21px\"><strong>Elena <\/strong><strong>Aguilar Ib\u00e1\u00f1ez<\/strong><\/td>\n<td style=\"width: 35.1524%;text-align: center;height: 21px\"><span style=\"color: #000000;font-family: 'Open Sans', sans-serif;font-size: 15px;font-style: normal;font-weight: 400\">Tutora de I<strong>3 B<\/strong><\/span><\/td>\n<td style=\"width: 47.1622%;text-align: center;height: 21px\">SECRETARIA<\/td>\n<\/tr>\n<tr style=\"height: 90px\">\n<td style=\"width: 41.0584%;text-align: center;height: 10px\"><strong>M\u00aa del Valle&nbsp;\u00c1lvarez Gonz\u00e1lez<\/strong>&nbsp;<\/td>\n<td style=\"width: 35.1524%;text-align: center;height: 10px\"><span style=\"font-family: 'Open Sans', sans-serif;font-size: 15px\">Tutora de <\/span><strong style=\"font-family: 'Open Sans', sans-serif;font-size: 15px;font-style: normal\">I3 A<\/strong><\/td>\n<td style=\"width: 47.1622%;text-align: center;height: 10px\">&nbsp;<\/td>\n<\/tr>\n<tr style=\"height: 24px\">\n<td style=\"width: 41.0584%;text-align: center;height: 24px\"><strong>Cristina <\/strong><strong>Mart\u00edn Moreno,<\/strong><\/td>\n<td style=\"width: 35.1524%;text-align: center;height: 24px\"><span style=\"font-family: 'Open Sans', sans-serif;font-size: 15px;font-style: normal;font-weight: 400\">Tutora de <strong>I4<\/strong><\/span><strong style=\"font-family: 'Open Sans', sans-serif;font-size: 15px;font-style: normal\">&nbsp;A<\/strong><\/td>\n<td style=\"width: 47.1622%;text-align: center;height: 24px\">&nbsp;<\/td>\n<\/tr>\n<tr style=\"height: 24px\">\n<td style=\"width: 41.0584%;text-align: center;height: 24px\"><strong>Ana Bel\u00e9n <\/strong><strong>P\u00e9rez M\u00e1rquez<\/strong><\/td>\n<td style=\"width: 35.1524%;text-align: center;height: 24px\"><span style=\"font-family: 'Open Sans', sans-serif;font-size: 15px;font-style: normal;font-weight: 400\">Tutora de <strong>I4<\/strong><\/span><strong style=\"font-family: 'Open Sans', sans-serif;font-size: 15px;font-style: normal\">B<\/strong><\/td>\n<td style=\"width: 47.1622%;text-align: center;height: 24px\">&nbsp;<\/td>\n<\/tr>\n<tr style=\"height: 24px\">\n<td style=\"width: 41.0584%;text-align: center;height: 24px\"><strong>Silvia Borja Rivera<\/strong><\/td>\n<td style=\"width: 35.1524%;text-align: center;height: 24px\">Tutora de<strong>&nbsp;I5 A<\/strong><\/td>\n<td style=\"width: 47.1622%;text-align: center;height: 24px\">&nbsp;<\/td>\n<\/tr>\n<tr style=\"height: 24px\">\n<td style=\"width: 41.0584%;text-align: center;height: 24px\"><strong>&nbsp;Reyes<\/strong><span style=\"font-weight: 400;color: #000000\">&nbsp;<\/span><strong>Bermudo Encima<\/strong><\/td>\n<td style=\"width: 35.1524%;text-align: center;height: 24px\">Tutora de <strong>&nbsp;I5 B<\/strong><\/td>\n<td style=\"width: 47.1622%;text-align: center;height: 24px\">&nbsp;<\/td>\n<\/tr>\n<tr style=\"height: 24px\">\n<td style=\"width: 41.0584%;text-align: center;height: 24px\"><strong>Obdulia M\u00e1rquez Gonz\u00e1lez<\/strong><\/td>\n<td style=\"width: 35.1524%;text-align: center;height: 24px\">Refuerzo Infantil<\/td>\n<td style=\"width: 47.1622%;text-align: center;height: 24px\">&nbsp;<\/td>\n<\/tr>\n<tr style=\"height: 24px\">\n<td style=\"width: 41.0584%;text-align: center;height: 24px\"><strong>&nbsp;Eva Porras Guerrero<\/strong><\/td>\n<td style=\"width: 35.1524%;text-align: center;height: 24px\"><span style=\"color: #000000;font-family: 'Open Sans', sans-serif;font-size: 15px;font-style: normal;font-weight: 400\">&nbsp; Ingl\u00e9s Infantil<\/span><\/td>\n<td style=\"width: 47.1622%;text-align: center;height: 24px\"><span style=\"font-family: 'Open Sans', sans-serif;font-size: 15px;font-style: normal;font-weight: 400\">DIRECTORA&nbsp;<\/span><\/td>\n<\/tr>\n<tr style=\"height: 24px\">\n<td style=\"width: 41.0584%;text-align: center;height: 24px\"><strong>Miriam Montes Plaza<\/strong><\/td>\n<td style=\"width: 35.1524%;text-align: center;height: 24px\"><span style=\"font-family: 'Open Sans', sans-serif;font-size: 15px;font-style: normal;font-weight: 400\">Tutora de&nbsp;<\/span><strong style=\"font-family: 'Open Sans', sans-serif;font-size: 15px;font-style: normal\">1\u00ba A<\/strong><\/td>\n<td style=\"width: 47.1622%;text-align: center;height: 24px\">&nbsp;<\/td>\n<\/tr>\n<tr style=\"height: 24px\">\n<td style=\"width: 41.0584%;text-align: center;height: 24px\"><strong>Carlos Mateo Aranda<\/strong><\/td>\n<td style=\"width: 35.1524%;text-align: center;height: 24px\"><span style=\"font-family: 'Open Sans', sans-serif;font-size: 15px;font-style: normal;font-weight: 400\">Tutor de <\/span><strong style=\"font-family: 'Open Sans', sans-serif;font-size: 15px;font-style: normal\">1\u00ba B<\/strong><\/td>\n<td style=\"width: 47.1622%;text-align: center;height: 24px\"><span style=\"font-family: 'Open Sans', sans-serif;font-size: 15px;font-style: normal;font-weight: 400\">&nbsp;<\/span><\/td>\n<\/tr>\n<tr style=\"height: 24px\">\n<td style=\"width: 41.0584%;text-align: center;height: 24px\"><strong>Mar\u00eda Jos\u00e9 <\/strong>N\u00fa\u00f1ez Reyes<\/td>\n<td style=\"width: 35.1524%;text-align: center;height: 24px\"><span style=\"color: #000000;font-family: 'Open Sans', sans-serif;font-size: 15px;font-style: normal;font-weight: 400\">Tutora de&nbsp;<\/span><strong style=\"font-family: 'Open Sans', sans-serif;font-size: 15px;font-style: normal\">2\u00baA<\/strong><\/td>\n<td style=\"width: 47.1622%;text-align: center;height: 24px\">&nbsp;<\/td>\n<\/tr>\n<tr style=\"height: 24px\">\n<td style=\"width: 41.0584%;text-align: center;height: 24px\"><span style=\"font-family: 'Open Sans', sans-serif;font-size: 15px;font-style: normal;font-weight: 400\"><strong>Mar\u00eda del Mar&nbsp;Patricio Orgaz<\/strong><br \/>\n<\/span><\/td>\n<td style=\"width: 35.1524%;text-align: center;height: 24px\"><span style=\"font-family: 'Open Sans', sans-serif;font-size: 15px;font-style: normal;font-weight: 400\">Tutora de <\/span><strong style=\"font-family: 'Open Sans', sans-serif;font-size: 15px;font-style: normal\">2\u00ba B<\/strong><\/td>\n<td style=\"width: 47.1622%;text-align: center;height: 24px\"><span style=\"font-family: 'Open Sans', sans-serif;font-size: 15px;font-style: normal;font-weight: 400\">Ingl\u00e9s&nbsp;<\/span><\/td>\n<\/tr>\n<tr style=\"height: 24px\">\n<td style=\"width: 41.0584%;text-align: center;height: 24px\"><strong>Jos\u00e9 Felipe Onieva Luque<\/strong><\/td>\n<td style=\"width: 35.1524%;text-align: center;height: 24px\">Tutor de<strong style=\"font-family: 'Open Sans', sans-serif;font-size: 15px;font-style: normal\">&nbsp;3<\/strong><strong style=\"font-family: 'Open Sans', sans-serif;font-size: 15px;font-style: normal\">\u00baA<\/strong>&nbsp;<\/td>\n<td style=\"width: 47.1622%;text-align: center;height: 24px\">&nbsp;<\/td>\n<\/tr>\n<tr style=\"height: 24px\">\n<td style=\"width: 41.0584%;text-align: center;height: 24px\"><strong>Ester Nieto Ponferrada<\/strong><\/td>\n<td style=\"width: 35.1524%;text-align: center;height: 24px\"><span style=\"font-family: 'Open Sans', sans-serif;font-size: 15px;font-style: normal;font-weight: 400\">Tutora de <strong>3<\/strong><\/span><strong style=\"font-family: 'Open Sans', sans-serif;font-size: 15px;font-style: normal\">\u00baB<\/strong><\/td>\n<td style=\"width: 47.1622%;text-align: center;height: 24px\">Ingl\u00e9s<\/td>\n<\/tr>\n<tr style=\"height: 24px\">\n<td style=\"width: 41.0584%;text-align: center;height: 24px\"><strong>Isabel&nbsp;Jim\u00e9nez Mu\u00f1oz<\/strong><\/td>\n<td style=\"width: 35.1524%;text-align: center;height: 24px\"><span style=\"color: #000000;font-family: 'Open Sans', sans-serif;font-size: 15px;font-style: normal;font-weight: 400\">Tutora de 4<strong>\u00baA<\/strong><\/span><\/td>\n<td style=\"width: 47.1622%;text-align: center;height: 24px\"><span style=\"color: #000000;font-family: 'Open Sans', sans-serif;font-size: 15px;font-style: normal;font-weight: 400\">&nbsp;Franc\u00e9s&nbsp;<\/span><\/td>\n<\/tr>\n<tr style=\"height: 24px\">\n<td style=\"width: 41.0584%;text-align: center;height: 24px\"><strong>Carme<\/strong><strong>n Olmo Le\u00f3n&nbsp;<\/strong><\/td>\n<td style=\"width: 35.1524%;text-align: center;height: 24px\"><span style=\"color: #000000;font-family: 'Open Sans', sans-serif;font-size: 15px;font-style: normal;font-weight: 400\">Tutora de&nbsp;<\/span><strong style=\"font-family: 'Open Sans', sans-serif;font-size: 15px;font-style: normal\">4\u00baB<\/strong><\/td>\n<td style=\"width: 47.1622%;text-align: center;height: 24px\">&nbsp;<\/td>\n<\/tr>\n<tr style=\"height: 24px\">\n<td style=\"width: 41.0584%;text-align: center;height: 24px\"><strong>Alicia Guti\u00e9rrez Pedraza<\/strong><\/td>\n<td style=\"width: 35.1524%;text-align: center;height: 24px\"><span style=\"color: #000000;font-family: 'Open Sans', sans-serif;font-size: 15px\">Tutora de&nbsp;<\/span><strong style=\"color: #000000;font-family: 'Open Sans', sans-serif;font-size: 15px\">5\u00ba A<\/strong><\/td>\n<td style=\"width: 47.1622%;text-align: center;height: 24px\"><span style=\"font-family: 'Open Sans', sans-serif;font-size: 15px;font-style: normal;font-weight: 400\">&nbsp;<\/span><\/td>\n<\/tr>\n<tr style=\"height: 24px\">\n<td style=\"width: 41.0584%;text-align: center;height: 24px\"><strong style=\"font-family: 'Open Sans', sans-serif;font-size: 15px;font-style: normal\">Carmen<\/strong><strong>&nbsp;<\/strong><strong style=\"font-family: 'Open Sans', sans-serif;font-size: 15px;font-style: normal\">Morilla Baena<\/strong><\/td>\n<td style=\"width: 35.1524%;text-align: center;height: 24px\">Tutora de<strong>&nbsp;5<\/strong><strong style=\"font-family: 'Open Sans', sans-serif;font-size: 15px;font-style: normal\">\u00baB<\/strong><\/td>\n<td style=\"width: 47.1622%;text-align: center;height: 24px\">Ingl\u00e9s<\/td>\n<\/tr>\n<tr style=\"height: 24px\">\n<td style=\"width: 41.0584%;text-align: center;height: 24px\"><strong>Patricia <\/strong>Alarc\u00f3n Pato<\/td>\n<td style=\"width: 35.1524%;text-align: center;height: 24px\"><span style=\"color: #000000;font-family: 'Open Sans', sans-serif;font-size: 15px\">Tutora de <\/span><strong style=\"font-family: 'Open Sans', sans-serif;font-size: 15px;font-style: normal\">6\u00baA<\/strong><span style=\"color: #000000;font-family: 'Open Sans', sans-serif;font-size: 15px\">&nbsp;<\/span><\/td>\n<td style=\"width: 47.1622%;text-align: center;height: 24px\">Educaci\u00f3n F\u00edsica<\/td>\n<\/tr>\n<tr style=\"height: 24px\">\n<td style=\"width: 41.0584%;text-align: center;height: 20px\"><strong>Ana <\/strong><strong>Caballero V\u00e9lez<\/strong><\/td>\n<td style=\"width: 35.1524%;text-align: center;height: 20px\">Tutora de&nbsp;<strong>6<\/strong><strong style=\"font-family: 'Open Sans', sans-serif;font-size: 15px;font-style: normal\">\u00ba B<\/strong><\/td>\n<td style=\"width: 47.1622%;text-align: center;height: 20px\"><span style=\"color: #000000;font-family: 'Open Sans', sans-serif;font-size: 15px;font-style: normal;font-weight: 400\">&nbsp;<\/span>&nbsp;<\/td>\n<\/tr>\n<tr style=\"height: 24px\">\n<td style=\"width: 41.0584%;text-align: center;height: 28px\"><strong>&nbsp;Mar\u00eda Teresa <\/strong>R<strong>ojas<\/strong><strong> Ramos<\/strong><\/td>\n<td style=\"width: 35.1524%;text-align: center;height: 28px\"><span style=\"font-family: 'Open Sans', sans-serif;font-size: 15px\">M\u00fasica&nbsp;<\/span><\/td>\n<td style=\"width: 47.1622%;text-align: center;height: 28px\"><span style=\"font-family: 'Open Sans', sans-serif;font-size: 15px\">JEFA ESTUDIOS<\/span><\/td>\n<\/tr>\n<tr style=\"height: 24px\">\n<td style=\"width: 41.0584%;text-align: center;height: 24px\"><strong>Mar\u00eda del Valle <\/strong><strong>G<\/strong><strong style=\"font-family: inherit;font-size: inherit\">u<\/strong><strong style=\"font-family: inherit;font-size: inherit\">errero S\u00e1ez&nbsp;<\/strong><strong><br \/>\n<\/strong><\/td>\n<td style=\"width: 35.1524%;text-align: center;height: 24px\"><span style=\"font-family: 'Open Sans', sans-serif;font-size: 15px\">Refuerzo (CAR)<\/span><\/td>\n<td style=\"width: 47.1622%;text-align: center;height: 24px\"><span style=\"font-family: 'Open Sans', sans-serif;font-size: 15px;font-style: normal;font-weight: 400\">&nbsp;<\/span>&nbsp;<\/td>\n<\/tr>\n<tr style=\"height: 24px\">\n<td style=\"width: 41.0584%;text-align: center;height: 24px\"><strong>Esther<\/strong> <strong>Cresp\u00edn Cruz&nbsp;<\/strong><\/td>\n<td style=\"width: 35.1524%;text-align: center;height: 24px\">Educaci\u00f3n F\u00edsica<\/td>\n<td style=\"width: 47.1622%;text-align: center;height: 24px\">&nbsp;<\/td>\n<\/tr>\n<tr style=\"height: 24px\">\n<td style=\"width: 41.0584%;text-align: center;height: 24px\"><strong>&nbsp;G\u00e1dor Moya Gonz\u00e1lez<\/strong><\/td>\n<td style=\"width: 35.1524%;text-align: center;height: 24px\"><span style=\"font-family: 'Open Sans', sans-serif;font-size: 15px\">Religi\u00f3n Infantil&nbsp;&nbsp;<\/span><\/td>\n<td style=\"width: 47.1622%;text-align: center;height: 24px\">&nbsp;<\/td>\n<\/tr>\n<tr style=\"height: 24px\">\n<td style=\"width: 41.0584%;text-align: center;height: 24px\"><strong>Juana Mar\u00eda <\/strong>Mo<strong>reno <\/strong><strong>Cabrera&nbsp;<\/strong><\/td>\n<td style=\"width: 35.1524%;text-align: center;height: 24px\"><span style=\"font-family: 'Open Sans', sans-serif;font-size: 15px;font-style: normal;font-weight: 400\">Religi\u00f3n Primaria e Infantil&nbsp;<\/span><\/td>\n<td style=\"width: 47.1622%;text-align: center;height: 24px\">&nbsp;<\/td>\n<\/tr>\n<tr style=\"height: 30px\">\n<td style=\"width: 41.0584%;text-align: center;height: 30px\"><strong>Mar\u00eda Manrique Guerrero<\/strong>&nbsp;<\/td>\n<td class=\"text-left snc-col-2 cuerpo1 celdaConEnlaces\" style=\"width: 35.1524%;height: 30px\">&nbsp; &nbsp; &nbsp; Audici\u00f3n y Lenguaje<\/td>\n<td style=\"width: 47.1622%;height: 30px\">\n<div class=\"d-block\"><span class=\"texto-SNC \">&nbsp;<\/span><\/div>\n<\/td>\n<\/tr>\n<tr style=\"height: 24px\">\n<td style=\"width: 41.0584%;text-align: center;height: 24px\"><strong>&nbsp;Marta Gonz\u00e1lez G\u00f3mez<\/strong><\/td>\n<td style=\"width: 35.1524%;height: 24px\">\n<div class=\"d-block\"><span class=\"texto-SNC \">&nbsp; &nbsp; <\/span><span style=\"font-family: inherit;font-size: inherit\">Pedagog\u00eda Terap\u00e9utica<\/span><\/div>\n<\/td>\n<td style=\"width: 47.1622%;height: 24px\">\n<div class=\"d-block\"><span class=\"texto-SNC \">&nbsp;<\/span><\/div>\n<\/td>\n<\/tr>\n<tr style=\"height: 24px\">\n<td style=\"width: 41.0584%;text-align: center;height: 24px\"><strong>&nbsp;Marta Rojas Pardal<\/strong><\/td>\n<td style=\"width: 35.1524%;height: 24px\">\n<div class=\"d-block\"><span class=\"texto-SNC \"><span style=\"font-family: inherit;font-size: inherit\">&nbsp; &nbsp; Pedagog\u00eda Terap\u00e9utica<\/span><\/span><\/div>\n<\/td>\n<td style=\"width: 47.1622%;height: 24px\">\n<div class=\"d-block\"><span class=\"texto-SNC \">&nbsp;<\/span><\/div>\n<\/td>\n<\/tr>\n<\/tbody>\n<\/table>\n<p>&nbsp;<\/p>\n<p>&nbsp;<\/p>\n<table style=\"border-collapse: collapse;width: 100%\">\n<tbody>\n<tr>\n<td style=\"width: 73.4848%\"><a href=\"https:\/\/blogsaverroes.juntadeandalucia.es\/ceipastigi\/files\/2025\/10\/WhatsApp-Image-2025-10-07-at-13.38.55.jpg\"><img loading=\"lazy\" decoding=\"async\" class=\"aligncenter size-full wp-image-7725\" src=\"https:\/\/blogsaverroes.juntadeandalucia.es\/ceipastigi\/files\/2025\/10\/WhatsApp-Image-2025-10-07-at-13.38.55.jpg\" alt=\"\" width=\"1600\" height=\"1051\" srcset=\"https:\/\/blogsaverroes.juntadeandalucia.es\/ceipastigi\/files\/2025\/10\/WhatsApp-Image-2025-10-07-at-13.38.55.jpg 1600w, https:\/\/blogsaverroes.juntadeandalucia.es\/ceipastigi\/files\/2025\/10\/WhatsApp-Image-2025-10-07-at-13.38.55-300x197.jpg 300w, https:\/\/blogsaverroes.juntadeandalucia.es\/ceipastigi\/files\/2025\/10\/WhatsApp-Image-2025-10-07-at-13.38.55-1024x673.jpg 1024w, https:\/\/blogsaverroes.juntadeandalucia.es\/ceipastigi\/files\/2025\/10\/WhatsApp-Image-2025-10-07-at-13.38.55-768x504.jpg 768w, https:\/\/blogsaverroes.juntadeandalucia.es\/ceipastigi\/files\/2025\/10\/WhatsApp-Image-2025-10-07-at-13.38.55-1536x1009.jpg 1536w\" sizes=\"(max-width: 1600px) 100vw, 1600px\" \/><\/a><\/td>\n<td style=\"width: 26.5152%\"><strong>CURSO 2025\/26<\/strong><\/td>\n<\/tr>\n<tr>\n<td style=\"width: 73.4848%\"><a href=\"https:\/\/blogsaverroes.juntadeandalucia.es\/ceipastigi\/files\/2024\/10\/WhatsApp-Image-2024-09-03-at-10.47.53.jpeg\"><img loading=\"lazy\" decoding=\"async\" class=\"aligncenter wp-image-4140\" src=\"https:\/\/blogsaverroes.juntadeandalucia.es\/ceipastigi\/files\/2024\/10\/WhatsApp-Image-2024-09-03-at-10.47.53.jpeg\" alt=\"\" width=\"1600\" height=\"1200\" srcset=\"https:\/\/blogsaverroes.juntadeandalucia.es\/ceipastigi\/files\/2024\/10\/WhatsApp-Image-2024-09-03-at-10.47.53.jpeg 1600w, https:\/\/blogsaverroes.juntadeandalucia.es\/ceipastigi\/files\/2024\/10\/WhatsApp-Image-2024-09-03-at-10.47.53-300x225.jpeg 300w, https:\/\/blogsaverroes.juntadeandalucia.es\/ceipastigi\/files\/2024\/10\/WhatsApp-Image-2024-09-03-at-10.47.53-1024x768.jpeg 1024w, https:\/\/blogsaverroes.juntadeandalucia.es\/ceipastigi\/files\/2024\/10\/WhatsApp-Image-2024-09-03-at-10.47.53-768x576.jpeg 768w, https:\/\/blogsaverroes.juntadeandalucia.es\/ceipastigi\/files\/2024\/10\/WhatsApp-Image-2024-09-03-at-10.47.53-1536x1152.jpeg 1536w, https:\/\/blogsaverroes.juntadeandalucia.es\/ceipastigi\/files\/2024\/10\/WhatsApp-Image-2024-09-03-at-10.47.53-700x525.jpeg 700w\" sizes=\"(max-width: 1600px) 100vw, 1600px\" \/><\/a><\/td>\n<td style=\"width: 26.5152%\"><strong>CURSO 2024\/25<\/strong><\/td>\n<\/tr>\n<tr>\n<td style=\"width: 73.4848%\"><img loading=\"lazy\" decoding=\"async\" class=\"aligncenter size-full wp-image-3877\" src=\"https:\/\/blogsaverroes.juntadeandalucia.es\/ceipastigi\/files\/2024\/02\/WhatsApp-Image-2023-09-04-at-09.45.012.jpeg\" alt=\"\" width=\"1468\" height=\"907\" srcset=\"https:\/\/blogsaverroes.juntadeandalucia.es\/ceipastigi\/files\/2024\/02\/WhatsApp-Image-2023-09-04-at-09.45.012.jpeg 1468w, https:\/\/blogsaverroes.juntadeandalucia.es\/ceipastigi\/files\/2024\/02\/WhatsApp-Image-2023-09-04-at-09.45.012-300x185.jpeg 300w, https:\/\/blogsaverroes.juntadeandalucia.es\/ceipastigi\/files\/2024\/02\/WhatsApp-Image-2023-09-04-at-09.45.012-1024x633.jpeg 1024w, https:\/\/blogsaverroes.juntadeandalucia.es\/ceipastigi\/files\/2024\/02\/WhatsApp-Image-2023-09-04-at-09.45.012-768x475.jpeg 768w, https:\/\/blogsaverroes.juntadeandalucia.es\/ceipastigi\/files\/2024\/02\/WhatsApp-Image-2023-09-04-at-09.45.012-332x205.jpeg 332w, https:\/\/blogsaverroes.juntadeandalucia.es\/ceipastigi\/files\/2024\/02\/WhatsApp-Image-2023-09-04-at-09.45.012-700x432.jpeg 700w\" sizes=\"(max-width: 1468px) 100vw, 1468px\" \/><\/td>\n<td style=\"width: 26.5152%\"><strong>CURSO 2023\/24<\/strong><\/td>\n<\/tr>\n<tr>\n<td style=\"width: 73.4848%\"><a href=\"http:\/\/blogsaverroes.juntadeandalucia.es\/ceipastigi\/claustro-de-profesores\/whatsapp-image-2022-09-02-at-09-53-12\/\" rel=\"attachment wp-att-3571\"><img loading=\"lazy\" decoding=\"async\" class=\"aligncenter wp-image-3571 size-large\" src=\"https:\/\/blogsaverroes.juntadeandalucia.es\/ceipastigi\/files\/2022\/10\/WhatsApp-Image-2022-09-02-at-09.53.12-e1664877560310-1024x583.jpeg\" alt=\"\" width=\"660\" height=\"376\" srcset=\"https:\/\/blogsaverroes.juntadeandalucia.es\/ceipastigi\/files\/2022\/10\/WhatsApp-Image-2022-09-02-at-09.53.12-e1664877560310-1024x583.jpeg 1024w, https:\/\/blogsaverroes.juntadeandalucia.es\/ceipastigi\/files\/2022\/10\/WhatsApp-Image-2022-09-02-at-09.53.12-e1664877560310-300x171.jpeg 300w, https:\/\/blogsaverroes.juntadeandalucia.es\/ceipastigi\/files\/2022\/10\/WhatsApp-Image-2022-09-02-at-09.53.12-e1664877560310-768x437.jpeg 768w, https:\/\/blogsaverroes.juntadeandalucia.es\/ceipastigi\/files\/2022\/10\/WhatsApp-Image-2022-09-02-at-09.53.12-e1664877560310-700x399.jpeg 700w, https:\/\/blogsaverroes.juntadeandalucia.es\/ceipastigi\/files\/2022\/10\/WhatsApp-Image-2022-09-02-at-09.53.12-e1664877560310.jpeg 1468w\" sizes=\"(max-width: 660px) 100vw, 660px\" \/><\/a><\/td>\n<td style=\"width: 26.5152%\"><strong>CURSO 2022\/23<\/strong><\/td>\n<\/tr>\n<tr>\n<td style=\"width: 73.4848%\"><a href=\"http:\/\/blogsaverroes.juntadeandalucia.es\/ceipastigi\/claustro-de-profesores\/grupo\/\" rel=\"attachment wp-att-3104\"><img loading=\"lazy\" decoding=\"async\" class=\"aligncenter wp-image-3104\" src=\"https:\/\/blogsaverroes.juntadeandalucia.es\/ceipastigi\/files\/2021\/11\/GRUPO-300x135.jpeg\" alt=\"\" width=\"451\" height=\"207\"\/><\/a><\/td>\n<td style=\"width: 26.5152%\"><strong><a href=\"http:\/\/blogsaverroes.juntadeandalucia.es\/ceipastigi\/claustro-de-profesores\/grupo\/\" rel=\"attachment wp-att-3104\">CURSO 2021\/2022<\/a><\/strong><\/td>\n<\/tr>\n<tr>\n<td style=\"width: 73.4848%\"><a href=\"http:\/\/blogsaverroes.juntadeandalucia.es\/ceipastigi\/claustro-de-profesores\/claustro_enero2021\/\" rel=\"attachment wp-att-2966\"><img loading=\"lazy\" decoding=\"async\" class=\"aligncenter wp-image-2966\" src=\"https:\/\/blogsaverroes.juntadeandalucia.es\/ceipastigi\/files\/2021\/01\/Claustro_enero2021-300x174.png\" alt=\"\" width=\"422\" height=\"248\" srcset=\"https:\/\/blogsaverroes.juntadeandalucia.es\/ceipastigi\/files\/2021\/01\/Claustro_enero2021-24x14.png 24w, https:\/\/blogsaverroes.juntadeandalucia.es\/ceipastigi\/files\/2021\/01\/Claustro_enero2021-36x21.png 36w, https:\/\/blogsaverroes.juntadeandalucia.es\/ceipastigi\/files\/2021\/01\/Claustro_enero2021-48x28.png 48w\" sizes=\"(max-width: 422px) 100vw, 422px\" \/><\/a><\/td>\n<td style=\"width: 26.5152%\"><a href=\"http:\/\/blogsaverroes.juntadeandalucia.es\/ceipastigi\/claustro-de-profesores\/claustro_enero2021\/\" rel=\"attachment wp-att-2966\">CUR<\/a>S<a href=\"http:\/\/blogsaverroes.juntadeandalucia.es\/ceipastigi\/claustro-de-profesores\/claustro_enero2021\/\" rel=\"attachment wp-att-2966\">O 2020\/2021<\/a><\/td>\n<\/tr>\n<tr>\n<td style=\"width: 73.4848%\"><a href=\"http:\/\/blogsaverroes.juntadeandalucia.es\/ceipastigi\/p1130351\/\" rel=\"attachment wp-att-2637\"><img loading=\"lazy\" decoding=\"async\" class=\"aligncenter wp-image-2637\" src=\"https:\/\/blogsaverroes.juntadeandalucia.es\/ceipastigi\/files\/2019\/11\/P1130351-300x225.jpg\" alt=\"\" width=\"405\" height=\"306\" srcset=\"https:\/\/blogsaverroes.juntadeandalucia.es\/ceipastigi\/files\/2019\/11\/P1130351-24x18.jpg 24w, https:\/\/blogsaverroes.juntadeandalucia.es\/ceipastigi\/files\/2019\/11\/P1130351-36x27.jpg 36w, https:\/\/blogsaverroes.juntadeandalucia.es\/ceipastigi\/files\/2019\/11\/P1130351-48x36.jpg 48w\" sizes=\"(max-width: 405px) 100vw, 405px\" \/><\/a><\/td>\n<td style=\"width: 26.5152%\"><strong>CURSO 2019\/20<\/strong><\/td>\n<\/tr>\n<tr>\n<td style=\"width: 73.4848%\"><a href=\"http:\/\/blogsaverroes.juntadeandalucia.es\/ceipastigi\/claustro-de-profesores\/p1110653\/\" rel=\"attachment wp-att-2620\"><img loading=\"lazy\" decoding=\"async\" class=\"aligncenter wp-image-2620\" src=\"https:\/\/blogsaverroes.juntadeandalucia.es\/ceipastigi\/files\/2016\/11\/P1110653-300x225.jpg\" alt=\"\" width=\"393\" height=\"297\" srcset=\"https:\/\/blogsaverroes.juntadeandalucia.es\/ceipastigi\/files\/2016\/11\/P1110653-24x18.jpg 24w, https:\/\/blogsaverroes.juntadeandalucia.es\/ceipastigi\/files\/2016\/11\/P1110653-36x27.jpg 36w, https:\/\/blogsaverroes.juntadeandalucia.es\/ceipastigi\/files\/2016\/11\/P1110653-48x36.jpg 48w\" sizes=\"(max-width: 393px) 100vw, 393px\" \/><\/a><\/td>\n<td style=\"width: 26.5152%\">CURSO 2018\/19<\/td>\n<\/tr>\n<tr>\n<td style=\"width: 73.4848%\"><a href=\"http:\/\/blogsaverroes.juntadeandalucia.es\/ceipastigi\/claustro-de-profesores\/p1100211\/\" rel=\"attachment wp-att-2513\"><img loading=\"lazy\" decoding=\"async\" class=\"wp-image-2513 aligncenter\" src=\"https:\/\/blogsaverroes.juntadeandalucia.es\/ceipastigi\/files\/2016\/11\/P1100211-300x225.jpg\" alt=\"\" width=\"391\" height=\"295\" srcset=\"https:\/\/blogsaverroes.juntadeandalucia.es\/ceipastigi\/files\/2016\/11\/P1100211-300x225.jpg 300w, https:\/\/blogsaverroes.juntadeandalucia.es\/ceipastigi\/files\/2016\/11\/P1100211-24x18.jpg 24w, https:\/\/blogsaverroes.juntadeandalucia.es\/ceipastigi\/files\/2016\/11\/P1100211-36x27.jpg 36w, https:\/\/blogsaverroes.juntadeandalucia.es\/ceipastigi\/files\/2016\/11\/P1100211-48x36.jpg 48w\" sizes=\"(max-width: 391px) 100vw, 391px\" \/><\/a><\/td>\n<td style=\"width: 26.5152%\"><a href=\"http:\/\/blogsaverroes.juntadeandalucia.es\/ceipastigi\/claustro-de-profesores\/p1110653\/\" rel=\"attachment wp-att-2620\">CURSO 2017\/18<\/a><\/td>\n<\/tr>\n<tr>\n<td style=\"width: 73.4848%\"><img loading=\"lazy\" decoding=\"async\" class=\"aligncenter wp-image-2369\" src=\"http:\/\/blogsaverroes.juntadeandalucia.es\/ceipastigi\/files\/2016\/11\/P1080440-300x225.jpg\" alt=\"P1080440\" width=\"383\" height=\"287\" srcset=\"https:\/\/blogsaverroes.juntadeandalucia.es\/ceipastigi\/files\/2016\/11\/P1080440-300x225.jpg 300w, https:\/\/blogsaverroes.juntadeandalucia.es\/ceipastigi\/files\/2016\/11\/P1080440-1024x768.jpg 1024w, https:\/\/blogsaverroes.juntadeandalucia.es\/ceipastigi\/files\/2016\/11\/P1080440-700x525.jpg 700w, https:\/\/blogsaverroes.juntadeandalucia.es\/ceipastigi\/files\/2016\/11\/P1080440.jpg 1600w\" sizes=\"(max-width: 383px) 100vw, 383px\" \/><\/td>\n<td style=\"width: 26.5152%\"><span style=\"color: #003366\"><strong>CURSO 2016\/17<\/strong><\/span><\/td>\n<\/tr>\n<\/tbody>\n<\/table>\n<p>&nbsp;<\/p>\n<p style=\"text-align: center\">&nbsp;<\/p>\n<p style=\"text-align: center\">&nbsp;<\/p>\n<p>&nbsp;<\/p>\n<p style=\"text-align: center\">&nbsp;<\/p>\n<p style=\"text-align: center\">&nbsp;<\/p>\n<p>&nbsp;<\/p>\n<p>&nbsp;<\/p>\n<p>&nbsp;<\/p>\n<p>&nbsp;<\/p>\n","protected":false},"excerpt":{"rendered":"<p>CURSO 2025\/26 Elena Aguilar Ib\u00e1\u00f1ez Tutora de I3 B SECRETARIA M\u00aa del Valle&nbsp;\u00c1lvarez Gonz\u00e1lez&nbsp; Tutora de I3 A &nbsp; Cristina Mart\u00edn Moreno, Tutora de I4&nbsp;A&hellip;<\/p>\n","protected":false},"author":3062,"featured_media":0,"parent":0,"menu_order":0,"comment_status":"open","ping_status":"open","template":"","meta":{"ngg_post_thumbnail":0,"footnotes":"","_mc_calendar":[]},"aioseo_notices":[],"_links":{"self":[{"href":"https:\/\/blogsaverroes.juntadeandalucia.es\/ceipastigi\/wp-json\/wp\/v2\/pages\/2366"}],"collection":[{"href":"https:\/\/blogsaverroes.juntadeandalucia.es\/ceipastigi\/wp-json\/wp\/v2\/pages"}],"about":[{"href":"https:\/\/blogsaverroes.juntadeandalucia.es\/ceipastigi\/wp-json\/wp\/v2\/types\/page"}],"author":[{"embeddable":true,"href":"https:\/\/blogsaverroes.juntadeandalucia.es\/ceipastigi\/wp-json\/wp\/v2\/users\/3062"}],"replies":[{"embeddable":true,"href":"https:\/\/blogsaverroes.juntadeandalucia.es\/ceipastigi\/wp-json\/wp\/v2\/comments?post=2366"}],"version-history":[{"count":58,"href":"https:\/\/blogsaverroes.juntadeandalucia.es\/ceipastigi\/wp-json\/wp\/v2\/pages\/2366\/revisions"}],"predecessor-version":[{"id":7764,"href":"https:\/\/blogsaverroes.juntadeandalucia.es\/ceipastigi\/wp-json\/wp\/v2\/pages\/2366\/revisions\/7764"}],"wp:attachment":[{"href":"https:\/\/blogsaverroes.juntadeandalucia.es\/ceipastigi\/wp-json\/wp\/v2\/media?parent=2366"}],"curies":[{"name":"wp","href":"https:\/\/api.w.org\/{rel}","templated":true}]}}