{"id":2413,"date":"2017-01-23T09:43:07","date_gmt":"2017-01-23T09:43:07","guid":{"rendered":"http:\/\/blogsaverroes.juntadeandalucia.es\/ceipastigi\/?page_id=2413"},"modified":"2021-01-27T09:37:12","modified_gmt":"2021-01-27T09:37:12","slug":"enlaces-ingles","status":"publish","type":"page","link":"https:\/\/blogsaverroes.juntadeandalucia.es\/ceipastigi\/enlaces-ingles\/","title":{"rendered":"P.T. y A.L."},"content":{"rendered":"<table>\n<tbody>\n<tr>\n<td style=\"background-color: #faacac\">\n<h3><strong>L\u00d3GICA Y RAZONAMIENTO<\/strong><\/h3>\n<\/td>\n<\/tr>\n<tr>\n<td><a href=\"http:\/\/www.gamedesign.jp\/flash\/chatnoir\/chatnoir.swf\">Recopilatorio de Juegos en Symbaloo<\/a><\/td>\n<\/tr>\n<tr>\n<td><a href=\"http:\/\/habilidad.chulojuegos.com\/juegos-de-pelota-roja.html\">Pelota roja<\/a><\/td>\n<\/tr>\n<tr>\n<td><a href=\"http:\/\/www.ajedrezaranjuez.com\/juego-ajedrez-flash.htm\">Ajedrez<\/a><\/td>\n<\/tr>\n<tr>\n<td><a href=\"http:\/\/www.gamedesign.jp\/flash\/chatnoir\/chatnoir.swf\">Encierra al gato<\/a><\/td>\n<\/tr>\n<tr>\n<td>&nbsp;<\/td>\n<\/tr>\n<tr>\n<td style=\"border-color: #cae0ca;background-color: #faacac\">\n<h3><strong>ATENCI\u00d3N, MEMORIA Y VELOCIDAD DE PROCESAMIENTO<\/strong><\/h3>\n<\/td>\n<\/tr>\n<tr>\n<td><a href=\"http:\/\/www.paisdelosjuegos.es\/juego\/el-chavo-memoria.html\">El pa\u00eds de los juegos<\/a><\/td>\n<\/tr>\n<tr>\n<td><a href=\"http:\/\/www.juegoswapos.es\/juegos-de-la-caja-de-musica-1.htm\">La caja de m\u00fasica<\/a><\/td>\n<\/tr>\n<tr>\n<td><a href=\"http:\/\/es.slideshare.net\/Brujita26\/atencinmemoria-y-concentracin\">La atenci\u00f3n<\/a><\/td>\n<\/tr>\n<tr>\n<td><a href=\"http:\/\/es.ibraining.com\/\">iBraining<\/a><\/td>\n<\/tr>\n<tr>\n<td><a href=\"http:\/\/www.gesfomediaeducacion.com\/velocidad-de-procesamiento\/95-velocidad-de-procesamiento-nivel-4.html\">Velocidad de procesamiento<\/a><\/td>\n<\/tr>\n<tr>\n<td><a href=\"http:\/\/neutralx0.net\/home\/mini04.html\">Memory<\/a><\/td>\n<\/tr>\n<tr>\n<td><a href=\"http:\/\/www.diversidadinclusiva.com\/wp-content\/uploads\/2016\/03\/Cuaderno-con-actividades-para-captar-la-Atenci%C3%B3n-para-distintos-Niveles.pdf\">Cuaderno con actividades para captar la atenci\u00f3n<\/a><\/td>\n<\/tr>\n<tr>\n<td>&nbsp;<\/td>\n<\/tr>\n<tr>\n<td style=\"background-color: #faacac\">\n<h3><strong>COMPRESI\u00d3N LING\u00dc\u00cdSTICA Y VELOCIDAD LECTORA<\/strong><\/h3>\n<\/td>\n<\/tr>\n<tr>\n<td><a href=\"http:\/\/familiaycole.com\/wp-content\/uploads\/2014\/08\/02-lectura-silabas-P-L-M-S.pdf\">Fichas P-L-M-S<\/a><\/td>\n<\/tr>\n<tr>\n<td><a href=\"http:\/\/www.disanedu.com\/aplicaciones\/entrenamiento-de-la-velocidad-lectora\/acciones\/textos\/textos\/1\/ejercicio2leeunoaunocentro.html\">Entrenamiento de velocidad lectora<\/a><\/td>\n<\/tr>\n<tr>\n<td><a href=\"http:\/\/www.aplicaciones.info\/ortogra\/ortogra.htm\">Ortograf\u00eda interactiva<\/a><\/td>\n<\/tr>\n<tr>\n<td><a href=\"http:\/\/tecnicascomprensionlectora.blogspot.com.es\/2012\/03\/test-de-lectura.html\">T\u00e9cnicas comprensi\u00f3n lectora<\/a><\/td>\n<\/tr>\n<tr>\n<td><a href=\"http:\/\/www.ceiploreto.es\/sugerencias\/Comprension_lectora\/mis_lecturas_cliclo1.pdf\">Mis lecturas Ciclo 1<\/a><\/td>\n<\/tr>\n<\/tbody>\n<\/table>\n","protected":false},"excerpt":{"rendered":"<p>L\u00d3GICA Y RAZONAMIENTO Recopilatorio de Juegos en Symbaloo Pelota roja Ajedrez Encierra al gato &nbsp; ATENCI\u00d3N, MEMORIA Y VELOCIDAD DE PROCESAMIENTO El pa\u00eds de los&hellip;<\/p>\n","protected":false},"author":3062,"featured_media":0,"parent":0,"menu_order":0,"comment_status":"open","ping_status":"open","template":"","meta":{"ngg_post_thumbnail":0,"footnotes":"","_mc_calendar":[]},"aioseo_notices":[],"_links":{"self":[{"href":"https:\/\/blogsaverroes.juntadeandalucia.es\/ceipastigi\/wp-json\/wp\/v2\/pages\/2413"}],"collection":[{"href":"https:\/\/blogsaverroes.juntadeandalucia.es\/ceipastigi\/wp-json\/wp\/v2\/pages"}],"about":[{"href":"https:\/\/blogsaverroes.juntadeandalucia.es\/ceipastigi\/wp-json\/wp\/v2\/types\/page"}],"author":[{"embeddable":true,"href":"https:\/\/blogsaverroes.juntadeandalucia.es\/ceipastigi\/wp-json\/wp\/v2\/users\/3062"}],"replies":[{"embeddable":true,"href":"https:\/\/blogsaverroes.juntadeandalucia.es\/ceipastigi\/wp-json\/wp\/v2\/comments?post=2413"}],"version-history":[{"count":7,"href":"https:\/\/blogsaverroes.juntadeandalucia.es\/ceipastigi\/wp-json\/wp\/v2\/pages\/2413\/revisions"}],"predecessor-version":[{"id":2955,"href":"https:\/\/blogsaverroes.juntadeandalucia.es\/ceipastigi\/wp-json\/wp\/v2\/pages\/2413\/revisions\/2955"}],"wp:attachment":[{"href":"https:\/\/blogsaverroes.juntadeandalucia.es\/ceipastigi\/wp-json\/wp\/v2\/media?parent=2413"}],"curies":[{"name":"wp","href":"https:\/\/api.w.org\/{rel}","templated":true}]}}