{"id":35,"date":"2015-03-13T08:21:43","date_gmt":"2015-03-13T08:21:43","guid":{"rendered":"http:\/\/blogsaverroes.juntadeandalucia.es\/pre\/ceip\/?page_id=35"},"modified":"2016-11-13T17:10:18","modified_gmt":"2016-11-13T17:10:18","slug":"el-centro-2","status":"publish","type":"page","link":"https:\/\/blogsaverroes.juntadeandalucia.es\/ceipastigi\/el-centro-2\/","title":{"rendered":"Datos del centro"},"content":{"rendered":"<h4><strong>Datos de contacto<\/strong><\/h4>\n<p>CEIP Astigi<\/p>\n<p><strong>Direcci\u00f3n:<\/strong> \u00a0Calle Compa\u00f1\u00eda, 8<\/p>\n<p>41400 \u00c9cija, Sevilla<\/p>\n<p><strong>Tel\u00e9fono: 955879518 \u00a0 Corporativo: 385518 \u00a0 \u00a0 \u00a0 \u00a0 FAX: 955879520 \u00a0 Corporativo: 385520<\/strong><br \/>\n<strong>Email:<\/strong>\u00a041001811.edu@juntadeandalucia.es<\/p>\n<p><a href=\"https:\/\/www.google.es\/maps\/place\/Colegio+P%C3%BAblico+Astigi\/@37.5417018,-5.0833432,17z\/data=!3m1!4b1!4m5!3m4!1s0xd12cabd5faee879:0x845649c32ddfe365!8m2!3d37.5417018!4d-5.0811545\">Localizaci\u00f3n<\/a><\/p>\n<p>&nbsp;<\/p>\n<h4><strong>Horarios<\/strong><\/h4>\n<ul>\n<li><strong>Aula Matinal <\/strong>de 7:30 a 9:00<\/li>\n<li><strong>Horario Lectivo <\/strong>de 9:00 a 14:00<\/li>\n<li><strong>Comedor Escolar <\/strong>de 14:00 a 16:00<\/li>\n<li><strong>Actividades Extraescolares <\/strong>de 16:00 a 18:00<\/li>\n<li><strong>Escuelas Deportivas <\/strong>de 16:00 a 18:00<\/li>\n<li><strong>Programa de Acompa\u00f1amiento Escolar: <\/strong>martes y jueves de 16:00 a 18:00<\/li>\n<li><strong>Biblioteca en horario de tarde:<\/strong>\u00a0martes y jueves de 16:00 a 18:00<\/li>\n<\/ul>\n<h4><strong>Oferta educativa<\/strong><\/h4>\n<p style=\"text-align: justify\">El CEIP Astigi es, en gran medida, heredero de la historia de\u00a0 la ciudad; est\u00e1 ubicado en el Centro urbano y se ve rodeado de monumentalidad y cultura. Su denominaci\u00f3n rememora el\u00a0antiguo nombre romano de la ciudad, Astigi. Y el nombre de la AMPA del Colegio, recuerda a quien reconquist\u00f3 la ciudad en 1240, Fernando III.<\/p>\n<p style=\"text-align: justify\">Nuestro Centro imparte los niveles de Educaci\u00f3n Infantil de segundo ciclo; es decir, desde los 3 a los 5 a\u00f1os y Educaci\u00f3n Primaria de 1\u00ba a 6\u00ba; desde los 6 a los 12 a\u00f1os. As\u00ed mismo tenemos una unidad de Apoyo a la Integraci\u00f3n de la modalidad de Pedagog\u00eda Terap\u00e9utica y una profesora de Audici\u00f3n y Lenguaje compartida con otro centro de la localidad. El CEIP Astigi tiene 2 l\u00edneas, tanto en Infantil como en Primaria; es decir 6 unidades de infantil y 12 de primaria.<\/p>\n<p style=\"text-align: justify\">El CEIP Astigi es un centro biling\u00fce. Lo que significa que se imparte ingl\u00e9s desde los 3 a\u00f1os, las \u00e1reas de Conocimiento del Medio, Educaci\u00f3n F\u00edsica y M\u00fasica se imparten en ingl\u00e9s desde 1\u00ba. Nuestro alumnado cursar\u00e1 una segunda lengua extranjera, franc\u00e9s, y contamos con auxiliares de conversaci\u00f3n nativos. Adem\u00e1s, ser centro biling\u00fce nos permite contar con una buena dotaci\u00f3n de material y recursos.<\/p>\n<p style=\"text-align: justify\">As\u00ed mismo estamos desarrollando los siguientes programas:<\/p>\n<p style=\"text-align: justify\"><strong>Escuelas Deportivas <\/strong>que pretende fomentar h\u00e1bitos saludables entre nuestros alumnos y evitar el creciente sedentarismo al que se inclinan los peque\u00f1os en la sociedad actual.<\/p>\n<p style=\"text-align: justify\"><strong>Plan de Lectura y Bibliotecas <\/strong>con el que queremos mejorar el nivel de lectura de alumnos y padres del Centro, lo que, sin duda, contribuir\u00e1 a mejorar la comprensi\u00f3n lectora de nuestro alumnado y, por consiguiente, su rendimiento escolar en general.<\/p>\n<p style=\"text-align: justify\">Nuestro Centro ofrece los servicios del<strong><b><b><strong> Plan de Apertura de Centros: comedor, aula matinal y actividades extraescolares <\/strong><\/b><\/b><\/strong>con la finalidad de que las familias en las que ambos c\u00f3nyuges trabajan puedan conciliar el horario laboral y el familiar.<\/p>\n<p style=\"text-align: justify\">El esfuerzo de organizaci\u00f3n, dotaci\u00f3n y mejora de los servicios y la oferta educativa que ofrecemos ha sido posible por la colaboraci\u00f3n de todas las personas e instituciones que, de una u otra manera, participan en la actividad del Colegio: Consejer\u00eda de Educaci\u00f3n, Delegaci\u00f3n Provincial, Ayuntamiento de \u00c9cija, Consejo Escolar, Claustro de Profesores, AMPA y Personal de Administraci\u00f3n y Servicios.<\/p>\n<p style=\"text-align: justify\">El CEIP Astigi pretende la mejor formaci\u00f3n de nuestro alumnado en las diferentes \u00e1reas, tratando de que los idiomas extranjeros tengan un lugar importante en la ense\u00f1anza y que las tecnolog\u00edas de la informaci\u00f3n y la comunicaci\u00f3n est\u00e9n presentes en el trabajo diario de nuestros alumnos y alumnas. Y todo ello unido a la transmisi\u00f3n de valores de esfuerzo, responsabilidad, cooperaci\u00f3n, respeto, tolerancia, solidaridad, libertad, justicia, generosidad, autocontrol, disciplina, buenos modales y resoluci\u00f3n pac\u00edfica de conflictos. Buscando el doble objetivo de que nuestro Centro est\u00e9 siempre situado a la vanguardia de la oferta educativa y ofrecer a nuestra Comunidad Educativa la educaci\u00f3n y los servicios\u00a0 que la sociedad actual demanda.<\/p>\n<p style=\"text-align: justify\">\n","protected":false},"excerpt":{"rendered":"<p>Datos de contacto CEIP Astigi Direcci\u00f3n: \u00a0Calle Compa\u00f1\u00eda, 8 41400 \u00c9cija, Sevilla Tel\u00e9fono: 955879518 \u00a0 Corporativo: 385518 \u00a0 \u00a0 \u00a0 \u00a0 FAX: 955879520 \u00a0 Corporativo:&hellip;<\/p>\n","protected":false},"author":1,"featured_media":0,"parent":0,"menu_order":0,"comment_status":"closed","ping_status":"open","template":"","meta":{"ngg_post_thumbnail":0,"footnotes":"","_mc_calendar":[]},"aioseo_notices":[],"_links":{"self":[{"href":"https:\/\/blogsaverroes.juntadeandalucia.es\/ceipastigi\/wp-json\/wp\/v2\/pages\/35"}],"collection":[{"href":"https:\/\/blogsaverroes.juntadeandalucia.es\/ceipastigi\/wp-json\/wp\/v2\/pages"}],"about":[{"href":"https:\/\/blogsaverroes.juntadeandalucia.es\/ceipastigi\/wp-json\/wp\/v2\/types\/page"}],"author":[{"embeddable":true,"href":"https:\/\/blogsaverroes.juntadeandalucia.es\/ceipastigi\/wp-json\/wp\/v2\/users\/1"}],"replies":[{"embeddable":true,"href":"https:\/\/blogsaverroes.juntadeandalucia.es\/ceipastigi\/wp-json\/wp\/v2\/comments?post=35"}],"version-history":[{"count":16,"href":"https:\/\/blogsaverroes.juntadeandalucia.es\/ceipastigi\/wp-json\/wp\/v2\/pages\/35\/revisions"}],"predecessor-version":[{"id":2340,"href":"https:\/\/blogsaverroes.juntadeandalucia.es\/ceipastigi\/wp-json\/wp\/v2\/pages\/35\/revisions\/2340"}],"wp:attachment":[{"href":"https:\/\/blogsaverroes.juntadeandalucia.es\/ceipastigi\/wp-json\/wp\/v2\/media?parent=35"}],"curies":[{"name":"wp","href":"https:\/\/api.w.org\/{rel}","templated":true}]}}