{"id":42,"date":"2015-03-13T08:40:47","date_gmt":"2015-03-13T08:40:47","guid":{"rendered":"http:\/\/blogsaverroes.juntadeandalucia.es\/pre\/ceip\/?page_id=42"},"modified":"2022-10-07T10:44:18","modified_gmt":"2022-10-07T10:44:18","slug":"equipo-directivo","status":"publish","type":"page","link":"https:\/\/blogsaverroes.juntadeandalucia.es\/ceipastigi\/equipo-directivo\/","title":{"rendered":"Equipo directivo"},"content":{"rendered":"<p>El Equipo Directivo del Centro est\u00e1 formado por:<\/p>\n<p><strong>Direcci\u00f3n:&nbsp; &nbsp; &nbsp; &nbsp; &nbsp; &nbsp; &nbsp; &nbsp; &nbsp; &nbsp; &nbsp; &nbsp; &nbsp; &nbsp;Eva Porras Guerrero<\/strong><\/p>\n<p><strong>Jefatura de estudios:&nbsp; &nbsp; &nbsp; Teresa Rojas Ramos<\/strong><\/p>\n<p><strong>Secretar\u00eda:&nbsp; &nbsp; &nbsp; &nbsp; &nbsp; &nbsp; &nbsp; &nbsp; &nbsp; &nbsp; &nbsp; &nbsp; &nbsp;Elena Aguilar Ib\u00e1\u00f1ez<\/strong><\/p>\n<p><a href=\"http:\/\/blogsaverroes.juntadeandalucia.es\/ceipastigi\/equipo-directivo\/whatsapp-image-2021-11-23-at-11-30-19\/\" rel=\"attachment wp-att-3107\"><img loading=\"lazy\" decoding=\"async\" class=\"aligncenter wp-image-3107 size-medium\" src=\"https:\/\/blogsaverroes.juntadeandalucia.es\/ceipastigi\/files\/2021\/11\/WhatsApp-Image-2021-11-23-at-11.30.19-e1665134806616-273x300.jpeg\" alt=\"\" width=\"273\" height=\"300\" srcset=\"https:\/\/blogsaverroes.juntadeandalucia.es\/ceipastigi\/files\/2021\/11\/WhatsApp-Image-2021-11-23-at-11.30.19-e1665134806616-273x300.jpeg 273w, https:\/\/blogsaverroes.juntadeandalucia.es\/ceipastigi\/files\/2021\/11\/WhatsApp-Image-2021-11-23-at-11.30.19-e1665134806616-768x844.jpeg 768w, https:\/\/blogsaverroes.juntadeandalucia.es\/ceipastigi\/files\/2021\/11\/WhatsApp-Image-2021-11-23-at-11.30.19-e1665134806616-700x769.jpeg 700w, https:\/\/blogsaverroes.juntadeandalucia.es\/ceipastigi\/files\/2021\/11\/WhatsApp-Image-2021-11-23-at-11.30.19-e1665134806616.jpeg 928w\" sizes=\"(max-width: 273px) 100vw, 273px\" \/><\/a><\/p>\n","protected":false},"excerpt":{"rendered":"<p>El Equipo Directivo del Centro est\u00e1 formado por: Direcci\u00f3n:&nbsp; &nbsp; &nbsp; &nbsp; &nbsp; &nbsp; &nbsp; &nbsp; &nbsp; &nbsp; &nbsp; &nbsp; &nbsp; &nbsp;Eva Porras Guerrero Jefatura&hellip;<\/p>\n","protected":false},"author":1,"featured_media":0,"parent":0,"menu_order":0,"comment_status":"closed","ping_status":"open","template":"","meta":{"ngg_post_thumbnail":0,"footnotes":"","_mc_calendar":[]},"aioseo_notices":[],"_links":{"self":[{"href":"https:\/\/blogsaverroes.juntadeandalucia.es\/ceipastigi\/wp-json\/wp\/v2\/pages\/42"}],"collection":[{"href":"https:\/\/blogsaverroes.juntadeandalucia.es\/ceipastigi\/wp-json\/wp\/v2\/pages"}],"about":[{"href":"https:\/\/blogsaverroes.juntadeandalucia.es\/ceipastigi\/wp-json\/wp\/v2\/types\/page"}],"author":[{"embeddable":true,"href":"https:\/\/blogsaverroes.juntadeandalucia.es\/ceipastigi\/wp-json\/wp\/v2\/users\/1"}],"replies":[{"embeddable":true,"href":"https:\/\/blogsaverroes.juntadeandalucia.es\/ceipastigi\/wp-json\/wp\/v2\/comments?post=42"}],"version-history":[{"count":10,"href":"https:\/\/blogsaverroes.juntadeandalucia.es\/ceipastigi\/wp-json\/wp\/v2\/pages\/42\/revisions"}],"predecessor-version":[{"id":3586,"href":"https:\/\/blogsaverroes.juntadeandalucia.es\/ceipastigi\/wp-json\/wp\/v2\/pages\/42\/revisions\/3586"}],"wp:attachment":[{"href":"https:\/\/blogsaverroes.juntadeandalucia.es\/ceipastigi\/wp-json\/wp\/v2\/media?parent=42"}],"curies":[{"name":"wp","href":"https:\/\/api.w.org\/{rel}","templated":true}]}}