{"id":424,"date":"2015-03-20T07:05:20","date_gmt":"2015-03-20T07:05:20","guid":{"rendered":"http:\/\/blogsaverroes.juntadeandalucia.es\/pre\/ceip\/?page_id=424"},"modified":"2025-10-14T11:48:42","modified_gmt":"2025-10-14T11:48:42","slug":"educacion-infantil","status":"publish","type":"page","link":"https:\/\/blogsaverroes.juntadeandalucia.es\/ceipastigi\/educacion-infantil\/","title":{"rendered":"Educaci\u00f3n Infantil"},"content":{"rendered":"<h3>En la actualidad con el alumnado de infantil se trabajar su pensamiento l\u00f3gico-matem\u00e1tico con una metodolog\u00eda manipulativa, desarrollando sus habilidades de c\u00e1lculo mental e inici\u00e1ndolos en la resoluci\u00f3n de problemas matem\u00e1ticos.<\/h3>\n<h3>Nuestro m\u00e9todo de aprendizaje se fundamenta en los <strong>Proyectos de Trabajo. <\/strong>En la actualidad se desarrollan proyectos como:<\/h3>\n<ul>\n<li><b>PROYECTO DE CICLO:&nbsp; PICASSO<\/b><\/li>\n<li>&nbsp;<\/li>\n<\/ul>\n<h4 style=\"text-align: justify\" align=\"justify\"><strong>Los m\u00e1s peque\u00f1os tienen su espacio en planta baja. La mayor\u00eda de las aulas se fueron&nbsp;habilitando, de entre los espacios que hab\u00edan quedado en desuso, a medida que la Educaci\u00f3n Infantil se fue&nbsp;incorporando a los centros.<\/strong><\/h4>\n<h4 style=\"text-align: justify\" align=\"justify\"><strong>Su patio de recreo, aunque no es de las dimensiones que desear\u00edamos, es independiente del que utilizan los ni\u00f1os y ni\u00f1as de primaria; en \u00e9l cuentan con un ambiente adecuado para su edad y sin el peligro que supone estar en permanente contacto con los ni\u00f1os y ni\u00f1as mayores.<\/strong><\/h4>\nngg_shortcode_0_placeholder\n","protected":false},"excerpt":{"rendered":"<p>En la actualidad con el alumnado de infantil se trabajar su pensamiento l\u00f3gico-matem\u00e1tico con una metodolog\u00eda manipulativa, desarrollando sus habilidades de c\u00e1lculo mental e inici\u00e1ndolos&hellip;<\/p>\n","protected":false},"author":1,"featured_media":0,"parent":0,"menu_order":0,"comment_status":"closed","ping_status":"open","template":"","meta":{"ngg_post_thumbnail":0,"footnotes":"","_mc_calendar":[]},"aioseo_notices":[],"_links":{"self":[{"href":"https:\/\/blogsaverroes.juntadeandalucia.es\/ceipastigi\/wp-json\/wp\/v2\/pages\/424"}],"collection":[{"href":"https:\/\/blogsaverroes.juntadeandalucia.es\/ceipastigi\/wp-json\/wp\/v2\/pages"}],"about":[{"href":"https:\/\/blogsaverroes.juntadeandalucia.es\/ceipastigi\/wp-json\/wp\/v2\/types\/page"}],"author":[{"embeddable":true,"href":"https:\/\/blogsaverroes.juntadeandalucia.es\/ceipastigi\/wp-json\/wp\/v2\/users\/1"}],"replies":[{"embeddable":true,"href":"https:\/\/blogsaverroes.juntadeandalucia.es\/ceipastigi\/wp-json\/wp\/v2\/comments?post=424"}],"version-history":[{"count":15,"href":"https:\/\/blogsaverroes.juntadeandalucia.es\/ceipastigi\/wp-json\/wp\/v2\/pages\/424\/revisions"}],"predecessor-version":[{"id":7766,"href":"https:\/\/blogsaverroes.juntadeandalucia.es\/ceipastigi\/wp-json\/wp\/v2\/pages\/424\/revisions\/7766"}],"wp:attachment":[{"href":"https:\/\/blogsaverroes.juntadeandalucia.es\/ceipastigi\/wp-json\/wp\/v2\/media?parent=424"}],"curies":[{"name":"wp","href":"https:\/\/api.w.org\/{rel}","templated":true}]}}