{"id":871,"date":"2015-03-16T07:25:46","date_gmt":"2015-03-16T07:25:46","guid":{"rendered":"http:\/\/blogsaverroes.juntadeandalucia.es\/pre\/ceip\/?page_id=106"},"modified":"2022-11-11T10:04:13","modified_gmt":"2022-11-11T10:04:13","slug":"actividades-extraescolares","status":"publish","type":"page","link":"https:\/\/blogsaverroes.juntadeandalucia.es\/ceipastigi\/actividades-extraescolares\/","title":{"rendered":"Actividades extraescolares"},"content":{"rendered":"<p style=\"text-align: center\"><a href=\"http:\/\/blogsaverroes.juntadeandalucia.es\/ceipastigi\/files\/2015\/03\/EF-Gimnasio.jpg\"><img loading=\"lazy\" decoding=\"async\" class=\" wp-image-2351 aligncenter\" src=\"http:\/\/blogsaverroes.juntadeandalucia.es\/ceipastigi\/files\/2015\/03\/EF-Gimnasio-300x225.jpg\" alt=\"OLYMPUS DIGITAL CAMERA\" width=\"209\" height=\"157\" srcset=\"https:\/\/blogsaverroes.juntadeandalucia.es\/ceipastigi\/files\/2015\/03\/EF-Gimnasio-300x225.jpg 300w, https:\/\/blogsaverroes.juntadeandalucia.es\/ceipastigi\/files\/2015\/03\/EF-Gimnasio.jpg 500w\" sizes=\"(max-width: 209px) 100vw, 209px\" \/><\/a><\/p>\n<p style=\"text-align: justify\">Las actividades extraescolares tienen lugar en horario de tarde, hasta las 18.00, y abarcan aspectos como la lectura, el deporte, la m\u00fasica, la inform\u00e1tica, los idiomas, la danza o el teatro, entre otras actividades l\u00fadicas y formativas.<\/p>\n<p><strong>Talleres y horarios:<\/strong><\/p>\n<ul>\n<li><span style=\"color: #339966\"><strong>Rollerskating 1 (patinaje 1) &nbsp; &nbsp; &nbsp; &nbsp; &nbsp; &nbsp; &nbsp; &nbsp; lunes y mi\u00e9rcoles&nbsp; &nbsp; &nbsp; &nbsp; &nbsp;16:00 a 17:00<\/strong><\/span><\/li>\n<li><strong><span style=\"color: #0000ff\">Ingl\u00e9s apoyo 1 &nbsp; &nbsp; &nbsp; &nbsp; &nbsp; &nbsp; &nbsp; &nbsp; &nbsp; &nbsp; &nbsp; &nbsp; &nbsp; &nbsp; &nbsp; &nbsp; &nbsp; &nbsp; &nbsp; &nbsp;lunes y mi\u00e9rcoles&nbsp; &nbsp; &nbsp; &nbsp; &nbsp;16:00 a 17:00<\/span><\/strong><\/li>\n<li>Ingl\u00e9s apoyo 2 &nbsp; &nbsp; &nbsp; &nbsp; &nbsp; &nbsp; &nbsp; &nbsp; &nbsp; &nbsp; &nbsp; &nbsp; &nbsp; &nbsp; &nbsp; &nbsp; &nbsp; &nbsp; &nbsp; &nbsp;<strong> lunes y mi\u00e9rcoles&nbsp; &nbsp; &nbsp; &nbsp; &nbsp;17:00 a 18:00<\/strong><\/li>\n<li><strong><span style=\"color: #0000ff\">English Playground (Ingl\u00e9s Infantil) &nbsp;martes y jueves&nbsp; &nbsp; &nbsp; &nbsp; &nbsp; &nbsp; &nbsp;16:00 a 17:00<\/span><\/strong><\/li>\n<li><strong><span style=\"color: #008000\">Predeporte Infantil &nbsp; &nbsp; &nbsp; &nbsp; &nbsp; &nbsp; &nbsp; &nbsp; &nbsp; &nbsp; &nbsp; &nbsp; &nbsp; &nbsp; &nbsp; lunes y mi\u00e9rcoles&nbsp; &nbsp; &nbsp; &nbsp; &nbsp; 16:00 a 17:00<\/span><\/strong><\/li>\n<li><strong><span style=\"color: #008000\">Inform\u00e1tica (meca + inform\u00e1tica)&nbsp; &nbsp; &nbsp;jueves&nbsp; &nbsp; &nbsp; &nbsp; &nbsp; &nbsp; &nbsp; &nbsp; &nbsp; &nbsp; &nbsp; &nbsp; &nbsp; &nbsp; &nbsp; &nbsp;16.00 a 18:00<\/span><\/strong><\/li>\n<li><span style=\"color: #ffcc00\"><strong>Bailes populares &nbsp; &nbsp; &nbsp; &nbsp; &nbsp; &nbsp; &nbsp; &nbsp; &nbsp; &nbsp; &nbsp; &nbsp; &nbsp; &nbsp; &nbsp; &nbsp; &nbsp; &nbsp;martes y jueves&nbsp; &nbsp; &nbsp; &nbsp; &nbsp; &nbsp; &nbsp;16:00 a 17:00<\/strong><\/span><\/li>\n<li><span style=\"color: #ff0000\"><strong>Apoyo escolar (1\u00ba y 2\u00ba primaria) &nbsp; &nbsp; &nbsp; &nbsp;&nbsp;lunes y mi\u00e9rcoles&nbsp; &nbsp; &nbsp; &nbsp; &nbsp; 17:00 a 18:00<\/strong><\/span><\/li>\n<\/ul>\n<p><a href=\"https:\/\/blogsaverroes.juntadeandalucia.es\/ceipastigi\/files\/2022\/10\/Anexo_II_Inscripcion_en_los_Servicios_de_AM_CE_y_AAEX-1.pdf\">Anexo II Inscripci\u00f3n Actividades Extraescolares<\/a><\/p>\n<p>Servicio de&nbsp;<strong>ACTIVIDADES EXTRAESCOLARES<\/strong>. \u2013 Precio mensual:&nbsp;<strong>16,81 \u20ac<\/strong>&nbsp;por cada actividad.<\/p>\n<p>Empresa:<strong> ASTIGITANA EDUCASPORT, S.L.<\/strong><\/p>\n","protected":false},"excerpt":{"rendered":"<p>Las actividades extraescolares tienen lugar en horario de tarde, hasta las 18.00, y abarcan aspectos como la lectura, el deporte, la m\u00fasica, la inform\u00e1tica, los&hellip;<\/p>\n","protected":false},"author":1,"featured_media":0,"parent":0,"menu_order":0,"comment_status":"closed","ping_status":"open","template":"","meta":{"ngg_post_thumbnail":0,"footnotes":"","_mc_calendar":[]},"aioseo_notices":[],"_links":{"self":[{"href":"https:\/\/blogsaverroes.juntadeandalucia.es\/ceipastigi\/wp-json\/wp\/v2\/pages\/871"}],"collection":[{"href":"https:\/\/blogsaverroes.juntadeandalucia.es\/ceipastigi\/wp-json\/wp\/v2\/pages"}],"about":[{"href":"https:\/\/blogsaverroes.juntadeandalucia.es\/ceipastigi\/wp-json\/wp\/v2\/types\/page"}],"author":[{"embeddable":true,"href":"https:\/\/blogsaverroes.juntadeandalucia.es\/ceipastigi\/wp-json\/wp\/v2\/users\/1"}],"replies":[{"embeddable":true,"href":"https:\/\/blogsaverroes.juntadeandalucia.es\/ceipastigi\/wp-json\/wp\/v2\/comments?post=871"}],"version-history":[{"count":14,"href":"https:\/\/blogsaverroes.juntadeandalucia.es\/ceipastigi\/wp-json\/wp\/v2\/pages\/871\/revisions"}],"predecessor-version":[{"id":3660,"href":"https:\/\/blogsaverroes.juntadeandalucia.es\/ceipastigi\/wp-json\/wp\/v2\/pages\/871\/revisions\/3660"}],"wp:attachment":[{"href":"https:\/\/blogsaverroes.juntadeandalucia.es\/ceipastigi\/wp-json\/wp\/v2\/media?parent=871"}],"curies":[{"name":"wp","href":"https:\/\/api.w.org\/{rel}","templated":true}]}}